{"id":1165,"date":"2017-03-21T16:36:07","date_gmt":"2017-03-21T16:36:07","guid":{"rendered":"http:\/\/www2.unifap.br\/indigena\/?page_id=1165"},"modified":"2020-07-04T18:32:59","modified_gmt":"2020-07-04T18:32:59","slug":"i-noite-cultural-do-curso-de-licenciatura-intercultural-indigena","status":"publish","type":"page","link":"https:\/\/www2.unifap.br\/indigena\/aacc\/i-noite-cultural-do-curso-de-licenciatura-intercultural-indigena\/","title":{"rendered":"Noite Cultural do Curso de Licenciatura Intercultural Ind\u00edgena"},"content":{"rendered":"<p><b>Noite Cultural do CLII<\/b><\/p>\n<p><b>Data:<\/b> 04 de mar\u00e7o de 2017\u00a0\u00a0\u00a0\u00a0\u00a0\u00a0\u00a0\u00a0\u00a0\u00a0\u00a0\u00a0\u00a0\u00a0\u00a0\u00a0\u00a0\u00a0\u00a0\u00a0\u00a0 <b>C.H.:<\/b> 4 horas<\/p>\n<p><b>Local:<\/b> Museu Kuahi\/Oiapoque<\/p>\n<p style=\"text-align: justify\">\u00a0 A I Noite Intercultural do CLII marcou o encerramento da Etapa presencial Jan\/Fev. 2017. Dentre as atividades da noite houve exposi\u00e7\u00e3o e venda de artesanato dos Povos Ind\u00edgenas do Amap\u00e1 e norte do Par\u00e1; pintura corporal, apresenta\u00e7\u00e3o do v\u00eddeo \u201cTur\u00e9 do Curso de Licenciatura Intercultural Ind\u00edgena\u201d, que marcou a festa de encerramento do curso na etapa presencial anterior;\u00a0 apresenta\u00e7\u00e3o do v\u00eddeo \u201cKayka Aramtem: saber e tradi\u00e7\u00e3o de um s\u00e1bio Arukwayene\u201d, produzido pelo N\u00facleo Kusuvwi de Estudos Palikur-Arukwayene; apresenta\u00e7\u00e3o do grupo de Dan\u00e7a da Aldeia Manga, coordenado pelo discente Diemison Sfair; e a pe\u00e7a teatral \u201cUa\u00e7awara: Povos Ind\u00edgenas da regi\u00e3o do Ua\u00e7\u00e1\u201d, realizada pela turma 2014 da \u00e1rea de Linguagens e C\u00f3digos.\u00a0<b><\/b><\/p>\n<figure id=\"attachment_1168\" aria-describedby=\"caption-attachment-1168\" style=\"width: 300px\" class=\"wp-caption alignnone\"><a href=\"http:\/\/www2.unifap.br\/indigena\/files\/2017\/03\/CLII-20170304-Noite-Cultural-Kuahi-danca-grupo-Manga-8.jpg\"><img fetchpriority=\"high\" decoding=\"async\" class=\"size-medium wp-image-1168\" src=\"http:\/\/www2.unifap.br\/indigena\/files\/2017\/03\/CLII-20170304-Noite-Cultural-Kuahi-danca-grupo-Manga-8-300x200.jpg\" alt=\"I Noite Cultural do CLII\" width=\"300\" height=\"200\" srcset=\"https:\/\/www2.unifap.br\/indigena\/files\/2017\/03\/CLII-20170304-Noite-Cultural-Kuahi-danca-grupo-Manga-8-300x200.jpg 300w, https:\/\/www2.unifap.br\/indigena\/files\/2017\/03\/CLII-20170304-Noite-Cultural-Kuahi-danca-grupo-Manga-8-1024x682.jpg 1024w\" sizes=\"(max-width: 300px) 100vw, 300px\" \/><\/a><figcaption id=\"caption-attachment-1168\" class=\"wp-caption-text\">Grupo de dan\u00e7a da Aldeia Manga<\/figcaption><\/figure>\n<figure id=\"attachment_1184\" aria-describedby=\"caption-attachment-1184\" style=\"width: 300px\" class=\"wp-caption alignnone\"><a href=\"http:\/\/www2.unifap.br\/indigena\/files\/2017\/03\/CLII-20170304-Noite-Cultural-Kuahi-preparativos-84.jpg\"><img decoding=\"async\" class=\"size-medium wp-image-1184\" src=\"http:\/\/www2.unifap.br\/indigena\/files\/2017\/03\/CLII-20170304-Noite-Cultural-Kuahi-preparativos-84-300x200.jpg\" alt=\"Prepara\u00e7\u00e3o da Noite Cultural\" width=\"300\" height=\"200\" srcset=\"https:\/\/www2.unifap.br\/indigena\/files\/2017\/03\/CLII-20170304-Noite-Cultural-Kuahi-preparativos-84-300x200.jpg 300w, https:\/\/www2.unifap.br\/indigena\/files\/2017\/03\/CLII-20170304-Noite-Cultural-Kuahi-preparativos-84-1024x682.jpg 1024w\" sizes=\"(max-width: 300px) 100vw, 300px\" \/><\/a><figcaption id=\"caption-attachment-1184\" class=\"wp-caption-text\">Prepara\u00e7\u00e3o da Noite Cultural<\/figcaption><\/figure>\n<figure id=\"attachment_1183\" aria-describedby=\"caption-attachment-1183\" style=\"width: 200px\" class=\"wp-caption alignnone\"><a href=\"http:\/\/www2.unifap.br\/indigena\/files\/2017\/03\/CLII-20170304-Noite-Cultural-Kuahi-danca-Uacara-14.jpg\"><img decoding=\"async\" class=\"size-medium wp-image-1183\" src=\"http:\/\/www2.unifap.br\/indigena\/files\/2017\/03\/CLII-20170304-Noite-Cultural-Kuahi-danca-Uacara-14-200x300.jpg\" alt=\"I Noite Cultural do CLII\" width=\"200\" height=\"300\" srcset=\"https:\/\/www2.unifap.br\/indigena\/files\/2017\/03\/CLII-20170304-Noite-Cultural-Kuahi-danca-Uacara-14-200x300.jpg 200w, https:\/\/www2.unifap.br\/indigena\/files\/2017\/03\/CLII-20170304-Noite-Cultural-Kuahi-danca-Uacara-14-682x1024.jpg 682w\" sizes=\"(max-width: 200px) 100vw, 200px\" \/><\/a><figcaption id=\"caption-attachment-1183\" class=\"wp-caption-text\">I Noite Cultural do CLII<\/figcaption><\/figure>\n<figure id=\"attachment_1182\" aria-describedby=\"caption-attachment-1182\" style=\"width: 300px\" class=\"wp-caption alignnone\"><a href=\"http:\/\/www2.unifap.br\/indigena\/files\/2017\/03\/CLII-20170304-Noite-Cultural-Kuahi-danca-Uacara-8.jpg\"><img loading=\"lazy\" decoding=\"async\" class=\"size-medium wp-image-1182\" src=\"http:\/\/www2.unifap.br\/indigena\/files\/2017\/03\/CLII-20170304-Noite-Cultural-Kuahi-danca-Uacara-8-300x200.jpg\" alt=\"I Noite Cultural do CLII\" width=\"300\" height=\"200\" srcset=\"https:\/\/www2.unifap.br\/indigena\/files\/2017\/03\/CLII-20170304-Noite-Cultural-Kuahi-danca-Uacara-8-300x200.jpg 300w, https:\/\/www2.unifap.br\/indigena\/files\/2017\/03\/CLII-20170304-Noite-Cultural-Kuahi-danca-Uacara-8-1024x682.jpg 1024w\" sizes=\"(max-width: 300px) 100vw, 300px\" \/><\/a><figcaption id=\"caption-attachment-1182\" class=\"wp-caption-text\">I Noite Cultural do CLII<\/figcaption><\/figure>\n<figure id=\"attachment_1181\" aria-describedby=\"caption-attachment-1181\" style=\"width: 300px\" class=\"wp-caption alignnone\"><a href=\"http:\/\/www2.unifap.br\/indigena\/files\/2017\/03\/CLII-20170304-Noite-Cultural-Kuahi-78.jpg\"><img loading=\"lazy\" decoding=\"async\" class=\"size-medium wp-image-1181\" src=\"http:\/\/www2.unifap.br\/indigena\/files\/2017\/03\/CLII-20170304-Noite-Cultural-Kuahi-78-300x200.jpg\" alt=\"I Noite Cultural do CLII\" width=\"300\" height=\"200\" srcset=\"https:\/\/www2.unifap.br\/indigena\/files\/2017\/03\/CLII-20170304-Noite-Cultural-Kuahi-78-300x200.jpg 300w, https:\/\/www2.unifap.br\/indigena\/files\/2017\/03\/CLII-20170304-Noite-Cultural-Kuahi-78-1024x682.jpg 1024w\" sizes=\"(max-width: 300px) 100vw, 300px\" \/><\/a><figcaption id=\"caption-attachment-1181\" class=\"wp-caption-text\">I Noite Cultural do CLII<\/figcaption><\/figure>\n<figure id=\"attachment_1180\" aria-describedby=\"caption-attachment-1180\" style=\"width: 300px\" class=\"wp-caption alignnone\"><a href=\"http:\/\/www2.unifap.br\/indigena\/files\/2017\/03\/CLII-20170304-Noite-Cultural-Kuahi-52.jpg\"><img loading=\"lazy\" decoding=\"async\" class=\"size-medium wp-image-1180\" src=\"http:\/\/www2.unifap.br\/indigena\/files\/2017\/03\/CLII-20170304-Noite-Cultural-Kuahi-52-300x200.jpg\" alt=\"I Noite Cultural do CLII\" width=\"300\" height=\"200\" srcset=\"https:\/\/www2.unifap.br\/indigena\/files\/2017\/03\/CLII-20170304-Noite-Cultural-Kuahi-52-300x200.jpg 300w, https:\/\/www2.unifap.br\/indigena\/files\/2017\/03\/CLII-20170304-Noite-Cultural-Kuahi-52-1024x682.jpg 1024w\" sizes=\"(max-width: 300px) 100vw, 300px\" \/><\/a><figcaption id=\"caption-attachment-1180\" class=\"wp-caption-text\">I Noite Cultural do CLII<\/figcaption><\/figure>\n<figure id=\"attachment_1179\" aria-describedby=\"caption-attachment-1179\" style=\"width: 300px\" class=\"wp-caption alignnone\"><a href=\"http:\/\/www2.unifap.br\/indigena\/files\/2017\/03\/CLII-20170304-Noite-Cultural-Kuahi-49.jpg\"><img loading=\"lazy\" decoding=\"async\" class=\"size-medium wp-image-1179\" src=\"http:\/\/www2.unifap.br\/indigena\/files\/2017\/03\/CLII-20170304-Noite-Cultural-Kuahi-49-300x200.jpg\" alt=\"I Noite Cultural do CLII\" width=\"300\" height=\"200\" srcset=\"https:\/\/www2.unifap.br\/indigena\/files\/2017\/03\/CLII-20170304-Noite-Cultural-Kuahi-49-300x200.jpg 300w, https:\/\/www2.unifap.br\/indigena\/files\/2017\/03\/CLII-20170304-Noite-Cultural-Kuahi-49-1024x682.jpg 1024w\" sizes=\"(max-width: 300px) 100vw, 300px\" \/><\/a><figcaption id=\"caption-attachment-1179\" class=\"wp-caption-text\">I Noite Cultural do CLII<\/figcaption><\/figure>\n<figure id=\"attachment_1178\" aria-describedby=\"caption-attachment-1178\" style=\"width: 300px\" class=\"wp-caption alignnone\"><a href=\"http:\/\/www2.unifap.br\/indigena\/files\/2017\/03\/CLII-20170304-Noite-Cultural-Kuahi-47.jpg\"><img loading=\"lazy\" decoding=\"async\" class=\"size-medium wp-image-1178\" src=\"http:\/\/www2.unifap.br\/indigena\/files\/2017\/03\/CLII-20170304-Noite-Cultural-Kuahi-47-300x200.jpg\" alt=\"Venda de artesanato duranta a I Noite Cultural do CLII\" width=\"300\" height=\"200\" srcset=\"https:\/\/www2.unifap.br\/indigena\/files\/2017\/03\/CLII-20170304-Noite-Cultural-Kuahi-47-300x200.jpg 300w, https:\/\/www2.unifap.br\/indigena\/files\/2017\/03\/CLII-20170304-Noite-Cultural-Kuahi-47-1024x682.jpg 1024w\" sizes=\"(max-width: 300px) 100vw, 300px\" \/><\/a><figcaption id=\"caption-attachment-1178\" class=\"wp-caption-text\">Venda de artesanato duranta a I Noite Cultural do CLII<\/figcaption><\/figure>\n<figure id=\"attachment_1177\" aria-describedby=\"caption-attachment-1177\" style=\"width: 300px\" class=\"wp-caption alignnone\"><a href=\"http:\/\/www2.unifap.br\/indigena\/files\/2017\/03\/CLII-20170304-Noite-Cultural-Kuahi-36.jpg\"><img loading=\"lazy\" decoding=\"async\" class=\"size-medium wp-image-1177\" src=\"http:\/\/www2.unifap.br\/indigena\/files\/2017\/03\/CLII-20170304-Noite-Cultural-Kuahi-36-300x202.jpg\" alt=\"I Noite Cultural do CLII\" width=\"300\" height=\"202\" srcset=\"https:\/\/www2.unifap.br\/indigena\/files\/2017\/03\/CLII-20170304-Noite-Cultural-Kuahi-36-300x202.jpg 300w, https:\/\/www2.unifap.br\/indigena\/files\/2017\/03\/CLII-20170304-Noite-Cultural-Kuahi-36-1024x692.jpg 1024w\" sizes=\"(max-width: 300px) 100vw, 300px\" \/><\/a><figcaption id=\"caption-attachment-1177\" class=\"wp-caption-text\">I Noite Cultural do CLII<\/figcaption><\/figure>\n<p><a href=\"http:\/\/www2.unifap.br\/indigena\/files\/2017\/03\/CLII-20170304-Noite-Cultural-Kuahi-32.jpg\"><img loading=\"lazy\" decoding=\"async\" class=\"alignnone size-medium wp-image-1176\" src=\"http:\/\/www2.unifap.br\/indigena\/files\/2017\/03\/CLII-20170304-Noite-Cultural-Kuahi-32-300x200.jpg\" alt=\"I Noite Cultural do CLII\" width=\"300\" height=\"200\" srcset=\"https:\/\/www2.unifap.br\/indigena\/files\/2017\/03\/CLII-20170304-Noite-Cultural-Kuahi-32-300x200.jpg 300w, https:\/\/www2.unifap.br\/indigena\/files\/2017\/03\/CLII-20170304-Noite-Cultural-Kuahi-32-1024x682.jpg 1024w\" sizes=\"(max-width: 300px) 100vw, 300px\" \/><\/a> <a href=\"http:\/\/www2.unifap.br\/indigena\/files\/2017\/03\/CLII-20170304-Noite-Cultural-Kuahi-29.jpg\"><img loading=\"lazy\" decoding=\"async\" class=\"alignnone size-medium wp-image-1175\" src=\"http:\/\/www2.unifap.br\/indigena\/files\/2017\/03\/CLII-20170304-Noite-Cultural-Kuahi-29-300x200.jpg\" alt=\"I Noite Cultural do CLII\" width=\"300\" height=\"200\" srcset=\"https:\/\/www2.unifap.br\/indigena\/files\/2017\/03\/CLII-20170304-Noite-Cultural-Kuahi-29-300x200.jpg 300w, https:\/\/www2.unifap.br\/indigena\/files\/2017\/03\/CLII-20170304-Noite-Cultural-Kuahi-29-1024x682.jpg 1024w\" sizes=\"(max-width: 300px) 100vw, 300px\" \/><\/a><\/p>\n<figure id=\"attachment_1170\" aria-describedby=\"caption-attachment-1170\" style=\"width: 200px\" class=\"wp-caption alignnone\"><a href=\"http:\/\/www2.unifap.br\/indigena\/files\/2017\/03\/CLII-20170304-Noite-Cultural-Kuahi-danca-grupo-Manga-37.jpg\"><img loading=\"lazy\" decoding=\"async\" class=\"size-medium wp-image-1170\" src=\"http:\/\/www2.unifap.br\/indigena\/files\/2017\/03\/CLII-20170304-Noite-Cultural-Kuahi-danca-grupo-Manga-37-200x300.jpg\" alt=\"I Noite Cultural do CLII\" width=\"200\" height=\"300\" srcset=\"https:\/\/www2.unifap.br\/indigena\/files\/2017\/03\/CLII-20170304-Noite-Cultural-Kuahi-danca-grupo-Manga-37-200x300.jpg 200w, https:\/\/www2.unifap.br\/indigena\/files\/2017\/03\/CLII-20170304-Noite-Cultural-Kuahi-danca-grupo-Manga-37-682x1024.jpg 682w\" sizes=\"(max-width: 200px) 100vw, 200px\" \/><\/a><figcaption id=\"caption-attachment-1170\" class=\"wp-caption-text\">I Noite Cultural do CLII<\/figcaption><\/figure>\n<figure id=\"attachment_1171\" aria-describedby=\"caption-attachment-1171\" style=\"width: 300px\" class=\"wp-caption alignnone\"><a href=\"http:\/\/www2.unifap.br\/indigena\/files\/2017\/03\/CLII-20170304-Noite-Cultural-Kuahi-danca-Uacara-7.jpg\"><img loading=\"lazy\" decoding=\"async\" class=\"size-medium wp-image-1171\" src=\"http:\/\/www2.unifap.br\/indigena\/files\/2017\/03\/CLII-20170304-Noite-Cultural-Kuahi-danca-Uacara-7-300x200.jpg\" alt=\"I Noite Cultural do CLII\" width=\"300\" height=\"200\" srcset=\"https:\/\/www2.unifap.br\/indigena\/files\/2017\/03\/CLII-20170304-Noite-Cultural-Kuahi-danca-Uacara-7-300x200.jpg 300w, https:\/\/www2.unifap.br\/indigena\/files\/2017\/03\/CLII-20170304-Noite-Cultural-Kuahi-danca-Uacara-7-1024x682.jpg 1024w\" sizes=\"(max-width: 300px) 100vw, 300px\" \/><\/a><figcaption id=\"caption-attachment-1171\" class=\"wp-caption-text\">I Noite Cultural do CLII<\/figcaption><\/figure>\n<figure id=\"attachment_1172\" aria-describedby=\"caption-attachment-1172\" style=\"width: 300px\" class=\"wp-caption alignnone\"><a href=\"http:\/\/www2.unifap.br\/indigena\/files\/2017\/03\/CLII-20170304-Noite-Cultural-Kuahi-danca-Uacara-11.jpg\"><img loading=\"lazy\" decoding=\"async\" class=\"size-medium wp-image-1172\" src=\"http:\/\/www2.unifap.br\/indigena\/files\/2017\/03\/CLII-20170304-Noite-Cultural-Kuahi-danca-Uacara-11-300x187.jpg\" alt=\"I Noite Cultural do CLII\" width=\"300\" height=\"187\" srcset=\"https:\/\/www2.unifap.br\/indigena\/files\/2017\/03\/CLII-20170304-Noite-Cultural-Kuahi-danca-Uacara-11-300x187.jpg 300w, https:\/\/www2.unifap.br\/indigena\/files\/2017\/03\/CLII-20170304-Noite-Cultural-Kuahi-danca-Uacara-11-1024x641.jpg 1024w\" sizes=\"(max-width: 300px) 100vw, 300px\" \/><\/a><figcaption id=\"caption-attachment-1172\" class=\"wp-caption-text\">I Noite Cultural do CLII<\/figcaption><\/figure>\n<figure id=\"attachment_1173\" aria-describedby=\"caption-attachment-1173\" style=\"width: 300px\" class=\"wp-caption alignnone\"><a href=\"http:\/\/www2.unifap.br\/indigena\/files\/2017\/03\/CLII-20170304-Noite-Cultural-Kuahi-danca-Uacara-19.jpg\"><img loading=\"lazy\" decoding=\"async\" class=\"size-medium wp-image-1173\" src=\"http:\/\/www2.unifap.br\/indigena\/files\/2017\/03\/CLII-20170304-Noite-Cultural-Kuahi-danca-Uacara-19-300x200.jpg\" alt=\"I Noite Cultural do CLII\" width=\"300\" height=\"200\" srcset=\"https:\/\/www2.unifap.br\/indigena\/files\/2017\/03\/CLII-20170304-Noite-Cultural-Kuahi-danca-Uacara-19-300x200.jpg 300w, https:\/\/www2.unifap.br\/indigena\/files\/2017\/03\/CLII-20170304-Noite-Cultural-Kuahi-danca-Uacara-19-1024x682.jpg 1024w\" sizes=\"(max-width: 300px) 100vw, 300px\" \/><\/a><figcaption id=\"caption-attachment-1173\" class=\"wp-caption-text\">I Noite Cultural do CLII<\/figcaption><\/figure>\n<p><a href=\"http:\/\/www2.unifap.br\/indigena\/files\/2017\/03\/CLII-20170304-Noite-Cultural-Kuahi-danca-Uacara-85.jpg\"><img loading=\"lazy\" decoding=\"async\" class=\"alignnone size-medium wp-image-1174\" src=\"http:\/\/www2.unifap.br\/indigena\/files\/2017\/03\/CLII-20170304-Noite-Cultural-Kuahi-danca-Uacara-85-300x184.jpg\" alt=\"I Noite Cultural do CLII\" width=\"300\" height=\"184\" srcset=\"https:\/\/www2.unifap.br\/indigena\/files\/2017\/03\/CLII-20170304-Noite-Cultural-Kuahi-danca-Uacara-85-300x184.jpg 300w, https:\/\/www2.unifap.br\/indigena\/files\/2017\/03\/CLII-20170304-Noite-Cultural-Kuahi-danca-Uacara-85-1024x628.jpg 1024w\" sizes=\"(max-width: 300px) 100vw, 300px\" \/><\/a><\/p>\n<figure id=\"attachment_1169\" aria-describedby=\"caption-attachment-1169\" style=\"width: 200px\" class=\"wp-caption alignnone\"><a href=\"http:\/\/www2.unifap.br\/indigena\/files\/2017\/03\/CLII-20170304-Noite-Cultural-Kuahi-danca-grupo-Manga-29.jpg\"><img loading=\"lazy\" decoding=\"async\" class=\"size-medium wp-image-1169\" src=\"http:\/\/www2.unifap.br\/indigena\/files\/2017\/03\/CLII-20170304-Noite-Cultural-Kuahi-danca-grupo-Manga-29-200x300.jpg\" alt=\"I Noite Cultural do CLII\" width=\"200\" height=\"300\" srcset=\"https:\/\/www2.unifap.br\/indigena\/files\/2017\/03\/CLII-20170304-Noite-Cultural-Kuahi-danca-grupo-Manga-29-200x300.jpg 200w, https:\/\/www2.unifap.br\/indigena\/files\/2017\/03\/CLII-20170304-Noite-Cultural-Kuahi-danca-grupo-Manga-29-682x1024.jpg 682w\" sizes=\"(max-width: 200px) 100vw, 200px\" \/><\/a><figcaption id=\"caption-attachment-1169\" class=\"wp-caption-text\">I Noite Cultural do CLII<\/figcaption><\/figure>\n<p>&nbsp;<\/p>\n","protected":false},"excerpt":{"rendered":"<p>Noite Cultural do CLII Data: 04 de mar\u00e7o de 2017\u00a0\u00a0\u00a0\u00a0\u00a0\u00a0\u00a0\u00a0\u00a0\u00a0\u00a0\u00a0\u00a0\u00a0\u00a0\u00a0\u00a0\u00a0\u00a0\u00a0\u00a0 C.H.: 4 horas Local: Museu Kuahi\/Oiapoque \u00a0 A I Noite Intercultural do CLII marcou o encerramento da Etapa presencial Jan\/Fev. 2017. Dentre as atividades da noite houve exposi\u00e7\u00e3o e venda de artesanato dos Povos Ind\u00edgenas do Amap\u00e1 e norte do Par\u00e1; pintura corporal, apresenta\u00e7\u00e3o do&#8230;<\/p>\n","protected":false},"author":824,"featured_media":0,"parent":738,"menu_order":10,"comment_status":"open","ping_status":"open","template":"","meta":{"inline_featured_image":false,"ngg_post_thumbnail":0,"footnotes":""},"class_list":["post-1165","page","type-page","status-publish","hentry","entry"],"_links":{"self":[{"href":"https:\/\/www2.unifap.br\/indigena\/wp-json\/wp\/v2\/pages\/1165","targetHints":{"allow":["GET"]}}],"collection":[{"href":"https:\/\/www2.unifap.br\/indigena\/wp-json\/wp\/v2\/pages"}],"about":[{"href":"https:\/\/www2.unifap.br\/indigena\/wp-json\/wp\/v2\/types\/page"}],"author":[{"embeddable":true,"href":"https:\/\/www2.unifap.br\/indigena\/wp-json\/wp\/v2\/users\/824"}],"replies":[{"embeddable":true,"href":"https:\/\/www2.unifap.br\/indigena\/wp-json\/wp\/v2\/comments?post=1165"}],"version-history":[{"count":6,"href":"https:\/\/www2.unifap.br\/indigena\/wp-json\/wp\/v2\/pages\/1165\/revisions"}],"predecessor-version":[{"id":1681,"href":"https:\/\/www2.unifap.br\/indigena\/wp-json\/wp\/v2\/pages\/1165\/revisions\/1681"}],"up":[{"embeddable":true,"href":"https:\/\/www2.unifap.br\/indigena\/wp-json\/wp\/v2\/pages\/738"}],"wp:attachment":[{"href":"https:\/\/www2.unifap.br\/indigena\/wp-json\/wp\/v2\/media?parent=1165"}],"curies":[{"name":"wp","href":"https:\/\/api.w.org\/{rel}","templated":true}]}}