{"id":1324,"date":"2017-03-22T00:54:10","date_gmt":"2017-03-22T00:54:10","guid":{"rendered":"http:\/\/www2.unifap.br\/indigena\/?page_id=1324"},"modified":"2020-07-04T18:35:59","modified_gmt":"2020-07-04T18:35:59","slug":"projeto-levantamento-de-dados-sociolinguisticos-do-povo-palikur-na-terra-indigena-uaca","status":"publish","type":"page","link":"https:\/\/www2.unifap.br\/indigena\/extensao\/projetos-de-extensao-concluidos\/projeto-levantamento-de-dados-sociolinguisticos-do-povo-palikur-na-terra-indigena-uaca\/","title":{"rendered":"Levantamento de dados sociolingu\u00edsticos do povo Palikur na Terra Ind\u00edgena Ua\u00e7\u00e1"},"content":{"rendered":"<p><b>Coordenadora:\u00a0<\/b>Elissandra Barros da Silva<b><\/b><\/p>\n<p><b>Registro:\u00a0<\/b>DEX\/UNIFAP, N\u02da 23125.000652\/2013-66<\/p>\n<p><b>Per\u00edodo:\u00a0<\/b>Mar\u00e7o a Junho de 2013<\/p>\n<p style=\"text-align: justify\">Este projeto teve como principal objetivo o levantamento de dados sociolingu\u00edsticos nas aldeias Palikur\u00a0 localizadas na T.I. Ua\u00e7\u00e1. Foram aplicados question\u00e1rios em todas as casas com o intuito de identificar quais as l\u00ednguas faladas pelos palikur e o grau de profici\u00eancias nestas l\u00ednguas. Ao todo foram levantados os dados de 1287 ind\u00edgenas, distribu\u00eddos em 202 casas, localizadas em 13 aldeias.<\/p>\n<p>Com o referido projeto pudemos obter informa\u00e7\u00f5es precisas sobre o n\u00famero de casas e indiv\u00edduos palikur em toda a T.I. Ua\u00e7\u00e1. Al\u00e9m dessas informa\u00e7\u00f5es, pudemos verificar a l\u00edngua usual em cada casa, bem como a segunda l\u00edngua, quando havia. Os resultados desse levantamento s\u00e3o discutidos na Tese da Coordenadora, dispon\u00edvel em:<\/p>\n<p>http:\/\/www.academia.edu\/26673151\/A_L%C3%ADngua_Parikwaki_Palikur_Arawak_Situa%C3%A7%C3%A3o_Sociolingu%C3%ADstica_Fon%C3%A9tica_e_Fonologia<\/p>\n<p style=\"text-align: justify\">\u00a0Outro resultado foi o TCC \u201cPalikur, uma l\u00edngua amea\u00e7ada? Estudo do caso das Aldeias Ywawka e Tawari\u201d, elaborado pelo acad\u00eamico do CLII, Nonato Hip\u00f3lito, que participou ativamente do levantamento nas aldeias palikur, povo ao qual pertence.<\/p>\n<figure id=\"attachment_1336\" aria-describedby=\"caption-attachment-1336\" style=\"width: 300px\" class=\"wp-caption alignnone\"><a href=\"http:\/\/www2.unifap.br\/indigena\/files\/2017\/03\/PLU-20130423-EB-levantamento-sociolinguistico-paytxiketxi-2.jpg\"><img fetchpriority=\"high\" decoding=\"async\" class=\"size-medium wp-image-1336\" alt=\"Acad\u00eamicos Palikur trabalhando no levantamento\" src=\"http:\/\/www2.unifap.br\/indigena\/files\/2017\/03\/PLU-20130423-EB-levantamento-sociolinguistico-paytxiketxi-2-300x199.jpg\" width=\"300\" height=\"199\" srcset=\"https:\/\/www2.unifap.br\/indigena\/files\/2017\/03\/PLU-20130423-EB-levantamento-sociolinguistico-paytxiketxi-2-300x199.jpg 300w, https:\/\/www2.unifap.br\/indigena\/files\/2017\/03\/PLU-20130423-EB-levantamento-sociolinguistico-paytxiketxi-2-1024x680.jpg 1024w\" sizes=\"(max-width: 300px) 100vw, 300px\" \/><\/a><figcaption id=\"caption-attachment-1336\" class=\"wp-caption-text\">Acad\u00eamicos Palikur trabalhando no levantamento<\/figcaption><\/figure>\n<figure id=\"attachment_1333\" aria-describedby=\"caption-attachment-1333\" style=\"width: 199px\" class=\"wp-caption alignnone\"><a href=\"http:\/\/www2.unifap.br\/indigena\/files\/2017\/03\/PLU-20130400-EB-AD-AZ-desenhabdo-mapas-2.jpg\"><img decoding=\"async\" class=\"size-medium wp-image-1333\" alt=\"Acad\u00eamicos elaborando o mapa etnogr\u00e1fico da Aldeia Kumen\u00ea\" src=\"http:\/\/www2.unifap.br\/indigena\/files\/2017\/03\/PLU-20130400-EB-AD-AZ-desenhabdo-mapas-2-199x300.jpg\" width=\"199\" height=\"300\" srcset=\"https:\/\/www2.unifap.br\/indigena\/files\/2017\/03\/PLU-20130400-EB-AD-AZ-desenhabdo-mapas-2-199x300.jpg 199w, https:\/\/www2.unifap.br\/indigena\/files\/2017\/03\/PLU-20130400-EB-AD-AZ-desenhabdo-mapas-2-680x1024.jpg 680w\" sizes=\"(max-width: 199px) 100vw, 199px\" \/><\/a><figcaption id=\"caption-attachment-1333\" class=\"wp-caption-text\">Acad\u00eamicos elaborando o mapa etnogr\u00e1fico da Aldeia Kumen\u00ea<\/figcaption><\/figure>\n<figure id=\"attachment_1331\" aria-describedby=\"caption-attachment-1331\" style=\"width: 300px\" class=\"wp-caption alignnone\"><a href=\"http:\/\/www2.unifap.br\/indigena\/files\/2017\/03\/PLU-20130205-EB-aldeia-Kuahi-familia-levantamento-sociolinguistico-5.jpg\"><img decoding=\"async\" class=\"size-medium wp-image-1331\" alt=\"Acad\u00eamicos da Turma 2010 de Linguagens e C\u00f3digos durante levantamento na Aldeia Ywawka\" src=\"http:\/\/www2.unifap.br\/indigena\/files\/2017\/03\/PLU-20130205-EB-aldeia-Kuahi-familia-levantamento-sociolinguistico-5-300x199.jpg\" width=\"300\" height=\"199\" srcset=\"https:\/\/www2.unifap.br\/indigena\/files\/2017\/03\/PLU-20130205-EB-aldeia-Kuahi-familia-levantamento-sociolinguistico-5-300x199.jpg 300w, https:\/\/www2.unifap.br\/indigena\/files\/2017\/03\/PLU-20130205-EB-aldeia-Kuahi-familia-levantamento-sociolinguistico-5-1024x680.jpg 1024w\" sizes=\"(max-width: 300px) 100vw, 300px\" \/><\/a><figcaption id=\"caption-attachment-1331\" class=\"wp-caption-text\">Acad\u00eamicos da Turma 2010 de Linguagens e C\u00f3digos durante levantamento na Aldeia Ywawka<\/figcaption><\/figure>\n<figure id=\"attachment_1348\" aria-describedby=\"caption-attachment-1348\" style=\"width: 300px\" class=\"wp-caption alignnone\"><a href=\"http:\/\/www2.unifap.br\/indigena\/files\/2017\/03\/PLU-20130423-EB-levantamento-sociolinguistico-paytxiketxi-211.jpg\"><img loading=\"lazy\" decoding=\"async\" class=\"size-medium wp-image-1348\" alt=\"Acad\u00eamicos Palikur trabalhando no levantamento\" src=\"http:\/\/www2.unifap.br\/indigena\/files\/2017\/03\/PLU-20130423-EB-levantamento-sociolinguistico-paytxiketxi-211-300x199.jpg\" width=\"300\" height=\"199\" srcset=\"https:\/\/www2.unifap.br\/indigena\/files\/2017\/03\/PLU-20130423-EB-levantamento-sociolinguistico-paytxiketxi-211-300x199.jpg 300w, https:\/\/www2.unifap.br\/indigena\/files\/2017\/03\/PLU-20130423-EB-levantamento-sociolinguistico-paytxiketxi-211-1024x680.jpg 1024w\" sizes=\"(max-width: 300px) 100vw, 300px\" \/><\/a><figcaption id=\"caption-attachment-1348\" class=\"wp-caption-text\">Acad\u00eamicos Palikur trabalhando no levantamento<\/figcaption><\/figure>\n<figure id=\"attachment_1344\" aria-describedby=\"caption-attachment-1344\" style=\"width: 300px\" class=\"wp-caption alignnone\"><a href=\"http:\/\/www2.unifap.br\/indigena\/files\/2017\/03\/PLU-20130400-EB-equipe-inventario-1.jpg\"><img loading=\"lazy\" decoding=\"async\" class=\"size-medium wp-image-1344\" alt=\"Acad\u00eamicos Palikur trabalhando no levantamento\" src=\"http:\/\/www2.unifap.br\/indigena\/files\/2017\/03\/PLU-20130400-EB-equipe-inventario-1-300x199.jpg\" width=\"300\" height=\"199\" srcset=\"https:\/\/www2.unifap.br\/indigena\/files\/2017\/03\/PLU-20130400-EB-equipe-inventario-1-300x199.jpg 300w, https:\/\/www2.unifap.br\/indigena\/files\/2017\/03\/PLU-20130400-EB-equipe-inventario-1-1024x680.jpg 1024w\" sizes=\"(max-width: 300px) 100vw, 300px\" \/><\/a><figcaption id=\"caption-attachment-1344\" class=\"wp-caption-text\">Acad\u00eamicos Palikur trabalhando no levantamento<\/figcaption><\/figure>\n<figure id=\"attachment_1338\" aria-describedby=\"caption-attachment-1338\" style=\"width: 300px\" class=\"wp-caption alignnone\"><a href=\"http:\/\/www2.unifap.br\/indigena\/files\/2017\/03\/PLU-20130423-EB-levantamento-sociolinguistico-paytxiketxi-22.jpg\"><img loading=\"lazy\" decoding=\"async\" class=\"size-medium wp-image-1338\" alt=\"Acad\u00eamicos Palikur trabalhando no levantamento\" src=\"http:\/\/www2.unifap.br\/indigena\/files\/2017\/03\/PLU-20130423-EB-levantamento-sociolinguistico-paytxiketxi-22-300x199.jpg\" width=\"300\" height=\"199\" srcset=\"https:\/\/www2.unifap.br\/indigena\/files\/2017\/03\/PLU-20130423-EB-levantamento-sociolinguistico-paytxiketxi-22-300x199.jpg 300w, https:\/\/www2.unifap.br\/indigena\/files\/2017\/03\/PLU-20130423-EB-levantamento-sociolinguistico-paytxiketxi-22-1024x680.jpg 1024w\" sizes=\"(max-width: 300px) 100vw, 300px\" \/><\/a><figcaption id=\"caption-attachment-1338\" class=\"wp-caption-text\">Acad\u00eamicos Palikur trabalhando no levantamento<\/figcaption><\/figure>\n<p>&nbsp;<\/p>\n<p>&nbsp;<\/p>\n","protected":false},"excerpt":{"rendered":"<p>Coordenadora:\u00a0Elissandra Barros da Silva Registro:\u00a0DEX\/UNIFAP, N\u02da 23125.000652\/2013-66 Per\u00edodo:\u00a0Mar\u00e7o a Junho de 2013 Este projeto teve como principal objetivo o levantamento de dados sociolingu\u00edsticos nas aldeias Palikur\u00a0 localizadas na T.I. Ua\u00e7\u00e1. Foram aplicados question\u00e1rios em todas as casas com o intuito de identificar quais as l\u00ednguas faladas pelos palikur e o grau de profici\u00eancias nestas l\u00ednguas&#8230;.<\/p>\n","protected":false},"author":824,"featured_media":0,"parent":1119,"menu_order":3,"comment_status":"open","ping_status":"closed","template":"","meta":{"inline_featured_image":false,"ngg_post_thumbnail":0,"footnotes":""},"class_list":["post-1324","page","type-page","status-publish","hentry","entry"],"_links":{"self":[{"href":"https:\/\/www2.unifap.br\/indigena\/wp-json\/wp\/v2\/pages\/1324","targetHints":{"allow":["GET"]}}],"collection":[{"href":"https:\/\/www2.unifap.br\/indigena\/wp-json\/wp\/v2\/pages"}],"about":[{"href":"https:\/\/www2.unifap.br\/indigena\/wp-json\/wp\/v2\/types\/page"}],"author":[{"embeddable":true,"href":"https:\/\/www2.unifap.br\/indigena\/wp-json\/wp\/v2\/users\/824"}],"replies":[{"embeddable":true,"href":"https:\/\/www2.unifap.br\/indigena\/wp-json\/wp\/v2\/comments?post=1324"}],"version-history":[{"count":5,"href":"https:\/\/www2.unifap.br\/indigena\/wp-json\/wp\/v2\/pages\/1324\/revisions"}],"predecessor-version":[{"id":1689,"href":"https:\/\/www2.unifap.br\/indigena\/wp-json\/wp\/v2\/pages\/1324\/revisions\/1689"}],"up":[{"embeddable":true,"href":"https:\/\/www2.unifap.br\/indigena\/wp-json\/wp\/v2\/pages\/1119"}],"wp:attachment":[{"href":"https:\/\/www2.unifap.br\/indigena\/wp-json\/wp\/v2\/media?parent=1324"}],"curies":[{"name":"wp","href":"https:\/\/api.w.org\/{rel}","templated":true}]}}