{"id":1350,"date":"2017-03-22T09:40:46","date_gmt":"2017-03-22T09:40:46","guid":{"rendered":"http:\/\/www2.unifap.br\/indigena\/?page_id=1350"},"modified":"2017-03-22T09:41:47","modified_gmt":"2017-03-22T09:41:47","slug":"curso-ferramentas-e-procedimentos-para-a-elaboracao-de-dicionarios-bilingues","status":"publish","type":"page","link":"https:\/\/www2.unifap.br\/indigena\/extensao\/projetos-de-extensao-concluidos\/curso-ferramentas-e-procedimentos-para-a-elaboracao-de-dicionarios-bilingues\/","title":{"rendered":"Curso &#8220;Ferramentas e procedimentos para a elabora\u00e7\u00e3o de dicion\u00e1rios bil\u00edngues&#8221;"},"content":{"rendered":"","protected":false},"excerpt":{"rendered":"","protected":false},"author":824,"featured_media":0,"parent":1119,"menu_order":20,"comment_status":"open","ping_status":"open","template":"","meta":{"inline_featured_image":false,"ngg_post_thumbnail":0,"footnotes":""},"class_list":["post-1350","page","type-page","status-publish","hentry","entry"],"_links":{"self":[{"href":"https:\/\/www2.unifap.br\/indigena\/wp-json\/wp\/v2\/pages\/1350","targetHints":{"allow":["GET"]}}],"collection":[{"href":"https:\/\/www2.unifap.br\/indigena\/wp-json\/wp\/v2\/pages"}],"about":[{"href":"https:\/\/www2.unifap.br\/indigena\/wp-json\/wp\/v2\/types\/page"}],"author":[{"embeddable":true,"href":"https:\/\/www2.unifap.br\/indigena\/wp-json\/wp\/v2\/users\/824"}],"replies":[{"embeddable":true,"href":"https:\/\/www2.unifap.br\/indigena\/wp-json\/wp\/v2\/comments?post=1350"}],"version-history":[{"count":1,"href":"https:\/\/www2.unifap.br\/indigena\/wp-json\/wp\/v2\/pages\/1350\/revisions"}],"predecessor-version":[{"id":1351,"href":"https:\/\/www2.unifap.br\/indigena\/wp-json\/wp\/v2\/pages\/1350\/revisions\/1351"}],"up":[{"embeddable":true,"href":"https:\/\/www2.unifap.br\/indigena\/wp-json\/wp\/v2\/pages\/1119"}],"wp:attachment":[{"href":"https:\/\/www2.unifap.br\/indigena\/wp-json\/wp\/v2\/media?parent=1350"}],"curies":[{"name":"wp","href":"https:\/\/api.w.org\/{rel}","templated":true}]}}