{"id":1446,"date":"2019-05-25T18:18:34","date_gmt":"2019-05-25T18:18:34","guid":{"rendered":"http:\/\/www2.unifap.br\/indigena\/?page_id=1446"},"modified":"2019-05-25T18:18:34","modified_gmt":"2019-05-25T18:18:34","slug":"qualis-linguas-voce-fala-identificacao-da-diversidade-linguistica-nas-terras-indigenas-do-oiapoque","status":"publish","type":"page","link":"https:\/\/www2.unifap.br\/indigena\/pesquisa-2\/projetos-de-professores-do-curso-2\/qualis-linguas-voce-fala-identificacao-da-diversidade-linguistica-nas-terras-indigenas-do-oiapoque\/","title":{"rendered":"Qual(is) l\u00edngua(s) voc\u00ea fala?: identifica\u00e7\u00e3o da diversidade lingu\u00edstica nas Terras Ind\u00edgenas do Oiapoque"},"content":{"rendered":"<p>Este projeto visa identificar a diversidade lingu\u00edstica das Terras Ind\u00edgenas do Oiapoque, onde vivem os povos Galibi-Marworno, Galibi-Kalin\u00e3, Karipuna e Palikur-Arukwayene, falantes das l\u00ednguas kheu\u00f3l, parikwaki e portugu\u00eas. As etapas e passos realizados nesse projeto seguem, em grande parte, as orienta\u00e7\u00f5es do ?Invent\u00e1rio Nacional da Diversidade Lingu\u00edstica? organizado pelo IPHAN, mas tamb\u00e9m exploram aspectos como usos da l\u00edngua, dom\u00ednios lingu\u00edsticos, status de preserva\u00e7\u00e3o\/amea\u00e7a da l\u00edngua, alfabetiza\u00e7\u00e3o, leitura e escrita, al\u00e9m do etnomapeamento das aldeias. Nosso objetivo \u00e9 conhecer a diversidade lingu\u00edstica regional, identificando as l\u00ednguas faladas nas aldeias do Oiapoque, o n\u00famero de falantes dessas l\u00ednguas e sua profici\u00eancia em cada uma delas e construir um banco de dados que possa subsidiar a elabora\u00e7\u00e3o de pol\u00edticas lingu\u00edsticas eficientes para o ensino do parikwaki, kheu\u00f3l e\/ou portugu\u00eas nas aldeias do Oiapoque, conforme as necessidades e especificidades das comunidades estudadas. O projeto foi contemplado com recursos da Chamada MCTIC\/CNPq N\u00ba 28\/2018 &#8211; Universal\/Faixa B . Processo: 421485\/2018-3.<\/p>\n<p><strong>Equipe de pesquisa:<\/strong> Elissandra Barros da Silva &#8211; Coordenador \/ G\u00e9lsama Mara Ferreira dos Santos &#8211; Integrante \/ Carina Santos de Almeida &#8211; Integrante \/ Solange Rodrigues da Silva &#8211; Integrante \/ ADRIANO MICHEL HELFENSTEIN &#8211; Integrante \/ ALEXANDRE LUIZ RAUBER &#8211; Integrante \/ RAFAEL PONTES LIMA &#8211; Integrante.<\/p>\n","protected":false},"excerpt":{"rendered":"<p>Este projeto visa identificar a diversidade lingu\u00edstica das Terras Ind\u00edgenas do Oiapoque, onde vivem os povos Galibi-Marworno, Galibi-Kalin\u00e3, Karipuna e Palikur-Arukwayene, falantes das l\u00ednguas kheu\u00f3l, parikwaki e portugu\u00eas. As etapas e passos realizados nesse projeto seguem, em grande parte, as orienta\u00e7\u00f5es do ?Invent\u00e1rio Nacional da Diversidade Lingu\u00edstica? organizado pelo IPHAN, mas tamb\u00e9m exploram aspectos como&#8230;<\/p>\n","protected":false},"author":818,"featured_media":0,"parent":898,"menu_order":0,"comment_status":"closed","ping_status":"closed","template":"","meta":{"inline_featured_image":false,"ngg_post_thumbnail":0,"footnotes":""},"class_list":["post-1446","page","type-page","status-publish","hentry","entry"],"_links":{"self":[{"href":"https:\/\/www2.unifap.br\/indigena\/wp-json\/wp\/v2\/pages\/1446","targetHints":{"allow":["GET"]}}],"collection":[{"href":"https:\/\/www2.unifap.br\/indigena\/wp-json\/wp\/v2\/pages"}],"about":[{"href":"https:\/\/www2.unifap.br\/indigena\/wp-json\/wp\/v2\/types\/page"}],"author":[{"embeddable":true,"href":"https:\/\/www2.unifap.br\/indigena\/wp-json\/wp\/v2\/users\/818"}],"replies":[{"embeddable":true,"href":"https:\/\/www2.unifap.br\/indigena\/wp-json\/wp\/v2\/comments?post=1446"}],"version-history":[{"count":2,"href":"https:\/\/www2.unifap.br\/indigena\/wp-json\/wp\/v2\/pages\/1446\/revisions"}],"predecessor-version":[{"id":1448,"href":"https:\/\/www2.unifap.br\/indigena\/wp-json\/wp\/v2\/pages\/1446\/revisions\/1448"}],"up":[{"embeddable":true,"href":"https:\/\/www2.unifap.br\/indigena\/wp-json\/wp\/v2\/pages\/898"}],"wp:attachment":[{"href":"https:\/\/www2.unifap.br\/indigena\/wp-json\/wp\/v2\/media?parent=1446"}],"curies":[{"name":"wp","href":"https:\/\/api.w.org\/{rel}","templated":true}]}}