{"id":1449,"date":"2019-05-25T18:30:36","date_gmt":"2019-05-25T18:30:36","guid":{"rendered":"http:\/\/www2.unifap.br\/indigena\/?page_id=1449"},"modified":"2020-07-04T18:05:31","modified_gmt":"2020-07-04T18:05:31","slug":"agencia-indigena-e-indigenista-entre-os-povos-do-amapa-e-norte-do-para-estudo-sobre-o-indigenismo-brasileiro-no-seculo-xx","status":"publish","type":"page","link":"https:\/\/www2.unifap.br\/indigena\/pesquisa-2\/projetos-de-professores-do-curso-2\/agencia-indigena-e-indigenista-entre-os-povos-do-amapa-e-norte-do-para-estudo-sobre-o-indigenismo-brasileiro-no-seculo-xx\/","title":{"rendered":"Projeto &#8220;Ag\u00eancia ind\u00edgena e indigenista entre os povos do Amap\u00e1 e norte do Par\u00e1&#8221;"},"content":{"rendered":"<h3>Ag\u00eancia ind\u00edgena e indigenista entre os povos do Amap\u00e1 e norte do Par\u00e1: estudo sobre o indigenismo brasileiro no s\u00e9culo XX<\/h3>\n<p>Registrado no DPq\/UNIFAP &#8211; n.\u00ba PVO329-2017<\/p>\n<p>Resumo: Este estudo sobre o indigenismo brasileiro na Amaz\u00f4nia setentrional, especificamente entre os povos ind\u00edgenas do Amap\u00e1 e norte do Par\u00e1, procura analisar os documentos produzidos nos contextos das ag\u00eancias ind\u00edgenas e indigenistas no decorrer do s\u00e9culo XX, bem como pelas organiza\u00e7\u00f5es ind\u00edgenas e indigenistas que atuaram\/emergiram da luta e defesa dos direitos dos povos aut\u00f3ctones. Esta an\u00e1lise hist\u00f3rico-documental permitir\u00e1 compreender e caracterizar a atua\u00e7\u00e3o do indigenismo brasileiro em \u00e1reas de ?fronteiras? do Brasil e entre povos pouco conhecidos pela sociedade nacional que, conforme o contexto hist\u00f3rico local-regional, vivenciaram situa\u00e7\u00f5es distintas de contato e interven\u00e7\u00e3o.<\/p>\n<p><strong>Equipe de pesquisa:<\/strong> Carina Santos de Almeida &#8211; Coordenador \/ Elissandra Barros da Silva &#8211; Integrante \/ Meire Adriana Silva &#8211; Integrante \/ Fernanda Cristina Encarna\u00e7\u00e3o dos Santos &#8211; Integrante \/ Solange Rodrigues da Silva &#8211; Integrante \/ David Junior de Souza Silva &#8211; Integrante \/ Cleisy Narciso Silva &#8211; bolsista PIBIC\/CNPq \/ Denielson Silva Pastana &#8211; Integrante \/ Lilia Ramos Oliveira &#8211; Integrante \/ Leonia Ramos Oliveira &#8211; Integrante.<\/p>\n","protected":false},"excerpt":{"rendered":"<p>Ag\u00eancia ind\u00edgena e indigenista entre os povos do Amap\u00e1 e norte do Par\u00e1: estudo sobre o indigenismo brasileiro no s\u00e9culo XX Registrado no DPq\/UNIFAP &#8211; n.\u00ba PVO329-2017 Resumo: Este estudo sobre o indigenismo brasileiro na Amaz\u00f4nia setentrional, especificamente entre os povos ind\u00edgenas do Amap\u00e1 e norte do Par\u00e1, procura analisar os documentos produzidos nos contextos&#8230;<\/p>\n","protected":false},"author":818,"featured_media":0,"parent":898,"menu_order":0,"comment_status":"closed","ping_status":"closed","template":"","meta":{"inline_featured_image":false,"ngg_post_thumbnail":0,"footnotes":""},"class_list":["post-1449","page","type-page","status-publish","hentry","entry"],"_links":{"self":[{"href":"https:\/\/www2.unifap.br\/indigena\/wp-json\/wp\/v2\/pages\/1449","targetHints":{"allow":["GET"]}}],"collection":[{"href":"https:\/\/www2.unifap.br\/indigena\/wp-json\/wp\/v2\/pages"}],"about":[{"href":"https:\/\/www2.unifap.br\/indigena\/wp-json\/wp\/v2\/types\/page"}],"author":[{"embeddable":true,"href":"https:\/\/www2.unifap.br\/indigena\/wp-json\/wp\/v2\/users\/818"}],"replies":[{"embeddable":true,"href":"https:\/\/www2.unifap.br\/indigena\/wp-json\/wp\/v2\/comments?post=1449"}],"version-history":[{"count":3,"href":"https:\/\/www2.unifap.br\/indigena\/wp-json\/wp\/v2\/pages\/1449\/revisions"}],"predecessor-version":[{"id":1666,"href":"https:\/\/www2.unifap.br\/indigena\/wp-json\/wp\/v2\/pages\/1449\/revisions\/1666"}],"up":[{"embeddable":true,"href":"https:\/\/www2.unifap.br\/indigena\/wp-json\/wp\/v2\/pages\/898"}],"wp:attachment":[{"href":"https:\/\/www2.unifap.br\/indigena\/wp-json\/wp\/v2\/media?parent=1449"}],"curies":[{"name":"wp","href":"https:\/\/api.w.org\/{rel}","templated":true}]}}