{"id":1452,"date":"2019-05-25T18:36:30","date_gmt":"2019-05-25T18:36:30","guid":{"rendered":"http:\/\/www2.unifap.br\/indigena\/?page_id=1452"},"modified":"2020-07-04T17:36:45","modified_gmt":"2020-07-04T17:36:45","slug":"fala-parente-ciclo-de-palestras-indigenas","status":"publish","type":"page","link":"https:\/\/www2.unifap.br\/indigena\/extensao\/projetos-de-extensao-em-andamento\/fala-parente-ciclo-de-palestras-indigenas\/","title":{"rendered":"Fala parente!"},"content":{"rendered":"<h2>Fala parente!<\/h2>\n<h2>Ciclo de palestras ind\u00edgenas<\/h2>\n<p>O Fala parente! constitui-se como um espa\u00e7o aberto aos intelectuais ind\u00edgenas, valorizando os<br \/>\nconhecimentos ind\u00edgenas nas mais diversas \u00e1reas. Al\u00e9m disso propicia o interc\u00e2mbio entre povos, trazendo para<br \/>\na Universidade outros discursos e saberes, constituindo-se como um espa\u00e7o de visibilidades para as vozes dos<br \/>\npovos ind\u00edgenas.<\/p>\n<p>O projeto consolidou-se, durante 2018 e 2019, como um espa\u00e7o aberto aos intelectuais ind\u00edgenas,<br \/>\nvalorizando os conhecimentos ind\u00edgenas nas mais diversas \u00e1reas. Nesse per\u00edodo foram realizadas Palestras do<br \/>\nFala Parente! no Campus Binacional do Oiapoque e no Campus de Santana. Na atual e segunda etapa (01\/07\/2020 30\/06\/2022) o Fala Parente! abrange, al\u00e9m do ciclo de palestras, um conjunto a\u00e7\u00f5es, presenciais e virtuais. Assim, o Fala Parente! \u00e9 um projeto que propicia a promo\u00e7\u00e3o da l\u00edngua, cultura e conhecimentos ind\u00edgenas e que, nessa nova<br \/>\nedi\u00e7\u00e3o, pretende abarcar uma parcela maior da sociedade, saindo do espa\u00e7o f\u00edsico da Universidade ao ingressar<br \/>\nno mundo digital.<\/p>\n<p><a href=\"http:\/\/www2.unifap.br\/indigena\/files\/2020\/07\/WhatsApp-Image-2020-07-04-at-14.10.38.jpeg\"><img fetchpriority=\"high\" decoding=\"async\" class=\"alignnone size-medium wp-image-1654\" src=\"http:\/\/www2.unifap.br\/indigena\/files\/2020\/07\/WhatsApp-Image-2020-07-04-at-14.10.38-300x225.jpeg\" alt=\"\" width=\"300\" height=\"225\" srcset=\"https:\/\/www2.unifap.br\/indigena\/files\/2020\/07\/WhatsApp-Image-2020-07-04-at-14.10.38-300x225.jpeg 300w, https:\/\/www2.unifap.br\/indigena\/files\/2020\/07\/WhatsApp-Image-2020-07-04-at-14.10.38-1024x767.jpeg 1024w, https:\/\/www2.unifap.br\/indigena\/files\/2020\/07\/WhatsApp-Image-2020-07-04-at-14.10.38-768x575.jpeg 768w, https:\/\/www2.unifap.br\/indigena\/files\/2020\/07\/WhatsApp-Image-2020-07-04-at-14.10.38.jpeg 1280w\" sizes=\"(max-width: 300px) 100vw, 300px\" \/><\/a><br class=\"clear\" \/>Integrantes:<\/p>\n<p>ELISSANDRA BARROS DA SILVA DOCENTE COORDENADOR(A) CCLIICBIN<\/p>\n<p>CARINA SANTOS DE ALMEIDA DOCENTE COLABORADOR(A) CCLIICBIN<br \/>\nSOLANGE RODRIGUES DA SILVA DOCENTE COLABORADOR(A) CCLIICBIN<br \/>\nGELSAMA MARA FERREIRA DOS SANTOS DOCENTE COLABORADOR(A) CCLIICBIN<br \/>\nEDILENA DOS SANTOS DOCENTE COLABORADOR(A) CCLIICBIN<br \/>\nADRIANO MICHEL HELFENSTEIN DOCENTE COLABORADOR(A) CCGCBIN<br \/>\nEDUARDO MARGARIT ALFENA DO CARMO DOCENTE COLABORADOR(A) CCGCBIN<br \/>\nDANILO RUFINO CAVALCANTE DE SOUZA EXTERNO COLABORADOR(A)<br \/>\nNELSON OMAR ARELLANO DISCENTE ALUNO(A) VOLUNTARIO(A)<br \/>\nBENJAMIN MBA ABUY NFUMU EXTERNO COLABORADOR(A)<br \/>\nDARLEINE ESTHER JOSEPH DISCENTE ALUNO(A) VOLUNTARIO(A)<br \/>\nGABRIEL EUDES DE AMORIM LIMA DISCENTE ALUNO(A) VOLUNTARIO(A)<br \/>\nPATRICIA TEIXEIRA AZEVEDO WANDERLEY EXTERNO COLABORADOR(A)<br \/>\nJAKUB PRZYCHODZE EXTERNO COLABORADOR(A)<br \/>\nGARCIELSON CHARLES DOS SANTOS DISCENTE ALUNO(A) VOLUNTARIO(A)<br \/>\nCLEISY NARCISO SILVA DISCENTE ALUNO(A) VOLUNTARIO(A)<br \/>\nELEN VIDAL DE FIGUEIREDO DISCENTE ALUNO(A) VOLUNTARIO(A)<br \/>\nMAIARA IAPARR\u00c1 MURE DISCENTE ALUNO(A) VOLUNTARIO(A)<br \/>\nNADILSON FELIPE DISCENTE ALUNO(A) VOLUNTARIO(A)<br \/>\nDIOGO MONTEIRO DOS SANTOS DISCENTE ALUNO(A) VOLUNTARIO(A)<br \/>\nMANUELLA ADELE FIFAME CHOKKI DISCENTE ALUNO(A) VOLUNTARIO(A)<br \/>\nRUTH LYDIE JOSEPH EXTERNO COLABORADOR(A)<br \/>\nCARLOS ARMANDO REYES FLORES DISCENTE ALUNO(A) VOLUNTARIO(A)<br \/>\nYDOREH GOMES BORGES DISCENTE ALUNO(A) VOLUNTARIO(A)<br \/>\nJOHNSON MORANCY DISCENTE ALUNO(A) VOLUNTARIO(A)<br \/>\nLUENE ANIC\u00c1 DOS SANTOS DISCENTE ALUNO(A) VOLUNTARIO(A)<br \/>\nLENISE FELICIO BATISTA DISCENTE ALUNO(A) VOLUNTARIO(A)<br \/>\nDAVI CASTRO GABRIEL DISCENTE ALUNO(A) VOLUNTARIO(A)<br \/>\nILDA SILVA PASTANA DISCENTE ALUNO(A) VOLUNTARIO(A)<br \/>\nKEILA FELICIO IAPARR\u00c1 DISCENTE ALUNO(A) VOLUNTARIO(A)<br \/>\nMATANAURU WAIANA APALAI DISCENTE ALUNO(A) VOLUNTARIO(A)<br \/>\nARILSON DOS SANTOS NARCISO DISCENTE ALUNO(A) VOLUNTARIO(A)<\/p>\n<p>&nbsp;<\/p>\n<p>&nbsp;<\/p>\n","protected":false},"excerpt":{"rendered":"<p>Fala parente! Ciclo de palestras ind\u00edgenas O Fala parente! constitui-se como um espa\u00e7o aberto aos intelectuais ind\u00edgenas, valorizando os conhecimentos ind\u00edgenas nas mais diversas \u00e1reas. Al\u00e9m disso propicia o interc\u00e2mbio entre povos, trazendo para a Universidade outros discursos e saberes, constituindo-se como um espa\u00e7o de visibilidades para as vozes dos povos ind\u00edgenas. O projeto consolidou-se,&#8230;<\/p>\n","protected":false},"author":818,"featured_media":0,"parent":1117,"menu_order":0,"comment_status":"closed","ping_status":"closed","template":"","meta":{"inline_featured_image":false,"ngg_post_thumbnail":0,"footnotes":""},"class_list":["post-1452","page","type-page","status-publish","hentry","entry"],"_links":{"self":[{"href":"https:\/\/www2.unifap.br\/indigena\/wp-json\/wp\/v2\/pages\/1452","targetHints":{"allow":["GET"]}}],"collection":[{"href":"https:\/\/www2.unifap.br\/indigena\/wp-json\/wp\/v2\/pages"}],"about":[{"href":"https:\/\/www2.unifap.br\/indigena\/wp-json\/wp\/v2\/types\/page"}],"author":[{"embeddable":true,"href":"https:\/\/www2.unifap.br\/indigena\/wp-json\/wp\/v2\/users\/818"}],"replies":[{"embeddable":true,"href":"https:\/\/www2.unifap.br\/indigena\/wp-json\/wp\/v2\/comments?post=1452"}],"version-history":[{"count":5,"href":"https:\/\/www2.unifap.br\/indigena\/wp-json\/wp\/v2\/pages\/1452\/revisions"}],"predecessor-version":[{"id":1656,"href":"https:\/\/www2.unifap.br\/indigena\/wp-json\/wp\/v2\/pages\/1452\/revisions\/1656"}],"up":[{"embeddable":true,"href":"https:\/\/www2.unifap.br\/indigena\/wp-json\/wp\/v2\/pages\/1117"}],"wp:attachment":[{"href":"https:\/\/www2.unifap.br\/indigena\/wp-json\/wp\/v2\/media?parent=1452"}],"curies":[{"name":"wp","href":"https:\/\/api.w.org\/{rel}","templated":true}]}}