{"id":1573,"date":"2020-07-04T15:10:47","date_gmt":"2020-07-04T15:10:47","guid":{"rendered":"http:\/\/www2.unifap.br\/indigena\/?page_id=1573"},"modified":"2024-12-20T13:17:51","modified_gmt":"2024-12-20T13:17:51","slug":"ppc","status":"publish","type":"page","link":"https:\/\/www2.unifap.br\/indigena\/coordenacao-de-curso\/ppc\/","title":{"rendered":"Projeto Pedag\u00f3gico de Curso &#8211; PPC"},"content":{"rendered":"<p>Confira os Projetos Pedag\u00f3gicos do CLII:<\/p>\n<p><strong>2005: Projeto Pedag\u00f3gico do Curso de Educa\u00e7\u00e3o Escolar Ind\u00edgena &#8211; <a href=\"http:\/\/www2.unifap.br\/indigena\/files\/2014\/02\/PPP-EEI_2005.pdf\">PPC EEI_2005<\/a><\/strong><\/p>\n<p><strong>2019: Projeto Pedag\u00f3gico do Curso de Licenciatura Intercultural Ind\u00edgena &#8211; <a href=\"http:\/\/www2.unifap.br\/indigena\/files\/2019\/11\/PPC_Vers\u00e3o_Final_CLII_23_09_2019.pdf\">PPC_Vers\u00e3o_Final_CLII_23_09_2019<\/a><\/strong><\/p>\n<p><strong>2023: Projeto Pedag\u00f3gico do Curso de Licenciatura Intercultural Ind\u00edgena &#8211;&nbsp; <a href=\"https:\/\/drive.google.com\/file\/d\/160WV9SFvwf-N3OAdebefKICEIDk56x5O\/view?usp=sharing\">PPC_CLII_2023<\/a><\/strong><\/p>\n","protected":false},"excerpt":{"rendered":"<p>Confira os Projetos Pedag\u00f3gicos do CLII: 2005: Projeto Pedag\u00f3gico do Curso de Educa\u00e7\u00e3o Escolar Ind\u00edgena &#8211; PPC EEI_2005 2019: Projeto Pedag\u00f3gico do Curso de Licenciatura Intercultural Ind\u00edgena &#8211; PPC_Vers\u00e3o_Final_CLII_23_09_2019 2023: Projeto Pedag\u00f3gico do Curso de Licenciatura Intercultural Ind\u00edgena &#8211;&nbsp; PPC_CLII_2023<\/p>\n","protected":false},"author":818,"featured_media":0,"parent":1582,"menu_order":0,"comment_status":"closed","ping_status":"closed","template":"","meta":{"inline_featured_image":false,"ngg_post_thumbnail":0,"footnotes":""},"class_list":["post-1573","page","type-page","status-publish","hentry","entry"],"_links":{"self":[{"href":"https:\/\/www2.unifap.br\/indigena\/wp-json\/wp\/v2\/pages\/1573","targetHints":{"allow":["GET"]}}],"collection":[{"href":"https:\/\/www2.unifap.br\/indigena\/wp-json\/wp\/v2\/pages"}],"about":[{"href":"https:\/\/www2.unifap.br\/indigena\/wp-json\/wp\/v2\/types\/page"}],"author":[{"embeddable":true,"href":"https:\/\/www2.unifap.br\/indigena\/wp-json\/wp\/v2\/users\/818"}],"replies":[{"embeddable":true,"href":"https:\/\/www2.unifap.br\/indigena\/wp-json\/wp\/v2\/comments?post=1573"}],"version-history":[{"count":5,"href":"https:\/\/www2.unifap.br\/indigena\/wp-json\/wp\/v2\/pages\/1573\/revisions"}],"predecessor-version":[{"id":3207,"href":"https:\/\/www2.unifap.br\/indigena\/wp-json\/wp\/v2\/pages\/1573\/revisions\/3207"}],"up":[{"embeddable":true,"href":"https:\/\/www2.unifap.br\/indigena\/wp-json\/wp\/v2\/pages\/1582"}],"wp:attachment":[{"href":"https:\/\/www2.unifap.br\/indigena\/wp-json\/wp\/v2\/media?parent=1573"}],"curies":[{"name":"wp","href":"https:\/\/api.w.org\/{rel}","templated":true}]}}