{"id":1590,"date":"2020-07-04T15:24:22","date_gmt":"2020-07-04T15:24:22","guid":{"rendered":"http:\/\/www2.unifap.br\/indigena\/?page_id=1590"},"modified":"2023-05-12T19:26:38","modified_gmt":"2023-05-12T19:26:38","slug":"profa-dra-elissandra-barros-da-silva","status":"publish","type":"page","link":"https:\/\/www2.unifap.br\/indigena\/colegiado\/profa-dra-elissandra-barros-da-silva\/","title":{"rendered":"Profa. Dra. Elissandra Barros da Silva"},"content":{"rendered":"<header class=\"entry-header\">\n<h2 class=\"entry-title\"><\/h2>\n<\/header>\n<div class=\"clearfix entry-content\">\n<p>Doutora em Lingu\u00edstica pela Universidade Federal do Rio de Janeiro com bolsa do CNPq. Mestre em Letras \/ Lingu\u00edstica, pela Universidade Federal do Par\u00e1, \u00c1rea de Descri\u00e7\u00e3o de L\u00ednguas Ind\u00edgenas. \u00c9 docente efetiva do Curso de Licenciatura Intercultural Ind\u00edgena da Universidade Federal do Amap\u00e1, que atende as etnias Palikur, Karipuna, Galibi-Marworno, Galibi-Kalin\u00e3, Apalai, Waiana, Tiriy\u00f3 e Kaxuyana. Foi Coordenadora do PIBID &#8211; \u00c1rea de Linguagens e C\u00f3digos (2010-2012) e da A\u00e7\u00e3o Saberes Ind\u00edgenas na Escola (SIE) entre os Palikur-Arukwayene. Atualmente \u00e9 Tutora do Programa de Educa\u00e7\u00e3o Tutorial &#8211; Conex\u00e3o de Saberes (PET-Ind\u00edgena). Participa de grupos de pesquisa com foco na descri\u00e7\u00e3o e documenta\u00e7\u00e3o de l\u00ednguas ind\u00edgenas, em especial Parikwaki (Palikur) e Kuruaya. E l\u00edder do N\u00facleo Kusuvwi de Estudos Palikur-Arukwayene (NUKEPA-CNPq) e pesquisadora integrante do N\u00facleo de Estudos de L\u00ednguas Ind\u00edgenas (NELI), do N\u00facleo de Estudos e Pesquisas Ind\u00edgenas (NEPI) e do Digital repatriation of cultural heritage in the Global South: A model for open access to museum collections empowering indigenous communities in the Brazilian Amazon. Atua principalmente nas \u00e1reas de Lingu\u00edstica, Descri\u00e7\u00e3o e Documenta\u00e7\u00e3o de L\u00ednguas Ind\u00edgenas, Pol\u00edticas Lingu\u00edsticas e Educa\u00e7\u00e3o Escolar Ind\u00edgena.<\/p>\n<p><strong>Curr\u00edculo Lattes: Link:\u00a0<a title=\"Endere\u00e7o para acessar este CV:\" href=\"https:\/\/wwws.cnpq.br\/cvlattesweb\/PKG_MENU.menu?f_cod=75754355B14150721244C06227881012#\" target=\"_blank\" rel=\"noopener\" data-saferedirecturl=\"https:\/\/www.google.com\/url?q=https:\/\/wwws.cnpq.br\/cvlattesweb\/PKG_MENU.menu?f_cod%3D75754355B14150721244C06227881012%23&amp;source=gmail&amp;ust=1684003576987000&amp;usg=AOvVaw1nDEcErNsqOt0jEsyurtzV\"><b>https:\/\/lattes.cnpq.br\/1619329641405340<\/b><\/a><\/strong><\/p>\n<p><strong>E-mail: <\/strong>elissbarros22@gmail.com<\/p>\n<p>&nbsp;<\/p>\n<\/div>\n","protected":false},"excerpt":{"rendered":"<p>Doutora em Lingu\u00edstica pela Universidade Federal do Rio de Janeiro com bolsa do CNPq. Mestre em Letras \/ Lingu\u00edstica, pela Universidade Federal do Par\u00e1, \u00c1rea de Descri\u00e7\u00e3o de L\u00ednguas Ind\u00edgenas. \u00c9 docente efetiva do Curso de Licenciatura Intercultural Ind\u00edgena da Universidade Federal do Amap\u00e1, que atende as etnias Palikur, Karipuna, Galibi-Marworno, Galibi-Kalin\u00e3, Apalai, Waiana, Tiriy\u00f3&#8230;<\/p>\n","protected":false},"author":818,"featured_media":0,"parent":639,"menu_order":0,"comment_status":"closed","ping_status":"closed","template":"","meta":{"inline_featured_image":false,"ngg_post_thumbnail":0,"footnotes":""},"class_list":["post-1590","page","type-page","status-publish","hentry","entry"],"_links":{"self":[{"href":"https:\/\/www2.unifap.br\/indigena\/wp-json\/wp\/v2\/pages\/1590","targetHints":{"allow":["GET"]}}],"collection":[{"href":"https:\/\/www2.unifap.br\/indigena\/wp-json\/wp\/v2\/pages"}],"about":[{"href":"https:\/\/www2.unifap.br\/indigena\/wp-json\/wp\/v2\/types\/page"}],"author":[{"embeddable":true,"href":"https:\/\/www2.unifap.br\/indigena\/wp-json\/wp\/v2\/users\/818"}],"replies":[{"embeddable":true,"href":"https:\/\/www2.unifap.br\/indigena\/wp-json\/wp\/v2\/comments?post=1590"}],"version-history":[{"count":6,"href":"https:\/\/www2.unifap.br\/indigena\/wp-json\/wp\/v2\/pages\/1590\/revisions"}],"predecessor-version":[{"id":2050,"href":"https:\/\/www2.unifap.br\/indigena\/wp-json\/wp\/v2\/pages\/1590\/revisions\/2050"}],"up":[{"embeddable":true,"href":"https:\/\/www2.unifap.br\/indigena\/wp-json\/wp\/v2\/pages\/639"}],"wp:attachment":[{"href":"https:\/\/www2.unifap.br\/indigena\/wp-json\/wp\/v2\/media?parent=1590"}],"curies":[{"name":"wp","href":"https:\/\/api.w.org\/{rel}","templated":true}]}}