{"id":1600,"date":"2020-07-04T15:28:56","date_gmt":"2020-07-04T15:28:56","guid":{"rendered":"http:\/\/www2.unifap.br\/indigena\/?page_id=1600"},"modified":"2023-05-12T19:32:04","modified_gmt":"2023-05-12T19:32:04","slug":"prof-ms-tadeu-lopes-machado","status":"publish","type":"page","link":"https:\/\/www2.unifap.br\/indigena\/colegiado\/prof-ms-tadeu-lopes-machado\/","title":{"rendered":"Prof. Dr. Tadeu Lopes Machado"},"content":{"rendered":"<header class=\"entry-header\">\n<h2 class=\"entry-title\">Prof. Dr. Tadeu Lopes Machado<\/h2>\n<\/header>\n<div class=\"clearfix entry-content\">\n<p>Gradua\u00e7\u00e3o em Ci\u00eancias Sociais (Licenciatura e Bacharelado) pela Universidade Federal do Amap\u00e1 (UNIFAP). Mestre e doutorando em Sociologia e Antropologia (\u00e1rea de concentra\u00e7\u00e3o em Antropologia Social) pelo Programa de P\u00f3s Gradua\u00e7\u00e3o em Sociologia e Antropologia da Universidade Federal do Par\u00e1 \u2013 PPGSA\/UFPA. Tem interesse em pesquisa na \u00e1rea de etnologia ind\u00edgena focalizando os estudos para interc\u00e2mbio, com\u00e9rcio, parentesco, rela\u00e7\u00f5es de troca, redes de sociabilidades, rela\u00e7\u00f5es de g\u00eanero, territorialidade e estudo de fronteiras com povos ind\u00edgenas. J\u00e1 atuou como professor do Ensino M\u00e9dio, vinculado \u00e0 Secretaria Estadual de Educa\u00e7\u00e3o (SEED\/AP). Atualmente \u00e9 professor Assistente B1 da Universidade Federal do Amap\u00e1, atuando na \u00e1rea de Antropologia no Colegiado de Licenciatura Intercultural Ind\u00edgena no Campus de Oiapoque. Professor do CLII desde 2013.<\/p>\n<p><strong>Curr\u00edculo Lattes:<\/strong> http:\/\/lattes.cnpq.br\/8897864973913477<\/p>\n<p><strong>E-mail<\/strong>: tlopesm@hotmail.com<\/p>\n<\/div>\n","protected":false},"excerpt":{"rendered":"<p>Prof. Dr. Tadeu Lopes Machado Gradua\u00e7\u00e3o em Ci\u00eancias Sociais (Licenciatura e Bacharelado) pela Universidade Federal do Amap\u00e1 (UNIFAP). Mestre e doutorando em Sociologia e Antropologia (\u00e1rea de concentra\u00e7\u00e3o em Antropologia Social) pelo Programa de P\u00f3s Gradua\u00e7\u00e3o em Sociologia e Antropologia da Universidade Federal do Par\u00e1 \u2013 PPGSA\/UFPA. Tem interesse em pesquisa na \u00e1rea de etnologia&#8230;<\/p>\n","protected":false},"author":818,"featured_media":0,"parent":639,"menu_order":0,"comment_status":"closed","ping_status":"closed","template":"","meta":{"inline_featured_image":false,"ngg_post_thumbnail":0,"footnotes":""},"class_list":["post-1600","page","type-page","status-publish","hentry","entry"],"_links":{"self":[{"href":"https:\/\/www2.unifap.br\/indigena\/wp-json\/wp\/v2\/pages\/1600","targetHints":{"allow":["GET"]}}],"collection":[{"href":"https:\/\/www2.unifap.br\/indigena\/wp-json\/wp\/v2\/pages"}],"about":[{"href":"https:\/\/www2.unifap.br\/indigena\/wp-json\/wp\/v2\/types\/page"}],"author":[{"embeddable":true,"href":"https:\/\/www2.unifap.br\/indigena\/wp-json\/wp\/v2\/users\/818"}],"replies":[{"embeddable":true,"href":"https:\/\/www2.unifap.br\/indigena\/wp-json\/wp\/v2\/comments?post=1600"}],"version-history":[{"count":4,"href":"https:\/\/www2.unifap.br\/indigena\/wp-json\/wp\/v2\/pages\/1600\/revisions"}],"predecessor-version":[{"id":2053,"href":"https:\/\/www2.unifap.br\/indigena\/wp-json\/wp\/v2\/pages\/1600\/revisions\/2053"}],"up":[{"embeddable":true,"href":"https:\/\/www2.unifap.br\/indigena\/wp-json\/wp\/v2\/pages\/639"}],"wp:attachment":[{"href":"https:\/\/www2.unifap.br\/indigena\/wp-json\/wp\/v2\/media?parent=1600"}],"curies":[{"name":"wp","href":"https:\/\/api.w.org\/{rel}","templated":true}]}}