{"id":1657,"date":"2020-07-04T17:40:31","date_gmt":"2020-07-04T17:40:31","guid":{"rendered":"http:\/\/www2.unifap.br\/indigena\/?page_id=1657"},"modified":"2020-07-04T17:40:31","modified_gmt":"2020-07-04T17:40:31","slug":"dialogos-indigenistas","status":"publish","type":"page","link":"https:\/\/www2.unifap.br\/indigena\/extensao\/projetos-de-extensao-em-andamento\/dialogos-indigenistas\/","title":{"rendered":"Di\u00e1logos Indigenistas"},"content":{"rendered":"<h2>Di\u00e1logos Indigenistas<\/h2>\n<p>O Di\u00e1logos Indigenistas surgiu da necessidade de se criar um espa\u00e7o no Campus Binacional do Oiapoque para a promo\u00e7\u00e3o de palestras, cursos e oficinas com o objetivo de discutir a tem\u00e1tica ind\u00edgena a partir da experi\u00eancia de indigenistas que atuam em diferentes \u00e1reas do conhecimento.<\/p>\n<p><a href=\"http:\/\/www2.unifap.br\/indigena\/files\/2020\/07\/dialogos_indigenistas_flecha_amarela-scaled.jpg\"><img decoding=\"async\" class=\"alignnone size-medium wp-image-1658\" src=\"http:\/\/www2.unifap.br\/indigena\/files\/2020\/07\/dialogos_indigenistas_flecha_amarela-300x121.jpg\" alt=\"\" width=\"300\" height=\"121\" srcset=\"https:\/\/www2.unifap.br\/indigena\/files\/2020\/07\/dialogos_indigenistas_flecha_amarela-300x121.jpg 300w, https:\/\/www2.unifap.br\/indigena\/files\/2020\/07\/dialogos_indigenistas_flecha_amarela-1024x412.jpg 1024w, https:\/\/www2.unifap.br\/indigena\/files\/2020\/07\/dialogos_indigenistas_flecha_amarela-768x309.jpg 768w, https:\/\/www2.unifap.br\/indigena\/files\/2020\/07\/dialogos_indigenistas_flecha_amarela-1536x618.jpg 1536w, https:\/\/www2.unifap.br\/indigena\/files\/2020\/07\/dialogos_indigenistas_flecha_amarela-2048x823.jpg 2048w\" sizes=\"(max-width: 300px) 100vw, 300px\" \/><\/a><\/p>\n<p>Integrantes: Elissandra Barros da Silva &#8211; Coordenador \/ Carina Santos de Almeida &#8211; vice-coordenador \/ Lenise Fel\u00edcio Batista &#8211; Integrante \/ Solange Rodrigues da Silva &#8211; Integrante \/ Silvana Costa Santa Rosa &#8211; Integrante.<\/p>\n","protected":false},"excerpt":{"rendered":"<p>Di\u00e1logos Indigenistas O Di\u00e1logos Indigenistas surgiu da necessidade de se criar um espa\u00e7o no Campus Binacional do Oiapoque para a promo\u00e7\u00e3o de palestras, cursos e oficinas com o objetivo de discutir a tem\u00e1tica ind\u00edgena a partir da experi\u00eancia de indigenistas que atuam em diferentes \u00e1reas do conhecimento. Integrantes: Elissandra Barros da Silva &#8211; Coordenador \/&#8230;<\/p>\n","protected":false},"author":818,"featured_media":0,"parent":1117,"menu_order":0,"comment_status":"closed","ping_status":"closed","template":"","meta":{"inline_featured_image":false,"ngg_post_thumbnail":0,"footnotes":""},"class_list":["post-1657","page","type-page","status-publish","hentry","entry"],"_links":{"self":[{"href":"https:\/\/www2.unifap.br\/indigena\/wp-json\/wp\/v2\/pages\/1657","targetHints":{"allow":["GET"]}}],"collection":[{"href":"https:\/\/www2.unifap.br\/indigena\/wp-json\/wp\/v2\/pages"}],"about":[{"href":"https:\/\/www2.unifap.br\/indigena\/wp-json\/wp\/v2\/types\/page"}],"author":[{"embeddable":true,"href":"https:\/\/www2.unifap.br\/indigena\/wp-json\/wp\/v2\/users\/818"}],"replies":[{"embeddable":true,"href":"https:\/\/www2.unifap.br\/indigena\/wp-json\/wp\/v2\/comments?post=1657"}],"version-history":[{"count":1,"href":"https:\/\/www2.unifap.br\/indigena\/wp-json\/wp\/v2\/pages\/1657\/revisions"}],"predecessor-version":[{"id":1659,"href":"https:\/\/www2.unifap.br\/indigena\/wp-json\/wp\/v2\/pages\/1657\/revisions\/1659"}],"up":[{"embeddable":true,"href":"https:\/\/www2.unifap.br\/indigena\/wp-json\/wp\/v2\/pages\/1117"}],"wp:attachment":[{"href":"https:\/\/www2.unifap.br\/indigena\/wp-json\/wp\/v2\/media?parent=1657"}],"curies":[{"name":"wp","href":"https:\/\/api.w.org\/{rel}","templated":true}]}}