{"id":1677,"date":"2020-07-04T18:30:47","date_gmt":"2020-07-04T18:30:47","guid":{"rendered":"http:\/\/www2.unifap.br\/indigena\/?page_id=1677"},"modified":"2024-12-12T13:57:19","modified_gmt":"2024-12-12T13:57:19","slug":"acoes-afirmativas-no-campus-binacional-de-oiapoque","status":"publish","type":"page","link":"https:\/\/www2.unifap.br\/indigena\/extensao\/projetos-de-extensao-em-andamento\/acoes-afirmativas-no-campus-binacional-de-oiapoque\/","title":{"rendered":"A\u00e7\u00f5es Afirmativas no Campus Binacional de Oiapoque"},"content":{"rendered":"<h3>A\u00c7\u00d5ES AFIRMATIVAS NO CAMPUS BINACIONAL OIAPOQUE\/UNIVERSIDADE FEDERAL DO AMAP\u00c1 (UNIFAP) PARA A PERMAN\u00caNCIA DE ESTUDANTES IND\u00cdGENAS E QUILOMBOLAS ORIUNDOS DO PROCESSO SELETIVO EXTRAORDIN\u00c1RIO 2018 (PSEIQ\/2018)<\/h3>\n<p>Registro Extens\u00e3o: n.\u00ba PJ 096-2018<\/p>\n<p>Resumo: Este Projeto de Extens\u00e3o consiste numa experi\u00eancia \u201cpiloto\u201d no \u00e2mbito das a\u00e7\u00f5es afirmativas na Universidade Federal do Amap\u00e1 e, sobretudo, no Campus Binacional Oiapoque, direcionada a desenvolver atividades pedag\u00f3gicas e acad\u00eamicas para a promo\u00e7\u00e3o da perman\u00eancia dos estudantes ind\u00edgenas e quilombolas aprovados no Processo Seletivo Extraordin\u00e1rio para Ind\u00edgenas e Quilombolas (PSEIQ) de 2018. As a\u00e7\u00f5es deste Projeto \u201cpiloto\u201d transcorrer\u00e3o pelo per\u00edodo de 18 meses, a contar de janeiro de 2019 a junho de 2020, e visam ofertar aos estudantes, que ingressaram pela modalidade de \u201creservas de vagas\u201d no referido Processo Seletivo, Cursos diversos e interdisciplinares de 40 h\/a cada, que subsidiem conhecimentos de L\u00edngua portuguesa, com \u00eanfase em leitura, escrita e interpreta\u00e7\u00e3o de textos, conhecimentos b\u00e1sicos de Matem\u00e1tica e racioc\u00ednio l\u00f3gico e conhecimentos acad\u00eamicos interdisciplinares pertinentes ao desenvolvimento pleno em suas \u00e1reas de estudo. Al\u00e9m da promo\u00e7\u00e3o de Cursos diversos e interdisciplinares aos estudantes, o Projeto prev\u00ea tamb\u00e9m a constru\u00e7\u00e3o de diagn\u00f3stico sobre os estudantes ingressantes pela \u201creserva de vagas\u201d e de instrumentos de acompanhamento ao desenvolvimento destes. Ao longo desse processo ser\u00e3o realizadas reuni\u00f5es individuais e\/ou coletivas e, de forma mais abrangente, construtiva e dialogada. Os resultados esperados pelo projeto \u201cpiloto\u201d de extens\u00e3o fornecer\u00e3o a Universidade uma experi\u00eancia emp\u00edrica de \u201cpol\u00edtica de perman\u00eancia\u201d das a\u00e7\u00f5es afirmativas que pondera sobre seus pontos exitosos e nevr\u00e1lgicos, ao mesmo tempo em que contribuiu para a diminui\u00e7\u00e3o da evas\u00e3o acad\u00eamica nos cursos de gradua\u00e7\u00e3o. Tais resultados permitem perspectivar e subsidiar outras experi\u00eancias de a\u00e7\u00f5es afirmativas para a perman\u00eancia enquanto pol\u00edticas institucionais para toda a UNIFAP.<\/p>\n<p>Integrantes: Elissandra Barros da Silva &#8211; coordenador \/ Carina Santos de Almeida &#8211; vice-coordenador \/ Jefferson Martins &#8211; colaborador \/ Renan Vieira &#8211; colaborador.<\/p>\n","protected":false},"excerpt":{"rendered":"<p>A\u00c7\u00d5ES AFIRMATIVAS NO CAMPUS BINACIONAL OIAPOQUE\/UNIVERSIDADE FEDERAL DO AMAP\u00c1 (UNIFAP) PARA A PERMAN\u00caNCIA DE ESTUDANTES IND\u00cdGENAS E QUILOMBOLAS ORIUNDOS DO PROCESSO SELETIVO EXTRAORDIN\u00c1RIO 2018 (PSEIQ\/2018) Registro Extens\u00e3o: n.\u00ba PJ 096-2018 Resumo: Este Projeto de Extens\u00e3o consiste numa experi\u00eancia \u201cpiloto\u201d no \u00e2mbito das a\u00e7\u00f5es afirmativas na Universidade Federal do Amap\u00e1 e, sobretudo, no Campus Binacional Oiapoque,&#8230;<\/p>\n","protected":false},"author":818,"featured_media":0,"parent":1117,"menu_order":0,"comment_status":"closed","ping_status":"closed","template":"","meta":{"inline_featured_image":false,"ngg_post_thumbnail":0,"footnotes":""},"class_list":["post-1677","page","type-page","status-publish","hentry","entry"],"_links":{"self":[{"href":"https:\/\/www2.unifap.br\/indigena\/wp-json\/wp\/v2\/pages\/1677","targetHints":{"allow":["GET"]}}],"collection":[{"href":"https:\/\/www2.unifap.br\/indigena\/wp-json\/wp\/v2\/pages"}],"about":[{"href":"https:\/\/www2.unifap.br\/indigena\/wp-json\/wp\/v2\/types\/page"}],"author":[{"embeddable":true,"href":"https:\/\/www2.unifap.br\/indigena\/wp-json\/wp\/v2\/users\/818"}],"replies":[{"embeddable":true,"href":"https:\/\/www2.unifap.br\/indigena\/wp-json\/wp\/v2\/comments?post=1677"}],"version-history":[{"count":1,"href":"https:\/\/www2.unifap.br\/indigena\/wp-json\/wp\/v2\/pages\/1677\/revisions"}],"predecessor-version":[{"id":1678,"href":"https:\/\/www2.unifap.br\/indigena\/wp-json\/wp\/v2\/pages\/1677\/revisions\/1678"}],"up":[{"embeddable":true,"href":"https:\/\/www2.unifap.br\/indigena\/wp-json\/wp\/v2\/pages\/1117"}],"wp:attachment":[{"href":"https:\/\/www2.unifap.br\/indigena\/wp-json\/wp\/v2\/media?parent=1677"}],"curies":[{"name":"wp","href":"https:\/\/api.w.org\/{rel}","templated":true}]}}