{"id":2304,"date":"2023-09-20T13:36:33","date_gmt":"2023-09-20T13:36:33","guid":{"rendered":"https:\/\/www2.unifap.br\/indigena\/?page_id=2304"},"modified":"2023-12-18T01:02:24","modified_gmt":"2023-12-18T01:02:24","slug":"ingresso-2024","status":"publish","type":"page","link":"https:\/\/www2.unifap.br\/indigena\/ingresso-2024\/","title":{"rendered":"ingresso-2024"},"content":{"rendered":"\t\t<div data-elementor-type=\"wp-page\" data-elementor-id=\"2304\" class=\"elementor elementor-2304\">\n\t\t\t\t\t\t<section class=\"elementor-section elementor-top-section elementor-element elementor-element-603d3e0 elementor-section-boxed elementor-section-height-default elementor-section-height-default\" data-id=\"603d3e0\" data-element_type=\"section\" data-e-type=\"section\">\n\t\t\t\t\t\t<div class=\"elementor-container elementor-column-gap-default\">\n\t\t\t\t\t<div class=\"elementor-column elementor-col-100 elementor-top-column elementor-element elementor-element-f0d30f2\" data-id=\"f0d30f2\" data-element_type=\"column\" data-e-type=\"column\">\n\t\t\t<div class=\"elementor-widget-wrap\">\n\t\t\t\t\t\t\t<\/div>\n\t\t<\/div>\n\t\t\t\t\t<\/div>\n\t\t<\/section>\n\t\t\t\t<section class=\"elementor-section elementor-top-section elementor-element elementor-element-7687db2 elementor-section-height-min-height elementor-section-content-middle elementor-hidden-tablet elementor-hidden-mobile elementor-section-boxed elementor-section-height-default elementor-section-items-middle\" data-id=\"7687db2\" data-element_type=\"section\" data-e-type=\"section\" data-settings=\"{&quot;background_background&quot;:&quot;slideshow&quot;,&quot;background_slideshow_gallery&quot;:[{&quot;id&quot;:&quot;2444&quot;,&quot;url&quot;:&quot;http:\\\/\\\/www2.unifap.br\\\/indigena\\\/files\\\/2023\\\/10\\\/Copia-de-PSI-2024-1200-x-400-px.jpg&quot;}],&quot;background_slideshow_slide_duration&quot;:5000,&quot;background_slideshow_slide_transition&quot;:&quot;fade&quot;,&quot;background_slideshow_transition_duration&quot;:500}\">\n\t\t\t\t\t\t\t<div class=\"elementor-background-overlay\"><\/div>\n\t\t\t\t\t\t\t<div class=\"elementor-container elementor-column-gap-default\">\n\t\t\t\t\t<article class=\"elementor-column elementor-col-50 elementor-top-column elementor-element elementor-element-dcfcdf8\" data-id=\"dcfcdf8\" data-element_type=\"column\" data-e-type=\"column\" data-settings=\"{&quot;background_background&quot;:&quot;classic&quot;}\">\n\t\t\t<div class=\"elementor-widget-wrap\">\n\t\t\t\t\t\t\t<\/div>\n\t\t<\/article>\n\t\t\t\t<article class=\"elementor-column elementor-col-50 elementor-top-column elementor-element elementor-element-0f2b993\" data-id=\"0f2b993\" data-element_type=\"column\" data-e-type=\"column\" data-settings=\"{&quot;background_background&quot;:&quot;classic&quot;}\">\n\t\t\t<div class=\"elementor-widget-wrap elementor-element-populated\">\n\t\t\t\t\t\t<div class=\"elementor-element elementor-element-f480d96 elementor-widget elementor-widget-heading\" data-id=\"f480d96\" data-element_type=\"widget\" data-e-type=\"widget\" data-widget_type=\"heading.default\">\n\t\t\t\t<div class=\"elementor-widget-container\">\n\t\t\t\t\t<h2 class=\"elementor-heading-title elementor-size-default\">Vestibular Ind\u00edgena<\/h2>\t\t\t\t<\/div>\n\t\t\t\t<\/div>\n\t\t\t\t<div class=\"elementor-element elementor-element-11ea51d elementor-widget elementor-widget-text-editor\" data-id=\"11ea51d\" data-element_type=\"widget\" data-e-type=\"widget\" data-widget_type=\"text-editor.default\">\n\t\t\t\t<div class=\"elementor-widget-container\">\n\t\t\t\t\t\t\t\t\t<p>Vagas para estudantes ind\u00edgenas de escola p\u00fablica. A sele\u00e7\u00e3o vale para vagas na\u00a0<strong>Unifap<\/strong><\/p>\t\t\t\t\t\t\t\t<\/div>\n\t\t\t\t<\/div>\n\t\t\t\t\t<\/div>\n\t\t<\/article>\n\t\t\t\t\t<\/div>\n\t\t<\/section>\n\t\t\t\t<section class=\"elementor-section elementor-top-section elementor-element elementor-element-a7382c6 elementor-hidden-desktop elementor-hidden-tablet elementor-section-boxed elementor-section-height-default elementor-section-height-default\" data-id=\"a7382c6\" data-element_type=\"section\" data-e-type=\"section\">\n\t\t\t\t\t\t<div class=\"elementor-container elementor-column-gap-default\">\n\t\t\t\t\t<div class=\"elementor-column elementor-col-100 elementor-top-column elementor-element elementor-element-1db7496\" data-id=\"1db7496\" data-element_type=\"column\" data-e-type=\"column\">\n\t\t\t<div class=\"elementor-widget-wrap elementor-element-populated\">\n\t\t\t\t\t\t<div class=\"elementor-element elementor-element-fedb2dd elementor-widget elementor-widget-image\" data-id=\"fedb2dd\" data-element_type=\"widget\" data-e-type=\"widget\" data-widget_type=\"image.default\">\n\t\t\t\t<div class=\"elementor-widget-container\">\n\t\t\t\t\t\t\t\t\t\t\t\t\t\t\t<img fetchpriority=\"high\" decoding=\"async\" width=\"1024\" height=\"653\" src=\"https:\/\/www2.unifap.br\/indigena\/files\/2023\/10\/IMG_20231018_103227-1024x653.jpg\" class=\"attachment-large size-large wp-image-2420\" alt=\"\" srcset=\"https:\/\/www2.unifap.br\/indigena\/files\/2023\/10\/IMG_20231018_103227-1024x653.jpg 1024w, https:\/\/www2.unifap.br\/indigena\/files\/2023\/10\/IMG_20231018_103227-300x191.jpg 300w, https:\/\/www2.unifap.br\/indigena\/files\/2023\/10\/IMG_20231018_103227-768x490.jpg 768w, https:\/\/www2.unifap.br\/indigena\/files\/2023\/10\/IMG_20231018_103227.jpg 1080w\" sizes=\"(max-width: 1024px) 100vw, 1024px\" \/>\t\t\t\t\t\t\t\t\t\t\t\t\t\t\t<\/div>\n\t\t\t\t<\/div>\n\t\t\t\t\t<\/div>\n\t\t<\/div>\n\t\t\t\t\t<\/div>\n\t\t<\/section>\n\t\t\t\t<section class=\"elementor-section elementor-top-section elementor-element elementor-element-c4b7b6a elementor-section-full_width elementor-section-height-default elementor-section-height-default\" data-id=\"c4b7b6a\" data-element_type=\"section\" data-e-type=\"section\">\n\t\t\t\t\t\t<div class=\"elementor-container elementor-column-gap-default\">\n\t\t\t\t\t<div class=\"elementor-column elementor-col-33 elementor-top-column elementor-element elementor-element-835d25e\" data-id=\"835d25e\" data-element_type=\"column\" data-e-type=\"column\" data-settings=\"{&quot;background_background&quot;:&quot;classic&quot;}\">\n\t\t\t<div class=\"elementor-widget-wrap elementor-element-populated\">\n\t\t\t\t\t\t<div class=\"elementor-element elementor-element-64cb83e elementor-widget elementor-widget-text-editor\" data-id=\"64cb83e\" data-element_type=\"widget\" data-e-type=\"widget\" data-widget_type=\"text-editor.default\">\n\t\t\t\t<div class=\"elementor-widget-container\">\n\t\t\t\t\t\t\t\t\t<h2><span style=\"color: #ffffff\">INSCRI\u00c7\u00d5ES GRATUITAS EM NOVEMBRO!<\/span><\/h2><p>Vestibular Ind\u00edgena UNIFAP &#8211; Ingresso no Curso de Licenciatura Intercultural Ind\u00edgena<\/p>\t\t\t\t\t\t\t\t<\/div>\n\t\t\t\t<\/div>\n\t\t\t\t\t<\/div>\n\t\t<\/div>\n\t\t\t\t<div class=\"elementor-column elementor-col-33 elementor-top-column elementor-element elementor-element-cb6d37e\" data-id=\"cb6d37e\" data-element_type=\"column\" data-e-type=\"column\">\n\t\t\t<div class=\"elementor-widget-wrap elementor-element-populated\">\n\t\t\t\t\t\t<div class=\"elementor-element elementor-element-eac6d34 elementor-widget elementor-widget-text-editor\" data-id=\"eac6d34\" data-element_type=\"widget\" data-e-type=\"widget\" data-widget_type=\"text-editor.default\">\n\t\t\t\t<div class=\"elementor-widget-container\">\n\t\t\t\t\t\t\t\t\t<p><strong>Como \u00e9 a inscri\u00e7\u00e3o?<\/strong> A inscri\u00e7\u00e3o para o Vestibular Ind\u00edgena ser\u00e1 realizada via internet, no endere\u00e7o eletr\u00f4nico depsec.unifap.br\/concursos. \u00c9 essencial que o candidato preencha corretamente o formul\u00e1rio de inscri\u00e7\u00e3o online.<\/p><p>\u00a0<\/p><p>\u00a0<\/p>\t\t\t\t\t\t\t\t<\/div>\n\t\t\t\t<\/div>\n\t\t\t\t\t<\/div>\n\t\t<\/div>\n\t\t\t\t<div class=\"elementor-column elementor-col-33 elementor-top-column elementor-element elementor-element-e58078f\" data-id=\"e58078f\" data-element_type=\"column\" data-e-type=\"column\">\n\t\t\t<div class=\"elementor-widget-wrap elementor-element-populated\">\n\t\t\t\t\t\t<div class=\"elementor-element elementor-element-85b9042 elementor-widget elementor-widget-text-editor\" data-id=\"85b9042\" data-element_type=\"widget\" data-e-type=\"widget\" data-widget_type=\"text-editor.default\">\n\t\t\t\t<div class=\"elementor-widget-container\">\n\t\t\t\t\t\t\t\t\t<p><strong>Quem podem se inscrever?<\/strong> <br \/>No PS-CLII, podem se inscrever exclusivamente ind\u00edgenas pertencentes aos povos ind\u00edgenas do Amap\u00e1 e Norte do Par\u00e1 que tenham conclu\u00eddo o Ensino M\u00e9dio ou equivalente at\u00e9 o per\u00edodo de Habilita\u00e7\u00e3o e Matr\u00edcula, comprovando seu pertencimento \u00e0 comunidade ind\u00edgena por meio de Autodeclara\u00e7\u00e3o de Pertencimento \u00e0 Comunidade, conforme as regras estabelecidas na Conven\u00e7\u00e3o 169 da OIT e assinadas por lideran\u00e7as reconhecidas nas aldeias declaradas, tais como cacique\/cacica, vice-cacique\/cacica, parteira ou diretor\/a de associa\u00e7\u00e3o laica ligada aos interesses ind\u00edgenas. N\u00e3o ser\u00e1 cobrada taxa de inscri\u00e7\u00e3o para os candidatos \u00e0s vagas do PS-CLII.<\/p>\t\t\t\t\t\t\t\t<\/div>\n\t\t\t\t<\/div>\n\t\t\t\t\t<\/div>\n\t\t<\/div>\n\t\t\t\t\t<\/div>\n\t\t<\/section>\n\t\t\t\t<section class=\"elementor-section elementor-top-section elementor-element elementor-element-55d7eea elementor-section-boxed elementor-section-height-default elementor-section-height-default\" data-id=\"55d7eea\" data-element_type=\"section\" data-e-type=\"section\">\n\t\t\t\t\t\t<div class=\"elementor-container elementor-column-gap-default\">\n\t\t\t\t\t<div class=\"elementor-column elementor-col-100 elementor-top-column elementor-element elementor-element-768e460\" data-id=\"768e460\" data-element_type=\"column\" data-e-type=\"column\">\n\t\t\t<div class=\"elementor-widget-wrap elementor-element-populated\">\n\t\t\t\t\t\t<div class=\"elementor-element elementor-element-f3d2535 elementor-widget elementor-widget-text-editor\" data-id=\"f3d2535\" data-element_type=\"widget\" data-e-type=\"widget\" data-widget_type=\"text-editor.default\">\n\t\t\t\t<div class=\"elementor-widget-container\">\n\t\t\t\t\t\t\t\t\t<h3>Vestibular<strong> Ind\u00edgena &#8211; Processo Seletivo para a Licenciatura Intercultural Ind\u00edgena<\/strong><\/h3><p>O Curso de Licenciatura Intercultural Ind\u00edgena (CLII) da Universidade Federal do Amap\u00e1, Campus Binacional, anuncia a realiza\u00e7\u00e3o do Processo Seletivo (PS-CLII) para o ingresso de ind\u00edgenas no ano de 2024, no munic\u00edpio de Oiapoque-AP. O edital estabelece as diretrizes para o processo.<\/p><h3>Disposi\u00e7\u00f5es Preliminares<\/h3><p>O PS-CLII \u00e9 destinado ao ingresso de ind\u00edgenas no Curso de Licenciatura Intercultural Ind\u00edgena do Campus Binacional do Oiapoque. A coordena\u00e7\u00e3o est\u00e1 sob responsabilidade do Departamento de Processos Seletivos e Concursos (DEPSEC) em conjunto com a Comiss\u00e3o de Operacionaliza\u00e7\u00e3o de Processos Seletivos (COPS), conforme regulamenta\u00e7\u00e3o vigente.<\/p><p>As vagas oferecidas por pelo edital s\u00e3o destinadas ao ingresso de ind\u00edgenas no referido curso em 2024.<\/p><h3 class=\"text-justify\"><strong>Provas<br \/><\/strong><\/h3><p><strong>Onde ser\u00e3o realizadas as provas?<\/strong><\/p><p>As provas do PS-CLII ser\u00e3o realizadas em locais que ser\u00e3o divulgados posteriormente pela COPS, de acordo com o cronograma estabelecido no Anexo I do regulamento. \u00c9 importante que os candidatos acompanhem as informa\u00e7\u00f5es fornecidas pela COPS para saber os locais exatos das provas.<\/p><p>Lembre-se de que essas informa\u00e7\u00f5es est\u00e3o sujeitas a altera\u00e7\u00f5es, e os candidatos devem ficar atentos \u00e0s comunica\u00e7\u00f5es oficiais para garantir que compare\u00e7am aos locais corretos e nas datas especificadas.<\/p>\t\t\t\t\t\t\t\t<\/div>\n\t\t\t\t<\/div>\n\t\t\t\t\t<\/div>\n\t\t<\/div>\n\t\t\t\t\t<\/div>\n\t\t<\/section>\n\t\t\t\t<section class=\"elementor-section elementor-top-section elementor-element elementor-element-87c4178 elementor-section-boxed elementor-section-height-default elementor-section-height-default\" data-id=\"87c4178\" data-element_type=\"section\" data-e-type=\"section\">\n\t\t\t\t\t\t<div class=\"elementor-container elementor-column-gap-default\">\n\t\t\t\t\t<div class=\"elementor-column elementor-col-100 elementor-top-column elementor-element elementor-element-7ec6db3\" data-id=\"7ec6db3\" data-element_type=\"column\" data-e-type=\"column\">\n\t\t\t<div class=\"elementor-widget-wrap elementor-element-populated\">\n\t\t\t\t\t\t<div class=\"elementor-element elementor-element-adfc4cb elementor-tabs-view-vertical elementor-widget elementor-widget-tabs\" data-id=\"adfc4cb\" data-element_type=\"widget\" data-e-type=\"widget\" data-widget_type=\"tabs.default\">\n\t\t\t\t<div class=\"elementor-widget-container\">\n\t\t\t\t\t\t\t<div class=\"elementor-tabs\">\n\t\t\t<div class=\"elementor-tabs-wrapper\" role=\"tablist\" >\n\t\t\t\t\t\t\t\t\t<div id=\"elementor-tab-title-1821\" class=\"elementor-tab-title elementor-tab-desktop-title\" aria-selected=\"true\" data-tab=\"1\" role=\"tab\" tabindex=\"0\" aria-controls=\"elementor-tab-content-1821\" aria-expanded=\"false\">DOCUMENTOS \/EDTAIS<\/div>\n\t\t\t\t\t\t\t\t\t<div id=\"elementor-tab-title-1822\" class=\"elementor-tab-title elementor-tab-desktop-title\" aria-selected=\"false\" data-tab=\"2\" role=\"tab\" tabindex=\"-1\" aria-controls=\"elementor-tab-content-1822\" aria-expanded=\"false\">LISTA<\/div>\n\t\t\t\t\t\t\t\t\t<div id=\"elementor-tab-title-1823\" class=\"elementor-tab-title elementor-tab-desktop-title\" aria-selected=\"false\" data-tab=\"3\" role=\"tab\" tabindex=\"-1\" aria-controls=\"elementor-tab-content-1823\" aria-expanded=\"false\">PROVAS<\/div>\n\t\t\t\t\t\t\t\t\t<div id=\"elementor-tab-title-1824\" class=\"elementor-tab-title elementor-tab-desktop-title\" aria-selected=\"false\" data-tab=\"4\" role=\"tab\" tabindex=\"-1\" aria-controls=\"elementor-tab-content-1824\" aria-expanded=\"false\">Lista provisoria <\/div>\n\t\t\t\t\t\t\t<\/div>\n\t\t\t<div class=\"elementor-tabs-content-wrapper\" role=\"tablist\" aria-orientation=\"vertical\">\n\t\t\t\t\t\t\t\t\t<div class=\"elementor-tab-title elementor-tab-mobile-title\" aria-selected=\"true\" data-tab=\"1\" role=\"tab\" tabindex=\"0\" aria-controls=\"elementor-tab-content-1821\" aria-expanded=\"false\">DOCUMENTOS \/EDTAIS<\/div>\n\t\t\t\t\t<div id=\"elementor-tab-content-1821\" class=\"elementor-tab-content elementor-clearfix\" data-tab=\"1\" role=\"tabpanel\" aria-labelledby=\"elementor-tab-title-1821\" tabindex=\"0\" hidden=\"false\"><p>Vestibular Ind\u00edgena UNIFAP &#8211; Ingresso no Curso de Licenciatura Intercultural Ind\u00edgena<\/p><p><a href=\"https:\/\/www2.unifap.br\/indigena\/psi\/processo-seletivo-2024\/\">inscri\u00e7\u00e3o para psi -2024<\/a><\/p><\/div>\n\t\t\t\t\t\t\t\t\t<div class=\"elementor-tab-title elementor-tab-mobile-title\" aria-selected=\"false\" data-tab=\"2\" role=\"tab\" tabindex=\"-1\" aria-controls=\"elementor-tab-content-1822\" aria-expanded=\"false\">LISTA<\/div>\n\t\t\t\t\t<div id=\"elementor-tab-content-1822\" class=\"elementor-tab-content elementor-clearfix\" data-tab=\"2\" role=\"tabpanel\" aria-labelledby=\"elementor-tab-title-1822\" tabindex=\"0\" hidden=\"hidden\"><p>Em breve lan\u00e7aremos a lista<\/p><\/div>\n\t\t\t\t\t\t\t\t\t<div class=\"elementor-tab-title elementor-tab-mobile-title\" aria-selected=\"false\" data-tab=\"3\" role=\"tab\" tabindex=\"-1\" aria-controls=\"elementor-tab-content-1823\" aria-expanded=\"false\">PROVAS<\/div>\n\t\t\t\t\t<div id=\"elementor-tab-content-1823\" class=\"elementor-tab-content elementor-clearfix\" data-tab=\"3\" role=\"tabpanel\" aria-labelledby=\"elementor-tab-title-1823\" tabindex=\"0\" hidden=\"hidden\"><p>Em breve lan\u00e7aremos os provados\u00a0<\/p><\/div>\n\t\t\t\t\t\t\t\t\t<div class=\"elementor-tab-title elementor-tab-mobile-title\" aria-selected=\"false\" data-tab=\"4\" role=\"tab\" tabindex=\"-1\" aria-controls=\"elementor-tab-content-1824\" aria-expanded=\"false\">Lista provisoria <\/div>\n\t\t\t\t\t<div id=\"elementor-tab-content-1824\" class=\"elementor-tab-content elementor-clearfix\" data-tab=\"4\" role=\"tabpanel\" aria-labelledby=\"elementor-tab-title-1824\" tabindex=\"0\" hidden=\"hidden\"><p><a href=\"https:\/\/depsec.unifap.br\/concursos\/processos\/652f0405f455da12f5048bd3\">Lista<\/a><\/p><\/div>\n\t\t\t\t\t\t\t<\/div>\n\t\t<\/div>\n\t\t\t\t\t\t<\/div>\n\t\t\t\t<\/div>\n\t\t\t\t\t<\/div>\n\t\t<\/div>\n\t\t\t\t\t<\/div>\n\t\t<\/section>\n\t\t\t\t<section class=\"elementor-section elementor-top-section elementor-element elementor-element-ad1897b elementor-section-boxed elementor-section-height-default elementor-section-height-default\" data-id=\"ad1897b\" data-element_type=\"section\" data-e-type=\"section\">\n\t\t\t\t\t\t<div class=\"elementor-container elementor-column-gap-default\">\n\t\t\t\t\t<div class=\"elementor-column elementor-col-100 elementor-top-column elementor-element elementor-element-2e623d9\" data-id=\"2e623d9\" data-element_type=\"column\" data-e-type=\"column\">\n\t\t\t<div class=\"elementor-widget-wrap elementor-element-populated\">\n\t\t\t\t\t\t<div class=\"elementor-element elementor-element-37ca766 elementor-widget elementor-widget-heading\" data-id=\"37ca766\" data-element_type=\"widget\" data-e-type=\"widget\" data-widget_type=\"heading.default\">\n\t\t\t\t<div class=\"elementor-widget-container\">\n\t\t\t\t\t<h2 class=\"elementor-heading-title elementor-size-default\">NOT\u00cdCIAS<\/h2>\t\t\t\t<\/div>\n\t\t\t\t<\/div>\n\t\t\t\t<div class=\"elementor-element elementor-element-b9dcf5b elementor-widget elementor-widget-naevents_basic_slider\" data-id=\"b9dcf5b\" data-element_type=\"widget\" data-e-type=\"widget\" data-widget_type=\"naevents_basic_slider.default\">\n\t\t\t\t<div class=\"elementor-widget-container\">\n\t\t\t\t\t<div class=\"swiper naeep-swiper-slide swiper-slides swiper-keyboard\" data-loop=\"true\" data-swiper-autoplay=\"false\" data-speed=\"1\" data-clickpage=\"\" data-effect=\"slide\" data-mousedrag=\"true\" data-swiper=\"container\">\n  <div class=\"swiper-wrapper\">\n\n    \t\t\t\t\t<div class=\"swiper-slide naeep-banner naeep-overlay\" style=\"background-image: url();\" data-swiper-autoplay=\"5000\">\n\t          <div class=\"naeep-table-wrap\">\n\t\t\t        <div class=\"naeep-align-wrap\">\n\t\t\t          <div class=\"banner-container\">\n\t\t\t          \t<div class=\"col-na-row align-items-center\">\n\t\t\t          \t\t<div class=\"col-na-12\">\n\t\t\t\t\t            <div class=\"banner-caption left-align\">\n\t\t\t\t\t            \t <h1 class=\"banner-title animated\" data-animation=\"slideInLeft\">Chamando dos Povos wajapi para inscri\u00e7\u00f5es do PSI-2024<\/h1><div class=\"naeep-btn-wrap animated\" data-animation=\"fadeInDown\"><a href=\"https:\/\/studio.youtube.com\/video\/4KpdJz3j72c\" target=\"_blank\"  class=\"btn-one naeep-btn  default-btn\">Assista o v\u00eddeo <\/a><\/div>\t\t\t\t            \t<\/div>\n\t\t\t            \t<\/div>\n\t\t\t            \t\t\t\t          \t<\/div>\n\t\t\t          <\/div>\n\t\t\t        <\/div>\n\t\t\t      <\/div>\n\t        <\/div>\n\t\t\t\t\t\t\t\t\t<div class=\"swiper-slide naeep-banner naeep-overlay\" style=\"background-image: url();\" data-swiper-autoplay=\"5000\">\n\t          <div class=\"naeep-table-wrap\">\n\t\t\t        <div class=\"naeep-align-wrap\">\n\t\t\t          <div class=\"banner-container\">\n\t\t\t          \t<div class=\"col-na-row align-items-center\">\n\t\t\t          \t\t<div class=\"col-na-12\">\n\t\t\t\t\t            <div class=\"banner-caption left-align\">\n\t\t\t\t\t            \t <h1 class=\"banner-title animated\" data-animation=\"slideInLeft\">Chamado dos Karipuna para PSI, lideran\u00e7a da aldeia Curipi<\/h1><div class=\"naeep-btn-wrap animated\" data-animation=\"fadeInDown\"><a href=\"https:\/\/youtube.com\/shorts\/jJvVkglSv4Y\" target=\"_blank\"  class=\"btn-one naeep-btn  default-btn\">Assista o Video <\/a><\/div>\t\t\t\t            \t<\/div>\n\t\t\t            \t<\/div>\n\t\t\t            \t\t\t\t          \t<\/div>\n\t\t\t          <\/div>\n\t\t\t        <\/div>\n\t\t\t      <\/div>\n\t        <\/div>\n\t\t\t\t\t\t\t\t\t<div class=\"swiper-slide naeep-banner naeep-overlay\" style=\"background-image: url();\" data-swiper-autoplay=\"5000\">\n\t          <div class=\"naeep-table-wrap\">\n\t\t\t        <div class=\"naeep-align-wrap\">\n\t\t\t          <div class=\"banner-container\">\n\t\t\t          \t<div class=\"col-na-row align-items-center\">\n\t\t\t          \t\t<div class=\"col-na-12\">\n\t\t\t\t\t            <div class=\"banner-caption left-align\">\n\t\t\t\t\t            \t <h1 class=\"banner-title animated\" data-animation=\"slideInLeft\">Chamado dos Galibi  Marworno da aldeia Tukay<\/h1><div class=\"naeep-btn-wrap animated\" data-animation=\"fadeInDown\"><a href=\"https:\/\/youtube.com\/shorts\/HYEn4WT_v2g\" target=\"_blank\"  class=\"btn-one naeep-btn  default-btn\">Assita o v\u00eddeo <\/a><\/div>\t\t\t\t            \t<\/div>\n\t\t\t            \t<\/div>\n\t\t\t            \t\t\t\t          \t<\/div>\n\t\t\t          <\/div>\n\t\t\t        <\/div>\n\t\t\t      <\/div>\n\t        <\/div>\n\t\t\t\t\t\t<\/div>\n\t\t\t\t\t<div class=\"swiper-button-prev\"><\/div>\n      <div class=\"swiper-button-next\"><\/div>\n        <\/div>\n\t\t\t\t\t\t<\/div>\n\t\t\t\t<\/div>\n\t\t\t\t\t<\/div>\n\t\t<\/div>\n\t\t\t\t\t<\/div>\n\t\t<\/section>\n\t\t\t\t<\/div>\n\t\t","protected":false},"excerpt":{"rendered":"<p>Vestibular Ind\u00edgena Vagas para estudantes ind\u00edgenas de escola p\u00fablica. A sele\u00e7\u00e3o vale para vagas na\u00a0Unifap INSCRI\u00c7\u00d5ES GRATUITAS EM NOVEMBRO! Vestibular Ind\u00edgena UNIFAP &#8211; Ingresso no Curso de Licenciatura Intercultural Ind\u00edgena Como \u00e9 a inscri\u00e7\u00e3o? A inscri\u00e7\u00e3o para o Vestibular Ind\u00edgena ser\u00e1 realizada via internet, no endere\u00e7o eletr\u00f4nico depsec.unifap.br\/concursos. \u00c9 essencial que o candidato preencha corretamente&#8230;<\/p>\n","protected":false},"author":527,"featured_media":0,"parent":0,"menu_order":0,"comment_status":"closed","ping_status":"closed","template":"elementor_theme","meta":{"inline_featured_image":false,"ngg_post_thumbnail":0,"footnotes":""},"class_list":["post-2304","page","type-page","status-publish","hentry","entry"],"_links":{"self":[{"href":"https:\/\/www2.unifap.br\/indigena\/wp-json\/wp\/v2\/pages\/2304","targetHints":{"allow":["GET"]}}],"collection":[{"href":"https:\/\/www2.unifap.br\/indigena\/wp-json\/wp\/v2\/pages"}],"about":[{"href":"https:\/\/www2.unifap.br\/indigena\/wp-json\/wp\/v2\/types\/page"}],"author":[{"embeddable":true,"href":"https:\/\/www2.unifap.br\/indigena\/wp-json\/wp\/v2\/users\/527"}],"replies":[{"embeddable":true,"href":"https:\/\/www2.unifap.br\/indigena\/wp-json\/wp\/v2\/comments?post=2304"}],"version-history":[{"count":172,"href":"https:\/\/www2.unifap.br\/indigena\/wp-json\/wp\/v2\/pages\/2304\/revisions"}],"predecessor-version":[{"id":2800,"href":"https:\/\/www2.unifap.br\/indigena\/wp-json\/wp\/v2\/pages\/2304\/revisions\/2800"}],"wp:attachment":[{"href":"https:\/\/www2.unifap.br\/indigena\/wp-json\/wp\/v2\/media?parent=2304"}],"curies":[{"name":"wp","href":"https:\/\/api.w.org\/{rel}","templated":true}]}}