{"id":2507,"date":"2023-10-19T14:02:31","date_gmt":"2023-10-19T14:02:31","guid":{"rendered":"https:\/\/www2.unifap.br\/indigena\/?page_id=2507"},"modified":"2023-12-18T00:57:42","modified_gmt":"2023-12-18T00:57:42","slug":"processo-seletivo-2024","status":"publish","type":"page","link":"https:\/\/www2.unifap.br\/indigena\/psi\/processo-seletivo-2024\/","title":{"rendered":"Processo Seletivo &#8211; 2024"},"content":{"rendered":"\t\t<div data-elementor-type=\"wp-page\" data-elementor-id=\"2507\" class=\"elementor elementor-2507\">\n\t\t\t\t\t\t<section class=\"elementor-section elementor-top-section elementor-element elementor-element-49b3c58 elementor-section-boxed elementor-section-height-default elementor-section-height-default\" data-id=\"49b3c58\" data-element_type=\"section\" data-e-type=\"section\">\n\t\t\t\t\t\t<div class=\"elementor-container elementor-column-gap-default\">\n\t\t\t\t\t<div class=\"elementor-column elementor-col-100 elementor-top-column elementor-element elementor-element-a6c1a59\" data-id=\"a6c1a59\" data-element_type=\"column\" data-e-type=\"column\">\n\t\t\t<div class=\"elementor-widget-wrap elementor-element-populated\">\n\t\t\t\t\t\t<div class=\"elementor-element elementor-element-ef335a8 elementor-widget elementor-widget-text-editor\" data-id=\"ef335a8\" data-element_type=\"widget\" data-e-type=\"widget\" data-widget_type=\"text-editor.default\">\n\t\t\t\t<div class=\"elementor-widget-container\">\n\t\t\t\t\t\t\t\t\t<p>O PS-CLII \u00e9 destinado ao ingresso de ind\u00edgenas no Curso de Licenciatura Intercultural Ind\u00edgena do Campus Binacional do Oiapoque. A coordena\u00e7\u00e3o est\u00e1 sob responsabilidade do Departamento de Processos Seletivos e Concursos (DEPSEC) em conjunto com a Comiss\u00e3o de Operacionaliza\u00e7\u00e3o de Processos Seletivos (COPS), conforme regulamenta\u00e7\u00e3o vigente.<\/p><p>As vagas oferecidas por pelo edital s\u00e3o destinadas ao ingresso de ind\u00edgenas no referido curso em 2024.<\/p>\t\t\t\t\t\t\t\t<\/div>\n\t\t\t\t<\/div>\n\t\t\t\t<div class=\"elementor-element elementor-element-bc37655 elementor-widget elementor-widget-naevents_unique_schedule_list\" data-id=\"bc37655\" data-element_type=\"widget\" data-e-type=\"widget\" data-widget_type=\"naevents_unique_schedule_list.default\">\n\t\t\t\t<div class=\"elementor-widget-container\">\n\t\t\t\t\t<div class=\"naeep-schedule-wrap\"><div class=\"naeep-schedule-list\">\n\t\t\t\t  \t\t\t\t\t\t\t<span class=\"day-time\">17\/10\/2023 \u00e0s 19:03<\/span>\n\t\t\t\t  \t\t\t\t\t\t\t<div class=\"col-na-row align-items-center\">\n\t\t\t\t\t  \t\t\t\t\t\t\t<div class=\"col-na-2\"><div class=\"schedule-image\"><\/div><\/div>\n\t\t\t\t\t  \t\t\t\t\t\t\t<div class=\"col-na-10\"><div class=\"schedule-content\">\n\t\t\t\t\t  \t\t\t\t\t\t\t<ul><li><i class=\"far fa-clock\"><\/i> 08:00<\/li><li><i class=\"far fa-file-pdf\"><\/i> <a href=\"https:\/\/depsec.unifap.br\/concursos\/processos\/652f0405f455da12f5048bd3\"  >Edital de abertura<\/a><\/li><\/ul>\n\t\t\t\t\t  \t\t\t\t\t\t\t<h3><a href=\"https:\/\/depsec.unifap.br\/concursos\/processos\/652f0405f455da12f5048bd3\"  >edital <\/a><\/h3><p>Publica\u00e7a\u00f5 do edital de abertura do PSI<\/p><\/div><\/div>\n\t\t\t\t  \t\t\t\t\t\t\t<\/div>\n\t\t\t\t\t\t\t\t\t    <\/div><\/div>\t\t\t\t<\/div>\n\t\t\t\t<\/div>\n\t\t\t\t\t<\/div>\n\t\t<\/div>\n\t\t\t\t\t<\/div>\n\t\t<\/section>\n\t\t\t\t<\/div>\n\t\t","protected":false},"excerpt":{"rendered":"<p>O PS-CLII \u00e9 destinado ao ingresso de ind\u00edgenas no Curso de Licenciatura Intercultural Ind\u00edgena do Campus Binacional do Oiapoque. A coordena\u00e7\u00e3o est\u00e1 sob responsabilidade do Departamento de Processos Seletivos e Concursos (DEPSEC) em conjunto com a Comiss\u00e3o de Operacionaliza\u00e7\u00e3o de Processos Seletivos (COPS), conforme regulamenta\u00e7\u00e3o vigente. As vagas oferecidas por pelo edital s\u00e3o destinadas ao&#8230;<\/p>\n","protected":false},"author":527,"featured_media":0,"parent":1516,"menu_order":0,"comment_status":"closed","ping_status":"closed","template":"","meta":{"inline_featured_image":false,"ngg_post_thumbnail":0,"footnotes":""},"class_list":["post-2507","page","type-page","status-publish","hentry","entry"],"_links":{"self":[{"href":"https:\/\/www2.unifap.br\/indigena\/wp-json\/wp\/v2\/pages\/2507","targetHints":{"allow":["GET"]}}],"collection":[{"href":"https:\/\/www2.unifap.br\/indigena\/wp-json\/wp\/v2\/pages"}],"about":[{"href":"https:\/\/www2.unifap.br\/indigena\/wp-json\/wp\/v2\/types\/page"}],"author":[{"embeddable":true,"href":"https:\/\/www2.unifap.br\/indigena\/wp-json\/wp\/v2\/users\/527"}],"replies":[{"embeddable":true,"href":"https:\/\/www2.unifap.br\/indigena\/wp-json\/wp\/v2\/comments?post=2507"}],"version-history":[{"count":23,"href":"https:\/\/www2.unifap.br\/indigena\/wp-json\/wp\/v2\/pages\/2507\/revisions"}],"predecessor-version":[{"id":2795,"href":"https:\/\/www2.unifap.br\/indigena\/wp-json\/wp\/v2\/pages\/2507\/revisions\/2795"}],"up":[{"embeddable":true,"href":"https:\/\/www2.unifap.br\/indigena\/wp-json\/wp\/v2\/pages\/1516"}],"wp:attachment":[{"href":"https:\/\/www2.unifap.br\/indigena\/wp-json\/wp\/v2\/media?parent=2507"}],"curies":[{"name":"wp","href":"https:\/\/api.w.org\/{rel}","templated":true}]}}