{"id":3229,"date":"2024-12-20T14:05:02","date_gmt":"2024-12-20T14:05:02","guid":{"rendered":"https:\/\/www2.unifap.br\/indigena\/?page_id=3229"},"modified":"2025-02-07T18:17:41","modified_gmt":"2025-02-07T18:17:41","slug":"laboratorios","status":"publish","type":"page","link":"https:\/\/www2.unifap.br\/indigena\/laboratorios\/","title":{"rendered":"laboratorios"},"content":{"rendered":"\t\t<div data-elementor-type=\"wp-page\" data-elementor-id=\"3229\" class=\"elementor elementor-3229\">\n\t\t\t\t\t\t<section class=\"elementor-section elementor-top-section elementor-element elementor-element-529be28 elementor-section-boxed elementor-section-height-default elementor-section-height-default\" data-id=\"529be28\" data-element_type=\"section\" data-e-type=\"section\">\n\t\t\t\t\t\t<div class=\"elementor-container elementor-column-gap-default\">\n\t\t\t\t\t<div class=\"elementor-column elementor-col-100 elementor-top-column elementor-element elementor-element-4f50c35\" data-id=\"4f50c35\" data-element_type=\"column\" data-e-type=\"column\">\n\t\t\t<div class=\"elementor-widget-wrap elementor-element-populated\">\n\t\t\t\t\t\t<div class=\"elementor-element elementor-element-3315ad6 elementor-widget elementor-widget-text-editor\" data-id=\"3315ad6\" data-element_type=\"widget\" data-e-type=\"widget\" data-widget_type=\"text-editor.default\">\n\t\t\t\t<div class=\"elementor-widget-container\">\n\t\t\t\t\t\t\t\t\t<p>O CLII possui apenas um Laborat\u00f3rio de Curso (LABCLIN) que se destina \u00e0s atividades desenvolvidas no \u00e2mbito do ensino, pesquisa e extens\u00e3o e que envolvem docentes e discentes do Curso. O laborat\u00f3rio do curso funciona como um espa\u00e7o multifuncional destinado a enriquecer a experi\u00eancia dos estudantes, promovendo tanto o desenvolvimento acad\u00eamico quanto o cultural. O funcionamento do Laborat\u00f3rio \u00e9 normatizado pelo Regulamento do Laborat\u00f3rio do Curso.<\/p>\t\t\t\t\t\t\t\t<\/div>\n\t\t\t\t<\/div>\n\t\t\t\t<div class=\"elementor-element elementor-element-0a6588b elementor-widget elementor-widget-text-editor\" data-id=\"0a6588b\" data-element_type=\"widget\" data-e-type=\"widget\" data-widget_type=\"text-editor.default\">\n\t\t\t\t<div class=\"elementor-widget-container\">\n\t\t\t\t\t\t\t\t\t<p>Lorem ipsum dolor sit amet, consectetur adipiscing elit. Ut elit tellus, luctus nec ullamcorper mattis, pulvinar dapibus leo.<\/p>\t\t\t\t\t\t\t\t<\/div>\n\t\t\t\t<\/div>\n\t\t\t\t<div class=\"elementor-element elementor-element-c00a63f elementor-widget elementor-widget-image-gallery\" data-id=\"c00a63f\" data-element_type=\"widget\" data-e-type=\"widget\" data-widget_type=\"image-gallery.default\">\n\t\t\t\t<div class=\"elementor-widget-container\">\n\t\t\t\t\t\t\t<div class=\"elementor-image-gallery\">\n\t\t\t<div id='gallery-1' class='gallery galleryid-3229 gallery-columns-2 gallery-size-large'><figure class='gallery-item'>\n\t\t\t<div class='gallery-icon portrait'>\n\t\t\t\t<a data-elementor-open-lightbox=\"yes\" data-elementor-lightbox-slideshow=\"c00a63f\" data-elementor-lightbox-title=\"alunos no lab indigenajpeg-3\" data-e-action-hash=\"#elementor-action%3Aaction%3Dlightbox%26settings%3DeyJpZCI6MzI0MCwidXJsIjoiaHR0cHM6XC9cL3d3dzIudW5pZmFwLmJyXC9pbmRpZ2VuYVwvZmlsZXNcLzIwMjRcLzEyXC9hbHVub3Mtbm8tbGFiLWluZGlnZW5hanBlZy0zLTEuanBlZyIsInNsaWRlc2hvdyI6ImMwMGE2M2YifQ%3D%3D\" href='https:\/\/www2.unifap.br\/indigena\/files\/2024\/12\/alunos-no-lab-indigenajpeg-3-1.jpeg'><img fetchpriority=\"high\" decoding=\"async\" width=\"768\" height=\"1024\" src=\"https:\/\/www2.unifap.br\/indigena\/files\/2024\/12\/alunos-no-lab-indigenajpeg-3-1-768x1024.jpeg\" class=\"attachment-large size-large\" alt=\"\" srcset=\"https:\/\/www2.unifap.br\/indigena\/files\/2024\/12\/alunos-no-lab-indigenajpeg-3-1-768x1024.jpeg 768w, https:\/\/www2.unifap.br\/indigena\/files\/2024\/12\/alunos-no-lab-indigenajpeg-3-1-225x300.jpeg 225w, https:\/\/www2.unifap.br\/indigena\/files\/2024\/12\/alunos-no-lab-indigenajpeg-3-1-1152x1536.jpeg 1152w, https:\/\/www2.unifap.br\/indigena\/files\/2024\/12\/alunos-no-lab-indigenajpeg-3-1.jpeg 1200w\" sizes=\"(max-width: 768px) 100vw, 768px\" \/><\/a>\n\t\t\t<\/div><\/figure><figure class='gallery-item'>\n\t\t\t<div class='gallery-icon landscape'>\n\t\t\t\t<a data-elementor-open-lightbox=\"yes\" data-elementor-lightbox-slideshow=\"c00a63f\" data-elementor-lightbox-title=\"alunos no lab indigenajpeg\" data-e-action-hash=\"#elementor-action%3Aaction%3Dlightbox%26settings%3DeyJpZCI6MzIzOSwidXJsIjoiaHR0cHM6XC9cL3d3dzIudW5pZmFwLmJyXC9pbmRpZ2VuYVwvZmlsZXNcLzIwMjRcLzEyXC9hbHVub3Mtbm8tbGFiLWluZGlnZW5hanBlZy5qcGVnIiwic2xpZGVzaG93IjoiYzAwYTYzZiJ9\" href='https:\/\/www2.unifap.br\/indigena\/files\/2024\/12\/alunos-no-lab-indigenajpeg.jpeg'><img decoding=\"async\" width=\"1024\" height=\"768\" src=\"https:\/\/www2.unifap.br\/indigena\/files\/2024\/12\/alunos-no-lab-indigenajpeg-1024x768.jpeg\" class=\"attachment-large size-large\" alt=\"\" srcset=\"https:\/\/www2.unifap.br\/indigena\/files\/2024\/12\/alunos-no-lab-indigenajpeg-1024x768.jpeg 1024w, https:\/\/www2.unifap.br\/indigena\/files\/2024\/12\/alunos-no-lab-indigenajpeg-300x225.jpeg 300w, https:\/\/www2.unifap.br\/indigena\/files\/2024\/12\/alunos-no-lab-indigenajpeg-768x576.jpeg 768w, https:\/\/www2.unifap.br\/indigena\/files\/2024\/12\/alunos-no-lab-indigenajpeg-1536x1152.jpeg 1536w, https:\/\/www2.unifap.br\/indigena\/files\/2024\/12\/alunos-no-lab-indigenajpeg.jpeg 1600w\" sizes=\"(max-width: 1024px) 100vw, 1024px\" \/><\/a>\n\t\t\t<\/div><\/figure><figure class='gallery-item'>\n\t\t\t<div class='gallery-icon landscape'>\n\t\t\t\t<a data-elementor-open-lightbox=\"yes\" data-elementor-lightbox-slideshow=\"c00a63f\" data-elementor-lightbox-title=\"alunos no lab indigenajpeg-1\" data-e-action-hash=\"#elementor-action%3Aaction%3Dlightbox%26settings%3DeyJpZCI6MzIzOCwidXJsIjoiaHR0cHM6XC9cL3d3dzIudW5pZmFwLmJyXC9pbmRpZ2VuYVwvZmlsZXNcLzIwMjRcLzEyXC9hbHVub3Mtbm8tbGFiLWluZGlnZW5hanBlZy0xLmpwZWciLCJzbGlkZXNob3ciOiJjMDBhNjNmIn0%3D\" href='https:\/\/www2.unifap.br\/indigena\/files\/2024\/12\/alunos-no-lab-indigenajpeg-1.jpeg'><img decoding=\"async\" width=\"1024\" height=\"768\" src=\"https:\/\/www2.unifap.br\/indigena\/files\/2024\/12\/alunos-no-lab-indigenajpeg-1-1024x768.jpeg\" class=\"attachment-large size-large\" alt=\"\" srcset=\"https:\/\/www2.unifap.br\/indigena\/files\/2024\/12\/alunos-no-lab-indigenajpeg-1-1024x768.jpeg 1024w, https:\/\/www2.unifap.br\/indigena\/files\/2024\/12\/alunos-no-lab-indigenajpeg-1-300x225.jpeg 300w, https:\/\/www2.unifap.br\/indigena\/files\/2024\/12\/alunos-no-lab-indigenajpeg-1-768x576.jpeg 768w, https:\/\/www2.unifap.br\/indigena\/files\/2024\/12\/alunos-no-lab-indigenajpeg-1-1536x1152.jpeg 1536w, https:\/\/www2.unifap.br\/indigena\/files\/2024\/12\/alunos-no-lab-indigenajpeg-1.jpeg 1600w\" sizes=\"(max-width: 1024px) 100vw, 1024px\" \/><\/a>\n\t\t\t<\/div><\/figure><figure class='gallery-item'>\n\t\t\t<div class='gallery-icon landscape'>\n\t\t\t\t<a data-elementor-open-lightbox=\"yes\" data-elementor-lightbox-slideshow=\"c00a63f\" data-elementor-lightbox-title=\"alunos no lab indigenajpeg-2\" data-e-action-hash=\"#elementor-action%3Aaction%3Dlightbox%26settings%3DeyJpZCI6MzIzNywidXJsIjoiaHR0cHM6XC9cL3d3dzIudW5pZmFwLmJyXC9pbmRpZ2VuYVwvZmlsZXNcLzIwMjRcLzEyXC9hbHVub3Mtbm8tbGFiLWluZGlnZW5hanBlZy0yLTEuanBlZyIsInNsaWRlc2hvdyI6ImMwMGE2M2YifQ%3D%3D\" href='https:\/\/www2.unifap.br\/indigena\/files\/2024\/12\/alunos-no-lab-indigenajpeg-2-1.jpeg'><img loading=\"lazy\" decoding=\"async\" width=\"1024\" height=\"768\" src=\"https:\/\/www2.unifap.br\/indigena\/files\/2024\/12\/alunos-no-lab-indigenajpeg-2-1-1024x768.jpeg\" class=\"attachment-large size-large\" alt=\"\" srcset=\"https:\/\/www2.unifap.br\/indigena\/files\/2024\/12\/alunos-no-lab-indigenajpeg-2-1-1024x768.jpeg 1024w, https:\/\/www2.unifap.br\/indigena\/files\/2024\/12\/alunos-no-lab-indigenajpeg-2-1-300x225.jpeg 300w, https:\/\/www2.unifap.br\/indigena\/files\/2024\/12\/alunos-no-lab-indigenajpeg-2-1-768x576.jpeg 768w, https:\/\/www2.unifap.br\/indigena\/files\/2024\/12\/alunos-no-lab-indigenajpeg-2-1-1536x1152.jpeg 1536w, https:\/\/www2.unifap.br\/indigena\/files\/2024\/12\/alunos-no-lab-indigenajpeg-2-1.jpeg 1600w\" sizes=\"(max-width: 1024px) 100vw, 1024px\" \/><\/a>\n\t\t\t<\/div><\/figure>\n\t\t<\/div>\n\t\t<\/div>\n\t\t\t\t\t\t<\/div>\n\t\t\t\t<\/div>\n\t\t\t\t<section class=\"elementor-section elementor-inner-section elementor-element elementor-element-1a7a8ae elementor-section-boxed elementor-section-height-default elementor-section-height-default\" data-id=\"1a7a8ae\" data-element_type=\"section\" data-e-type=\"section\">\n\t\t\t\t\t\t<div class=\"elementor-container elementor-column-gap-default\">\n\t\t\t\t\t<div class=\"elementor-column elementor-col-50 elementor-inner-column elementor-element elementor-element-c7c8092\" data-id=\"c7c8092\" data-element_type=\"column\" data-e-type=\"column\">\n\t\t\t<div class=\"elementor-widget-wrap elementor-element-populated\">\n\t\t\t\t\t\t<div class=\"elementor-element elementor-element-e5f54f6 elementor-align-justify elementor-widget elementor-widget-button\" data-id=\"e5f54f6\" data-element_type=\"widget\" data-e-type=\"widget\" data-widget_type=\"button.default\">\n\t\t\t\t<div class=\"elementor-widget-container\">\n\t\t\t\t\t\t\t\t\t<div class=\"elementor-button-wrapper\">\n\t\t\t\t\t<a class=\"elementor-button elementor-button-link elementor-size-sm\" href=\"https:\/\/www2.unifap.br\/indigena\/agenda-laboratorio\/\">\n\t\t\t\t\t\t<span class=\"elementor-button-content-wrapper\">\n\t\t\t\t\t\t\t\t\t<span class=\"elementor-button-text\">AGENDAMENTO DO LABORAT\u00d3RIO <\/span>\n\t\t\t\t\t<\/span>\n\t\t\t\t\t<\/a>\n\t\t\t\t<\/div>\n\t\t\t\t\t\t\t\t<\/div>\n\t\t\t\t<\/div>\n\t\t\t\t\t<\/div>\n\t\t<\/div>\n\t\t\t\t<div class=\"elementor-column elementor-col-50 elementor-inner-column elementor-element elementor-element-43de971\" data-id=\"43de971\" data-element_type=\"column\" data-e-type=\"column\">\n\t\t\t<div class=\"elementor-widget-wrap elementor-element-populated\">\n\t\t\t\t\t\t<div class=\"elementor-element elementor-element-604f899 elementor-widget elementor-widget-button\" data-id=\"604f899\" data-element_type=\"widget\" data-e-type=\"widget\" data-widget_type=\"button.default\">\n\t\t\t\t<div class=\"elementor-widget-container\">\n\t\t\t\t\t\t\t\t\t<div class=\"elementor-button-wrapper\">\n\t\t\t\t\t<a class=\"elementor-button elementor-button-link elementor-size-sm\" href=\"https:\/\/drive.google.com\/file\/d\/1FhDOrpMw_ZNhAXE5HCRNU3IlFeU_OUZY\/view?usp=sharing\">\n\t\t\t\t\t\t<span class=\"elementor-button-content-wrapper\">\n\t\t\t\t\t\t\t\t\t<span class=\"elementor-button-text\">NORMAS DE FUNCIONAMENTO E UTILIZA\u00c7\u00c3O DOS  LABORAT\u00d3RIOS<\/span>\n\t\t\t\t\t<\/span>\n\t\t\t\t\t<\/a>\n\t\t\t\t<\/div>\n\t\t\t\t\t\t\t\t<\/div>\n\t\t\t\t<\/div>\n\t\t\t\t\t<\/div>\n\t\t<\/div>\n\t\t\t\t\t<\/div>\n\t\t<\/section>\n\t\t\t\t\t<\/div>\n\t\t<\/div>\n\t\t\t\t\t<\/div>\n\t\t<\/section>\n\t\t\t\t<\/div>\n\t\t","protected":false},"excerpt":{"rendered":"<p>O CLII possui apenas um Laborat\u00f3rio de Curso (LABCLIN) que se destina \u00e0s atividades desenvolvidas no \u00e2mbito do ensino, pesquisa e extens\u00e3o e que envolvem docentes e discentes do Curso. O laborat\u00f3rio do curso funciona como um espa\u00e7o multifuncional destinado a enriquecer a experi\u00eancia dos estudantes, promovendo tanto o desenvolvimento acad\u00eamico quanto o cultural. O&#8230;<\/p>\n","protected":false},"author":527,"featured_media":0,"parent":0,"menu_order":0,"comment_status":"closed","ping_status":"closed","template":"","meta":{"inline_featured_image":false,"ngg_post_thumbnail":0,"footnotes":""},"class_list":["post-3229","page","type-page","status-publish","hentry","entry"],"_links":{"self":[{"href":"https:\/\/www2.unifap.br\/indigena\/wp-json\/wp\/v2\/pages\/3229","targetHints":{"allow":["GET"]}}],"collection":[{"href":"https:\/\/www2.unifap.br\/indigena\/wp-json\/wp\/v2\/pages"}],"about":[{"href":"https:\/\/www2.unifap.br\/indigena\/wp-json\/wp\/v2\/types\/page"}],"author":[{"embeddable":true,"href":"https:\/\/www2.unifap.br\/indigena\/wp-json\/wp\/v2\/users\/527"}],"replies":[{"embeddable":true,"href":"https:\/\/www2.unifap.br\/indigena\/wp-json\/wp\/v2\/comments?post=3229"}],"version-history":[{"count":16,"href":"https:\/\/www2.unifap.br\/indigena\/wp-json\/wp\/v2\/pages\/3229\/revisions"}],"predecessor-version":[{"id":3856,"href":"https:\/\/www2.unifap.br\/indigena\/wp-json\/wp\/v2\/pages\/3229\/revisions\/3856"}],"wp:attachment":[{"href":"https:\/\/www2.unifap.br\/indigena\/wp-json\/wp\/v2\/media?parent=3229"}],"curies":[{"name":"wp","href":"https:\/\/api.w.org\/{rel}","templated":true}]}}