{"id":3574,"date":"2025-01-30T20:06:33","date_gmt":"2025-01-30T20:06:33","guid":{"rendered":"https:\/\/www2.unifap.br\/indigena\/?page_id=3574"},"modified":"2025-02-09T13:54:04","modified_gmt":"2025-02-09T13:54:04","slug":"representante-de-turma","status":"publish","type":"page","link":"https:\/\/www2.unifap.br\/indigena\/representante-de-turma\/","title":{"rendered":"Representante de Turma"},"content":{"rendered":"\t\t<div data-elementor-type=\"wp-page\" data-elementor-id=\"3574\" class=\"elementor elementor-3574\">\n\t\t\t\t\t\t<section class=\"elementor-section elementor-top-section elementor-element elementor-element-b924d06 elementor-section-full_width elementor-section-height-default elementor-section-height-default\" data-id=\"b924d06\" data-element_type=\"section\" data-e-type=\"section\">\n\t\t\t\t\t\t<div class=\"elementor-container elementor-column-gap-default\">\n\t\t\t\t\t<div class=\"elementor-column elementor-col-100 elementor-top-column elementor-element elementor-element-858b6f0\" data-id=\"858b6f0\" data-element_type=\"column\" data-e-type=\"column\">\n\t\t\t<div class=\"elementor-widget-wrap elementor-element-populated\">\n\t\t\t\t\t\t<div class=\"elementor-element elementor-element-fd82d80 elementor-widget elementor-widget-image\" data-id=\"fd82d80\" data-element_type=\"widget\" data-e-type=\"widget\" data-widget_type=\"image.default\">\n\t\t\t\t<div class=\"elementor-widget-container\">\n\t\t\t\t\t\t\t\t\t\t\t\t\t\t\t<img fetchpriority=\"high\" decoding=\"async\" width=\"1024\" height=\"146\" src=\"https:\/\/www2.unifap.br\/indigena\/files\/2025\/01\/clii-capa-1-1024x146.jpg\" class=\"attachment-large size-large wp-image-3591\" alt=\"\" srcset=\"https:\/\/www2.unifap.br\/indigena\/files\/2025\/01\/clii-capa-1-1024x146.jpg 1024w, https:\/\/www2.unifap.br\/indigena\/files\/2025\/01\/clii-capa-1-300x43.jpg 300w, https:\/\/www2.unifap.br\/indigena\/files\/2025\/01\/clii-capa-1-768x110.jpg 768w, https:\/\/www2.unifap.br\/indigena\/files\/2025\/01\/clii-capa-1.jpg 1113w\" sizes=\"(max-width: 1024px) 100vw, 1024px\" \/>\t\t\t\t\t\t\t\t\t\t\t\t\t\t\t<\/div>\n\t\t\t\t<\/div>\n\t\t\t\t\t<\/div>\n\t\t<\/div>\n\t\t\t\t\t<\/div>\n\t\t<\/section>\n\t\t\t\t<section class=\"elementor-section elementor-top-section elementor-element elementor-element-715dff8 elementor-section-boxed elementor-section-height-default elementor-section-height-default\" data-id=\"715dff8\" data-element_type=\"section\" data-e-type=\"section\">\n\t\t\t\t\t\t<div class=\"elementor-container elementor-column-gap-default\">\n\t\t\t\t\t<div class=\"elementor-column elementor-col-100 elementor-top-column elementor-element elementor-element-6cc9f33\" data-id=\"6cc9f33\" data-element_type=\"column\" data-e-type=\"column\">\n\t\t\t<div class=\"elementor-widget-wrap elementor-element-populated\">\n\t\t\t\t\t\t<div class=\"elementor-element elementor-element-effb0d7 elementor-widget elementor-widget-text-editor\" data-id=\"effb0d7\" data-element_type=\"widget\" data-e-type=\"widget\" data-widget_type=\"text-editor.default\">\n\t\t\t\t<div class=\"elementor-widget-container\">\n\t\t\t\t\t\t\t\t\t<p><strong>\u00a0<\/strong><\/p><p><strong>A IMPORT\u00c2NCIA DA REPRESENTA\u00c7\u00c3O DISCENTE NO CLII<\/strong><\/p><p>A participa\u00e7\u00e3o dos discentes nas reuni\u00f5es de colegiado do Curso de Licenciatura Intercultural Ind\u00edgena (CLII) \u00e9 fundamental para garantir que as vozes dos estudantes sejam ouvidas e para promover uma gest\u00e3o acad\u00eamica participativa e democr\u00e1tica. A representa\u00e7\u00e3o discente oferece uma perspectiva \u00fanica sobre as necessidades e desafios enfrentados pelos estudantes, contribuindo para a formula\u00e7\u00e3o de pol\u00edticas e decis\u00f5es que impactam diretamente o cotidiano acad\u00eamico. Por meio dessa participa\u00e7\u00e3o, os discentes podem apresentar demandas, sugest\u00f5es e pontos de vista sobre quest\u00f5es pedag\u00f3gicas, administrativas e estruturais, colaborando para a constru\u00e7\u00e3o de um ambiente acad\u00eamico mais inclusivo e alinhado \u00e0s especificidades culturais e educacionais dos povos ind\u00edgenas. Al\u00e9m disso, a atua\u00e7\u00e3o dos representantes discentes fortalece o senso de pertencimento e a responsabilidade coletiva na comunidade acad\u00eamica. Ela tamb\u00e9m desempenha um papel educativo, desenvolvendo habilidades como lideran\u00e7a, comunica\u00e7\u00e3o e negocia\u00e7\u00e3o, que s\u00e3o fundamentais para o exerc\u00edcio da cidadania e para a atua\u00e7\u00e3o em diferentes contextos comunit\u00e1rios e sociais. Portanto, a presen\u00e7a ativa dos discentes nas reuni\u00f5es de colegiado do CLII n\u00e3o \u00e9 apenas um direito, mas uma oportunidade para consolidar a valoriza\u00e7\u00e3o da diversidade, fortalecer os princ\u00edpios democr\u00e1ticos e enriquecer as pr\u00e1ticas de ensino e gest\u00e3o no curso.<\/p><table><tbody><tr><td width=\"245\"><a href=\"http:\/\/www2.unifap.br\/indigena\/files\/2025\/01\/Imagem2.png\"><img decoding=\"async\" class=\"alignnone size-full wp-image-3580\" src=\"http:\/\/www2.unifap.br\/indigena\/files\/2025\/01\/Imagem2.png\" alt=\"\" width=\"189\" height=\"138\" \/><\/a><\/td><td width=\"688\"><p>EZEQUIEL HORTENCIO DA SILVA, do povo Karipuna, representante da turma (2024 A)<\/p><\/td><\/tr><tr><td width=\"245\"><a href=\"http:\/\/www2.unifap.br\/indigena\/files\/2025\/01\/Imagem3.png\"><img decoding=\"async\" class=\"alignnone size-full wp-image-3581\" src=\"http:\/\/www2.unifap.br\/indigena\/files\/2025\/01\/Imagem3.png\" alt=\"\" width=\"184\" height=\"155\" \/><\/a><\/td><td width=\"688\"><p>WYRAPAARA WAIAPI, do povo Waj\u00e3pi, vice representante da turma (2024 A)<\/p><\/td><\/tr><tr><td width=\"245\"><a href=\"http:\/\/www2.unifap.br\/indigena\/files\/2025\/01\/Imagem4.png\"><img loading=\"lazy\" decoding=\"async\" class=\"alignnone size-full wp-image-3582\" src=\"http:\/\/www2.unifap.br\/indigena\/files\/2025\/01\/Imagem4.png\" alt=\"\" width=\"184\" height=\"201\" \/><\/a><\/td><td width=\"688\"><p>HIAGO VALBER DOS SANTOS, do povo Karipuna, representante da turma (2024 B)<\/p><\/td><\/tr><tr><td width=\"245\"><a href=\"http:\/\/www2.unifap.br\/indigena\/files\/2025\/01\/Imagem5.png\"><img loading=\"lazy\" decoding=\"async\" class=\"alignnone size-full wp-image-3583\" src=\"http:\/\/www2.unifap.br\/indigena\/files\/2025\/01\/Imagem5.png\" alt=\"\" width=\"185\" height=\"165\" \/><\/a><\/td><td width=\"688\"><p>WYRAMAPI WAIAPI, do povo Waj\u00e3pi, representante da turma (2022 B)<\/p><\/td><\/tr><tr><td width=\"245\"><a href=\"http:\/\/www2.unifap.br\/indigena\/files\/2025\/01\/Imagem6.png\"><img loading=\"lazy\" decoding=\"async\" class=\"alignnone size-full wp-image-3584\" src=\"http:\/\/www2.unifap.br\/indigena\/files\/2025\/01\/Imagem6.png\" alt=\"\" width=\"197\" height=\"134\" \/><\/a><\/td><td width=\"688\"><p>MARTINHO JUNIOR DOS S. DAMASCENO, do povo Karipuna, representante da turma (2022 A)<\/p><\/td><\/tr><tr><td width=\"245\"><a href=\"http:\/\/www2.unifap.br\/indigena\/files\/2025\/01\/Imagem7.png\"><img loading=\"lazy\" decoding=\"async\" class=\"alignnone size-full wp-image-3585\" src=\"http:\/\/www2.unifap.br\/indigena\/files\/2025\/01\/Imagem7.png\" alt=\"\" width=\"149\" height=\"162\" \/><\/a><\/td><td width=\"688\"><table><tbody><tr><td width=\"688\"><p>WESLEY NUNES DE SOUZA, do povo Galibi-Marworno, representante da turma (2022 B)<\/p><\/td><\/tr><\/tbody><\/table><\/td><\/tr><tr><td width=\"245\"><a href=\"http:\/\/www2.unifap.br\/indigena\/files\/2025\/01\/Imagem8.png\"><img loading=\"lazy\" decoding=\"async\" class=\"alignnone size-full wp-image-3586\" src=\"http:\/\/www2.unifap.br\/indigena\/files\/2025\/01\/Imagem8.png\" alt=\"\" width=\"125\" height=\"154\" \/><\/a><\/td><td width=\"688\"><p>FRANCIANE DOS SANTOS BATISTA, do povo Karipuna, vice representante da turma (2020)<\/p><\/td><\/tr><tr><td width=\"245\"><a href=\"http:\/\/www2.unifap.br\/indigena\/files\/2025\/01\/Imagem9.png\"><img loading=\"lazy\" decoding=\"async\" class=\"alignnone size-full wp-image-3587\" src=\"http:\/\/www2.unifap.br\/indigena\/files\/2025\/01\/Imagem9.png\" alt=\"\" width=\"131\" height=\"162\" \/><\/a><\/td><td width=\"688\"><p>REZILDO NUNES, do povo Galibi-Marworno, vice representante da turma (2020)<\/p><\/td><\/tr><\/tbody><\/table>\t\t\t\t\t\t\t\t<\/div>\n\t\t\t\t<\/div>\n\t\t\t\t\t<\/div>\n\t\t<\/div>\n\t\t\t\t\t<\/div>\n\t\t<\/section>\n\t\t\t\t<\/div>\n\t\t","protected":false},"excerpt":{"rendered":"<p>\u00a0 A IMPORT\u00c2NCIA DA REPRESENTA\u00c7\u00c3O DISCENTE NO CLII A participa\u00e7\u00e3o dos discentes nas reuni\u00f5es de colegiado do Curso de Licenciatura Intercultural Ind\u00edgena (CLII) \u00e9 fundamental para garantir que as vozes dos estudantes sejam ouvidas e para promover uma gest\u00e3o acad\u00eamica participativa e democr\u00e1tica. A representa\u00e7\u00e3o discente oferece uma perspectiva \u00fanica sobre as necessidades e desafios&#8230;<\/p>\n","protected":false},"author":527,"featured_media":3576,"parent":0,"menu_order":0,"comment_status":"closed","ping_status":"closed","template":"","meta":{"inline_featured_image":false,"ngg_post_thumbnail":0,"footnotes":""},"class_list":["post-3574","page","type-page","status-publish","has-post-thumbnail","hentry","entry","has-media"],"_links":{"self":[{"href":"https:\/\/www2.unifap.br\/indigena\/wp-json\/wp\/v2\/pages\/3574","targetHints":{"allow":["GET"]}}],"collection":[{"href":"https:\/\/www2.unifap.br\/indigena\/wp-json\/wp\/v2\/pages"}],"about":[{"href":"https:\/\/www2.unifap.br\/indigena\/wp-json\/wp\/v2\/types\/page"}],"author":[{"embeddable":true,"href":"https:\/\/www2.unifap.br\/indigena\/wp-json\/wp\/v2\/users\/527"}],"replies":[{"embeddable":true,"href":"https:\/\/www2.unifap.br\/indigena\/wp-json\/wp\/v2\/comments?post=3574"}],"version-history":[{"count":28,"href":"https:\/\/www2.unifap.br\/indigena\/wp-json\/wp\/v2\/pages\/3574\/revisions"}],"predecessor-version":[{"id":3870,"href":"https:\/\/www2.unifap.br\/indigena\/wp-json\/wp\/v2\/pages\/3574\/revisions\/3870"}],"wp:featuredmedia":[{"embeddable":true,"href":"https:\/\/www2.unifap.br\/indigena\/wp-json\/wp\/v2\/media\/3576"}],"wp:attachment":[{"href":"https:\/\/www2.unifap.br\/indigena\/wp-json\/wp\/v2\/media?parent=3574"}],"curies":[{"name":"wp","href":"https:\/\/api.w.org\/{rel}","templated":true}]}}