{"id":3849,"date":"2025-02-07T18:15:11","date_gmt":"2025-02-07T18:15:11","guid":{"rendered":"https:\/\/www2.unifap.br\/indigena\/?page_id=3849"},"modified":"2025-02-07T19:42:49","modified_gmt":"2025-02-07T19:42:49","slug":"agenda-laboratorio","status":"publish","type":"page","link":"https:\/\/www2.unifap.br\/indigena\/agenda-laboratorio\/","title":{"rendered":"Agenda Laborat\u00f3rio"},"content":{"rendered":"<p data-sourcepos=\"3:1-3:29\">Prezados(as) Docentes,<\/p>\n<p data-sourcepos=\"5:1-5:73\">A Coordena\u00e7\u00e3o informa que o Laborat\u00f3rio est\u00e1 dispon\u00edveis para agendamento.<\/p>\n<p data-sourcepos=\"7:1-7:41\">Para agendar, siga o procedimento abaixo:<\/p>\n<ol data-sourcepos=\"9:1-12:0\">\n<li data-sourcepos=\"9:1-9:107\">Acesse a agenda online:&nbsp;<a href=\"https:\/\/calendar.google.com\/calendar\/embed?src=licenciaturaindigena%40unifap.br&amp;ctz=America%2FBelem\" target=\"_blank\" rel=\"noopener\">AGENDA LABCLII<\/a><\/li>\n<li data-sourcepos=\"10:1-10:42\">Escolha o gabinete e hor\u00e1rio desejados.<\/li>\n<li data-sourcepos=\"11:1-12:0\">Confirme o agendamento.&nbsp;<a title=\"AGENDA AUDITORIO\" href=\"https:\/\/forms.gle\/7Fdx56qNtuxR7znz7\" target=\"_blank\" rel=\"noopener\">AGENDE AQUI<\/a><\/li>\n<\/ol>\n<p data-sourcepos=\"13:1-13:65\">Em caso de d\u00favidas, entre em contato com a Coordena\u00e7\u00e3o.<\/p>\n<p data-sourcepos=\"15:1-15:13\"><strong>A Coordena\u00e7\u00e3o.<\/strong><\/p>\n","protected":false},"excerpt":{"rendered":"<p>Prezados(as) Docentes, A Coordena\u00e7\u00e3o informa que o Laborat\u00f3rio est\u00e1 dispon\u00edveis para agendamento. Para agendar, siga o procedimento abaixo: Acesse a agenda online:&nbsp;AGENDA LABCLII Escolha o gabinete e hor\u00e1rio desejados. Confirme o agendamento.&nbsp;AGENDE AQUI Em caso de d\u00favidas, entre em contato com a Coordena\u00e7\u00e3o. A Coordena\u00e7\u00e3o.<\/p>\n","protected":false},"author":527,"featured_media":0,"parent":0,"menu_order":0,"comment_status":"closed","ping_status":"closed","template":"","meta":{"inline_featured_image":false,"ngg_post_thumbnail":0,"footnotes":""},"class_list":["post-3849","page","type-page","status-publish","hentry","entry"],"_links":{"self":[{"href":"https:\/\/www2.unifap.br\/indigena\/wp-json\/wp\/v2\/pages\/3849","targetHints":{"allow":["GET"]}}],"collection":[{"href":"https:\/\/www2.unifap.br\/indigena\/wp-json\/wp\/v2\/pages"}],"about":[{"href":"https:\/\/www2.unifap.br\/indigena\/wp-json\/wp\/v2\/types\/page"}],"author":[{"embeddable":true,"href":"https:\/\/www2.unifap.br\/indigena\/wp-json\/wp\/v2\/users\/527"}],"replies":[{"embeddable":true,"href":"https:\/\/www2.unifap.br\/indigena\/wp-json\/wp\/v2\/comments?post=3849"}],"version-history":[{"count":3,"href":"https:\/\/www2.unifap.br\/indigena\/wp-json\/wp\/v2\/pages\/3849\/revisions"}],"predecessor-version":[{"id":3858,"href":"https:\/\/www2.unifap.br\/indigena\/wp-json\/wp\/v2\/pages\/3849\/revisions\/3858"}],"wp:attachment":[{"href":"https:\/\/www2.unifap.br\/indigena\/wp-json\/wp\/v2\/media?parent=3849"}],"curies":[{"name":"wp","href":"https:\/\/api.w.org\/{rel}","templated":true}]}}