{"id":621,"date":"2015-10-27T13:02:42","date_gmt":"2015-10-27T13:02:42","guid":{"rendered":"http:\/\/www2.unifap.br\/indigena\/?page_id=621"},"modified":"2023-05-12T22:18:29","modified_gmt":"2023-05-12T22:18:29","slug":"prof-esp-ramiro-esdras-carneiro-batista","status":"publish","type":"page","link":"https:\/\/www2.unifap.br\/indigena\/colegiado\/prof-esp-ramiro-esdras-carneiro-batista\/","title":{"rendered":"Prof. Dr. Ramiro Esdras Carneiro Batista"},"content":{"rendered":"<h2>Prof. Dr. Ramiro Esdras Carneiro Batista<\/h2>\n<p>Graduado em Pedagogia e Especializado em Servi\u00e7o de Inspe\u00e7\u00e3o Escolar pelo Centro de Educa\u00e7\u00e3o Integrada do Vale do S\u00e3o Francisco (CEIVA); Mestre em Antropologia pela Universidade Federal do Par\u00e1 (UFPA), com doutorado em curso na mesma institui\u00e7\u00e3o, \u00e1rea de concentra\u00e7\u00e3o em Antropologia Social, na linha de pesquisa Povos Ind\u00edgenas e Popula\u00e7\u00f5es Tradicionais. Professor do quadro permanente da Universidade Federal do Amap\u00e1 (UNIFAP), atuando com forma\u00e7\u00e3o docente em n\u00edvel superior de nove etnias ind\u00edgenas da Amaz\u00f4nia oriental. Possui experi\u00eancias profissionais em gest\u00e3o de unidades e sistemas de ensino; doc\u00eancia na educa\u00e7\u00e3o b\u00e1sica e superior; al\u00e9m da atua\u00e7\u00e3o em agremia\u00e7\u00f5es comunit\u00e1rias e sindicais e distintos conselhos de controle e acompanhamento de pol\u00edticas sociais. \u00c9 titular do Conselho Consultivo do Parque Nacional do Cabo Orange (CONPARNA); membro da Associa\u00e7\u00e3o Brasileira de Antropologia (ABA); e da Comiss\u00e3o Mineira de Folclore (CMFL); atuando tamb\u00e9m como assessor para rela\u00e7\u00f5es transfronteiri\u00e7as do Sindicato dos Servidores P\u00fablicos Federais no Estado do Amap\u00e1 (SINDSEP), na regi\u00e3o de Oiapoque\/AP. Atualmente, colabora nos Grupos de Pesquisa Cidade, Aldeia &amp; Patrim\u00f4nio (UFPA\/CNPq); Gerenciamento Costeiro P\u00f3s-colonial na Amaz\u00f4nia (UFPA\/CNPq); e Hist\u00f3ria Ind\u00edgena e do Indigenismo na Amaz\u00f4nia (UFPA\/CNPq), inquirindo temas como antropologia da guerra amer\u00edndia, educa\u00e7\u00e3o e escolariza\u00e7\u00e3o brasileira, gest\u00e3o socioambiental em comunidades tradicionais e literaturas e narrativas decoloniais.<\/p>\n<p style=\"text-align: justify\">Curr\u00edculo Lattes: http:\/\/lattes.cnpq.br\/0809460177410652<\/p>\n<p style=\"text-align: justify\">E-mail: jjesdras@bol.com.br<\/p>\n","protected":false},"excerpt":{"rendered":"<p>Prof. Dr. Ramiro Esdras Carneiro Batista Graduado em Pedagogia e Especializado em Servi\u00e7o de Inspe\u00e7\u00e3o Escolar pelo Centro de Educa\u00e7\u00e3o Integrada do Vale do S\u00e3o Francisco (CEIVA); Mestre em Antropologia pela Universidade Federal do Par\u00e1 (UFPA), com doutorado em curso na mesma institui\u00e7\u00e3o, \u00e1rea de concentra\u00e7\u00e3o em Antropologia Social, na linha de pesquisa Povos Ind\u00edgenas&#8230;<\/p>\n","protected":false},"author":818,"featured_media":0,"parent":639,"menu_order":11,"comment_status":"open","ping_status":"open","template":"","meta":{"inline_featured_image":false,"ngg_post_thumbnail":0,"footnotes":""},"class_list":["post-621","page","type-page","status-publish","hentry","entry"],"_links":{"self":[{"href":"https:\/\/www2.unifap.br\/indigena\/wp-json\/wp\/v2\/pages\/621","targetHints":{"allow":["GET"]}}],"collection":[{"href":"https:\/\/www2.unifap.br\/indigena\/wp-json\/wp\/v2\/pages"}],"about":[{"href":"https:\/\/www2.unifap.br\/indigena\/wp-json\/wp\/v2\/types\/page"}],"author":[{"embeddable":true,"href":"https:\/\/www2.unifap.br\/indigena\/wp-json\/wp\/v2\/users\/818"}],"replies":[{"embeddable":true,"href":"https:\/\/www2.unifap.br\/indigena\/wp-json\/wp\/v2\/comments?post=621"}],"version-history":[{"count":10,"href":"https:\/\/www2.unifap.br\/indigena\/wp-json\/wp\/v2\/pages\/621\/revisions"}],"predecessor-version":[{"id":2058,"href":"https:\/\/www2.unifap.br\/indigena\/wp-json\/wp\/v2\/pages\/621\/revisions\/2058"}],"up":[{"embeddable":true,"href":"https:\/\/www2.unifap.br\/indigena\/wp-json\/wp\/v2\/pages\/639"}],"wp:attachment":[{"href":"https:\/\/www2.unifap.br\/indigena\/wp-json\/wp\/v2\/media?parent=621"}],"curies":[{"name":"wp","href":"https:\/\/api.w.org\/{rel}","templated":true}]}}