{"id":815,"date":"2016-09-19T18:01:24","date_gmt":"2016-09-19T18:01:24","guid":{"rendered":"http:\/\/www2.unifap.br\/indigena\/?page_id=815"},"modified":"2023-05-12T19:35:16","modified_gmt":"2023-05-12T19:35:16","slug":"profa-ms-rosilene-cruz-de-araujo","status":"publish","type":"page","link":"https:\/\/www2.unifap.br\/indigena\/colegiado\/profa-ms-rosilene-cruz-de-araujo\/","title":{"rendered":"Profa. Ms. Rosilene Cruz de Ara\u00fajo"},"content":{"rendered":"<h2>Profa. Ms. Rosilene Cruz de Ara\u00fajo<\/h2>\n<p>Possuo Gradua\u00e7\u00e3o em Hist\u00f3ria pela Universidade de Pernambuco &#8211; UPE (1996), Gradua\u00e7\u00e3o em Licenciatura Intercultural em Educa\u00e7\u00e3o Escolar Ind\u00edgena &#8211; Ci\u00eancias Matem\u00e1tica e da Natureza pela Universidade do Estado de Mato Grosso &#8211; UNEMAT (2006), Especializa\u00e7\u00e3o em Hist\u00f3ria do Brasil pelo Centro de Ensino Superior do Vale do S\u00e3o Francisco &#8211; CESVASF (2006), Mestrado em Educa\u00e7\u00e3o e Contemporaneidade pela Universidade do Estado da Bahia &#8211; UNEB (2011), Doutoranda em Antropologia Social pela Universidade de Bras\u00edlia &#8211; UNB. Atualmente sou Professora do Magist\u00e9rio Superior, Dedica\u00e7\u00e3o Exclusiva da Universidade Federal do Amap\u00e1, atuo na \u00c1rea de Ci\u00eancias Humanas (Hist\u00f3ria e Antropologia) e Educa\u00e7\u00e3o; Membro do N\u00facleo Docente Estruturante do Curso de Licenciatura Intercultural Ind\u00edgena;Desenvolvo pesquisa com povos ind\u00edgenas, atuando como pesquisadora ind\u00edgena do OPAR\u00c1: Centro de Pesquisas em Etnicidades, Movimentos Sociais e Educa\u00e7\u00e3o da Universidade do Estado da Bahia &#8211; UNEB e pesquisadora do Grupo de Estudos, Pesquisa e Pr\u00e1ticas em Educa\u00e7\u00e3o Intercultural em Ci\u00eancias da Natureza e Matem\u00e1tica &#8211; GECIM da Universidade Federal do Amap\u00e1 &#8211; UNIFAP. Professora do CLII desde 2017.<\/p>\n<p>Curr\u00edculo lattes: http:\/\/lattes.cnpq.br\/2825213550525038<\/p>\n<p>E-mail: anhamona.tuxa@hotmail.com<\/p>\n","protected":false},"excerpt":{"rendered":"<p>Profa. Ms. Rosilene Cruz de Ara\u00fajo Possuo Gradua\u00e7\u00e3o em Hist\u00f3ria pela Universidade de Pernambuco &#8211; UPE (1996), Gradua\u00e7\u00e3o em Licenciatura Intercultural em Educa\u00e7\u00e3o Escolar Ind\u00edgena &#8211; Ci\u00eancias Matem\u00e1tica e da Natureza pela Universidade do Estado de Mato Grosso &#8211; UNEMAT (2006), Especializa\u00e7\u00e3o em Hist\u00f3ria do Brasil pelo Centro de Ensino Superior do Vale do S\u00e3o&#8230;<\/p>\n","protected":false},"author":824,"featured_media":0,"parent":639,"menu_order":10,"comment_status":"open","ping_status":"open","template":"","meta":{"inline_featured_image":false,"ngg_post_thumbnail":0,"footnotes":""},"class_list":["post-815","page","type-page","status-publish","hentry","entry"],"_links":{"self":[{"href":"https:\/\/www2.unifap.br\/indigena\/wp-json\/wp\/v2\/pages\/815","targetHints":{"allow":["GET"]}}],"collection":[{"href":"https:\/\/www2.unifap.br\/indigena\/wp-json\/wp\/v2\/pages"}],"about":[{"href":"https:\/\/www2.unifap.br\/indigena\/wp-json\/wp\/v2\/types\/page"}],"author":[{"embeddable":true,"href":"https:\/\/www2.unifap.br\/indigena\/wp-json\/wp\/v2\/users\/824"}],"replies":[{"embeddable":true,"href":"https:\/\/www2.unifap.br\/indigena\/wp-json\/wp\/v2\/comments?post=815"}],"version-history":[{"count":9,"href":"https:\/\/www2.unifap.br\/indigena\/wp-json\/wp\/v2\/pages\/815\/revisions"}],"predecessor-version":[{"id":2056,"href":"https:\/\/www2.unifap.br\/indigena\/wp-json\/wp\/v2\/pages\/815\/revisions\/2056"}],"up":[{"embeddable":true,"href":"https:\/\/www2.unifap.br\/indigena\/wp-json\/wp\/v2\/pages\/639"}],"wp:attachment":[{"href":"https:\/\/www2.unifap.br\/indigena\/wp-json\/wp\/v2\/media?parent=815"}],"curies":[{"name":"wp","href":"https:\/\/api.w.org\/{rel}","templated":true}]}}