{"id":851,"date":"2016-10-31T19:58:59","date_gmt":"2016-10-31T19:58:59","guid":{"rendered":"http:\/\/www2.unifap.br\/indigena\/?page_id=851"},"modified":"2024-12-11T13:44:29","modified_gmt":"2024-12-11T13:44:29","slug":"bolsas-de-estudo","status":"publish","type":"page","link":"https:\/\/www2.unifap.br\/indigena\/bolsas-de-estudo\/","title":{"rendered":"BOLSAS DE ESTUDO"},"content":{"rendered":"\t\t<div data-elementor-type=\"wp-page\" data-elementor-id=\"851\" class=\"elementor elementor-851\">\n\t\t\t\t\t\t<section class=\"elementor-section elementor-top-section elementor-element elementor-element-7dea6140 elementor-section-boxed elementor-section-height-default elementor-section-height-default\" data-id=\"7dea6140\" data-element_type=\"section\" data-e-type=\"section\">\n\t\t\t\t\t\t<div class=\"elementor-container elementor-column-gap-default\">\n\t\t\t\t\t<div class=\"elementor-column elementor-col-100 elementor-top-column elementor-element elementor-element-542b0ba\" data-id=\"542b0ba\" data-element_type=\"column\" data-e-type=\"column\">\n\t\t\t<div class=\"elementor-widget-wrap elementor-element-populated\">\n\t\t\t\t\t\t<div class=\"elementor-element elementor-element-36ba4b2a elementor-widget elementor-widget-text-editor\" data-id=\"36ba4b2a\" data-element_type=\"widget\" data-e-type=\"widget\" data-widget_type=\"text-editor.default\">\n\t\t\t\t<div class=\"elementor-widget-container\">\n\t\t\t\t\t\t\t\t\t<h2>Atualmente o CLII conta com dois tipos de bolsas de estudo:<\/h2><p style=\"text-align: justify\">1-\u00a0Bolsa Perman\u00eancia\u00a0\/\u00a0Programa Bolsa Perman\u00eancia (PBP): Concess\u00e3o de aux\u00edlio financeiro a estudantes matriculados em institui\u00e7\u00f5es federais de ensino superior em situa\u00e7\u00e3o de vulnerabilidade socioecon\u00f4mica e para estudantes ind\u00edgenas e quilombolas. Mais informa\u00e7\u00e3o:\u00a0<a href=\"http:\/\/permanencia.mec.gov.br\/\">http:\/\/permanencia.mec.gov.br\/<\/a><\/p><p style=\"text-align: justify\">2-\u00a0Bolsa do Pet\u00a0\/\u00a0Programa de Educa\u00e7\u00e3o Tutorial\u00a0(PET): O referido programa \u00e9 desenvolvido por grupos de estudantes, com tutoria de um docente, organizados a partir de forma\u00e7\u00f5es em n\u00edvel de gradua\u00e7\u00e3o em institui\u00e7\u00f5es de ensino superior orientados pelo princ\u00edpio da indissociabilidade entre ensino, pesquisa e extens\u00e3o e da educa\u00e7\u00e3o tutorial. \u00c9 coordenado pelo Prof. Dr. Jo\u00e3o Batista Gomes de Oliveira desde 2010. \u00a0Mais informa\u00e7\u00f5es:\u00a0<a href=\"http:\/\/portal.mec.gov.br\/index.php?option=com_content&amp;view=article&amp;id=12223&amp;Itemid=481\">http:\/\/portal.mec.gov.br\/index.php?option=com_content&amp;view=article&amp;id=12223&amp;Itemid=481<\/a><\/p>\t\t\t\t\t\t\t\t<\/div>\n\t\t\t\t<\/div>\n\t\t\t\t\t<\/div>\n\t\t<\/div>\n\t\t\t\t\t<\/div>\n\t\t<\/section>\n\t\t\t\t<section class=\"elementor-section elementor-top-section elementor-element elementor-element-515ce28 elementor-section-boxed elementor-section-height-default elementor-section-height-default\" data-id=\"515ce28\" data-element_type=\"section\" data-e-type=\"section\">\n\t\t\t\t\t\t<div class=\"elementor-container elementor-column-gap-default\">\n\t\t\t\t\t<div class=\"elementor-column elementor-col-100 elementor-top-column elementor-element elementor-element-23fc666\" data-id=\"23fc666\" data-element_type=\"column\" data-e-type=\"column\">\n\t\t\t<div class=\"elementor-widget-wrap elementor-element-populated\">\n\t\t\t\t\t\t<div class=\"elementor-element elementor-element-926a87b elementor-widget elementor-widget-text-editor\" data-id=\"926a87b\" data-element_type=\"widget\" data-e-type=\"widget\" data-widget_type=\"text-editor.default\">\n\t\t\t\t<div class=\"elementor-widget-container\">\n\t\t\t\t\t\t\t\t\t<h2><strong>O que \u00e9 o Programa de Bolsa Perman\u00eancia do MEC ?<\/strong><\/h2><p>Em linhas gerais, o Programa de Bolsa Perman\u00eancia \u2013 PBP \u00e9 uma a\u00e7\u00e3o do Governo Federal de concess\u00e3o de aux\u00edlio financeiro a estudantes matriculados em institui\u00e7\u00f5es federais de ensino superior em situa\u00e7\u00e3o de vulnerabilidade socioecon\u00f4mica e para estudantes ind\u00edgenas e quilombolas. O recurso \u00e9 pago diretamente ao estudante de gradua\u00e7\u00e3o por meio de um cart\u00e3o de benef\u00edcio.<\/p><p>A Bolsa Perman\u00eancia \u00e9 um aux\u00edlio financeiro que tem por finalidade minimizar as desigualdades sociais e contribuir para a perman\u00eancia e a diploma\u00e7\u00e3o dos estudantes de gradua\u00e7\u00e3o em situa\u00e7\u00e3o de vulnerabilidade socioecon\u00f4mica.<\/p><h2><strong>Qual o Valor do Aux\u00edlio?<\/strong><\/h2><p>Seu valor, estabelecido pelo Minist\u00e9rio da Educa\u00e7\u00e3o, \u00e9 equivalente ao praticado na pol\u00edtica federal de concess\u00e3o de bolsas de inicia\u00e7\u00e3o cient\u00edfica, atualmente de R$ 400,00 (quatrocentos reais). Para os estudantes ind\u00edgenas e quilombolas, ser\u00e1 garantido um valor diferenciado, igual a pelo menos o dobro da bolsa paga aos demais estudantes, em raz\u00e3o de suas especificidades com rela\u00e7\u00e3o \u00e0 organiza\u00e7\u00e3o social de suas comunidades, condi\u00e7\u00e3o geogr\u00e1fica, costumes, l\u00ednguas, cren\u00e7as e tradi\u00e7\u00f5es, amparadas pela Constitui\u00e7\u00e3o Federal. Ademais, os estudantes ind\u00edgenas e quilombolas matriculados em cursos de licenciaturas interculturais para a forma\u00e7\u00e3o de professores tamb\u00e9m far\u00e3o jus a bolsa de perman\u00eancia durante os per\u00edodos de atividades pedag\u00f3gicas formativas na IFES, a bolsa de perman\u00eancia at\u00e9 o limite m\u00e1ximo de seis meses.<\/p><p>Uma grande vantagem da Bolsa Perman\u00eancia concedida pelo Minist\u00e9rio da Educa\u00e7\u00e3o \u00e9 ser acumul\u00e1vel com outras modalidades de bolsas acad\u00eamicas, a exemplo da bolsa do Programa de Educa\u00e7\u00e3o Tutorial \u2013 PET, do Programa Institucional de Bolsas de Inicia\u00e7\u00e3o<\/p><h2><strong>Quem Pode?<\/strong><\/h2><p>Poder\u00e1 receber a Bolsa Perman\u00eancia o estudante que cumprir, cumulativamente, as seguintes condi\u00e7\u00f5es:<\/p><ul><li>I \u2013 possuir renda familiar per capita n\u00e3o superior a um sal\u00e1rio-m\u00ednimo e meio;<\/li><li>II \u2013 estar matriculado em cursos de gradua\u00e7\u00e3o com carga hor\u00e1ria m\u00e9dia superior ou igual a cinco horas di\u00e1rias;<\/li><li>III \u2013 n\u00e3o ultrapassar dois semestres do tempo regulamentar do curso de gradua\u00e7\u00e3o em que estiver matriculado para se diplomar;<\/li><li>IV \u2013 ter assinado Termo de Compromisso;<\/li><li>IV \u2013 ter seu cadastro devidamente aprovado e mensalmente homologado pela institui\u00e7\u00e3o federal de ensino superior no \u00e2mbito do sistema de informa\u00e7\u00e3o do programa.<\/li><\/ul><p>Al\u00e9m disso, o Programa prioriza os ind\u00edgenas e quilombolas, que, independente da carga hor\u00e1ria dos cursos nos quais est\u00e3o matriculados, poder\u00e3o receber o recurso.<\/p><h2><strong>O que devo Fazer para Participar?<\/strong><\/h2><p>Para participar do programa e ter o direito de cadastrar seus alunos como benefici\u00e1rios da Bolsa Perman\u00eancia, o titular da Institui\u00e7\u00e3o Federal de Ensino Superior dever\u00e1 preencher e firmar o Termo de Ades\u00e3o, disponibilizando c\u00f3pia da c\u00e9dula de identidade e do ato de nomea\u00e7\u00e3o do signat\u00e1rio no sistema de informa\u00e7\u00e3o do programa. Depois de preencher o Termo de Ades\u00e3o, a institui\u00e7\u00e3o dever\u00e1 aguardar a aprova\u00e7\u00e3o de seu cadastro pelo gestor do Programa no Minist\u00e9rio da Educa\u00e7\u00e3o, que analisar\u00e1 os documentos.<\/p><p>Vale ressaltar que a ades\u00e3o abrange apenas as Universidades e Institutos Federais habilitados a ofertar cursos com carga hor\u00e1ria superior ou igual a cinco horas di\u00e1rias, uma vez que os alunos beneficiados devem estar cadastrados nesses cursos \u2013 exceto quando se tratarem de alunos ind\u00edgenas e quilombolas. Nesses casos, o Termo de Ades\u00e3o deixar\u00e1 expl\u00edcito que as bolsas ser\u00e3o concedidas apenas aos membros destas popula\u00e7\u00f5es.<\/p>\t\t\t\t\t\t\t\t<\/div>\n\t\t\t\t<\/div>\n\t\t\t\t\t<\/div>\n\t\t<\/div>\n\t\t\t\t\t<\/div>\n\t\t<\/section>\n\t\t\t\t<section class=\"elementor-section elementor-top-section elementor-element elementor-element-699396a elementor-section-boxed elementor-section-height-default elementor-section-height-default\" data-id=\"699396a\" data-element_type=\"section\" data-e-type=\"section\">\n\t\t\t\t\t\t<div class=\"elementor-container elementor-column-gap-default\">\n\t\t\t\t\t<div class=\"elementor-column elementor-col-100 elementor-top-column elementor-element elementor-element-e7c0124\" data-id=\"e7c0124\" data-element_type=\"column\" data-e-type=\"column\">\n\t\t\t<div class=\"elementor-widget-wrap elementor-element-populated\">\n\t\t\t\t\t\t<div class=\"elementor-element elementor-element-fb25d55 elementor-widget elementor-widget-text-editor\" data-id=\"fb25d55\" data-element_type=\"widget\" data-e-type=\"widget\" data-widget_type=\"text-editor.default\">\n\t\t\t\t<div class=\"elementor-widget-container\">\n\t\t\t\t\t\t\t\t\t<p>O PIBID (Programa de Institucional de Bolsa de Inicia\u00e7\u00e3o \u00e0 Doc\u00eancia)\u00a0concede bolsas a estudantes de licenciatura participantes de projetos de inicia\u00e7\u00e3o \u00e0 doc\u00eancia desenvolvidos por institui\u00e7\u00f5es de ensino superior em parceria com escolas de educa\u00e7\u00e3o b\u00e1sica da rede p\u00fablica de ensino.<\/p><p><strong>Per\u00edodo de 2010-2013:<\/strong>\u00a0as bolsas \u00a0for\u00e3o concedidas aos estudantes do CLII sob a coordena\u00e7\u00e3o do\u00a0Prof. Dr. Antonio Almir Silva Gomes (\u00c1rea de Linguagens e C\u00f3digos),\u00a0Prof. Me. Adilson Mendes (\u00c1rea de Ci\u00eancias Exata e da Natureza) e\u00a0Profa. Ma. Rejane Aparecida Candado (\u00c1rea de Ci\u00eancias Humanas). Mais informa\u00e7\u00f5es:\u00a0<a href=\"http:\/\/www.capes.gov.br\/educacao-basica\/capespibid\">http:\/\/www.capes.gov.br\/educacao-basica\/capespibid<\/a><\/p>\t\t\t\t\t\t\t\t<\/div>\n\t\t\t\t<\/div>\n\t\t\t\t\t<\/div>\n\t\t<\/div>\n\t\t\t\t\t<\/div>\n\t\t<\/section>\n\t\t\t\t<\/div>\n\t\t","protected":false},"excerpt":{"rendered":"<p>Atualmente o CLII conta com dois tipos de bolsas de estudo: 1-\u00a0Bolsa Perman\u00eancia\u00a0\/\u00a0Programa Bolsa Perman\u00eancia (PBP): Concess\u00e3o de aux\u00edlio financeiro a estudantes matriculados em institui\u00e7\u00f5es federais de ensino superior em situa\u00e7\u00e3o de vulnerabilidade socioecon\u00f4mica e para estudantes ind\u00edgenas e quilombolas. Mais informa\u00e7\u00e3o:\u00a0http:\/\/permanencia.mec.gov.br\/ 2-\u00a0Bolsa do Pet\u00a0\/\u00a0Programa de Educa\u00e7\u00e3o Tutorial\u00a0(PET): O referido programa \u00e9 desenvolvido por grupos&#8230;<\/p>\n","protected":false},"author":824,"featured_media":0,"parent":0,"menu_order":7,"comment_status":"open","ping_status":"open","template":"","meta":{"inline_featured_image":false,"ngg_post_thumbnail":0,"footnotes":""},"class_list":["post-851","page","type-page","status-publish","hentry","entry"],"_links":{"self":[{"href":"https:\/\/www2.unifap.br\/indigena\/wp-json\/wp\/v2\/pages\/851","targetHints":{"allow":["GET"]}}],"collection":[{"href":"https:\/\/www2.unifap.br\/indigena\/wp-json\/wp\/v2\/pages"}],"about":[{"href":"https:\/\/www2.unifap.br\/indigena\/wp-json\/wp\/v2\/types\/page"}],"author":[{"embeddable":true,"href":"https:\/\/www2.unifap.br\/indigena\/wp-json\/wp\/v2\/users\/824"}],"replies":[{"embeddable":true,"href":"https:\/\/www2.unifap.br\/indigena\/wp-json\/wp\/v2\/comments?post=851"}],"version-history":[{"count":5,"href":"https:\/\/www2.unifap.br\/indigena\/wp-json\/wp\/v2\/pages\/851\/revisions"}],"predecessor-version":[{"id":3086,"href":"https:\/\/www2.unifap.br\/indigena\/wp-json\/wp\/v2\/pages\/851\/revisions\/3086"}],"wp:attachment":[{"href":"https:\/\/www2.unifap.br\/indigena\/wp-json\/wp\/v2\/media?parent=851"}],"curies":[{"name":"wp","href":"https:\/\/api.w.org\/{rel}","templated":true}]}}