{"id":855,"date":"2016-10-31T20:08:37","date_gmt":"2016-10-31T20:08:37","guid":{"rendered":"http:\/\/www2.unifap.br\/indigena\/?page_id=855"},"modified":"2024-12-27T12:29:05","modified_gmt":"2024-12-27T12:29:05","slug":"extensao","status":"publish","type":"page","link":"https:\/\/www2.unifap.br\/indigena\/extensao\/","title":{"rendered":"EXTENS\u00c3O"},"content":{"rendered":"\t\t<div data-elementor-type=\"wp-page\" data-elementor-id=\"855\" class=\"elementor elementor-855\">\n\t\t\t\t\t\t<section class=\"elementor-section elementor-top-section elementor-element elementor-element-db7d88 elementor-section-boxed elementor-section-height-default elementor-section-height-default\" data-id=\"db7d88\" data-element_type=\"section\" data-e-type=\"section\">\n\t\t\t\t\t\t<div class=\"elementor-container elementor-column-gap-default\">\n\t\t\t\t\t<div class=\"elementor-column elementor-col-100 elementor-top-column elementor-element elementor-element-32f9c052\" data-id=\"32f9c052\" data-element_type=\"column\" data-e-type=\"column\">\n\t\t\t<div class=\"elementor-widget-wrap elementor-element-populated\">\n\t\t\t\t\t\t<div class=\"elementor-element elementor-element-37891da5 elementor-widget elementor-widget-text-editor\" data-id=\"37891da5\" data-element_type=\"widget\" data-e-type=\"widget\" data-widget_type=\"text-editor.default\">\n\t\t\t\t<div class=\"elementor-widget-container\">\n\t\t\t\t\t\t\t\t\t<p style=\"text-align: left\"><strong>Atividades de Extens\u00e3o (AEX)<\/strong><\/p><p>Comiss\u00e3o de Extens\u00e3o Curricular : Solange Rodrigues da Silva (presidenta), Gelsama Mara F. dos Santos, Maria Adriana Leite, Glauber Romling Da Silva e Raiane Albuquerque Silva.<br \/><a href=\"https:\/\/drive.google.com\/file\/d\/1sSgWhGFV8hlsI1BQd6a4gmhj9c2QXqMd\/view?usp=sharing\"><strong>Portaria: N\u00ba 1904\/2024<\/strong><\/a><\/p><p>O Curso de Licenciatura\u00a0 Intercultural Ind\u00edgena, em conson\u00e2ncia com a Resolu\u00e7\u00e3o n\u00ba 7, de 18 de dezembro de 2018, que estabelece as Diretrizes para a Extens\u00e3o na Educa\u00e7\u00e3o Superior Brasileira e regimenta o disposto na Meta 12.7 da Lei n\u00ba 13.005\/2014 que aprova o Plano Nacional de Extens\u00e3o \u2013 PNE 2014-2024 \u2013 e d\u00e1 outras provid\u00eancias, estabelece no N\u00facleo Complementar de Curso um total de 360 horas para suas Atividades de Extens\u00e3o, distribu\u00eddas ao longo de 8 semestres, conforme AP\u00caNDICE X do PPC\/2019. A cada semestre ser\u00e1 ofertado ao discente 45 horas para as Atividades de Extens\u00e3o (I, II, III, IV, V, VI, VII e VIII), devendo o discente ao final do Curso contabilizar o total de 360 horas.<\/p><p>Considera-se Atividade de Extens\u00e3o as a\u00e7\u00f5es de contribui\u00e7\u00e3o \u00e0 sociedade, segundo uma metodologia contextualizada e constitu\u00edda a partir do objetivo de obten\u00e7\u00e3o de resultados em curto prazo, condizentes com o sentido de responsabilidade social e constituir-se-\u00e1 numa pr\u00e1tica permanente de intera\u00e7\u00e3o entre universidade e sociedade, dando-se prioridade a iniciativas voltadas para a comunidade extra-campus, com o objetivo de (i) otimizar as rela\u00e7\u00f5es entre sociedade e universidade; (ii) democratizar o acesso ao conhecimento; (iii) articular ensino e pesquisa com as demandas sociais e culturais da popula\u00e7\u00e3o; e (iv) preservar e valorizar a cultura e o conhecimento, respeitando a diversidade cultural.<\/p><p style=\"text-align: left\">As Atividades de Extens\u00e3o (AEX) ser\u00e3o coordenadas pelos docentes do CLII dentro do Programa TUR\u00c9 que congrega os projetos e a\u00e7\u00f5es extensionistas desenvolvidas pelo CLII e destinadas a promo\u00e7\u00e3o e documenta\u00e7\u00e3o dos saberes, culturas e l\u00ednguas ind\u00edgenas. Assim, em cada semestre ser\u00e3o ofertados 45 horas de Atividades de Extens\u00e3o (AEX), onde o aluno poder\u00e1 de livre escolha tamb\u00e9m fazer equival\u00eancia em carga hor\u00e1ria com atividades de extens\u00e3o ofertadas interna e externamente ao Campus Binacional Oiapoque\/UNIFAP.<\/p><p style=\"text-align: left\">Cabe a Coordena\u00e7\u00e3o do Curso indicar, em cada in\u00edcio de semestre, as op\u00e7\u00f5es de Atividades de Extens\u00e3o dispon\u00edveis para os acad\u00eamicos do CLII. A avalia\u00e7\u00e3o das Atividades de Extens\u00e3o ocorrer\u00e1 pela Coordena\u00e7\u00e3o de Curso no oitavo semestre, para valida\u00e7\u00e3o e integraliza\u00e7\u00e3o das 360 horas como quesito obrigat\u00f3rio, descrito como CUMPRIU ou N\u00c3O COMPRIU.<\/p>\t\t\t\t\t\t\t\t<\/div>\n\t\t\t\t<\/div>\n\t\t\t\t\t<\/div>\n\t\t<\/div>\n\t\t\t\t\t<\/div>\n\t\t<\/section>\n\t\t\t\t<section class=\"elementor-section elementor-top-section elementor-element elementor-element-abf7b62 elementor-section-boxed elementor-section-height-default elementor-section-height-default\" data-id=\"abf7b62\" data-element_type=\"section\" data-e-type=\"section\">\n\t\t\t\t\t\t<div class=\"elementor-container elementor-column-gap-default\">\n\t\t\t\t\t<div class=\"elementor-column elementor-col-100 elementor-top-column elementor-element elementor-element-ffac0cb\" data-id=\"ffac0cb\" data-element_type=\"column\" data-e-type=\"column\">\n\t\t\t<div class=\"elementor-widget-wrap elementor-element-populated\">\n\t\t\t\t\t\t<div class=\"elementor-element elementor-element-480438e elementor-widget elementor-widget-heading\" data-id=\"480438e\" data-element_type=\"widget\" data-e-type=\"widget\" data-widget_type=\"heading.default\">\n\t\t\t\t<div class=\"elementor-widget-container\">\n\t\t\t\t\t<h2 class=\"elementor-heading-title elementor-size-default\">Projetos de Extens\u00e3o em Andamento<\/h2>\t\t\t\t<\/div>\n\t\t\t\t<\/div>\n\t\t\t\t<div class=\"elementor-element elementor-element-b836fe7 elementor-align-start elementor-icon-list--layout-traditional elementor-list-item-link-full_width elementor-widget elementor-widget-icon-list\" data-id=\"b836fe7\" data-element_type=\"widget\" data-e-type=\"widget\" data-widget_type=\"icon-list.default\">\n\t\t\t\t<div class=\"elementor-widget-container\">\n\t\t\t\t\t\t\t<ul class=\"elementor-icon-list-items\">\n\t\t\t\t\t\t\t<li class=\"elementor-icon-list-item\">\n\t\t\t\t\t\t\t\t\t\t\t<a href=\"https:\/\/drive.google.com\/drive\/folders\/1IiYr7Vle1bwdSPGXT7eY27lbrm1Wldag?usp=sharing\" target=\"_blank\">\n\n\t\t\t\t\t\t\t\t\t\t\t\t<span class=\"elementor-icon-list-icon\">\n\t\t\t\t\t\t\t<i aria-hidden=\"true\" class=\"fas fa-check\"><\/i>\t\t\t\t\t\t<\/span>\n\t\t\t\t\t\t\t\t\t\t<span class=\"elementor-icon-list-text\">Clique aqui para ver os projetos de extens\u00e3o em andamento<\/span>\n\t\t\t\t\t\t\t\t\t\t\t<\/a>\n\t\t\t\t\t\t\t\t\t<\/li>\n\t\t\t\t\t\t<\/ul>\n\t\t\t\t\t\t<\/div>\n\t\t\t\t<\/div>\n\t\t\t\t<div class=\"elementor-element elementor-element-d736d9d elementor-widget elementor-widget-heading\" data-id=\"d736d9d\" data-element_type=\"widget\" data-e-type=\"widget\" data-widget_type=\"heading.default\">\n\t\t\t\t<div class=\"elementor-widget-container\">\n\t\t\t\t\t<h2 class=\"elementor-heading-title elementor-size-default\">Projetos de Extens\u00e3o Conclu\u00eddos<\/h2>\t\t\t\t<\/div>\n\t\t\t\t<\/div>\n\t\t\t\t<div class=\"elementor-element elementor-element-fd73089 elementor-icon-list--layout-traditional elementor-list-item-link-full_width elementor-widget elementor-widget-icon-list\" data-id=\"fd73089\" data-element_type=\"widget\" data-e-type=\"widget\" data-widget_type=\"icon-list.default\">\n\t\t\t\t<div class=\"elementor-widget-container\">\n\t\t\t\t\t\t\t<ul class=\"elementor-icon-list-items\">\n\t\t\t\t\t\t\t<li class=\"elementor-icon-list-item\">\n\t\t\t\t\t\t\t\t\t\t\t<a href=\"https:\/\/www2.unifap.br\/indigena\/extensao\/projetos-de-extensao-concluidos\/projeto-encontros-na-fronteira\/\">\n\n\t\t\t\t\t\t\t\t\t\t\t\t<span class=\"elementor-icon-list-icon\">\n\t\t\t\t\t\t\t<i aria-hidden=\"true\" class=\"fas fa-check\"><\/i>\t\t\t\t\t\t<\/span>\n\t\t\t\t\t\t\t\t\t\t<span class=\"elementor-icon-list-text\">Encontros na Fronteira<\/span>\n\t\t\t\t\t\t\t\t\t\t\t<\/a>\n\t\t\t\t\t\t\t\t\t<\/li>\n\t\t\t\t\t\t\t\t<li class=\"elementor-icon-list-item\">\n\t\t\t\t\t\t\t\t\t\t\t<a href=\"https:\/\/www2.unifap.br\/indigena\/extensao\/projetos-de-extensao-concluidos\/projeto-producao-e-edicao-de-videos-de-documentacao-com-povos-indigenas\/\">\n\n\t\t\t\t\t\t\t\t\t\t\t\t<span class=\"elementor-icon-list-icon\">\n\t\t\t\t\t\t\t<i aria-hidden=\"true\" class=\"fas fa-check\"><\/i>\t\t\t\t\t\t<\/span>\n\t\t\t\t\t\t\t\t\t\t<span class=\"elementor-icon-list-text\">Produ\u00e7\u00e3o e Edi\u00e7\u00e3o de V\u00eddeos de Documenta\u00e7\u00e3o com Povos Ind\u00edgenas<\/span>\n\t\t\t\t\t\t\t\t\t\t\t<\/a>\n\t\t\t\t\t\t\t\t\t<\/li>\n\t\t\t\t\t\t\t\t<li class=\"elementor-icon-list-item\">\n\t\t\t\t\t\t\t\t\t\t\t<a href=\"https:\/\/www2.unifap.br\/indigena\/extensao\/projetos-de-extensao-concluidos\/projeto-oficina-de-material-didatico-para-a-area-de-ciencias-exatas-e-da-natureza\/\">\n\n\t\t\t\t\t\t\t\t\t\t\t\t<span class=\"elementor-icon-list-icon\">\n\t\t\t\t\t\t\t<i aria-hidden=\"true\" class=\"fas fa-check\"><\/i>\t\t\t\t\t\t<\/span>\n\t\t\t\t\t\t\t\t\t\t<span class=\"elementor-icon-list-text\">Oficina de material did\u00e1tico para a \u00e1rea de Ci\u00eancias Exatas e da Natureza<\/span>\n\t\t\t\t\t\t\t\t\t\t\t<\/a>\n\t\t\t\t\t\t\t\t\t<\/li>\n\t\t\t\t\t\t\t\t<li class=\"elementor-icon-list-item\">\n\t\t\t\t\t\t\t\t\t\t\t<a href=\"https:\/\/www2.unifap.br\/indigena\/extensao\/projetos-de-extensao-concluidos\/projeto-ensino-de-kheuol-na-universidade\/\">\n\n\t\t\t\t\t\t\t\t\t\t\t\t<span class=\"elementor-icon-list-icon\">\n\t\t\t\t\t\t\t<i aria-hidden=\"true\" class=\"fas fa-check\"><\/i>\t\t\t\t\t\t<\/span>\n\t\t\t\t\t\t\t\t\t\t<span class=\"elementor-icon-list-text\">Ensino de Kheu\u00f3l na Universidade<\/span>\n\t\t\t\t\t\t\t\t\t\t\t<\/a>\n\t\t\t\t\t\t\t\t\t<\/li>\n\t\t\t\t\t\t\t\t<li class=\"elementor-icon-list-item\">\n\t\t\t\t\t\t\t\t\t\t\t<a href=\"https:\/\/www2.unifap.br\/indigena\/extensao\/projetos-de-extensao-concluidos\/projeto-levantamento-de-dados-sociolinguisticos-do-povo-palikur-na-terra-indigena-uaca\/\">\n\n\t\t\t\t\t\t\t\t\t\t\t\t<span class=\"elementor-icon-list-icon\">\n\t\t\t\t\t\t\t<i aria-hidden=\"true\" class=\"fas fa-check\"><\/i>\t\t\t\t\t\t<\/span>\n\t\t\t\t\t\t\t\t\t\t<span class=\"elementor-icon-list-text\">Levantamento de dados sociolingu\u00edsticos do povo Palikur na Terra Ind\u00edgena Ua\u00e7\u00e1<\/span>\n\t\t\t\t\t\t\t\t\t\t\t<\/a>\n\t\t\t\t\t\t\t\t\t<\/li>\n\t\t\t\t\t\t\t\t<li class=\"elementor-icon-list-item\">\n\t\t\t\t\t\t\t\t\t\t\t<a href=\"https:\/\/www2.unifap.br\/indigena\/extensao\/projetos-de-extensao-concluidos\/curso-ferramentas-e-procedimentos-para-a-elaboracao-de-dicionarios-bilingues\/\">\n\n\t\t\t\t\t\t\t\t\t\t\t\t<span class=\"elementor-icon-list-icon\">\n\t\t\t\t\t\t\t<i aria-hidden=\"true\" class=\"fas fa-check\"><\/i>\t\t\t\t\t\t<\/span>\n\t\t\t\t\t\t\t\t\t\t<span class=\"elementor-icon-list-text\">Curso \u201cFerramentas e procedimentos para a elabora\u00e7\u00e3o de dicion\u00e1rios bil\u00edngues\u201d<\/span>\n\t\t\t\t\t\t\t\t\t\t\t<\/a>\n\t\t\t\t\t\t\t\t\t<\/li>\n\t\t\t\t\t\t\t\t<li class=\"elementor-icon-list-item\">\n\t\t\t\t\t\t\t\t\t\t\t<a href=\"https:\/\/www2.unifap.br\/indigena\/aacc\/mesa-redonda-exploracao-de-petroleo-e-gas-kote-ka-komunite-dji-edje-iela\/\">\n\n\t\t\t\t\t\t\t\t\t\t\t\t<span class=\"elementor-icon-list-icon\">\n\t\t\t\t\t\t\t<i aria-hidden=\"true\" class=\"fas fa-check\"><\/i>\t\t\t\t\t\t<\/span>\n\t\t\t\t\t\t\t\t\t\t<span class=\"elementor-icon-list-text\">Mesa redonda \u201cExplora\u00e7\u00e3o de Petr\u00f3leo e G\u00e1s: Kote ka komunite dji \u0113dj\u0113-iela?\u201d<\/span>\n\t\t\t\t\t\t\t\t\t\t\t<\/a>\n\t\t\t\t\t\t\t\t\t<\/li>\n\t\t\t\t\t\t\t\t<li class=\"elementor-icon-list-item\">\n\t\t\t\t\t\t\t\t\t\t\t<a href=\"https:\/\/www2.unifap.br\/indigena\/aacc\/oficina-biodiversidade-e-economia\/\">\n\n\t\t\t\t\t\t\t\t\t\t\t\t<span class=\"elementor-icon-list-icon\">\n\t\t\t\t\t\t\t<i aria-hidden=\"true\" class=\"fas fa-check\"><\/i>\t\t\t\t\t\t<\/span>\n\t\t\t\t\t\t\t\t\t\t<span class=\"elementor-icon-list-text\"> Oficina \u201cBiodiversidade e Economia\u201d<\/span>\n\t\t\t\t\t\t\t\t\t\t\t<\/a>\n\t\t\t\t\t\t\t\t\t<\/li>\n\t\t\t\t\t\t\t\t<li class=\"elementor-icon-list-item\">\n\t\t\t\t\t\t\t\t\t\t\t<a href=\"https:\/\/www2.unifap.br\/indigena\/aacc\/mesa-redonda-movimento-indigena-i-dialogos-indigenas-o-movimento-indigena-e-o-contexto-nacional\/\">\n\n\t\t\t\t\t\t\t\t\t\t\t\t<span class=\"elementor-icon-list-icon\">\n\t\t\t\t\t\t\t<i aria-hidden=\"true\" class=\"fas fa-check\"><\/i>\t\t\t\t\t\t<\/span>\n\t\t\t\t\t\t\t\t\t\t<span class=\"elementor-icon-list-text\">Mesa-redonda: \u201cMovimento Ind\u00edgena I. Di\u00e1logos Ind\u00edgenas: o movimento ind\u00edgena e o contexto nacional\u201d<\/span>\n\t\t\t\t\t\t\t\t\t\t\t<\/a>\n\t\t\t\t\t\t\t\t\t<\/li>\n\t\t\t\t\t\t\t\t<li class=\"elementor-icon-list-item\">\n\t\t\t\t\t\t\t\t\t\t\t<a href=\"https:\/\/www2.unifap.br\/indigena\/aacc\/mesa-redonda-movimento-indigena-ii-dialogos-indigenas-o-movimento-indigena-e-o-contexto-regional\/\">\n\n\t\t\t\t\t\t\t\t\t\t\t\t<span class=\"elementor-icon-list-icon\">\n\t\t\t\t\t\t\t<i aria-hidden=\"true\" class=\"fas fa-check\"><\/i>\t\t\t\t\t\t<\/span>\n\t\t\t\t\t\t\t\t\t\t<span class=\"elementor-icon-list-text\">Mesa-redonda: \u201cMovimento Ind\u00edgena II. Di\u00e1logos Ind\u00edgenas: o movimento ind\u00edgena e o contexto regional\u201d<\/span>\n\t\t\t\t\t\t\t\t\t\t\t<\/a>\n\t\t\t\t\t\t\t\t\t<\/li>\n\t\t\t\t\t\t\t\t<li class=\"elementor-icon-list-item\">\n\t\t\t\t\t\t\t\t\t\t\t<a href=\"https:\/\/www2.unifap.br\/indigena\/aacc\/mesa-redonda-dialogos-interculturais-o-protagonismo-indigena-na-historia\/\">\n\n\t\t\t\t\t\t\t\t\t\t\t\t<span class=\"elementor-icon-list-icon\">\n\t\t\t\t\t\t\t<i aria-hidden=\"true\" class=\"fas fa-check\"><\/i>\t\t\t\t\t\t<\/span>\n\t\t\t\t\t\t\t\t\t\t<span class=\"elementor-icon-list-text\">Mesa-redonda: \u201cDi\u00e1logos Interculturais: o protagonismo ind\u00edgena na Hist\u00f3ria\u201d<\/span>\n\t\t\t\t\t\t\t\t\t\t\t<\/a>\n\t\t\t\t\t\t\t\t\t<\/li>\n\t\t\t\t\t\t\t\t<li class=\"elementor-icon-list-item\">\n\t\t\t\t\t\t\t\t\t\t\t<a href=\"https:\/\/www2.unifap.br\/indigena\/aacc\/1152-2\/\">\n\n\t\t\t\t\t\t\t\t\t\t\t\t<span class=\"elementor-icon-list-icon\">\n\t\t\t\t\t\t\t<i aria-hidden=\"true\" class=\"fas fa-check\"><\/i>\t\t\t\t\t\t<\/span>\n\t\t\t\t\t\t\t\t\t\t<span class=\"elementor-icon-list-text\">Palestra: \u201cMem\u00f3rias e Hist\u00f3rias dos Arukwayene atrav\u00e9s do Projeto Saberes Ind\u00edgenas na Escola Palikur (SIEP)\u201d<\/span>\n\t\t\t\t\t\t\t\t\t\t\t<\/a>\n\t\t\t\t\t\t\t\t\t<\/li>\n\t\t\t\t\t\t\t\t<li class=\"elementor-icon-list-item\">\n\t\t\t\t\t\t\t\t\t\t\t<a href=\"https:\/\/www2.unifap.br\/indigena\/aacc\/atividade-cultural-ture-de-encerramento-da-etapa-de-julho2016\/\">\n\n\t\t\t\t\t\t\t\t\t\t\t\t<span class=\"elementor-icon-list-icon\">\n\t\t\t\t\t\t\t<i aria-hidden=\"true\" class=\"fas fa-check\"><\/i>\t\t\t\t\t\t<\/span>\n\t\t\t\t\t\t\t\t\t\t<span class=\"elementor-icon-list-text\">Atividade cultural \u201cTur\u00e9\u201d de encerramento da etapa de Julho\/2016<\/span>\n\t\t\t\t\t\t\t\t\t\t\t<\/a>\n\t\t\t\t\t\t\t\t\t<\/li>\n\t\t\t\t\t\t\t\t<li class=\"elementor-icon-list-item\">\n\t\t\t\t\t\t\t\t\t\t\t<a href=\"https:\/\/www2.unifap.br\/indigena\/aacc\/palestra-entra-seculo-sai-seculo-os-povos-indigenas-e-uma-outra-historia-possivel-por-artionka-capiberibe\/\">\n\n\t\t\t\t\t\t\t\t\t\t\t\t<span class=\"elementor-icon-list-icon\">\n\t\t\t\t\t\t\t<i aria-hidden=\"true\" class=\"fas fa-check\"><\/i>\t\t\t\t\t\t<\/span>\n\t\t\t\t\t\t\t\t\t\t<span class=\"elementor-icon-list-text\">Palestra: \u201cEntra s\u00e9culo, sa\u00ed s\u00e9culo: os povos ind\u00edgenas e uma outra hist\u00f3ria poss\u00edvel\u201d, por Artionka Capiberibe<\/span>\n\t\t\t\t\t\t\t\t\t\t\t<\/a>\n\t\t\t\t\t\t\t\t\t<\/li>\n\t\t\t\t\t\t\t\t<li class=\"elementor-icon-list-item\">\n\t\t\t\t\t\t\t\t\t\t\t<a href=\"https:\/\/www2.unifap.br\/indigena\/aacc\/mesa-redonda-movimento-indigena-i\/\">\n\n\t\t\t\t\t\t\t\t\t\t\t\t<span class=\"elementor-icon-list-icon\">\n\t\t\t\t\t\t\t<i aria-hidden=\"true\" class=\"fas fa-check\"><\/i>\t\t\t\t\t\t<\/span>\n\t\t\t\t\t\t\t\t\t\t<span class=\"elementor-icon-list-text\">Mesa-redonda: \u201cMovimento Ind\u00edgena I\u201d<\/span>\n\t\t\t\t\t\t\t\t\t\t\t<\/a>\n\t\t\t\t\t\t\t\t\t<\/li>\n\t\t\t\t\t\t\t\t<li class=\"elementor-icon-list-item\">\n\t\t\t\t\t\t\t\t\t\t\t<a href=\"https:\/\/www2.unifap.br\/indigena\/aacc\/mesa-redonda-movimento-indigena-ii\/\">\n\n\t\t\t\t\t\t\t\t\t\t\t\t<span class=\"elementor-icon-list-icon\">\n\t\t\t\t\t\t\t<i aria-hidden=\"true\" class=\"fas fa-check\"><\/i>\t\t\t\t\t\t<\/span>\n\t\t\t\t\t\t\t\t\t\t<span class=\"elementor-icon-list-text\">Mesa-redonda: \u201cMovimento Ind\u00edgena II\u201d<\/span>\n\t\t\t\t\t\t\t\t\t\t\t<\/a>\n\t\t\t\t\t\t\t\t\t<\/li>\n\t\t\t\t\t\t\t\t<li class=\"elementor-icon-list-item\">\n\t\t\t\t\t\t\t\t\t\t\t<a href=\"https:\/\/www2.unifap.br\/indigena\/aacc\/i-noite-cultural-do-curso-de-licenciatura-intercultural-indigena\/\">\n\n\t\t\t\t\t\t\t\t\t\t\t\t<span class=\"elementor-icon-list-icon\">\n\t\t\t\t\t\t\t<i aria-hidden=\"true\" class=\"fas fa-check\"><\/i>\t\t\t\t\t\t<\/span>\n\t\t\t\t\t\t\t\t\t\t<span class=\"elementor-icon-list-text\">Noite Cultural do Curso de Licenciatura Intercultural Ind\u00edgena<\/span>\n\t\t\t\t\t\t\t\t\t\t\t<\/a>\n\t\t\t\t\t\t\t\t\t<\/li>\n\t\t\t\t\t\t\t\t<li class=\"elementor-icon-list-item\">\n\t\t\t\t\t\t\t\t\t\t\t<a href=\"https:\/\/www2.unifap.br\/indigena\/extensao\/projetos-de-extensao-em-andamento\/acoes-afirmativas-no-campus-binacional-de-oiapoque\/\">\n\n\t\t\t\t\t\t\t\t\t\t\t\t<span class=\"elementor-icon-list-icon\">\n\t\t\t\t\t\t\t<i aria-hidden=\"true\" class=\"fas fa-check\"><\/i>\t\t\t\t\t\t<\/span>\n\t\t\t\t\t\t\t\t\t\t<span class=\"elementor-icon-list-text\">A\u00c7\u00d5ES AFIRMATIVAS NO CAMPUS BINACIONAL PSEIQ\/2018<\/span>\n\t\t\t\t\t\t\t\t\t\t\t<\/a>\n\t\t\t\t\t\t\t\t\t<\/li>\n\t\t\t\t\t\t\t\t<li class=\"elementor-icon-list-item\">\n\t\t\t\t\t\t\t\t\t\t\t<a href=\"https:\/\/www2.unifap.br\/indigena\/extensao\/projetos-de-extensao-em-andamento\/dialogos-indigenistas\/\">\n\n\t\t\t\t\t\t\t\t\t\t\t\t<span class=\"elementor-icon-list-icon\">\n\t\t\t\t\t\t\t<i aria-hidden=\"true\" class=\"fas fa-check\"><\/i>\t\t\t\t\t\t<\/span>\n\t\t\t\t\t\t\t\t\t\t<span class=\"elementor-icon-list-text\">Di\u00e1logos Indigenistas<\/span>\n\t\t\t\t\t\t\t\t\t\t\t<\/a>\n\t\t\t\t\t\t\t\t\t<\/li>\n\t\t\t\t\t\t\t\t<li class=\"elementor-icon-list-item\">\n\t\t\t\t\t\t\t\t\t\t\t<a href=\"https:\/\/www2.unifap.br\/indigena\/extensao\/projetos-de-extensao-em-andamento\/fala-parente-ciclo-de-palestras-indigenas\/\">\n\n\t\t\t\t\t\t\t\t\t\t\t\t<span class=\"elementor-icon-list-icon\">\n\t\t\t\t\t\t\t<i aria-hidden=\"true\" class=\"fas fa-check\"><\/i>\t\t\t\t\t\t<\/span>\n\t\t\t\t\t\t\t\t\t\t<span class=\"elementor-icon-list-text\">Fala parente!<\/span>\n\t\t\t\t\t\t\t\t\t\t\t<\/a>\n\t\t\t\t\t\t\t\t\t<\/li>\n\t\t\t\t\t\t<\/ul>\n\t\t\t\t\t\t<\/div>\n\t\t\t\t<\/div>\n\t\t\t\t\t<\/div>\n\t\t<\/div>\n\t\t\t\t\t<\/div>\n\t\t<\/section>\n\t\t\t\t<\/div>\n\t\t","protected":false},"excerpt":{"rendered":"<p>Atividades de Extens\u00e3o (AEX) Comiss\u00e3o de Extens\u00e3o Curricular : Solange Rodrigues da Silva (presidenta), Gelsama Mara F. dos Santos, Maria Adriana Leite, Glauber Romling Da Silva e Raiane Albuquerque Silva.Portaria: N\u00ba 1904\/2024 O Curso de Licenciatura\u00a0 Intercultural Ind\u00edgena, em conson\u00e2ncia com a Resolu\u00e7\u00e3o n\u00ba 7, de 18 de dezembro de 2018, que estabelece as Diretrizes&#8230;<\/p>\n","protected":false},"author":824,"featured_media":0,"parent":0,"menu_order":5,"comment_status":"open","ping_status":"open","template":"","meta":{"inline_featured_image":false,"ngg_post_thumbnail":0,"footnotes":""},"class_list":["post-855","page","type-page","status-publish","hentry","entry"],"_links":{"self":[{"href":"https:\/\/www2.unifap.br\/indigena\/wp-json\/wp\/v2\/pages\/855","targetHints":{"allow":["GET"]}}],"collection":[{"href":"https:\/\/www2.unifap.br\/indigena\/wp-json\/wp\/v2\/pages"}],"about":[{"href":"https:\/\/www2.unifap.br\/indigena\/wp-json\/wp\/v2\/types\/page"}],"author":[{"embeddable":true,"href":"https:\/\/www2.unifap.br\/indigena\/wp-json\/wp\/v2\/users\/824"}],"replies":[{"embeddable":true,"href":"https:\/\/www2.unifap.br\/indigena\/wp-json\/wp\/v2\/comments?post=855"}],"version-history":[{"count":57,"href":"https:\/\/www2.unifap.br\/indigena\/wp-json\/wp\/v2\/pages\/855\/revisions"}],"predecessor-version":[{"id":3392,"href":"https:\/\/www2.unifap.br\/indigena\/wp-json\/wp\/v2\/pages\/855\/revisions\/3392"}],"wp:attachment":[{"href":"https:\/\/www2.unifap.br\/indigena\/wp-json\/wp\/v2\/media?parent=855"}],"curies":[{"name":"wp","href":"https:\/\/api.w.org\/{rel}","templated":true}]}}