{"id":116,"date":"2013-12-20T12:07:32","date_gmt":"2013-12-20T12:07:32","guid":{"rendered":"http:\/\/www2.unifap.br\/jornalismo\/?page_id=116"},"modified":"2025-11-05T17:55:02","modified_gmt":"2025-11-05T17:55:02","slug":"colegiado-de-curso","status":"publish","type":"page","link":"https:\/\/www2.unifap.br\/jornalismo\/colegiado-de-curso\/","title":{"rendered":"Colegiado de Curso"},"content":{"rendered":"<p><strong>Docentes<\/strong><\/p>\n<p>Prof. Dr. Alan Milhomem da Silva (professor efetivo)<\/p>\n<p>Prof. Especialista Aline Michelle Ferreira Correa (professora substituta)<\/p>\n<p>PRof. Me. Andrew Aurelio Pinto Costa (professor substituto)<\/p>\n<p>Profa. Ma. Elis\u00e2ngela Lima de Andrade (afastada para doutorado)<\/p>\n<p style=\"text-align: left\">Profa. Dra. Isabel Regina Augusto (atualmente prestando servi\u00e7os na UFES)<\/p>\n<p style=\"text-align: left\">Prof. Dr. Ivan Carlo de Andrade <span style=\"line-height: 24px\">(atualmente em licen\u00e7a capacita\u00e7\u00e3o &#8211; 3 meses &#8211; a contar de in\u00edcio de maio de 2025)<\/span><\/p>\n<p>Prof. Me. Jacks de Mello Andrade Junior (atualmente afastado para doutorado)<\/p>\n<p>Prof. Me. Jacqueline Freitas Ara\u00fajo (professora substituta)<\/p>\n<p style=\"text-align: left\"><span style=\"line-height: 24px\">Profa. Dra. Lylian Caroline Maciel Rodrigues (professora efetiva)<\/span><\/p>\n<p style=\"text-align: left\"><span style=\"line-height: 24px\">Profa. Dra. Luciana Macedo (requisitada para prestar servi\u00e7os ao Governo Federal)<\/span><\/p>\n<p>Prof. Me. Patr\u00edcia Teixeira (atualmente afastada para doutorado)<\/p>\n<p>Prof. Ma. Paloma Fran\u00e7a Castro (professora Substituta)<\/p>\n<p style=\"text-align: left\">Prof. Dr. Paulo Giraldi <span style=\"line-height: 24px\">(cedido para prestar servi\u00e7os ao Governo Federal)<\/span><\/p>\n<p style=\"text-align: left\"><span style=\"line-height: 24px\">Profa. Dra. Roberta Scheibe (professora efetiva e coordenadora do curso at\u00e9 outubro de 2025)<\/span><\/p>\n<p style=\"text-align: left\">Prof. Dr. Rafael dos Santos Costa (professor efetivo e vice-coordenador do curso at\u00e9 outubro de 2025)<\/p>\n<p>Prof. Dr. Augusto Flamaryon Cecchin Bozz<\/p>\n<p>Prof. Dr. Danilo Borges e Silva de Ara\u00fajo<\/p>\n<p>&nbsp;<\/p>\n<p><strong>Corpo T\u00e9cnico<\/strong><\/p>\n<p>\u00c9rick Souza<\/p>\n<p>S\u00edlvio Souza (atualmente cedido para a Assembleia Legislativa do Estado do Amap\u00e1)<\/p>\n<p>&nbsp;<\/p>\n<p><strong>E-mail para contato<\/strong>: jornalismo@unifap.br<\/p>\n<p>&nbsp;<\/p>\n<p>(atualizado em 05 de novembro de 2025).<\/p>\n<p>&nbsp;<\/p>\n","protected":false},"excerpt":{"rendered":"<p>Docentes Prof. Dr. Alan Milhomem da Silva (professor efetivo) Prof. Especialista Aline Michelle Ferreira Correa (professora substituta) PRof. Me. Andrew Aurelio Pinto Costa (professor substituto) Profa. Ma. Elis\u00e2ngela Lima de Andrade (afastada para doutorado) Profa. Dra. Isabel Regina Augusto (atualmente&hellip; <\/p>\n<p><a href=\"https:\/\/www2.unifap.br\/jornalismo\/colegiado-de-curso\/\" class=\"readmore-button\">Continue Reading<\/a><\/p>\n","protected":false},"author":396,"featured_media":0,"parent":0,"menu_order":0,"comment_status":"open","ping_status":"open","template":"","meta":{"inline_featured_image":false,"ngg_post_thumbnail":0,"footnotes":""},"class_list":["post-116","page","type-page","status-publish","hentry"],"_links":{"self":[{"href":"https:\/\/www2.unifap.br\/jornalismo\/wp-json\/wp\/v2\/pages\/116","targetHints":{"allow":["GET"]}}],"collection":[{"href":"https:\/\/www2.unifap.br\/jornalismo\/wp-json\/wp\/v2\/pages"}],"about":[{"href":"https:\/\/www2.unifap.br\/jornalismo\/wp-json\/wp\/v2\/types\/page"}],"author":[{"embeddable":true,"href":"https:\/\/www2.unifap.br\/jornalismo\/wp-json\/wp\/v2\/users\/396"}],"replies":[{"embeddable":true,"href":"https:\/\/www2.unifap.br\/jornalismo\/wp-json\/wp\/v2\/comments?post=116"}],"version-history":[{"count":31,"href":"https:\/\/www2.unifap.br\/jornalismo\/wp-json\/wp\/v2\/pages\/116\/revisions"}],"predecessor-version":[{"id":3764,"href":"https:\/\/www2.unifap.br\/jornalismo\/wp-json\/wp\/v2\/pages\/116\/revisions\/3764"}],"wp:attachment":[{"href":"https:\/\/www2.unifap.br\/jornalismo\/wp-json\/wp\/v2\/media?parent=116"}],"curies":[{"name":"wp","href":"https:\/\/api.w.org\/{rel}","templated":true}]}}