{"id":123,"date":"2013-12-20T12:15:16","date_gmt":"2013-12-20T12:15:16","guid":{"rendered":"http:\/\/www2.unifap.br\/jornalismo\/?page_id=123"},"modified":"2024-07-08T19:59:34","modified_gmt":"2024-07-08T19:59:34","slug":"grupos-de-pesquisa","status":"publish","type":"page","link":"https:\/\/www2.unifap.br\/jornalismo\/grupos-e-projetos-de-pesquisa\/grupos-de-pesquisa\/","title":{"rendered":"Grupos de Pesquisa"},"content":{"rendered":"<p><strong>Cultura Pop<\/strong><\/p>\n<p>Projeto re\u00fane estudos sobre a linguagem das hist\u00f3rias em quadrinhos abordando sua evolu\u00e7\u00e3o e influ\u00eancia no cinema e s\u00e9ries, passando pelo jornalismo, assim como a evolu\u00e7\u00e3o textual no sentido de ser informativo na rela\u00e7\u00e3o com a imagem. Possui as linhas de pesquisa Arte, cultura e visualidades e Cartografias do imagin\u00e1rio, abarcando tamb\u00e9m temas afins a \u00e1rea.<\/p>\n<p><strong>Coordenador<\/strong>: Prof. Dr. Ivan Carlo Andrade de Oliveira<\/p>\n","protected":false},"excerpt":{"rendered":"<p>Cultura Pop Projeto re\u00fane estudos sobre a linguagem das hist\u00f3rias em quadrinhos abordando sua evolu\u00e7\u00e3o e influ\u00eancia no cinema e s\u00e9ries, passando pelo jornalismo, assim como a evolu\u00e7\u00e3o textual no sentido de ser informativo na rela\u00e7\u00e3o com a imagem. Possui&hellip; <\/p>\n<p><a href=\"https:\/\/www2.unifap.br\/jornalismo\/grupos-e-projetos-de-pesquisa\/grupos-de-pesquisa\/\" class=\"readmore-button\">Continue Reading<\/a><\/p>\n","protected":false},"author":396,"featured_media":0,"parent":97,"menu_order":0,"comment_status":"open","ping_status":"open","template":"","meta":{"inline_featured_image":false,"ngg_post_thumbnail":0,"footnotes":""},"class_list":["post-123","page","type-page","status-publish","hentry"],"_links":{"self":[{"href":"https:\/\/www2.unifap.br\/jornalismo\/wp-json\/wp\/v2\/pages\/123","targetHints":{"allow":["GET"]}}],"collection":[{"href":"https:\/\/www2.unifap.br\/jornalismo\/wp-json\/wp\/v2\/pages"}],"about":[{"href":"https:\/\/www2.unifap.br\/jornalismo\/wp-json\/wp\/v2\/types\/page"}],"author":[{"embeddable":true,"href":"https:\/\/www2.unifap.br\/jornalismo\/wp-json\/wp\/v2\/users\/396"}],"replies":[{"embeddable":true,"href":"https:\/\/www2.unifap.br\/jornalismo\/wp-json\/wp\/v2\/comments?post=123"}],"version-history":[{"count":25,"href":"https:\/\/www2.unifap.br\/jornalismo\/wp-json\/wp\/v2\/pages\/123\/revisions"}],"predecessor-version":[{"id":3632,"href":"https:\/\/www2.unifap.br\/jornalismo\/wp-json\/wp\/v2\/pages\/123\/revisions\/3632"}],"up":[{"embeddable":true,"href":"https:\/\/www2.unifap.br\/jornalismo\/wp-json\/wp\/v2\/pages\/97"}],"wp:attachment":[{"href":"https:\/\/www2.unifap.br\/jornalismo\/wp-json\/wp\/v2\/media?parent=123"}],"curies":[{"name":"wp","href":"https:\/\/api.w.org\/{rel}","templated":true}]}}