{"id":126,"date":"2013-12-20T12:15:56","date_gmt":"2013-12-20T12:15:56","guid":{"rendered":"http:\/\/www2.unifap.br\/jornalismo\/?page_id=126"},"modified":"2025-01-24T17:41:32","modified_gmt":"2025-01-24T17:41:32","slug":"projetos-de-pesquisa","status":"publish","type":"page","link":"https:\/\/www2.unifap.br\/jornalismo\/grupos-e-projetos-de-pesquisa\/projetos-de-pesquisa\/","title":{"rendered":"Projetos de Pesquisa"},"content":{"rendered":"<p><strong>Projeto de Pesquisa Estudos Semi\u00f3ticos sobre a classifica\u00e7\u00e3o dos Signos Cinematogr\u00e1ficos de Gilles Deleuze<\/strong><\/p>\n<div>O atual Projeto busca investigar a influ\u00eancia peirceana sobre o pensamento cinematogr\u00e1fico de Deleuze, acerca das imagens-movimento e das imagens-tempo, procurando revelar os modos como os pensamentos de Peirce e Deleuze se agenciam para dar lugar a uma nova imagem de pensamento, cuja mat\u00e9ria de express\u00e3o s\u00e3o as imagens cinematogr\u00e1ficas, na qual tentaremos reconhec\u00ea-la em diversos filmes. Esta pesquisa tamb\u00e9m contribui para demonstrar que a pr\u00e1tica da escrita deleuzeana concebida pelo vi\u00e9s peirceano pode trazer relevantes contribui\u00e7\u00f5es para ambas as teorias.<\/div>\n<div><\/div>\n<div><strong>Coordena\u00e7\u00e3o<\/strong>: Prof Dr. Rafael Wagner<br \/>\n<strong>Contato<\/strong>: <a href=\"mailto:rwcosta@ig.com.br\">rwcosta@ig.com.br<\/a><\/div>\n<p>_____________________________________________<\/p>\n<p><strong>Projeto de pesquisa Linguagem dos Quadrinhos<\/strong><\/p>\n<p>O projeto de Pesquisa Linguagem dos Quadrinhos pretende reunir estudos sobre a linguagem das hist\u00f3rias em quadrinhos abordando sua evolu\u00e7\u00e3o e a influ\u00eancia do cinema e s\u00e9ries, assim como a evolu\u00e7\u00e3o textual das hist\u00f3rias em quadrinhos. Um dos produtos do projeto de pesquisa \u00e9 o congresso Aspas Norte, vers\u00e3o regional dos congressos da Aspas (Associa\u00e7\u00e3o de Pesquisadores em Arte Sequ\u00eancial) que j\u00e1 gerou como frutos dois livros, A Linguagem dos Quadrinhos e Cultura Pop, comunica\u00e7\u00e3o e linguagem.<\/p>\n<p><strong>Coordena\u00e7\u00e3o<\/strong>: Prof. Dr. Ivan Carlo Andrade<br \/>\n<strong>Contato<\/strong>: <a class=\"rABsFf RffVmb AL18ce\" href=\"mailto:profivancarlo@gmail.com\" target=\"_blank\" rel=\"noopener noreferrer\" data-tooltip-position=\"top\" data-tooltip=\"Do Contatos do Google\">profivancarlo@gmail.com<\/a><\/p>\n<p><strong>Mais informa\u00e7\u00f5es:<\/strong> <a href=\"http:\/\/ivancarlo.blogspot.com\/\" data-saferedirecturl=\"https:\/\/www.google.com\/url?q=http:\/\/ivancarlo.blogspot.com\/&amp;source=gmail&amp;ust=1636740271494000&amp;usg=AOvVaw1WYRGb4_qSFdBZ3u-smyyT\">http:\/\/ivancarlo.blogspot.com\/<\/a><\/p>\n<p>___________________________________________________<\/p>\n<p><strong>Comunica\u00e7\u00e3o e Autoconhecimento: Ferramentas de tecnologia interior na promo\u00e7\u00e3o das pr\u00e1ticas de bem-estar<\/strong><\/p>\n<p>O projeto de pesquisa Comunica\u00e7\u00e3o e Autoconhecimento: Ferramentas de tecnologia interior na promo\u00e7\u00e3o das pr\u00e1ticas de bem-estar tem por objetivo realizar estudos acerca dos v\u00ednculos e das possibilidades de aproxima\u00e7\u00f5es entre a \u00e1rea da Comunica\u00e7\u00e3o e o que chamamos de ferramentas de tecnologia interior, que s\u00e3o medita\u00e7\u00e3o, hipnoterapia, ioga, t\u00e9cnicas de respira\u00e7\u00e3o, comunica\u00e7\u00e3o n\u00e3o-violenta e comunica\u00e7\u00e3o assertiva. Pretendemos evidenciar como estes processos de busca interior se baseiam em metodologias milenares ancoradas em pressupostos comunicacionais. Trabalharemos a presente tem\u00e1tica nos fundamentando em conceitos \u00e0 luz da comunica\u00e7\u00e3o e da sociologia, como sujeitos subjetivados, pr\u00e1ticas de si e comunica\u00e7\u00e3o n\u00e3o-violenta, relacionando-os \u00e0 literatura sobre as pr\u00e1ticas destas tecnologias interiores citadas acima.<\/p>\n<p><strong>Coordena\u00e7\u00e3o<\/strong>: Prof. Dra. Roberta Scheibe<br \/>\n<strong>Contato<\/strong>: <a href=\"mailto:roberta.scheibe@unifap.br\">roberta.scheibe@unifap.br<\/a><\/p>\n<p><strong>Equipe: <\/strong><\/p>\n<p>Prof. Dra. Roberta Scheibe<\/p>\n<p>Prof. Dr. Ivan Carlo Andrade de Oliveira<\/p>\n<p>Prof. Msc. Andrew Aurelio Pinto de Almeida Costa<\/p>\n","protected":false},"excerpt":{"rendered":"<p>Projeto de Pesquisa Estudos Semi\u00f3ticos sobre a classifica\u00e7\u00e3o dos Signos Cinematogr\u00e1ficos de Gilles Deleuze O atual Projeto busca investigar a influ\u00eancia peirceana sobre o pensamento cinematogr\u00e1fico de Deleuze, acerca das imagens-movimento e das imagens-tempo, procurando revelar os modos como os&hellip; <\/p>\n<p><a href=\"https:\/\/www2.unifap.br\/jornalismo\/grupos-e-projetos-de-pesquisa\/projetos-de-pesquisa\/\" class=\"readmore-button\">Continue Reading<\/a><\/p>\n","protected":false},"author":396,"featured_media":0,"parent":97,"menu_order":0,"comment_status":"open","ping_status":"open","template":"","meta":{"inline_featured_image":false,"ngg_post_thumbnail":0,"footnotes":""},"class_list":["post-126","page","type-page","status-publish","hentry"],"_links":{"self":[{"href":"https:\/\/www2.unifap.br\/jornalismo\/wp-json\/wp\/v2\/pages\/126","targetHints":{"allow":["GET"]}}],"collection":[{"href":"https:\/\/www2.unifap.br\/jornalismo\/wp-json\/wp\/v2\/pages"}],"about":[{"href":"https:\/\/www2.unifap.br\/jornalismo\/wp-json\/wp\/v2\/types\/page"}],"author":[{"embeddable":true,"href":"https:\/\/www2.unifap.br\/jornalismo\/wp-json\/wp\/v2\/users\/396"}],"replies":[{"embeddable":true,"href":"https:\/\/www2.unifap.br\/jornalismo\/wp-json\/wp\/v2\/comments?post=126"}],"version-history":[{"count":39,"href":"https:\/\/www2.unifap.br\/jornalismo\/wp-json\/wp\/v2\/pages\/126\/revisions"}],"predecessor-version":[{"id":3673,"href":"https:\/\/www2.unifap.br\/jornalismo\/wp-json\/wp\/v2\/pages\/126\/revisions\/3673"}],"up":[{"embeddable":true,"href":"https:\/\/www2.unifap.br\/jornalismo\/wp-json\/wp\/v2\/pages\/97"}],"wp:attachment":[{"href":"https:\/\/www2.unifap.br\/jornalismo\/wp-json\/wp\/v2\/media?parent=126"}],"curies":[{"name":"wp","href":"https:\/\/api.w.org\/{rel}","templated":true}]}}