{"id":156,"date":"2013-12-20T13:51:24","date_gmt":"2013-12-20T13:51:24","guid":{"rendered":"http:\/\/www2.unifap.br\/jornalismo\/?page_id=156"},"modified":"2025-01-24T17:36:13","modified_gmt":"2025-01-24T17:36:13","slug":"projetos-de-extensao","status":"publish","type":"page","link":"https:\/\/www2.unifap.br\/jornalismo\/projetos-de-extensao\/","title":{"rendered":"EXTENS\u00c3O"},"content":{"rendered":"<p><strong>AGCOM &#8211; Ag\u00eancia experimental de jornalismo &#8211; <\/strong> A Ag\u00eancia de Comunica\u00e7\u00e3o Experimental do curso de Jornalismo da Universidade Federal do Amap\u00e1 \u00e9 um espa\u00e7o importante de aprendizagem e pr\u00e1tica jornal\u00edstica para discentes do curso. O projeto consiste em produ\u00e7\u00e3o de not\u00edcias, elabora\u00e7\u00e3o de produtos midi\u00e1ticos convergentes, como v\u00eddeos e podcast, al\u00e9m de ser uma articula\u00e7\u00e3o junto aos movimentos de minoria pol\u00edtica da cidade.<\/p>\n<p><b>Equipe:<\/b><\/p>\n<p>Profa. Dra. Lylian Rodrigues<\/p>\n<p><strong>Links:<\/strong> <a href=\"http:\/\/www.jornalismoagcom.com\/\">\u00a0http:\/\/www.jornalismoagcom.com\/\u00a0<\/a> <a href=\"https:\/\/www.instagram.com\/jornalismoagcom\/\">https:\/\/www.instagram.com\/jornalismoagcom\/<\/a><\/p>\n<p>(projeto no momento parado, esperando retorno da prof. Lylian de Licen\u00e7a maternidade.<\/p>\n<p>_______________________________________________________<\/p>\n<p><strong>Programa R\u00e1dio Pop<\/strong><\/p>\n<p style=\"font-weight: 400\">R\u00e1dio Pop \u00e9 um programa de r\u00e1dio voltado para a veicula\u00e7\u00e3o de not\u00edcias sobre a cultura pop (quadrinhos, seriados, games, filmes, m\u00fasica). O programa funciona como espa\u00e7o de aprendizado para os alunos do curso de Jornalismo, que s\u00e3o respons\u00e1veis pela elabora\u00e7\u00e3o de roteiros, produ\u00e7\u00e3o e apresenta\u00e7\u00e3o.<\/p>\n<p><strong>Equipe:\u00a0<\/strong>Prof. Dr. Ivan Carlo Andrade.<\/p>\n<p>_______________________________________________________<\/p>\n<p><strong>N\u00e3o pira, respira! Pr\u00e1ticas de comunica\u00e7\u00e3o e bem-estar na r\u00e1dio Universit\u00e1ria<\/strong><\/p>\n<p>O projeto de extens\u00e3o N\u00e3o pira, respira! Pr\u00e1ticas de Comunica\u00e7\u00e3o e Bem-estar visa proporcionar aos alunos, professores, t\u00e9cnicos bem como a toda a Universidade Federal do AMap\u00e1 (UNIFAP) e a comunidade em geral interessada, um programa de r\u00e1dio semanal com pr\u00e1ticas de bem-estar, sa\u00fade f\u00edsica e mental, pr\u00e1ticas esportivas, t\u00e9cnicas de autoconhecimento, comunica\u00e7\u00e3o n\u00e3o-violenta e comunica\u00e7\u00e3o assertiva &#8211; procedimentos de conhecimentos sobre si trabalhados \u00e0 luz de conhecimentos milenares de medita\u00e7\u00e3o, de estudos espec\u00edficos da comunica\u00e7\u00e3o e de t\u00e9cnicas pontuais de psicologia. Os programas ser\u00e3o conduzidos por professores e alunos do curso de Jornalismo e convidados, com entrevistas, rodas de conversas e informa\u00e7\u00f5es. Em paralelo, o projeto oferece pontualmente aulas de yoga e outras a\u00e7\u00f5es.<\/p>\n<p><strong>Equipe:\u00a0<\/strong><\/p>\n<p>Prof. Dra. Roberta Scheibe<\/p>\n<p>Prof. Dr. Ivan Carlo Andrade.<\/p>\n<p>Prof. Msc. Andrew Costa<\/p>\n<p>E profissionais e alunos convidados.<\/p>\n<div dir=\"auto\"><\/div>\n","protected":false},"excerpt":{"rendered":"<p>AGCOM &#8211; Ag\u00eancia experimental de jornalismo &#8211; A Ag\u00eancia de Comunica\u00e7\u00e3o Experimental do curso de Jornalismo da Universidade Federal do Amap\u00e1 \u00e9 um espa\u00e7o importante de aprendizagem e pr\u00e1tica jornal\u00edstica para discentes do curso. O projeto consiste em produ\u00e7\u00e3o de&hellip; <\/p>\n<p><a href=\"https:\/\/www2.unifap.br\/jornalismo\/projetos-de-extensao\/\" class=\"readmore-button\">Continue Reading<\/a><\/p>\n","protected":false},"author":396,"featured_media":0,"parent":0,"menu_order":0,"comment_status":"open","ping_status":"open","template":"","meta":{"inline_featured_image":false,"ngg_post_thumbnail":0,"footnotes":""},"class_list":["post-156","page","type-page","status-publish","hentry"],"_links":{"self":[{"href":"https:\/\/www2.unifap.br\/jornalismo\/wp-json\/wp\/v2\/pages\/156","targetHints":{"allow":["GET"]}}],"collection":[{"href":"https:\/\/www2.unifap.br\/jornalismo\/wp-json\/wp\/v2\/pages"}],"about":[{"href":"https:\/\/www2.unifap.br\/jornalismo\/wp-json\/wp\/v2\/types\/page"}],"author":[{"embeddable":true,"href":"https:\/\/www2.unifap.br\/jornalismo\/wp-json\/wp\/v2\/users\/396"}],"replies":[{"embeddable":true,"href":"https:\/\/www2.unifap.br\/jornalismo\/wp-json\/wp\/v2\/comments?post=156"}],"version-history":[{"count":37,"href":"https:\/\/www2.unifap.br\/jornalismo\/wp-json\/wp\/v2\/pages\/156\/revisions"}],"predecessor-version":[{"id":3669,"href":"https:\/\/www2.unifap.br\/jornalismo\/wp-json\/wp\/v2\/pages\/156\/revisions\/3669"}],"wp:attachment":[{"href":"https:\/\/www2.unifap.br\/jornalismo\/wp-json\/wp\/v2\/media?parent=156"}],"curies":[{"name":"wp","href":"https:\/\/api.w.org\/{rel}","templated":true}]}}