{"id":236,"date":"2013-12-22T19:25:02","date_gmt":"2013-12-22T19:25:02","guid":{"rendered":"http:\/\/www2.unifap.br\/jornalismo\/?page_id=236"},"modified":"2024-07-05T21:28:54","modified_gmt":"2024-07-05T21:28:54","slug":"links-uteis","status":"publish","type":"page","link":"https:\/\/www2.unifap.br\/jornalismo\/links-uteis\/","title":{"rendered":"Links \u00dateis"},"content":{"rendered":"<p>&nbsp;<\/p>\n<p><strong>PRODU\u00c7\u00d5ES DO CURSO<\/strong><\/p>\n<p><strong>AGCOM<\/strong> &#8211; <a href=\"https:\/\/www.jornalismoagcom.com\/blog\">https:\/\/www.jornalismoagcom.com\/blog<\/a><\/p>\n<p><strong>R\u00e1dio Web UNIFAP:\u00a0<\/strong><a href=\"https:\/\/soundcloud.com\/radiowebunifap\">https:\/\/soundcloud.com\/radiowebunifap<\/a><\/p>\n<p><strong>Cu\u00edra Not\u00edcias<\/strong>: <a title=\"Cu\u00edra\" href=\"http:\/\/cuira.site.com.br\/\" target=\"_blank\" rel=\"noopener noreferrer\">http:\/\/cuira.site.com.br\/<\/a><\/p>\n<p><strong>Ci\u00eancia Unifap<\/strong>: <a title=\"Ci\u00eancia Unifap\" href=\"http:\/\/www.cienciaunifap.com\/\" target=\"_blank\" rel=\"noopener noreferrer\">http:\/\/www.cienciaunifap.com\/<\/a><\/p>\n<p>&nbsp;<\/p>\n<p><strong>OUTROS LINKS<\/strong><\/p>\n<p><span style=\"color: #000000\"><strong>Associa\u00e7\u00e3o Brasileira de Pesquisadores de Comunica\u00e7\u00e3o Organizacional e Rela\u00e7\u00f5es P\u00fablicas \u2013 Abracorp<\/strong>: <\/span><a href=\"http:\/\/www.abrapcorp.org.br\/site\/\"><span style=\"color: #000000\">http:\/\/www.abrapcorp.org.br\/site\/<\/span><\/a><\/p>\n<p><span style=\"color: #000000\"><strong>Associa\u00e7\u00e3o Brasileira de Pesquisadores em Cinema e Audiovisual \u2013 Socine:<\/strong> <\/span><a href=\"http:\/\/www.socine.org.br\/\"><span style=\"color: #000000\">http:\/\/www.socine.org.br\/<\/span><\/a><\/p>\n<p><span style=\"color: #000000\"><strong>Associa\u00e7\u00e3o Nacional dos Programas de P\u00f3s-gradua\u00e7\u00e3o em Comunica\u00e7\u00e3o &#8211; COMPOS:<\/strong> <\/span><a href=\"http:\/\/www.compos.org.br\/\"><span style=\"color: #000000\">http:\/\/www.compos.org.br\/<\/span><\/a><\/p>\n<p><span style=\"color: #000000\"><strong>Asssocia\u00e7\u00e3o Brasileira de Pesquisadores em Jornalismo -SBPJor <\/strong><\/span><a href=\"http:\/\/www.sbpjor.org.br\/sbpjor\/\">www.sbpjor.org.br\/sbpjor\/<\/a><\/p>\n<p><span style=\"color: #000000\"><strong>Associa\u00e7\u00e3o de Pesquisadores em Cibercultura \u2013 ABCiber: <\/strong><\/span><a href=\"http:\/\/abciber.org.br\/index1024.html\"><span style=\"color: #000000\">http:\/\/abciber.org.br\/index1024.html<\/span><\/a><\/p>\n<p><span style=\"color: #000000\"><strong>Coordena\u00e7\u00e3o de Aperfei\u00e7oamento de Pessoal de N\u00edvel Superior: <\/strong><\/span><a href=\"http:\/\/www.capes.gov.br\/\"><span style=\"color: #000000\">http:\/\/www.capes.gov.br\/<\/span><\/a><\/p>\n<p><span style=\"color: #000000\"><strong>Compolitica &#8211; Associa\u00e7\u00e3o Brasileira de Pesquisadores em Comunica\u00e7\u00e3o Pol\u00edtica:<\/strong> <\/span><a href=\"http:\/\/www.compolitica.org\/home\"><span style=\"color: #000000\">http:\/\/www.compolitica.org\/home<\/span><\/a><\/p>\n<p><span style=\"color: #000000\"><strong>Conselho Nacional de Desenvolvimento Cient\u00edfico e Tecnol\u00f3gico &#8211; CNPq: <\/strong><\/span><a href=\"http:\/\/www.cnpq.br\/\"><span style=\"color: #000000\">http:\/\/www.cnpq.br\/<\/span><\/a><\/p>\n<p><span style=\"color: #000000\"><strong>Federa\u00e7\u00e3o Nacional dos Jornalistas: <\/strong><\/span><a href=\"http:\/\/www.fenaj.org.br\/\">www.fenaj.org.br\/<\/a><\/p>\n<p><span style=\"color: #000000\"><strong>F\u00f3rum Nacional de Professores de Jornalismo: <\/strong><\/span><a href=\"http:\/\/www.fnpj.org.br\/\">www.fnpj.org.br\/<\/a><\/p>\n<p><strong>F\u00f3rum Nacional pela Democratiza\u00e7\u00e3o da Comunica\u00e7\u00e3o: <\/strong><a href=\"http:\/\/www.fndc.org.br\/\">http:\/\/www.fndc.org.br\/<\/a><\/p>\n<p><span style=\"color: #000000\"><strong>INTERCOM &#8211; Sociedade Brasileira de Estudos Interdisciplinares da Comunica\u00e7\u00e3o:<\/strong> <\/span><a href=\"http:\/\/www.portalintercom.org.br\/\"><span style=\"color: #000000\">http:\/\/www.portalintercom.org.br\/<\/span><\/a><\/p>\n<p><span style=\"color: #000000\"><strong>Instituto de Pesquisas Cient\u00edficas e Tecnol\u00f3gicas do Amap\u00e1: <\/strong><\/span><a href=\"http:\/\/iepa.ap.gov.br\/\"><span style=\"color: #000000\">http:\/\/iepa.ap.gov.br\/<\/span><\/a><\/p>\n<p><span style=\"color: #000000\"><strong>Minist\u00e9rio da Educa\u00e7\u00e3o: <\/strong><\/span><a href=\"http:\/\/www.mec.gov.br\/\">www.mec.gov.br\/<\/a><\/p>\n<p><span style=\"color: #000000\"><strong>Secretaria Estadual de Ci\u00eancia e Tecnologia do Amap\u00e1:<\/strong> <\/span><a href=\"http:\/\/www.setec.ap.gov.br\/\"><span style=\"color: #000000\">http:\/\/www.setec.ap.gov.br\/<\/span><\/a><\/p>\n<p><span style=\"color: #000000\"><strong>Sindicato dos Jornalistas do Amap\u00e1: <\/strong><\/span><a href=\"http:\/\/www.sindjorap.blogspot.com.br\/\">www.sindjorap.blogspot.com.br\/<\/a><\/p>\n<p>&nbsp;<\/p>\n<p><span style=\"color: #000000\"><strong>INTERNACIONAIS<\/strong><\/span><\/p>\n<p><span style=\"color: #000000\"><strong>Asociaci\u00f3n Latinoamericana de Investigadores de la Comunicaci\u00f3n &#8211; Alaic<\/strong><strong>:<\/strong> <\/span><span style=\"color: #000000\"><a href=\"http:\/\/alaic.net\/portal\" target=\"_blank\" rel=\"noopener noreferrer\">alaic.net\/portal<\/a><\/span><\/p>\n<p><span style=\"color: #000000\"><strong>ICA &#8211; International Communication Association:<\/strong> <\/span><a href=\"http:\/\/www.icahdq.org\/\" target=\"_blank\" rel=\"noopener noreferrer\"><span style=\"color: #000000\">www.icahdq.org\/<\/span><\/a><\/p>\n<p><span style=\"color: #000000\"><strong>IAMCR &#8211; The International Association for Media and Communication Research:<\/strong> <\/span><a href=\"http:\/\/iamcr.org\/\" target=\"_blank\" rel=\"noopener noreferrer\"><span style=\"color: #000000\">iamcr.org<\/span><\/a><\/p>\n<p><span style=\"color: #000000\"><strong>LUSOCOM &#8211; Federa\u00e7\u00e3o Lus\u00f3fona de Comunica\u00e7\u00e3o<\/strong><strong>:<\/strong> <\/span><a href=\"http:\/\/www.lusocom.org\/\" target=\"_blank\" rel=\"noopener noreferrer\"><span style=\"color: #000000\">www.lusocom.org<\/span><\/a><\/p>\n<p>&nbsp;<\/p>\n","protected":false},"excerpt":{"rendered":"<p>&nbsp; PRODU\u00c7\u00d5ES DO CURSO AGCOM &#8211; https:\/\/www.jornalismoagcom.com\/blog R\u00e1dio Web UNIFAP:\u00a0https:\/\/soundcloud.com\/radiowebunifap Cu\u00edra Not\u00edcias: http:\/\/cuira.site.com.br\/ Ci\u00eancia Unifap: http:\/\/www.cienciaunifap.com\/ &nbsp; OUTROS LINKS Associa\u00e7\u00e3o Brasileira de Pesquisadores de Comunica\u00e7\u00e3o Organizacional e Rela\u00e7\u00f5es P\u00fablicas \u2013 Abracorp: http:\/\/www.abrapcorp.org.br\/site\/ Associa\u00e7\u00e3o Brasileira de Pesquisadores em Cinema e Audiovisual&hellip; <\/p>\n<p><a href=\"https:\/\/www2.unifap.br\/jornalismo\/links-uteis\/\" class=\"readmore-button\">Continue Reading<\/a><\/p>\n","protected":false},"author":396,"featured_media":0,"parent":0,"menu_order":0,"comment_status":"open","ping_status":"open","template":"","meta":{"inline_featured_image":false,"ngg_post_thumbnail":0,"footnotes":""},"class_list":["post-236","page","type-page","status-publish","hentry"],"_links":{"self":[{"href":"https:\/\/www2.unifap.br\/jornalismo\/wp-json\/wp\/v2\/pages\/236","targetHints":{"allow":["GET"]}}],"collection":[{"href":"https:\/\/www2.unifap.br\/jornalismo\/wp-json\/wp\/v2\/pages"}],"about":[{"href":"https:\/\/www2.unifap.br\/jornalismo\/wp-json\/wp\/v2\/types\/page"}],"author":[{"embeddable":true,"href":"https:\/\/www2.unifap.br\/jornalismo\/wp-json\/wp\/v2\/users\/396"}],"replies":[{"embeddable":true,"href":"https:\/\/www2.unifap.br\/jornalismo\/wp-json\/wp\/v2\/comments?post=236"}],"version-history":[{"count":23,"href":"https:\/\/www2.unifap.br\/jornalismo\/wp-json\/wp\/v2\/pages\/236\/revisions"}],"predecessor-version":[{"id":3622,"href":"https:\/\/www2.unifap.br\/jornalismo\/wp-json\/wp\/v2\/pages\/236\/revisions\/3622"}],"wp:attachment":[{"href":"https:\/\/www2.unifap.br\/jornalismo\/wp-json\/wp\/v2\/media?parent=236"}],"curies":[{"name":"wp","href":"https:\/\/api.w.org\/{rel}","templated":true}]}}