{"id":2681,"date":"2015-11-12T19:56:44","date_gmt":"2015-11-12T19:56:44","guid":{"rendered":"http:\/\/www2.unifap.br\/jornalismo\/?page_id=2681"},"modified":"2015-11-18T19:12:03","modified_gmt":"2015-11-18T19:12:03","slug":"projetos-pedagogicos","status":"publish","type":"page","link":"https:\/\/www2.unifap.br\/jornalismo\/projetos-pedagogicos\/","title":{"rendered":"PROJETO PEDAG\u00d3GICO"},"content":{"rendered":"<p><strong><a href=\"http:\/\/www2.unifap.br\/jornalismo\/files\/2015\/11\/DOCUMENTO-S\u00cdNTESE-PROJETO-POL\u00cdTICO-PEDAG\u00d3GICO-DO-CURSO-DE-BACHARELADO-EM-JORNALISMO-_2016_.pdf\"><a href=\"http:\/\/www2.unifap.br\/jornalismo\/files\/2015\/11\/PROJETO-POL\u00cdTICO-PEDAG\u00d3GICO-DO-CURSO-DE-BACHARELADO-EM-JORNALISMO-_ATUAL_.pdf\">PROJETO POL\u00cdTICO PEDAG\u00d3GICO DO CURSO DE BACHARELADO EM JORNALISMO _ATUAL_<\/a><\/a><\/strong><\/p>\n<p><strong><a href=\"http:\/\/www2.unifap.br\/jornalismo\/files\/2013\/12\/PROJETO-PEDAG\u00d3GICO-CURSO-DE-JORNALISMO.pdf\">PROJETO PEDAG\u00d3GICO CURSO DE JORNALISMO &#8211; 2011-2015<\/a><\/strong><\/p>\n","protected":false},"excerpt":{"rendered":"<p>PROJETO POL\u00cdTICO PEDAG\u00d3GICO DO CURSO DE BACHARELADO EM JORNALISMO _ATUAL_ PROJETO PEDAG\u00d3GICO CURSO DE JORNALISMO &#8211; 2011-2015<\/p>\n","protected":false},"author":830,"featured_media":0,"parent":0,"menu_order":0,"comment_status":"open","ping_status":"open","template":"","meta":{"inline_featured_image":false,"ngg_post_thumbnail":0,"footnotes":""},"class_list":["post-2681","page","type-page","status-publish","hentry"],"_links":{"self":[{"href":"https:\/\/www2.unifap.br\/jornalismo\/wp-json\/wp\/v2\/pages\/2681","targetHints":{"allow":["GET"]}}],"collection":[{"href":"https:\/\/www2.unifap.br\/jornalismo\/wp-json\/wp\/v2\/pages"}],"about":[{"href":"https:\/\/www2.unifap.br\/jornalismo\/wp-json\/wp\/v2\/types\/page"}],"author":[{"embeddable":true,"href":"https:\/\/www2.unifap.br\/jornalismo\/wp-json\/wp\/v2\/users\/830"}],"replies":[{"embeddable":true,"href":"https:\/\/www2.unifap.br\/jornalismo\/wp-json\/wp\/v2\/comments?post=2681"}],"version-history":[{"count":5,"href":"https:\/\/www2.unifap.br\/jornalismo\/wp-json\/wp\/v2\/pages\/2681\/revisions"}],"predecessor-version":[{"id":2723,"href":"https:\/\/www2.unifap.br\/jornalismo\/wp-json\/wp\/v2\/pages\/2681\/revisions\/2723"}],"wp:attachment":[{"href":"https:\/\/www2.unifap.br\/jornalismo\/wp-json\/wp\/v2\/media?parent=2681"}],"curies":[{"name":"wp","href":"https:\/\/api.w.org\/{rel}","templated":true}]}}