{"id":28,"date":"2012-04-16T18:07:26","date_gmt":"2012-04-16T18:07:26","guid":{"rendered":"http:\/\/www2.unifap.br\/jornalismo\/?page_id=28"},"modified":"2025-01-24T17:27:52","modified_gmt":"2025-01-24T17:27:52","slug":"contato","status":"publish","type":"page","link":"https:\/\/www2.unifap.br\/jornalismo\/contato\/","title":{"rendered":"Coordena\u00e7\u00e3o"},"content":{"rendered":"<p>A coordena\u00e7\u00e3o do curso de Jornalismo funciona no Bloco de Letras, Artes e Jornalismo. O atendimento <strong>presencial ao p\u00fablico pelo t\u00e9cnico<\/strong> acontece nos seguintes hor\u00e1rios:<\/p>\n<p>Segunda-feira: 15h \u00e0s 18h30<\/p>\n<p>Ter\u00e7a-feira: 15h \u00e0s 18h30<\/p>\n<p>Quarta-feira: 15h \u00e0s 18h30<\/p>\n<p>Quinta-feira: 15h \u00e0s 18h30<\/p>\n<p>Sexta-feira: 15h \u00e0s 18h30<\/p>\n<p>&nbsp;<\/p>\n<p>A coordenadora, professora Roberta Scheibe, atende de modo remoto, no telefone (96) 981161783 e de modo <strong>presencial<\/strong> nos dias e hor\u00e1rios:<\/p>\n<p>Ter\u00e7as-feiras: 16h \u00e0s 18h30<\/p>\n<p>Quartas-feiras: 16h \u00e0s 19h30<\/p>\n<p>&nbsp;<\/p>\n<p><strong>Coordenadora: <\/strong>Prof. Dra. Roberta Scheibe<br \/>\n<strong>Vice-Coordenador<\/strong>: Prof Dr. Rafael Wagner dos Santos Costa<\/p>\n<p><strong>T\u00e9cnico<\/strong>: Erick Dias<\/p>\n<p><strong style=\"font-size: 16px\">E-mails<\/strong><span style=\"font-size: 16px\">: <\/span><\/p>\n<p><span style=\"font-size: 16px\">roberta.scheibe@unifap.br<\/span><\/p>\n<p>rafaelcosta@unifap.br<\/p>\n<p><span style=\"font-size: 16px\">erick.sousa@hotmail.com<\/span><\/p>\n<p><span style=\"font-size: 16px\">\u00a0<\/span><\/p>\n<p><strong>Endere\u00e7o<br \/>\n<\/strong>Rod. Juscelino Kubitschek, KM-02 Jardim Marco Zero Macap\u00e1 &#8211; AP<br \/>\nCEP 68.903-419<\/p>\n<p>&nbsp;<\/p>\n<p>(atualizado em 24 de janeiro de 2025).<\/p>\n<p>&nbsp;<\/p>\n<p>&nbsp;<\/p>\n<p>&nbsp;<\/p>\n<p><b>PLANO DE A\u00c7\u00c3O DA COORDENA\u00c7\u00c3O DE CURSO<\/b><\/p>\n<p>&nbsp;<\/p>\n<p><span style=\"font-weight: 400\">A gest\u00e3o da coordena\u00e7\u00e3o da professora Roberta Scheibe (portaria 1685\/2024) e do professor Rafael Wagner dos Santos Costa (portaria 1920\/2024) acontece desde 24 de outubro de 2024, em decis\u00e3o registrada na Ata da 5\u00aa Reuni\u00e3o Extraordin\u00e1ria do Colegiado do Curso de Jornalismo da UNIFAP.<\/span><\/p>\n<p><span style=\"font-weight: 400\">A professora Roberta j\u00e1 estava atuando como coordenadora do curso, por\u00e9m de forma substituta, uma vez que a coordenadora Lylian Caroline Maciel Rodrigues estava em licen\u00e7a maternidade. No retorno da professora Lylian, ela disse que n\u00e3o tinha mais interesse em continuar na coordena\u00e7\u00e3o, pois j\u00e1 tinha cumprido dois anos de trabalho.<\/span><\/p>\n<p><span style=\"font-weight: 400\">N\u00e3o havendo nenhum candidato interessado, a professora Roberta e o professor Rafael &#8211; mesmo diante de in\u00fameras dificuldades particulares e tamb\u00e9m de volume de trabalho &#8211; se propuseram a continuar na coordena\u00e7\u00e3o at\u00e9 abril de 2025, e estipularam o seguinte plano de a\u00e7\u00e3o para ser efetivado at\u00e9 abril:<\/span><\/p>\n<p>&nbsp;<\/p>\n<ul>\n<li style=\"font-weight: 400\"><span style=\"font-weight: 400\">Realizar processos a fim de conseguir e agilizar a entrada dos quatro professores substitutos;<\/span><\/li>\n<li style=\"font-weight: 400\"><span style=\"font-weight: 400\">Conseguir a renova\u00e7\u00e3o de contrato do professor Andrew Aurelio Pinto de Almeida Costa;<\/span><\/li>\n<li style=\"font-weight: 400\"><span style=\"font-weight: 400\">Participar da constru\u00e7\u00e3o do regimento do DEPLA &#8211; Departamento de Letras, Artes e Jornalismo;<\/span><\/li>\n<li style=\"font-weight: 400\"><span style=\"font-weight: 400\">Realizar processo a fim de verificar um t\u00e9cnico de som para suprir a aus\u00eancia do t\u00e9cnico de som requisitado pela Assembleia Legislativa do Estado do Amap\u00e1;<\/span><\/li>\n<li style=\"font-weight: 400\"><span style=\"font-weight: 400\">Conseguir reunir o NDE &#8211; mesmo sem ter n\u00famero m\u00ednimo de professores efetivos para realizar as reuni\u00f5es de trabalho &#8211; e dar sequ\u00eancia \u00e0 reda\u00e7\u00e3o do novo PPC (com a curriculariza\u00e7\u00e3o da extens\u00e3o) e realizar o relat\u00f3rio geral do curso;<\/span><\/li>\n<li style=\"font-weight: 400\"><span style=\"font-weight: 400\">Conseguir fechar a parceria com o projeto de extens\u00e3o Unifap Digital para laborat\u00f3rio de inform\u00e1tica espec\u00edfico para as necessidades do curso de Jornalismo;<\/span><\/li>\n<li style=\"font-weight: 400\"><span style=\"font-weight: 400\">Realizar a reda\u00e7\u00e3o e finalizar os regimentos dos laborat\u00f3rios;<\/span><\/li>\n<li style=\"font-weight: 400\"><span style=\"font-weight: 400\">Realizar limpeza f\u00edsica da coordena\u00e7\u00e3o para combater o mofo;<\/span><\/li>\n<li style=\"font-weight: 400\"><span style=\"font-weight: 400\">Atualizar o arquivo hist\u00f3rico do curso (documenta\u00e7\u00e3o) de maneira digitalizada;<\/span><\/li>\n<li style=\"font-weight: 400\"><span style=\"font-weight: 400\">Scanear as atas das reuni\u00f5es de colegiado que ainda est\u00e3o em material impresso e outros documentos importantes &#8211; em fun\u00e7\u00e3o do mofo, realidade dos invernos amaz\u00f4nicos;<\/span><\/li>\n<li style=\"font-weight: 400\"><span style=\"font-weight: 400\">Ofertar de 2 a 4 computadores em uma das salas de atendimento da coordena\u00e7\u00e3o para acesso \u00e0 internet para professores e alunos que precisarem;<\/span><\/li>\n<li style=\"font-weight: 400\"><span style=\"font-weight: 400\">Come\u00e7ar a organizar documenta\u00e7\u00e3o para a pr\u00f3xima visita do MEC.<\/span><\/li>\n<\/ul>\n<p>&nbsp;<\/p>\n<p style=\"text-align: right\"><span style=\"font-weight: 400\">MAcap\u00e1, novembro de 2024.<\/span><\/p>\n<p style=\"text-align: right\"><span style=\"font-weight: 400\">Atualizado em 24 de janeiro de 2025.<\/span><\/p>\n<p>&nbsp;<\/p>\n<p>&nbsp;<\/p>\n","protected":false},"excerpt":{"rendered":"<p>A coordena\u00e7\u00e3o do curso de Jornalismo funciona no Bloco de Letras, Artes e Jornalismo. O atendimento presencial ao p\u00fablico pelo t\u00e9cnico acontece nos seguintes hor\u00e1rios: Segunda-feira: 15h \u00e0s 18h30 Ter\u00e7a-feira: 15h \u00e0s 18h30 Quarta-feira: 15h \u00e0s 18h30 Quinta-feira: 15h \u00e0s&hellip; <\/p>\n<p><a href=\"https:\/\/www2.unifap.br\/jornalismo\/contato\/\" class=\"readmore-button\">Continue Reading<\/a><\/p>\n","protected":false},"author":109,"featured_media":0,"parent":0,"menu_order":0,"comment_status":"open","ping_status":"closed","template":"","meta":{"inline_featured_image":false,"ngg_post_thumbnail":0,"footnotes":""},"class_list":["post-28","page","type-page","status-publish","hentry"],"_links":{"self":[{"href":"https:\/\/www2.unifap.br\/jornalismo\/wp-json\/wp\/v2\/pages\/28","targetHints":{"allow":["GET"]}}],"collection":[{"href":"https:\/\/www2.unifap.br\/jornalismo\/wp-json\/wp\/v2\/pages"}],"about":[{"href":"https:\/\/www2.unifap.br\/jornalismo\/wp-json\/wp\/v2\/types\/page"}],"author":[{"embeddable":true,"href":"https:\/\/www2.unifap.br\/jornalismo\/wp-json\/wp\/v2\/users\/109"}],"replies":[{"embeddable":true,"href":"https:\/\/www2.unifap.br\/jornalismo\/wp-json\/wp\/v2\/comments?post=28"}],"version-history":[{"count":39,"href":"https:\/\/www2.unifap.br\/jornalismo\/wp-json\/wp\/v2\/pages\/28\/revisions"}],"predecessor-version":[{"id":3667,"href":"https:\/\/www2.unifap.br\/jornalismo\/wp-json\/wp\/v2\/pages\/28\/revisions\/3667"}],"wp:attachment":[{"href":"https:\/\/www2.unifap.br\/jornalismo\/wp-json\/wp\/v2\/media?parent=28"}],"curies":[{"name":"wp","href":"https:\/\/api.w.org\/{rel}","templated":true}]}}