{"id":2907,"date":"2017-01-19T14:45:00","date_gmt":"2017-01-19T14:45:00","guid":{"rendered":"http:\/\/www2.unifap.br\/jornalismo\/?page_id=2907"},"modified":"2024-07-05T21:26:30","modified_gmt":"2024-07-05T21:26:30","slug":"coordenacao-de-tcc-2","status":"publish","type":"page","link":"https:\/\/www2.unifap.br\/jornalismo\/coordenacao-de-tcc-2\/","title":{"rendered":"Coordena\u00e7\u00e3o de TCC"},"content":{"rendered":"<p>Coordenador: Prof. Dr. Rafael Costa<\/p>\n<p><a href=\"http:\/\/www2.unifap.br\/jornalismo\/coordenacao-de-tcc-2\/regimento-de-tcc-atualizado-e-aprovado-em-11-de-janeiro-de-2022\/\" rel=\"attachment wp-att-3360\">Regimento de TCC atualizado e aprovado em 11 de janeiro de 2022<\/a><\/p>\n<p>SOBRE AS MODALIDADES DO TCC:<\/p>\n<p>Art. 4 &#8211; O TCC pode constituir-se em Monografia com reflex\u00e3o te\u00f3rica; um trabalho<br \/>\npr\u00e1tico \u2013 Projeto Experimental, acompanhado por memorial ou relat\u00f3rio, em<br \/>\ndiferentes g\u00eaneros e formatos relacionados ao campo profissional e de conhecimento do<br \/>\nJornalismo; um Relat\u00f3rio de Experi\u00eancia Profissional; ou, ainda, um Artigo<br \/>\nCient\u00edfico publicado em revista ou em livro com editora universit\u00e1ria.<\/p>\n<p>Com rela\u00e7\u00e3o ao artigo cient\u00edfico: O estudante que tiver a carta de aceite da revista j\u00e1 est\u00e1 isento de banca e poder\u00e1 contabilizar o artigo como tcc com nota 10,0. Tamb\u00e9m \u00e9 aceito artigo cient\u00edfico como cap\u00edtulo de livro publicado em editora universit\u00e1ria ou em publica\u00e7\u00e3o com Conselho Editorial; isentando da defesa em banca, tamb\u00e9m com nota 10,0. O artigo cient\u00edfico, mesmo sem publica\u00e7\u00e3o, poder\u00e1 ser defendido em banca, sendo individual (aluno), com coautoria do orientador. Os artigos cient\u00edficos com fins de trabalho de TCC poder\u00e3o ser feitos a partir do quinto semestre.<\/p>\n<p>&nbsp;<\/p>\n<p><strong>Baixe aqui declara\u00e7\u00f5es importantes:<\/strong><\/p>\n<p><a href=\"http:\/\/www2.unifap.br\/jornalismo\/files\/2017\/01\/Declara\u00e7\u00e3o-da-vers\u00e3o-final-do-projeto-de-pesquisa.doc\">Declara\u00e7\u00e3o da vers\u00e3o final do projeto de pesquisa<\/a><\/p>\n<p><a href=\"http:\/\/www2.unifap.br\/jornalismo\/files\/2017\/01\/Declara\u00e7\u00e3o-da-vers\u00e3o-final-do-trabalho-de-conclus\u00e3o-de-curso-ou-projeto-experimental1.doc\">Declara\u00e7\u00e3o da vers\u00e3o final do trabalho de conclus\u00e3o de curso ou projeto experimental<\/a><\/p>\n<p><a href=\"http:\/\/www2.unifap.br\/jornalismo\/coordenacao-de-tcc-2\/ata-de-entrega-de-artigo-cientifico-modelo\/\" rel=\"attachment wp-att-3361\">Ata de Entrega de Artigo Cient\u00edfico Modelo<\/a><\/p>\n<p>E-mail: <a href=\"mailto:rafaelcosta@unifap.br\" target=\"_blank\" rel=\"noopener noreferrer\" data-auth=\"NotApplicable\" data-linkindex=\"0\">rafaelcosta@unifap.br<\/a><\/p>\n","protected":false},"excerpt":{"rendered":"<p>Coordenador: Prof. Dr. Rafael Costa Regimento de TCC atualizado e aprovado em 11 de janeiro de 2022 SOBRE AS MODALIDADES DO TCC: Art. 4 &#8211; O TCC pode constituir-se em Monografia com reflex\u00e3o te\u00f3rica; um trabalho pr\u00e1tico \u2013 Projeto Experimental,&hellip; <\/p>\n<p><a href=\"https:\/\/www2.unifap.br\/jornalismo\/coordenacao-de-tcc-2\/\" class=\"readmore-button\">Continue Reading<\/a><\/p>\n","protected":false},"author":830,"featured_media":0,"parent":0,"menu_order":0,"comment_status":"open","ping_status":"open","template":"","meta":{"inline_featured_image":false,"ngg_post_thumbnail":0,"footnotes":""},"class_list":["post-2907","page","type-page","status-publish","hentry"],"_links":{"self":[{"href":"https:\/\/www2.unifap.br\/jornalismo\/wp-json\/wp\/v2\/pages\/2907","targetHints":{"allow":["GET"]}}],"collection":[{"href":"https:\/\/www2.unifap.br\/jornalismo\/wp-json\/wp\/v2\/pages"}],"about":[{"href":"https:\/\/www2.unifap.br\/jornalismo\/wp-json\/wp\/v2\/types\/page"}],"author":[{"embeddable":true,"href":"https:\/\/www2.unifap.br\/jornalismo\/wp-json\/wp\/v2\/users\/830"}],"replies":[{"embeddable":true,"href":"https:\/\/www2.unifap.br\/jornalismo\/wp-json\/wp\/v2\/comments?post=2907"}],"version-history":[{"count":10,"href":"https:\/\/www2.unifap.br\/jornalismo\/wp-json\/wp\/v2\/pages\/2907\/revisions"}],"predecessor-version":[{"id":3621,"href":"https:\/\/www2.unifap.br\/jornalismo\/wp-json\/wp\/v2\/pages\/2907\/revisions\/3621"}],"wp:attachment":[{"href":"https:\/\/www2.unifap.br\/jornalismo\/wp-json\/wp\/v2\/media?parent=2907"}],"curies":[{"name":"wp","href":"https:\/\/api.w.org\/{rel}","templated":true}]}}