{"id":3095,"date":"2018-03-17T21:42:58","date_gmt":"2018-03-17T21:42:58","guid":{"rendered":"http:\/\/www2.unifap.br\/jornalismo\/?page_id=3095"},"modified":"2025-11-05T17:51:28","modified_gmt":"2025-11-05T17:51:28","slug":"coordenacao-de-estagio","status":"publish","type":"page","link":"https:\/\/www2.unifap.br\/jornalismo\/coordenacao-de-estagio\/","title":{"rendered":"Coordena\u00e7\u00e3o de Est\u00e1gio"},"content":{"rendered":"<p><strong>Coordenador:<\/strong> Prof. Dr. Augusto Flamaryon Cecchin Bozz<\/p>\n<p><strong>E-mail:<\/strong> augustobozz@unifap.br<br \/>\n<strong>Atendimentos:<\/strong> Na coordena\u00e7\u00e3o de Jornalismo (Depla) ou on-line, com agendamento, por e-mail.<\/p>\n<p style=\"text-align: center\"><strong>EST\u00c1GIO OBRIGAT\u00d3RIO EM JORNALISMO<\/strong><br \/>\n<strong>ORIENTA\u00c7\u00d5ES GERAIS<\/strong><\/p>\n<p>O est\u00e1gio \u00e9 um momento da integra\u00e7\u00e3o entre a teoria e a pr\u00e1tica. Consiste no ensino-aprendizagem, a partir da experi\u00eancia de trabalho, estabelecendo rela\u00e7\u00f5es de comunica\u00e7\u00e3o, interc\u00e2mbio de ideias e aperfei\u00e7oamento das t\u00e9cnicas e compet\u00eancias profissionais (Legisla\u00e7\u00e3o: n\u00ba 11.788 \/ Resolu\u00e7\u00e3o n\u00ba 02\/10 \u2013 Unifap).<\/p>\n<p><strong>Orienta\u00e7\u00f5es gerais:<\/strong><\/p>\n<ol>\n<li>O <strong>in\u00edcio do est\u00e1gio obrigat\u00f3rio <\/strong>(a partir do 5\u00ba semestre do curso) ser\u00e1 homologado pela coordena\u00e7\u00e3o ap\u00f3s o(a) estudante entregar os seguintes documentos na secretaria do Curso de Jornalismo assinados:\n<ul>\n<li><a href=\"https:\/\/docs.google.com\/document\/d\/1oSIcGDikEDfH2jQUnbS_Q1Ol1b2EG8HG\/edit?usp=sharing&amp;ouid=114859077162652028480&amp;rtpof=true&amp;sd=true\" target=\"_blank\" rel=\"noopener\"><em>Termo de Compromisso<\/em><\/a><\/li>\n<li><a href=\"https:\/\/docs.google.com\/document\/d\/1ZmMWE3z-UgbXUybyMbyJIM1aW5j0db4e\/edit?usp=sharing&amp;ouid=114859077162652028480&amp;rtpof=true&amp;sd=true\" target=\"_blank\" rel=\"noopener\"><em>Plano de Atividades<\/em><\/a><\/li>\n<\/ul>\n<\/li>\n<li>Entregue a documenta\u00e7\u00e3o\u00a0<strong>antes de iniciar o est\u00e1gio;<\/strong><\/li>\n<li><strong>N\u00e3o ser\u00e3o reconhecidos <\/strong>est\u00e1gios realizados sem o Termo de Compromisso entre Unifap e a institui\u00e7\u00e3o onde ser\u00e1 realizado o est\u00e1gio;<\/li>\n<li>O <strong>envio dos documentos<\/strong> \u00e9 realizado exclusivamente por meio <a href=\"https:\/\/docs.google.com\/forms\/d\/1bpqC6PFw8fIzGAxDCYdW3DsDHdQNCC81UHwO9Nj0Snw\/edit#responses\" target=\"_blank\" rel=\"noopener\">deste formul\u00e1rio eletr\u00f4nico;<\/a><\/li>\n<li>Ap\u00f3s\u00a0<strong>t\u00e9rmino do est\u00e1gio<\/strong>, o estudante deve\u00a0reenviar o formul\u00e1rio\u00a0com os seguintes arquivos:\n<ul>\n<li><a href=\"https:\/\/docs.google.com\/document\/d\/1XDxd9wObw9Is2qm68M21XVCqxxSKcQDm\/edit?usp=sharing&amp;ouid=114859077162652028480&amp;rtpof=true&amp;sd=true\" target=\"_blank\" rel=\"noopener\"><em>Relat\u00f3rio final<\/em><\/a><\/li>\n<li><a href=\"https:\/\/docs.google.com\/document\/d\/1Djdk-bjwVnmbzEr8vMnBz2h5PONziSHi\/edit?usp=sharing&amp;ouid=114859077162652028480&amp;rtpof=true&amp;sd=true\" target=\"_blank\" rel=\"noopener\"><em>Ficha de avalia\u00e7\u00e3o do(a) supervisor(a)<\/em><\/a><\/li>\n<li><em>Fichas de frequ\u00eancia ou <\/em><a href=\"https:\/\/docs.google.com\/document\/d\/1urcQkfWHyHOvkLQpqpIEnBKQkunHq_Ye\/edit?usp=sharing&amp;ouid=114859077162652028480&amp;rtpof=true&amp;sd=true\" target=\"_blank\" rel=\"noopener\"><em>declara\u00e7\u00e3o de frequ\u00eancia<\/em><\/a><\/li>\n<\/ul>\n<\/li>\n<li>O\u00a0<strong>est\u00e1gio n\u00e3o-obrigat\u00f3rio <\/strong>(independente do semestre do curso) pode ser realizado a qualquer momento pelo estudante. Por\u00e9m, n\u00e3o ser\u00e1 considerado para valida\u00e7\u00e3o das horas do est\u00e1gio curricular obrigat\u00f3rio;<\/li>\n<li>Atentar-se ao escolher a empresa\/institui\u00e7\u00e3o para realizar o est\u00e1gio: \u00e9 <strong>preciso ter a\u00a0supervis\u00e3o de um(a) jornalista<\/strong>, e o estagi\u00e1rio desempenhar\u00a0<strong>atividades em coval\u00eancia ao <\/strong><a href=\"https:\/\/drive.google.com\/file\/d\/1l10lzyfKY6DcKDg2xqxcw3UUYYEAUR1E\/view?usp=sharing\" target=\"_blank\" rel=\"noopener\">Projeto Pedag\u00f3gico do Curso (PPC);<\/a><\/li>\n<li>Aten\u00e7\u00e3o \u00e0 <strong>data\u00a0de assinatura<\/strong> dos Termos de Est\u00e1gio. N\u00e3o ser\u00e3o assinados com data retroativa;<\/li>\n<li>O\u00a0<strong>prazo para assinatura da coordena\u00e7\u00e3o<\/strong>, ap\u00f3s envio dos documentos neste formul\u00e1rio, \u00e9 de 3 dias \u00fateis;<\/li>\n<li>Os documentos s\u00e3o assinados pela coordena\u00e7\u00e3o de est\u00e1gio durante o\u00a0per\u00edodo letivo. <strong>Atentar-se ao calend\u00e1rio acad\u00eamico da Unifap;<\/strong><\/li>\n<li>Al\u00e9m da assinatura manuscrita, ser\u00e1 reconhecida a <a href=\"https:\/\/www.gov.br\/governodigital\/pt-br\/assinatura-eletronica\" target=\"_blank\" rel=\"noopener\">Assinatura Eletr\u00f4nica do GOV.BR<\/a>.<\/li>\n<\/ol>\n<p>&nbsp;<\/p>\n<p style=\"text-align: justify\">\n","protected":false},"excerpt":{"rendered":"<p>Coordenador: Prof. Dr. Augusto Flamaryon Cecchin Bozz E-mail: augustobozz@unifap.br Atendimentos: Na coordena\u00e7\u00e3o de Jornalismo (Depla) ou on-line, com agendamento, por e-mail. EST\u00c1GIO OBRIGAT\u00d3RIO EM JORNALISMO ORIENTA\u00c7\u00d5ES GERAIS O est\u00e1gio \u00e9 um momento da integra\u00e7\u00e3o entre a teoria e a pr\u00e1tica.&hellip; <\/p>\n<p><a href=\"https:\/\/www2.unifap.br\/jornalismo\/coordenacao-de-estagio\/\" class=\"readmore-button\">Continue Reading<\/a><\/p>\n","protected":false},"author":830,"featured_media":0,"parent":0,"menu_order":0,"comment_status":"open","ping_status":"open","template":"","meta":{"inline_featured_image":false,"ngg_post_thumbnail":0,"footnotes":""},"class_list":["post-3095","page","type-page","status-publish","hentry"],"_links":{"self":[{"href":"https:\/\/www2.unifap.br\/jornalismo\/wp-json\/wp\/v2\/pages\/3095","targetHints":{"allow":["GET"]}}],"collection":[{"href":"https:\/\/www2.unifap.br\/jornalismo\/wp-json\/wp\/v2\/pages"}],"about":[{"href":"https:\/\/www2.unifap.br\/jornalismo\/wp-json\/wp\/v2\/types\/page"}],"author":[{"embeddable":true,"href":"https:\/\/www2.unifap.br\/jornalismo\/wp-json\/wp\/v2\/users\/830"}],"replies":[{"embeddable":true,"href":"https:\/\/www2.unifap.br\/jornalismo\/wp-json\/wp\/v2\/comments?post=3095"}],"version-history":[{"count":33,"href":"https:\/\/www2.unifap.br\/jornalismo\/wp-json\/wp\/v2\/pages\/3095\/revisions"}],"predecessor-version":[{"id":3763,"href":"https:\/\/www2.unifap.br\/jornalismo\/wp-json\/wp\/v2\/pages\/3095\/revisions\/3763"}],"wp:attachment":[{"href":"https:\/\/www2.unifap.br\/jornalismo\/wp-json\/wp\/v2\/media?parent=3095"}],"curies":[{"name":"wp","href":"https:\/\/api.w.org\/{rel}","templated":true}]}}