{"id":3691,"date":"2025-05-14T23:24:16","date_gmt":"2025-05-14T23:24:16","guid":{"rendered":"https:\/\/www2.unifap.br\/jornalismo\/?page_id=3691"},"modified":"2025-05-14T23:26:05","modified_gmt":"2025-05-14T23:26:05","slug":"calendario-academico","status":"publish","type":"page","link":"https:\/\/www2.unifap.br\/jornalismo\/calendario-academico\/","title":{"rendered":"Calend\u00e1rio Acad\u00eamico"},"content":{"rendered":"<p>Acesse o atual calend\u00e1rio acad\u00eamico:<\/p>\n<p><a href=\"http:\/\/www2.unifap.br\/jornalismo\/files\/2025\/02\/RES.32.2024_-_CONSU_-_Converso_da_Res._19.2024_-_Homologa_a_aprovao_dos_ajust-1.pdf\">RES.32.2024_-_CONSU_-_Converso_da_Res._19.2024_-_Homologa_a_aprovao_dos_ajust (1)<\/a><\/p>\n<p>&nbsp;<\/p>\n<p>P.S &#8211; Este calend\u00e1rio finda em MAR\u00c7O DE 2026<\/p>\n","protected":false},"excerpt":{"rendered":"<p>Acesse o atual calend\u00e1rio acad\u00eamico: RES.32.2024_-_CONSU_-_Converso_da_Res._19.2024_-_Homologa_a_aprovao_dos_ajust (1) &nbsp; P.S &#8211; Este calend\u00e1rio finda em MAR\u00c7O DE 2026<\/p>\n","protected":false},"author":830,"featured_media":0,"parent":0,"menu_order":0,"comment_status":"closed","ping_status":"closed","template":"","meta":{"inline_featured_image":false,"ngg_post_thumbnail":0,"footnotes":""},"class_list":["post-3691","page","type-page","status-publish","hentry"],"_links":{"self":[{"href":"https:\/\/www2.unifap.br\/jornalismo\/wp-json\/wp\/v2\/pages\/3691","targetHints":{"allow":["GET"]}}],"collection":[{"href":"https:\/\/www2.unifap.br\/jornalismo\/wp-json\/wp\/v2\/pages"}],"about":[{"href":"https:\/\/www2.unifap.br\/jornalismo\/wp-json\/wp\/v2\/types\/page"}],"author":[{"embeddable":true,"href":"https:\/\/www2.unifap.br\/jornalismo\/wp-json\/wp\/v2\/users\/830"}],"replies":[{"embeddable":true,"href":"https:\/\/www2.unifap.br\/jornalismo\/wp-json\/wp\/v2\/comments?post=3691"}],"version-history":[{"count":2,"href":"https:\/\/www2.unifap.br\/jornalismo\/wp-json\/wp\/v2\/pages\/3691\/revisions"}],"predecessor-version":[{"id":3693,"href":"https:\/\/www2.unifap.br\/jornalismo\/wp-json\/wp\/v2\/pages\/3691\/revisions\/3693"}],"wp:attachment":[{"href":"https:\/\/www2.unifap.br\/jornalismo\/wp-json\/wp\/v2\/media?parent=3691"}],"curies":[{"name":"wp","href":"https:\/\/api.w.org\/{rel}","templated":true}]}}