{"id":6,"date":"2012-04-16T17:29:31","date_gmt":"2012-04-16T17:29:31","guid":{"rendered":"http:\/\/www2.unifap.br\/jornalismo\/?page_id=6"},"modified":"2021-11-10T19:36:58","modified_gmt":"2021-11-10T19:36:58","slug":"matriz-curricular-e-ementas-do-curso-de-jornalismo","status":"publish","type":"page","link":"https:\/\/www2.unifap.br\/jornalismo\/matriz-curricular-e-ementas-do-curso-de-jornalismo\/","title":{"rendered":"Matriz Curricular e Ementas (Projeto Pedag\u00f3gico 2011-2015)"},"content":{"rendered":"<p><strong>INTEGRALIZA\u00c7\u00c3O CURRICULAR \/ ESTRUTURA CURRICULAR<\/strong><\/p>\n<p style=\"text-align: center\"><strong>ACESSO A\u00a0<a href=\"http:\/\/www2.unifap.br\/jornalismo\/files\/2012\/04\/EMENTAS-DISCIPLINAS.pdf\">EMENTAS DISCIPLINAS<\/a><br \/>\n<\/strong><\/p>\n<p><strong>Disciplinas Obrigat\u00f3rias<\/strong><\/p>\n<p>&nbsp;<\/p>\n<table border=\"0\" cellspacing=\"0\" cellpadding=\"0\">\n<tbody>\n<tr>\n<td width=\"298\"><strong>1\u00aa Etapa<\/strong><\/td>\n<td width=\"104\"><strong>Carga Hor\u00e1ria<\/strong><\/td>\n<\/tr>\n<tr>\n<td width=\"298\">Filosofia da Comunica\u00e7\u00e3o<\/td>\n<td width=\"104\">30<\/td>\n<\/tr>\n<tr>\n<td width=\"298\">Antropologia Cultural<\/td>\n<td width=\"104\">60<\/td>\n<\/tr>\n<tr>\n<td width=\"298\">M\u00eddia Sonora<\/td>\n<td width=\"104\">30<\/td>\n<\/tr>\n<tr>\n<td width=\"298\">L\u00edngua Portuguesa e Reda\u00e7\u00e3o Jornal\u00edstica<\/td>\n<td width=\"104\">60<\/td>\n<\/tr>\n<tr>\n<td width=\"298\">M\u00e9todos e T\u00e9cnicas de Pesquisa Cient\u00edfica<\/td>\n<td width=\"104\">60<\/td>\n<\/tr>\n<tr>\n<td width=\"298\">Introdu\u00e7\u00e3o \u00e0 Comunica\u00e7\u00e3o<\/td>\n<td width=\"104\">60<\/td>\n<\/tr>\n<tr>\n<td width=\"298\">AC<\/td>\n<td width=\"104\">30<\/td>\n<\/tr>\n<tr>\n<td width=\"298\"><strong>Total hora\/rel\u00f3gio<\/strong><\/td>\n<td width=\"104\">330<\/td>\n<\/tr>\n<tr>\n<td width=\"298\"><\/td>\n<td width=\"104\"><\/td>\n<\/tr>\n<\/tbody>\n<\/table>\n<p>&nbsp;<\/p>\n<p>&nbsp;<\/p>\n<table border=\"0\" cellspacing=\"0\" cellpadding=\"0\">\n<tbody>\n<tr>\n<td width=\"299\"><strong>2\u00aa Etapa<\/strong><\/td>\n<td width=\"103\"><strong>Carga Hor\u00e1ria<\/strong><\/td>\n<\/tr>\n<tr>\n<td width=\"299\">Fundamentos de Cinema<\/td>\n<td width=\"103\">30<\/td>\n<\/tr>\n<tr>\n<td width=\"299\">Sociologia da Comunica\u00e7\u00e3o<\/td>\n<td width=\"103\">60<\/td>\n<\/tr>\n<tr>\n<td width=\"299\">Teorias da Comunica\u00e7\u00e3o<\/td>\n<td width=\"103\">60<\/td>\n<\/tr>\n<tr>\n<td width=\"299\">Planejamento Gr\u00e1fico<\/td>\n<td width=\"103\">60<\/td>\n<\/tr>\n<tr>\n<td width=\"299\">M\u00eddia Impressa<\/td>\n<td width=\"103\">60<\/td>\n<\/tr>\n<tr>\n<td width=\"299\">Introdu\u00e7\u00e3o \u00e0 Fotografia<\/td>\n<td width=\"103\">30<\/td>\n<\/tr>\n<tr>\n<td width=\"299\">AC<\/td>\n<td width=\"103\">30<\/td>\n<\/tr>\n<tr>\n<td width=\"299\"><\/td>\n<td width=\"103\"><\/td>\n<\/tr>\n<tr>\n<td width=\"299\"><strong>Total hora\/rel\u00f3gio<\/strong><\/td>\n<td width=\"103\">300<\/td>\n<\/tr>\n<tr>\n<td width=\"299\"><\/td>\n<td width=\"103\"><\/td>\n<\/tr>\n<\/tbody>\n<\/table>\n<p>&nbsp;<\/p>\n<table border=\"0\" cellspacing=\"0\" cellpadding=\"0\">\n<tbody>\n<tr>\n<td width=\"283\"><strong>3\u00aa Etapa<\/strong><\/td>\n<td colspan=\"2\" width=\"118\"><strong>Carga Hor\u00e1ria<\/strong><\/td>\n<td width=\"1\"><\/td>\n<\/tr>\n<tr>\n<td width=\"283\">Comunica\u00e7\u00e3o Institucional<\/td>\n<td colspan=\"2\" width=\"118\">60<\/td>\n<td width=\"1\"><\/td>\n<\/tr>\n<tr>\n<td width=\"283\">T\u00e9cnicas de Radiojornalismo<\/td>\n<td colspan=\"2\" width=\"118\">60<\/td>\n<td width=\"1\"><\/td>\n<\/tr>\n<tr>\n<td width=\"283\">Psicologia Aplicada a Comunica\u00e7\u00e3o<\/td>\n<td colspan=\"2\" width=\"118\">30<\/td>\n<td width=\"1\"><\/td>\n<\/tr>\n<tr>\n<td width=\"283\">Reda\u00e7\u00e3o Jornal\u00edstica<\/td>\n<td colspan=\"2\" width=\"118\">60<\/td>\n<td width=\"1\"><\/td>\n<\/tr>\n<tr>\n<td width=\"283\">Fotojornalismo<\/td>\n<td colspan=\"2\" width=\"118\">60<\/td>\n<td width=\"1\"><\/td>\n<\/tr>\n<tr>\n<td width=\"283\">\u00c9tica, Sociedade e Comunica\u00e7\u00e3o<\/td>\n<td colspan=\"2\" width=\"118\">30<\/td>\n<td width=\"1\"><\/td>\n<\/tr>\n<tr>\n<td width=\"283\">AC<\/td>\n<td colspan=\"2\" width=\"118\">30<\/td>\n<td width=\"1\"><\/td>\n<\/tr>\n<tr>\n<td width=\"283\"><\/td>\n<td colspan=\"2\" width=\"118\"><\/td>\n<td width=\"1\"><\/td>\n<\/tr>\n<tr>\n<td colspan=\"2\" width=\"298\"><strong>Total hora\/rel\u00f3gio<\/strong><\/td>\n<td colspan=\"2\" width=\"104\">330<\/td>\n<\/tr>\n<tr>\n<td colspan=\"2\" width=\"298\"><\/td>\n<td colspan=\"2\" width=\"104\"><\/td>\n<\/tr>\n<tr>\n<td width=\"283\"><\/td>\n<td width=\"15\"><\/td>\n<td width=\"103\"><\/td>\n<td width=\"1\"><\/td>\n<\/tr>\n<\/tbody>\n<\/table>\n<p>&nbsp;<\/p>\n<table border=\"0\" cellspacing=\"0\" cellpadding=\"0\">\n<tbody>\n<tr>\n<td colspan=\"3\" width=\"307\"><strong>4\u00aa Etapa<\/strong><\/td>\n<td width=\"94\"><strong>Carga Hor\u00e1ria<\/strong><\/td>\n<td width=\"1\"><\/td>\n<\/tr>\n<tr>\n<td colspan=\"3\" width=\"307\">Comunica\u00e7\u00e3o Comparada<\/td>\n<td width=\"94\">30<\/td>\n<td width=\"1\"><\/td>\n<\/tr>\n<tr>\n<td colspan=\"3\" width=\"307\">Telejornalismo<\/td>\n<td width=\"94\">60<\/td>\n<td width=\"1\"><\/td>\n<\/tr>\n<tr>\n<td colspan=\"3\" width=\"307\">Webjornalismo<\/td>\n<td width=\"94\">60<\/td>\n<td width=\"1\"><\/td>\n<\/tr>\n<tr>\n<td colspan=\"3\" width=\"307\">Jornalismo Impresso<\/td>\n<td width=\"94\">60<\/td>\n<td width=\"1\"><\/td>\n<\/tr>\n<tr>\n<td colspan=\"3\" width=\"307\">Semi\u00f3tica nas M\u00eddias<\/td>\n<td width=\"94\">30<\/td>\n<td width=\"1\"><\/td>\n<\/tr>\n<tr>\n<td colspan=\"3\" width=\"307\">Teorias do Jornalismo<\/td>\n<td width=\"94\">60<\/td>\n<td width=\"1\"><\/td>\n<\/tr>\n<tr>\n<td colspan=\"3\" width=\"307\">AC<\/td>\n<td width=\"94\">30<\/td>\n<td width=\"1\"><\/td>\n<\/tr>\n<tr>\n<td width=\"283\"><\/td>\n<td colspan=\"3\" width=\"118\"><\/td>\n<td width=\"1\"><\/td>\n<\/tr>\n<tr>\n<td colspan=\"2\" width=\"298\"><strong>Total hora\/rel\u00f3gio<\/strong><\/td>\n<td colspan=\"3\" width=\"104\">330<\/td>\n<\/tr>\n<tr>\n<td colspan=\"2\" width=\"298\"><\/td>\n<td colspan=\"3\" width=\"104\"><\/td>\n<\/tr>\n<tr>\n<td width=\"283\"><\/td>\n<td width=\"15\"><\/td>\n<td width=\"8\"><\/td>\n<td width=\"94\"><\/td>\n<td width=\"1\"><\/td>\n<\/tr>\n<\/tbody>\n<\/table>\n<p>&nbsp;<\/p>\n<table border=\"0\" cellspacing=\"0\" cellpadding=\"0\">\n<tbody>\n<tr>\n<td width=\"283\"><strong>5\u00aa Etapa<\/strong><\/td>\n<td colspan=\"2\" width=\"118\"><strong>Carga Hor\u00e1ria<\/strong><\/td>\n<td width=\"1\"><\/td>\n<\/tr>\n<tr>\n<td width=\"283\">Forma\u00e7\u00e3o Econ\u00f4mica da Amaz\u00f4nia<\/td>\n<td colspan=\"2\" width=\"118\">30<\/td>\n<td width=\"1\"><\/td>\n<\/tr>\n<tr>\n<td width=\"283\">Jornalismo ambiental<\/td>\n<td colspan=\"2\" width=\"118\">30<\/td>\n<td width=\"1\"><\/td>\n<\/tr>\n<tr>\n<td width=\"283\">Produ\u00e7\u00e3o e Difus\u00e3o de R\u00e1dio<\/td>\n<td colspan=\"2\" width=\"118\">60<\/td>\n<td width=\"1\"><\/td>\n<\/tr>\n<tr>\n<td width=\"283\">Comunica\u00e7\u00e3o Comunit\u00e1ria<\/td>\n<td colspan=\"2\" width=\"118\">60<\/td>\n<td width=\"1\"><\/td>\n<\/tr>\n<tr>\n<td width=\"283\">Cibercultura<\/td>\n<td colspan=\"2\" width=\"118\">30<\/td>\n<td width=\"1\"><\/td>\n<\/tr>\n<tr>\n<td width=\"283\">Produ\u00e7\u00e3o em TV<\/td>\n<td colspan=\"2\" width=\"118\">60<\/td>\n<td width=\"1\"><\/td>\n<\/tr>\n<tr>\n<td width=\"283\">Optativa<\/td>\n<td colspan=\"2\" width=\"118\">30<\/td>\n<td width=\"1\"><\/td>\n<\/tr>\n<tr>\n<td width=\"283\">AC<\/td>\n<td colspan=\"2\" width=\"118\">30<\/td>\n<td width=\"1\"><\/td>\n<\/tr>\n<tr>\n<td width=\"283\"><\/td>\n<td colspan=\"2\" width=\"118\"><\/td>\n<td width=\"1\"><\/td>\n<\/tr>\n<tr>\n<td width=\"283\"><\/td>\n<td colspan=\"2\" width=\"118\"><\/td>\n<td width=\"1\"><\/td>\n<\/tr>\n<tr>\n<td colspan=\"2\" width=\"298\"><strong>Total hora\/rel\u00f3gio<\/strong><\/td>\n<td colspan=\"2\" width=\"104\">330<\/td>\n<\/tr>\n<tr>\n<td colspan=\"2\" width=\"298\"><\/td>\n<td colspan=\"2\" width=\"104\"><\/td>\n<\/tr>\n<tr>\n<td width=\"283\"><\/td>\n<td width=\"15\"><\/td>\n<td width=\"103\"><\/td>\n<td width=\"1\"><\/td>\n<\/tr>\n<\/tbody>\n<\/table>\n<p>&nbsp;<\/p>\n<table border=\"0\" cellspacing=\"0\" cellpadding=\"0\">\n<tbody>\n<tr>\n<td width=\"283\"><strong>6\u00aa Etapa<\/strong><\/td>\n<td colspan=\"2\" width=\"118\"><strong>Carga Hor\u00e1ria<\/strong><\/td>\n<td width=\"1\"><\/td>\n<\/tr>\n<tr>\n<td width=\"283\">Pesquisa em Comunica\u00e7\u00e3o<\/td>\n<td colspan=\"2\" width=\"118\">30<\/td>\n<td width=\"1\"><\/td>\n<\/tr>\n<tr>\n<td width=\"283\">Comunica\u00e7\u00e3o Pol\u00edtica<\/td>\n<td colspan=\"2\" width=\"118\">60<\/td>\n<td width=\"1\"><\/td>\n<\/tr>\n<tr>\n<td width=\"283\">Produ\u00e7\u00e3o Jornal\u00edstica<\/td>\n<td colspan=\"2\" width=\"118\">60<\/td>\n<td width=\"1\"><\/td>\n<\/tr>\n<tr>\n<td width=\"283\">Oficina de Produ\u00e7\u00e3o em TV<\/td>\n<td colspan=\"2\" width=\"118\">60<\/td>\n<td width=\"1\"><\/td>\n<\/tr>\n<tr>\n<td width=\"283\">Oficina de Produ\u00e7\u00e3o em R\u00e1dio<\/td>\n<td colspan=\"2\" width=\"118\">60<\/td>\n<td width=\"1\"><\/td>\n<\/tr>\n<tr>\n<td width=\"283\">Optativa<\/td>\n<td colspan=\"2\" width=\"118\">30<\/td>\n<td width=\"1\"><\/td>\n<\/tr>\n<tr>\n<td width=\"283\">AC<\/td>\n<td colspan=\"2\" width=\"118\">30<\/td>\n<td width=\"1\"><\/td>\n<\/tr>\n<tr>\n<td width=\"283\">Est\u00e1gio<\/td>\n<td colspan=\"2\" width=\"118\">180<\/td>\n<td width=\"1\"><\/td>\n<\/tr>\n<tr>\n<td colspan=\"2\" width=\"298\"><strong>Total hora\/rel\u00f3gio \u00a0 \u00a0 \u00a0 \u00a0 \u00a0 \u00a0 \u00a0 \u00a0 \u00a0 \u00a0 \u00a0 \u00a0 \u00a0 \u00a0 \u00a0 \u00a0 \u00a0 \u00a0 \u00a0 \u00a0 \u00a0 \u00a0 \u00a0 510 <\/strong><\/td>\n<td colspan=\"2\" width=\"104\"><\/td>\n<\/tr>\n<tr>\n<td colspan=\"2\" width=\"298\"><\/td>\n<td colspan=\"2\" width=\"104\"><\/td>\n<\/tr>\n<tr>\n<td width=\"283\"><\/td>\n<td width=\"15\"><\/td>\n<td width=\"103\"><\/td>\n<td width=\"1\"><\/td>\n<\/tr>\n<\/tbody>\n<\/table>\n<p>&nbsp;<\/p>\n<p>&nbsp;<\/p>\n<table border=\"0\" cellspacing=\"0\" cellpadding=\"0\">\n<tbody>\n<tr>\n<td width=\"283\"><strong>7\u00aa Etapa<\/strong><\/td>\n<td colspan=\"2\" width=\"118\"><strong>Carga Hor\u00e1ria<\/strong><\/td>\n<td width=\"1\"><\/td>\n<\/tr>\n<tr>\n<td width=\"283\">Assessoria de comunica\u00e7\u00e3o<\/td>\n<td colspan=\"2\" width=\"118\">30<\/td>\n<td width=\"1\"><\/td>\n<\/tr>\n<tr>\n<td width=\"283\">Laborat\u00f3rio de Produ\u00e7\u00e3o Jornal\u00edstica<\/td>\n<td colspan=\"2\" width=\"118\">60<\/td>\n<td width=\"1\"><\/td>\n<\/tr>\n<tr>\n<td width=\"283\">Laborat\u00f3rio de Produ\u00e7\u00e3o em TV<\/td>\n<td colspan=\"2\" width=\"118\">60<\/td>\n<td width=\"1\"><\/td>\n<\/tr>\n<tr>\n<td width=\"283\">Laborat\u00f3rio de Produ\u00e7\u00e3o em R\u00e1dio<\/td>\n<td colspan=\"2\" width=\"118\">60<\/td>\n<td width=\"1\"><\/td>\n<\/tr>\n<tr>\n<td width=\"283\">Projeto Experimental<\/td>\n<td colspan=\"2\" width=\"118\">30<\/td>\n<td width=\"1\"><\/td>\n<\/tr>\n<tr>\n<td width=\"283\">\u00c9tica em jornalismo<\/td>\n<td colspan=\"2\" width=\"118\">30<\/td>\n<td width=\"1\"><\/td>\n<\/tr>\n<tr>\n<td width=\"283\">Optativa<\/td>\n<td colspan=\"2\" width=\"118\">30<\/td>\n<td width=\"1\"><\/td>\n<\/tr>\n<tr>\n<td width=\"283\">AC<\/td>\n<td colspan=\"2\" width=\"118\">30<\/td>\n<td width=\"1\"><\/td>\n<\/tr>\n<tr>\n<td width=\"283\"><\/td>\n<td colspan=\"2\" width=\"118\"><\/td>\n<td width=\"1\"><\/td>\n<\/tr>\n<tr>\n<td colspan=\"2\" width=\"298\"><strong>Total hora\/rel\u00f3gio<\/strong><\/td>\n<td colspan=\"2\" width=\"104\">330<\/td>\n<\/tr>\n<tr>\n<td colspan=\"2\" width=\"298\"><\/td>\n<td colspan=\"2\" width=\"104\"><\/td>\n<\/tr>\n<tr>\n<td width=\"283\"><\/td>\n<td width=\"15\"><\/td>\n<td width=\"103\"><\/td>\n<td width=\"1\"><\/td>\n<\/tr>\n<\/tbody>\n<\/table>\n<p>&nbsp;<\/p>\n<table border=\"0\" cellspacing=\"0\" cellpadding=\"0\">\n<tbody>\n<tr>\n<td width=\"283\"><strong>8\u00aa Etapa<\/strong><\/td>\n<td colspan=\"2\" width=\"118\"><strong>Carga Hor\u00e1ria<\/strong><\/td>\n<td width=\"1\"><\/td>\n<\/tr>\n<tr>\n<td width=\"283\">Libras<\/td>\n<td colspan=\"2\" width=\"118\">60<\/td>\n<td width=\"1\"><\/td>\n<\/tr>\n<tr>\n<td width=\"283\">Trabalho de Conclus\u00e3o de Curso<\/td>\n<td colspan=\"2\" width=\"118\">210<\/td>\n<td width=\"1\"><\/td>\n<\/tr>\n<tr>\n<td width=\"283\">AC<\/td>\n<td colspan=\"2\" width=\"118\">30<\/td>\n<td width=\"1\"><\/td>\n<\/tr>\n<tr>\n<td colspan=\"2\" width=\"298\"><strong>Total hora\/rel\u00f3gio<\/strong><\/td>\n<td colspan=\"2\" width=\"104\">300<\/td>\n<\/tr>\n<tr>\n<td colspan=\"2\" width=\"298\"><strong>Total hora\/aula<\/strong><\/td>\n<td colspan=\"2\" width=\"104\">360<\/td>\n<\/tr>\n<tr>\n<td width=\"283\"><\/td>\n<td width=\"15\"><\/td>\n<td width=\"103\"><\/td>\n<td width=\"1\"><\/td>\n<\/tr>\n<\/tbody>\n<\/table>\n<p>&nbsp;<\/p>\n<p>&nbsp;<\/p>\n<p>&nbsp;<\/p>\n<p><strong>Disciplinas Optativas*<\/strong><\/p>\n<table border=\"1\" cellspacing=\"0\" cellpadding=\"0\">\n<tbody>\n<tr>\n<td width=\"283\"><\/td>\n<td width=\"118\"><strong>Carga Hor\u00e1ria<\/strong><\/td>\n<\/tr>\n<tr>\n<td width=\"283\">Hist\u00f3ria do Cinema<\/td>\n<td width=\"118\">30<\/td>\n<\/tr>\n<tr>\n<td width=\"283\">Jornalismo liter\u00e1rio<\/td>\n<td width=\"118\">30<\/td>\n<\/tr>\n<tr>\n<td width=\"283\">Gest\u00e3o em Comunica\u00e7\u00e3o<\/td>\n<td width=\"118\">30<\/td>\n<\/tr>\n<tr>\n<td width=\"283\">Hist\u00f3rias em quadrinhos<\/td>\n<td width=\"118\">30<\/td>\n<\/tr>\n<tr>\n<td width=\"283\">Jornalismo cient\u00edfico<\/td>\n<td width=\"118\">30<\/td>\n<\/tr>\n<tr>\n<td width=\"283\">Jornalismo cultural<\/td>\n<td width=\"118\">30<\/td>\n<\/tr>\n<tr>\n<td width=\"283\">Document\u00e1rio<\/td>\n<td width=\"118\">30<\/td>\n<\/tr>\n<tr>\n<td valign=\"top\" width=\"283\">Jornalismo esportivo<\/td>\n<td width=\"118\">30<\/td>\n<\/tr>\n<tr>\n<td valign=\"top\" width=\"283\">Pesquisa de Audi\u00eancia<\/td>\n<td width=\"118\">30<\/td>\n<\/tr>\n<tr>\n<td valign=\"top\" width=\"283\">Comunica\u00e7\u00e3o e Teatro<\/td>\n<td width=\"118\">30<\/td>\n<\/tr>\n<tr>\n<td valign=\"top\" width=\"283\">Hist\u00f3ria da Comunica\u00e7\u00e3o no Amap\u00e1<\/td>\n<td width=\"118\">30<\/td>\n<\/tr>\n<tr>\n<td width=\"283\"><strong>Total<\/strong><\/td>\n<td width=\"118\">330<\/td>\n<\/tr>\n<\/tbody>\n<\/table>\n<p>*Ser\u00e3o ofertadas tr\u00eas (03) disciplinas por semestre (5\u00ba, 6\u00ba e 7\u00ba), mas somente ser\u00e3o realizadas as duas que tiverem maior procura.<\/p>\n<p>&nbsp;<\/p>\n<p>&nbsp;<\/p>\n<p><strong>Quadro total de horas<\/strong><\/p>\n<table border=\"0\" cellspacing=\"0\" cellpadding=\"0\">\n<tbody>\n<tr>\n<td width=\"283\"><\/td>\n<td width=\"118\"><strong>Carga Hor\u00e1ria (hora rel\u00f3gio)<\/strong><\/td>\n<td valign=\"top\" width=\"118\"><strong>Carga Hor\u00e1ria (hora aula)<\/strong><\/td>\n<\/tr>\n<tr>\n<td width=\"283\"><strong>Aulas te\u00f3ricas e pr\u00e1ticas<\/strong><\/td>\n<td width=\"118\"><strong>2370<\/strong><\/td>\n<td valign=\"top\" width=\"118\"><strong>2844<\/strong><\/td>\n<\/tr>\n<tr>\n<td width=\"283\">Atividades complementares<\/td>\n<td width=\"118\">240<\/td>\n<td valign=\"top\" width=\"118\">288<\/td>\n<\/tr>\n<tr>\n<td width=\"283\">Est\u00e1gio<\/td>\n<td width=\"118\">180<\/td>\n<td valign=\"top\" width=\"118\">216<\/td>\n<\/tr>\n<tr>\n<td width=\"283\"><strong>Total<\/strong><\/td>\n<td width=\"118\">2790<\/td>\n<td valign=\"top\" width=\"118\">3348<\/td>\n<\/tr>\n<\/tbody>\n<\/table>\n<p>&nbsp;<\/p>\n<p>&nbsp;<\/p>\n<p>&nbsp;<\/p>\n<p>&nbsp;<\/p>\n<p>&nbsp;<\/p>\n<p>&nbsp;<\/p>\n","protected":false},"excerpt":{"rendered":"<p>INTEGRALIZA\u00c7\u00c3O CURRICULAR \/ ESTRUTURA CURRICULAR ACESSO A\u00a0EMENTAS DISCIPLINAS Disciplinas Obrigat\u00f3rias &nbsp; 1\u00aa Etapa Carga Hor\u00e1ria Filosofia da Comunica\u00e7\u00e3o 30 Antropologia Cultural 60 M\u00eddia Sonora 30 L\u00edngua Portuguesa e Reda\u00e7\u00e3o Jornal\u00edstica 60 M\u00e9todos e T\u00e9cnicas de Pesquisa Cient\u00edfica 60 Introdu\u00e7\u00e3o \u00e0&hellip; <\/p>\n<p><a href=\"https:\/\/www2.unifap.br\/jornalismo\/matriz-curricular-e-ementas-do-curso-de-jornalismo\/\" class=\"readmore-button\">Continue Reading<\/a><\/p>\n","protected":false},"author":109,"featured_media":0,"parent":0,"menu_order":0,"comment_status":"open","ping_status":"closed","template":"","meta":{"inline_featured_image":false,"ngg_post_thumbnail":0,"footnotes":""},"class_list":["post-6","page","type-page","status-publish","hentry"],"_links":{"self":[{"href":"https:\/\/www2.unifap.br\/jornalismo\/wp-json\/wp\/v2\/pages\/6","targetHints":{"allow":["GET"]}}],"collection":[{"href":"https:\/\/www2.unifap.br\/jornalismo\/wp-json\/wp\/v2\/pages"}],"about":[{"href":"https:\/\/www2.unifap.br\/jornalismo\/wp-json\/wp\/v2\/types\/page"}],"author":[{"embeddable":true,"href":"https:\/\/www2.unifap.br\/jornalismo\/wp-json\/wp\/v2\/users\/109"}],"replies":[{"embeddable":true,"href":"https:\/\/www2.unifap.br\/jornalismo\/wp-json\/wp\/v2\/comments?post=6"}],"version-history":[{"count":17,"href":"https:\/\/www2.unifap.br\/jornalismo\/wp-json\/wp\/v2\/pages\/6\/revisions"}],"predecessor-version":[{"id":2655,"href":"https:\/\/www2.unifap.br\/jornalismo\/wp-json\/wp\/v2\/pages\/6\/revisions\/2655"}],"wp:attachment":[{"href":"https:\/\/www2.unifap.br\/jornalismo\/wp-json\/wp\/v2\/media?parent=6"}],"curies":[{"name":"wp","href":"https:\/\/api.w.org\/{rel}","templated":true}]}}