{"id":21,"date":"2022-09-21T16:15:03","date_gmt":"2022-09-21T19:15:03","guid":{"rendered":"https:\/\/www2.unifap.br\/labot\/?page_id=21"},"modified":"2022-09-27T16:50:19","modified_gmt":"2022-09-27T19:50:19","slug":"historico-do-grupo","status":"publish","type":"page","link":"https:\/\/www2.unifap.br\/labot\/gef\/historico-do-grupo\/","title":{"rendered":"Hist\u00f3rico do grupo"},"content":{"rendered":"<p><img fetchpriority=\"high\" decoding=\"async\" class=\"size-medium wp-image-31 aligncenter\" src=\"http:\/\/www2.unifap.br\/labot\/files\/2022\/09\/9956ecc0-730b-47b2-8f74-5be5da1e8108-1.png\" alt=\"\" width=\"300\" height=\"300\"><img decoding=\"async\" class=\"alignnone size-full wp-image-30\" src=\"http:\/\/www2.unifap.br\/labot\/files\/2022\/09\/Fundacao-GEF.jpg\" alt=\"\" width=\"3000\" height=\"1687\"><\/p>\n<p style=\"text-align: left\">O&nbsp;<strong>Grupo de Estudo em Fisiologia Vegetal (GEF),<\/strong> fundado em 25 de maio de 2022 pelos discentes&nbsp;<strong>Bianca<\/strong>&nbsp;Borralho Brito,&nbsp;<strong>Isabella<\/strong>&nbsp;Maria da Costa Brito,&nbsp;<strong>Jasmym<\/strong> da Silva Oliveira,<strong>&nbsp;Jo\u00e3o Pedro<\/strong>&nbsp;Messias dos Santos,&nbsp;<strong>Juliana<\/strong>&nbsp;Lorrane Maciel de Oliveira,&nbsp;<strong>Karen <\/strong>Priscila Amaral de Souza,&nbsp;<strong>Laryssa<\/strong>&nbsp;Nogueira de Souza,&nbsp;<strong>Th\u00e1ssya<\/strong> Heloyse Von Schusterschitz Smith,&nbsp;<strong>Thiago<\/strong>&nbsp;Cristov\u00e3o Corr\u00eaa,&nbsp;<strong>Walderlan<\/strong> Ferreira dos Santos e pelo <strong>docente&nbsp;Fernando<\/strong>&nbsp;Henrique Silva Garcia, visa despertar o interesse dos alunos de gradua\u00e7\u00e3o em Ci\u00eancias Biol\u00f3gicas, Agronomia e Engenharia Florestal em aprofundar seus conhecimentos em Fisiologia Vegetal. Al\u00e9m disso, a abertura do GEF proporcionar\u00e1 aos alunos de p\u00f3s-gradua\u00e7\u00e3o amplia\u00e7\u00e3o de conhecimentos, servindo inclusive como um espa\u00e7o para desenvolver sua forma\u00e7\u00e3o como docente, por meio da difus\u00e3o dos conhecimentos adquiridos ao longo da sua forma\u00e7\u00e3o acad\u00eamica atrav\u00e9s da apresenta\u00e7\u00e3o de semin\u00e1rios, palestras e em participa\u00e7\u00e3o de projetos de ensino e extens\u00e3o.<\/p>\n","protected":false},"excerpt":{"rendered":"<p>O&nbsp;Grupo de Estudo em Fisiologia Vegetal (GEF), fundado em 25 de maio de 2022 pelos discentes&nbsp;Bianca&nbsp;Borralho Brito,&nbsp;Isabella&nbsp;Maria da Costa Brito,&nbsp;Jasmym da Silva Oliveira,&nbsp;Jo\u00e3o Pedro&nbsp;Messias dos Santos,&nbsp;Juliana&nbsp;Lorrane Maciel de Oliveira,&nbsp;Karen Priscila Amaral de Souza,&nbsp;Laryssa&nbsp;Nogueira de Souza,&nbsp;Th\u00e1ssya Heloyse Von Schusterschitz Smith,&nbsp;Thiago&nbsp;Cristov\u00e3o Corr\u00eaa,&nbsp;Walderlan Ferreira dos Santos e pelo docente&nbsp;Fernando&nbsp;Henrique Silva Garcia, visa despertar o interesse dos alunos de&#8230;<\/p>\n","protected":false},"author":3941,"featured_media":0,"parent":16,"menu_order":0,"comment_status":"closed","ping_status":"closed","template":"","meta":{"inline_featured_image":false,"ngg_post_thumbnail":0,"footnotes":""},"class_list":["post-21","page","type-page","status-publish","hentry","entry"],"_links":{"self":[{"href":"https:\/\/www2.unifap.br\/labot\/wp-json\/wp\/v2\/pages\/21","targetHints":{"allow":["GET"]}}],"collection":[{"href":"https:\/\/www2.unifap.br\/labot\/wp-json\/wp\/v2\/pages"}],"about":[{"href":"https:\/\/www2.unifap.br\/labot\/wp-json\/wp\/v2\/types\/page"}],"author":[{"embeddable":true,"href":"https:\/\/www2.unifap.br\/labot\/wp-json\/wp\/v2\/users\/3941"}],"replies":[{"embeddable":true,"href":"https:\/\/www2.unifap.br\/labot\/wp-json\/wp\/v2\/comments?post=21"}],"version-history":[{"count":6,"href":"https:\/\/www2.unifap.br\/labot\/wp-json\/wp\/v2\/pages\/21\/revisions"}],"predecessor-version":[{"id":244,"href":"https:\/\/www2.unifap.br\/labot\/wp-json\/wp\/v2\/pages\/21\/revisions\/244"}],"up":[{"embeddable":true,"href":"https:\/\/www2.unifap.br\/labot\/wp-json\/wp\/v2\/pages\/16"}],"wp:attachment":[{"href":"https:\/\/www2.unifap.br\/labot\/wp-json\/wp\/v2\/media?parent=21"}],"curies":[{"name":"wp","href":"https:\/\/api.w.org\/{rel}","templated":true}]}}