{"id":226,"date":"2022-09-27T15:37:43","date_gmt":"2022-09-27T18:37:43","guid":{"rendered":"https:\/\/www2.unifap.br\/labot\/?page_id=226"},"modified":"2023-01-26T14:33:06","modified_gmt":"2023-01-26T17:33:06","slug":"participantes","status":"publish","type":"page","link":"https:\/\/www2.unifap.br\/labot\/participantes\/","title":{"rendered":"Componentes"},"content":{"rendered":"<p style=\"text-align: center\"><img fetchpriority=\"high\" decoding=\"async\" class=\"alignnone wp-image-307 aligncenter\" src=\"http:\/\/www2.unifap.br\/labot\/files\/2022\/12\/WhatsApp-Image-2022-12-09-at-10.23.45-1.jpeg\" alt=\"\" width=\"351\" height=\"468\">&nbsp; &nbsp; &nbsp; &nbsp; &nbsp;Prof. Dra. Rose Trindade&nbsp;<\/p>\n<p style=\"text-align: center\">&nbsp; <img decoding=\"async\" class=\"wp-image-140 aligncenter\" src=\"http:\/\/www2.unifap.br\/labot\/files\/2022\/09\/Foto-fernando.jpg\" alt=\"\" width=\"349\" height=\"349\"><\/p>\n<p style=\"text-align: center\">&nbsp; &nbsp; &nbsp; &nbsp; Prof. Dr. Fernando Garcia&nbsp;<\/p>\n<p style=\"text-align: center\"><strong>Alunos de inicia\u00e7\u00e3o cient\u00edfica da Escola Mario Quirino da Silva<\/strong><\/p>\n<p style=\"text-align: center\"><img decoding=\"async\" class=\"alignnone wp-image-309 size-full\" src=\"http:\/\/www2.unifap.br\/labot\/files\/2022\/12\/WhatsApp-Image-2022-12-09-at-12.08.03.jpeg\" alt=\"Emanoel\" width=\"720\" height=\"900\"><\/p>\n<p style=\"text-align: center\">&nbsp; &nbsp; &nbsp; &nbsp; &nbsp; &nbsp; &nbsp; &nbsp; &nbsp; Emanoel<\/p>\n<p style=\"text-align: center\"><img loading=\"lazy\" decoding=\"async\" class=\"alignnone wp-image-308 size-full\" src=\"http:\/\/www2.unifap.br\/labot\/files\/2022\/12\/WhatsApp-Image-2022-12-09-at-11.27.06-1.jpeg\" alt=\"Allacy\" width=\"720\" height=\"1280\"><\/p>\n<p style=\"text-align: center\">&nbsp; &nbsp;Allacy<\/p>\n<p style=\"text-align: center\">&nbsp;<img loading=\"lazy\" decoding=\"async\" class=\"alignnone wp-image-310 size-full\" src=\"http:\/\/www2.unifap.br\/labot\/files\/2022\/12\/WhatsApp-Image-2022-12-09-at-12.45.12.jpeg\" alt=\"Jeniffer\" width=\"720\" height=\"720\"><\/p>\n<p style=\"text-align: left\">&nbsp; &nbsp; &nbsp; &nbsp; &nbsp; &nbsp; &nbsp; &nbsp; &nbsp; &nbsp; &nbsp; &nbsp; &nbsp; &nbsp; &nbsp; &nbsp; &nbsp; &nbsp; &nbsp; &nbsp; &nbsp; &nbsp; &nbsp; &nbsp; &nbsp; Jeniffer<\/p>\n<p style=\"text-align: center\"><img loading=\"lazy\" decoding=\"async\" class=\"alignnone wp-image-311 size-full\" src=\"http:\/\/www2.unifap.br\/labot\/files\/2022\/12\/WhatsApp-Image-2022-12-09-at-13.52.38.jpeg\" alt=\"Allef\" width=\"1600\" height=\"1600\"><\/p>\n<p style=\"text-align: left\">&nbsp; &nbsp; &nbsp; &nbsp; &nbsp; &nbsp; &nbsp; &nbsp; &nbsp; &nbsp; &nbsp; &nbsp; &nbsp; &nbsp; &nbsp; &nbsp; &nbsp; &nbsp; &nbsp; &nbsp; &nbsp; &nbsp; &nbsp;Allef<\/p>\n<p style=\"text-align: center\"><img loading=\"lazy\" decoding=\"async\" class=\"aligncenter wp-image-313\" src=\"http:\/\/www2.unifap.br\/labot\/files\/2022\/12\/WhatsApp-Image-2022-12-09-at-14.19.46.jpeg\" alt=\"Gabriel\" width=\"300\" height=\"533\"><\/p>\n<p style=\"text-align: center\">&nbsp; &nbsp; &nbsp; &nbsp; &nbsp; &nbsp; Gabriel<\/p>\n<figure id=\"attachment_203\" aria-describedby=\"caption-attachment-203\" style=\"width: 1334px\" class=\"wp-caption alignnone\"><img loading=\"lazy\" decoding=\"async\" class=\"size-full wp-image-203\" src=\"http:\/\/www2.unifap.br\/labot\/files\/2022\/09\/Juliana.jpeg\" alt=\"\" width=\"1334\" height=\"750\"><figcaption id=\"caption-attachment-203\" class=\"wp-caption-text\">Juliana<\/figcaption><\/figure>\n<figure id=\"attachment_212\" aria-describedby=\"caption-attachment-212\" style=\"width: 720px\" class=\"wp-caption alignnone\"><img loading=\"lazy\" decoding=\"async\" class=\"size-full wp-image-212\" src=\"http:\/\/www2.unifap.br\/labot\/files\/2022\/09\/Kleyton.jpeg\" alt=\"\" width=\"720\" height=\"720\"><figcaption id=\"caption-attachment-212\" class=\"wp-caption-text\">Kleyton Faria<\/figcaption><\/figure>\n","protected":false},"excerpt":{"rendered":"<p>&nbsp; &nbsp; &nbsp; &nbsp; &nbsp;Prof. Dra. Rose Trindade&nbsp; &nbsp; &nbsp; &nbsp; &nbsp; &nbsp; Prof. Dr. Fernando Garcia&nbsp; Alunos de inicia\u00e7\u00e3o cient\u00edfica da Escola Mario Quirino da Silva &nbsp; &nbsp; &nbsp; &nbsp; &nbsp; &nbsp; &nbsp; &nbsp; &nbsp; Emanoel &nbsp; &nbsp;Allacy &nbsp; &nbsp; &nbsp; &nbsp; &nbsp; &nbsp; &nbsp; &nbsp; &nbsp; &nbsp; &nbsp; &nbsp; &nbsp; &nbsp; &nbsp; &nbsp;&#8230;<\/p>\n","protected":false},"author":3941,"featured_media":0,"parent":0,"menu_order":0,"comment_status":"closed","ping_status":"closed","template":"","meta":{"inline_featured_image":false,"ngg_post_thumbnail":0,"footnotes":""},"class_list":["post-226","page","type-page","status-publish","hentry","entry"],"_links":{"self":[{"href":"https:\/\/www2.unifap.br\/labot\/wp-json\/wp\/v2\/pages\/226","targetHints":{"allow":["GET"]}}],"collection":[{"href":"https:\/\/www2.unifap.br\/labot\/wp-json\/wp\/v2\/pages"}],"about":[{"href":"https:\/\/www2.unifap.br\/labot\/wp-json\/wp\/v2\/types\/page"}],"author":[{"embeddable":true,"href":"https:\/\/www2.unifap.br\/labot\/wp-json\/wp\/v2\/users\/3941"}],"replies":[{"embeddable":true,"href":"https:\/\/www2.unifap.br\/labot\/wp-json\/wp\/v2\/comments?post=226"}],"version-history":[{"count":12,"href":"https:\/\/www2.unifap.br\/labot\/wp-json\/wp\/v2\/pages\/226\/revisions"}],"predecessor-version":[{"id":331,"href":"https:\/\/www2.unifap.br\/labot\/wp-json\/wp\/v2\/pages\/226\/revisions\/331"}],"wp:attachment":[{"href":"https:\/\/www2.unifap.br\/labot\/wp-json\/wp\/v2\/media?parent=226"}],"curies":[{"name":"wp","href":"https:\/\/api.w.org\/{rel}","templated":true}]}}