{"id":261,"date":"2022-12-08T10:38:52","date_gmt":"2022-12-08T13:38:52","guid":{"rendered":"https:\/\/www2.unifap.br\/labot\/?page_id=261"},"modified":"2023-03-29T13:22:00","modified_gmt":"2023-03-29T16:22:00","slug":"noticias","status":"publish","type":"page","link":"https:\/\/www2.unifap.br\/labot\/noticias\/","title":{"rendered":"NOT\u00cdCIAS"},"content":{"rendered":"<p><img fetchpriority=\"high\" decoding=\"async\" class=\"alignnone size-medium wp-image-366\" src=\"http:\/\/www2.unifap.br\/labot\/files\/2023\/03\/OFICINA-2-300x300.png\" alt=\"\" width=\"300\" height=\"300\" srcset=\"https:\/\/www2.unifap.br\/labot\/files\/2023\/03\/OFICINA-2-300x300.png 300w, https:\/\/www2.unifap.br\/labot\/files\/2023\/03\/OFICINA-2-1024x1024.png 1024w, https:\/\/www2.unifap.br\/labot\/files\/2023\/03\/OFICINA-2-150x150.png 150w, https:\/\/www2.unifap.br\/labot\/files\/2023\/03\/OFICINA-2-768x768.png 768w, https:\/\/www2.unifap.br\/labot\/files\/2023\/03\/OFICINA-2-600x600.png 600w, https:\/\/www2.unifap.br\/labot\/files\/2023\/03\/OFICINA-2.png 1080w\" sizes=\"(max-width: 300px) 100vw, 300px\" \/><\/p>\n<p>No dia 15 de abril de 2023 o Grupo de Estudos em Fisiologia Vegetal (GEF-UNIFAP) em conjunto com o Centro Acad\u00eamico de Biologia (CABIO &#8211; UNIFAP), Laborat\u00f3rio de Bot\u00e2nica e Ecologia (LABOECO &#8211; UEAP) e Centro Acad\u00eamico de Ci\u00eancias Naturais (CACIN &#8211; UEAP), realizar\u00e3o uma oficina sobre Curr\u00edculo Lattes.As vagas s\u00e3o limitadas, ent\u00e3o n\u00e3o perca essa oportunidade!&nbsp; Mais informa\u00e7\u00f5es acesse o link (https:\/\/www.instagram.com\/p\/CqX7cOGLdnO\/?igshid=MDJmNzVkMjY%3D)<\/p>\n<p>&nbsp;<\/p>\n<p>&nbsp;<\/p>\n<p style=\"text-align: center\"><strong>PROCESSO SELETIVO PARA SELE\u00c7\u00c3O DE MONITOR<\/strong><\/p>\n<p>Est\u00e1 aberto o processo seletivo para sele\u00e7\u00e3o de monitoria para disciplina de Bot\u00e2nica I. Os requisitos para participar do processo seletivo \u00e9 haver cursado a disciplina de Bot\u00e2nica I.<\/p>\n<p>Edital (<a href=\"http:\/\/www2.unifap.br\/labot\/files\/2023\/02\/EDITAL-DO-PROCESSO-SELETIVO-No-3_2023-DCBS-BOLSA-MONITORIA-2022.2-Enfermagem-e-Ciencias-Biologicas.pdf\">EDITAL DO PROCESSO SELETIVO N\u00ba 3_2023 &#8211; DCBS-BOLSA-MONITORIA 2022.2 &#8211; Enfermagem e Ci\u00eancias Biol\u00f3gicas<\/a>)<\/p>\n<p><a href=\"http:\/\/www2.unifap.br\/labot\/files\/2023\/02\/HOMOLOGACAO-DAS-INSCRICOES-E-CONVOCACAO-MONITORIA-2022.2.pdf\">HOMOLOGA\u00c7\u00c3O DAS INSCRI\u00c7\u00d5ES E CONVOCA\u00c7\u00c3O &#8211; MONITORIA-2022.2<\/a><\/p>\n<p><a href=\"http:\/\/www2.unifap.br\/labot\/files\/2023\/02\/CONVOCACAO-PARA-ENTREVISTA_PROVA-DIDATICA.pdf\">CONVOCA\u00c7\u00c3O PARA ENTREVISTA_PROVA DID\u00c1TICA<\/a><\/p>\n<p><a href=\"http:\/\/www2.unifap.br\/labot\/files\/2023\/02\/Resultado-Monitoria-1.pdf\">Resultado Monitoria<\/a><\/p>\n<p><a href=\"http:\/\/www2.unifap.br\/labot\/files\/2023\/02\/RESULTADO-PROVISORIO-vagas-remanescentes-2022.2.pdf\">RESULTADO PROVIS\u00d3RIO &#8211; vagas remanescentes 2022.2<\/a><\/p>\n<p><a href=\"http:\/\/www2.unifap.br\/labot\/files\/2023\/02\/RESULTADO-FINAL-vagas-remanescentes-2022.2-1.pdf\">RESULTADO FINAL &#8211; vagas remanescentes 2022.2-1<\/a><\/p>\n<p><img decoding=\"async\" class=\"alignnone size-full wp-image-305\" src=\"http:\/\/www2.unifap.br\/labot\/files\/2022\/12\/WhatsApp-Image-2022-12-08-at-13.45.23.jpeg\" alt=\"\" width=\"960\" height=\"1280\"><\/p>\n<p>Laborat\u00f3rio de Bot\u00e2nica parabeniza os discentes Thiago Correia e Kleyton Barbosa pela premia\u00e7\u00e3o do 2\u00b0 melhor trabalho na&nbsp; III JORNADA DE BOT\u00c2NICA E ECOLOGIA III JORNADA AMAPAENSE DE BOT\u00c2NICA. O trabalho premiado \u00e9 entitulado: AN\u00c1LISE DE CRESCIMENTO ENTRE DUAS VARIEDADES DE<br \/>\nVIDEIRAS (VITIS VIN\u00cdFERA L) e conta com a participa\u00e7\u00e3o dos seguintes autores: Kleyton Farias Barbosa, Thiago Cristov\u00e3o Corr\u00eaa, Jo\u00e3o Paulo Rodrigues Alves Delfino Barbosa, Daynara Aparecida Rodrigues Gon\u00e7alves e Fernando Henrique Silva Garcia.<\/p>\n<p>&nbsp;<\/p>\n<p><img decoding=\"async\" class=\"alignnone size-full wp-image-265\" src=\"http:\/\/www2.unifap.br\/labot\/files\/2022\/12\/WhatsApp-Image-2022-12-07-at-14.05.10.jpeg\" alt=\"\" width=\"1080\" height=\"1080\"><\/p>\n<p>O Grupo de Estudos em Fisiologia Vegetal (GEF) da Universidade Federal do Amap\u00e1 (UNIFAP) promove no dia 21 de janeiro a oficina \u201cFerramentas Acad\u00eamicas\u201d. A oficina ir\u00e1 aportar o uso das ferramentas BIORENDER, MENDELEY e do programa estat\u00edstico SISVAR.<\/p>\n<p>Ferramentas<\/p>\n<p>O Biorender \u00e9 uma plataforma especializada na cria\u00e7\u00e3o de imagens aplic\u00e1veis ao ensino de biologia, em especial aquelas ligadas \u00e0 microbiologia, gen\u00e9tica ou biologia celular. O Mendeley \u00e9 um gerenciador de refer\u00eancias bibliogr\u00e1ficas gratuito que tamb\u00e9m pode ser utilizado como uma rede social acad\u00eamica.<\/p>\n<p>O Sisvar \u00e9 um programa de an\u00e1lise estat\u00edstica e planejamento de experimentos.<\/p>\n<p>S\u00e3o 10 vagas dispon\u00edveis . Mais informa\u00e7\u00f5es, acesse o Instagram do grupo (https:\/\/www.instagram.com\/fisiologiavegetal.gef\/) e no site https:\/\/www2.unifap.br\/labot\/<\/p>\n","protected":false},"excerpt":{"rendered":"<p>No dia 15 de abril de 2023 o Grupo de Estudos em Fisiologia Vegetal (GEF-UNIFAP) em conjunto com o Centro Acad\u00eamico de Biologia (CABIO &#8211; UNIFAP), Laborat\u00f3rio de Bot\u00e2nica e Ecologia (LABOECO &#8211; UEAP) e Centro Acad\u00eamico de Ci\u00eancias Naturais (CACIN &#8211; UEAP), realizar\u00e3o uma oficina sobre Curr\u00edculo Lattes.As vagas s\u00e3o limitadas, ent\u00e3o n\u00e3o perca&#8230;<\/p>\n","protected":false},"author":3941,"featured_media":0,"parent":0,"menu_order":0,"comment_status":"closed","ping_status":"closed","template":"","meta":{"inline_featured_image":false,"ngg_post_thumbnail":0,"footnotes":""},"class_list":["post-261","page","type-page","status-publish","hentry","entry"],"_links":{"self":[{"href":"https:\/\/www2.unifap.br\/labot\/wp-json\/wp\/v2\/pages\/261","targetHints":{"allow":["GET"]}}],"collection":[{"href":"https:\/\/www2.unifap.br\/labot\/wp-json\/wp\/v2\/pages"}],"about":[{"href":"https:\/\/www2.unifap.br\/labot\/wp-json\/wp\/v2\/types\/page"}],"author":[{"embeddable":true,"href":"https:\/\/www2.unifap.br\/labot\/wp-json\/wp\/v2\/users\/3941"}],"replies":[{"embeddable":true,"href":"https:\/\/www2.unifap.br\/labot\/wp-json\/wp\/v2\/comments?post=261"}],"version-history":[{"count":16,"href":"https:\/\/www2.unifap.br\/labot\/wp-json\/wp\/v2\/pages\/261\/revisions"}],"predecessor-version":[{"id":266,"href":"https:\/\/www2.unifap.br\/labot\/wp-json\/wp\/v2\/pages\/261\/revisions\/266"}],"wp:attachment":[{"href":"https:\/\/www2.unifap.br\/labot\/wp-json\/wp\/v2\/media?parent=261"}],"curies":[{"name":"wp","href":"https:\/\/api.w.org\/{rel}","templated":true}]}}