{"id":270,"date":"2022-12-08T10:54:52","date_gmt":"2022-12-08T13:54:52","guid":{"rendered":"https:\/\/www2.unifap.br\/labot\/?page_id=270"},"modified":"2022-12-08T10:54:52","modified_gmt":"2022-12-08T13:54:52","slug":"escola-mario-quirino-da-silva","status":"publish","type":"page","link":"https:\/\/www2.unifap.br\/labot\/escola-mario-quirino-da-silva\/","title":{"rendered":"ESCOLA MARIO QUIRINO DA SILVA"},"content":{"rendered":"<p>A proposta deste projeto \u00e9 promover uma intera\u00e7\u00e3o entre alunos de ensino m\u00e9dio e o ambiente acad\u00eamico da UNIFAP&nbsp;atrav\u00e9s da utiliza\u00e7\u00e3o de metodoligas cient\u00edficas na pesquisa com as abelhas polinizadoras de maracuj\u00e1. Por meio da pesquisa o estudante compreender\u00e1 a import\u00e2ncia das abelhas polinizadoras na produ\u00e7\u00e3o do fruto de maracuj\u00e1, sua manuten\u00e7\u00e3o e a conserva\u00e7\u00e3o da biodiversidade entres os seres vivos est\u00e1 ligada a esta intera\u00e7\u00e3o entre os insetos e as plantas. Al\u00e9m disso a pesquisa proporcionar\u00e1 a habilidade do estudante em se familiarizar com m\u00e9todos cient\u00edficos a partir atrav\u00e9s da coleta e an\u00e1lise dos gr\u00e3os de p\u00f3len&nbsp;em laborat\u00f3rio universit\u00e1rio. O estudante ter\u00e1 oportunidade de conhecer estruturas microsc\u00f3picas, n\u00e3o observ\u00e1veis a olho. Podendo neste estudo notar a diversidade de gr\u00e3os de p\u00f3len.<\/p>\n","protected":false},"excerpt":{"rendered":"<p>A proposta deste projeto \u00e9 promover uma intera\u00e7\u00e3o entre alunos de ensino m\u00e9dio e o ambiente acad\u00eamico da UNIFAP&nbsp;atrav\u00e9s da utiliza\u00e7\u00e3o de metodoligas cient\u00edficas na pesquisa com as abelhas polinizadoras de maracuj\u00e1. Por meio da pesquisa o estudante compreender\u00e1 a import\u00e2ncia das abelhas polinizadoras na produ\u00e7\u00e3o do fruto de maracuj\u00e1, sua manuten\u00e7\u00e3o e a conserva\u00e7\u00e3o&#8230;<\/p>\n","protected":false},"author":3941,"featured_media":0,"parent":0,"menu_order":0,"comment_status":"closed","ping_status":"closed","template":"","meta":{"inline_featured_image":false,"ngg_post_thumbnail":0,"footnotes":""},"class_list":["post-270","page","type-page","status-publish","hentry","entry"],"_links":{"self":[{"href":"https:\/\/www2.unifap.br\/labot\/wp-json\/wp\/v2\/pages\/270","targetHints":{"allow":["GET"]}}],"collection":[{"href":"https:\/\/www2.unifap.br\/labot\/wp-json\/wp\/v2\/pages"}],"about":[{"href":"https:\/\/www2.unifap.br\/labot\/wp-json\/wp\/v2\/types\/page"}],"author":[{"embeddable":true,"href":"https:\/\/www2.unifap.br\/labot\/wp-json\/wp\/v2\/users\/3941"}],"replies":[{"embeddable":true,"href":"https:\/\/www2.unifap.br\/labot\/wp-json\/wp\/v2\/comments?post=270"}],"version-history":[{"count":1,"href":"https:\/\/www2.unifap.br\/labot\/wp-json\/wp\/v2\/pages\/270\/revisions"}],"predecessor-version":[{"id":271,"href":"https:\/\/www2.unifap.br\/labot\/wp-json\/wp\/v2\/pages\/270\/revisions\/271"}],"wp:attachment":[{"href":"https:\/\/www2.unifap.br\/labot\/wp-json\/wp\/v2\/media?parent=270"}],"curies":[{"name":"wp","href":"https:\/\/api.w.org\/{rel}","templated":true}]}}