{"id":301,"date":"2022-12-08T11:46:55","date_gmt":"2022-12-08T14:46:55","guid":{"rendered":"https:\/\/www2.unifap.br\/labot\/?page_id=301"},"modified":"2022-12-08T11:46:55","modified_gmt":"2022-12-08T14:46:55","slug":"intervencoes-pedagogicas-como-estrategias-didaticas-para-o-ensino-de-botanica-no-amapa","status":"publish","type":"page","link":"https:\/\/www2.unifap.br\/labot\/intervencoes-pedagogicas-como-estrategias-didaticas-para-o-ensino-de-botanica-no-amapa\/","title":{"rendered":"Interven\u00e7\u00f5es Pedag\u00f3gicas como Estrat\u00e9gias Did\u00e1ticas para o Ensino de Bot\u00e2nica no Amap\u00e1"},"content":{"rendered":"","protected":false},"excerpt":{"rendered":"","protected":false},"author":3941,"featured_media":0,"parent":0,"menu_order":0,"comment_status":"closed","ping_status":"closed","template":"","meta":{"inline_featured_image":false,"ngg_post_thumbnail":0,"footnotes":""},"class_list":["post-301","page","type-page","status-publish","hentry","entry"],"_links":{"self":[{"href":"https:\/\/www2.unifap.br\/labot\/wp-json\/wp\/v2\/pages\/301","targetHints":{"allow":["GET"]}}],"collection":[{"href":"https:\/\/www2.unifap.br\/labot\/wp-json\/wp\/v2\/pages"}],"about":[{"href":"https:\/\/www2.unifap.br\/labot\/wp-json\/wp\/v2\/types\/page"}],"author":[{"embeddable":true,"href":"https:\/\/www2.unifap.br\/labot\/wp-json\/wp\/v2\/users\/3941"}],"replies":[{"embeddable":true,"href":"https:\/\/www2.unifap.br\/labot\/wp-json\/wp\/v2\/comments?post=301"}],"version-history":[{"count":1,"href":"https:\/\/www2.unifap.br\/labot\/wp-json\/wp\/v2\/pages\/301\/revisions"}],"predecessor-version":[{"id":302,"href":"https:\/\/www2.unifap.br\/labot\/wp-json\/wp\/v2\/pages\/301\/revisions\/302"}],"wp:attachment":[{"href":"https:\/\/www2.unifap.br\/labot\/wp-json\/wp\/v2\/media?parent=301"}],"curies":[{"name":"wp","href":"https:\/\/api.w.org\/{rel}","templated":true}]}}