{"id":47,"date":"2022-09-21T16:55:14","date_gmt":"2022-09-21T19:55:14","guid":{"rendered":"https:\/\/www2.unifap.br\/labot\/?page_id=47"},"modified":"2022-09-22T14:35:00","modified_gmt":"2022-09-22T17:35:00","slug":"2022-2","status":"publish","type":"page","link":"https:\/\/www2.unifap.br\/labot\/gef\/processo-seletivo\/2022-2\/","title":{"rendered":"2022"},"content":{"rendered":"<p><img fetchpriority=\"high\" decoding=\"async\" class=\"alignnone size-full wp-image-171\" src=\"http:\/\/www2.unifap.br\/labot\/files\/2022\/09\/183424813_881008103306948_4916860717721116955_n.jpg\" alt=\"\" width=\"500\" height=\"500\"><\/p>\n<h2>I Workshop de Biologia foi um evento realizado entre os dias 28 de agosto \u00e0 2 de setembro. O evento promovido contou com a apresenta\u00e7\u00e3o de palestras de estudantes das institui\u00e7\u00f5es da UNIFAP, UEAP, IFAP, UFOPA, IFMG, UFG, UNESP e USP.<\/h2>\n<p><img decoding=\"async\" class=\"alignnone size-full wp-image-172\" src=\"http:\/\/www2.unifap.br\/labot\/files\/2022\/09\/WhatsApp-Image-2022-08-29-at-21.27.11.jpeg\" alt=\"\" width=\"1152\" height=\"648\"> <img decoding=\"async\" class=\"alignnone size-full wp-image-174\" src=\"http:\/\/www2.unifap.br\/labot\/files\/2022\/09\/WhatsApp-Image-2022-08-30-at-20.10.20.jpeg\" alt=\"\" width=\"1600\" height=\"1200\"><img loading=\"lazy\" decoding=\"async\" class=\"alignnone size-full wp-image-175\" src=\"http:\/\/www2.unifap.br\/labot\/files\/2022\/09\/WhatsApp-Image-2022-09-22-at-14.31.51.jpeg\" alt=\"\" width=\"1600\" height=\"1200\"> <img loading=\"lazy\" decoding=\"async\" class=\"alignnone size-full wp-image-176\" src=\"http:\/\/www2.unifap.br\/labot\/files\/2022\/09\/WhatsApp-Image-2022-09-22-at-14.31.49.jpeg\" alt=\"\" width=\"1600\" height=\"900\"><\/p>\n<p>&nbsp;<\/p>\n<p>&nbsp;<\/p>\n","protected":false},"excerpt":{"rendered":"<p>I Workshop de Biologia foi um evento realizado entre os dias 28 de agosto \u00e0 2 de setembro. O evento promovido contou com a apresenta\u00e7\u00e3o de palestras de estudantes das institui\u00e7\u00f5es da UNIFAP, UEAP, IFAP, UFOPA, IFMG, UFG, UNESP e USP. &nbsp; &nbsp;<\/p>\n","protected":false},"author":3941,"featured_media":0,"parent":33,"menu_order":0,"comment_status":"closed","ping_status":"closed","template":"","meta":{"inline_featured_image":false,"ngg_post_thumbnail":0,"footnotes":""},"class_list":["post-47","page","type-page","status-publish","hentry","entry"],"_links":{"self":[{"href":"https:\/\/www2.unifap.br\/labot\/wp-json\/wp\/v2\/pages\/47","targetHints":{"allow":["GET"]}}],"collection":[{"href":"https:\/\/www2.unifap.br\/labot\/wp-json\/wp\/v2\/pages"}],"about":[{"href":"https:\/\/www2.unifap.br\/labot\/wp-json\/wp\/v2\/types\/page"}],"author":[{"embeddable":true,"href":"https:\/\/www2.unifap.br\/labot\/wp-json\/wp\/v2\/users\/3941"}],"replies":[{"embeddable":true,"href":"https:\/\/www2.unifap.br\/labot\/wp-json\/wp\/v2\/comments?post=47"}],"version-history":[{"count":4,"href":"https:\/\/www2.unifap.br\/labot\/wp-json\/wp\/v2\/pages\/47\/revisions"}],"predecessor-version":[{"id":178,"href":"https:\/\/www2.unifap.br\/labot\/wp-json\/wp\/v2\/pages\/47\/revisions\/178"}],"up":[{"embeddable":true,"href":"https:\/\/www2.unifap.br\/labot\/wp-json\/wp\/v2\/pages\/33"}],"wp:attachment":[{"href":"https:\/\/www2.unifap.br\/labot\/wp-json\/wp\/v2\/media?parent=47"}],"curies":[{"name":"wp","href":"https:\/\/api.w.org\/{rel}","templated":true}]}}