{"id":1074,"date":"2025-08-08T16:08:50","date_gmt":"2025-08-08T16:08:50","guid":{"rendered":"https:\/\/www2.unifap.br\/letras-frances-oiapoque\/?page_id=1074"},"modified":"2025-08-08T16:08:50","modified_gmt":"2025-08-08T16:08:50","slug":"contatos-uteis","status":"publish","type":"page","link":"https:\/\/www2.unifap.br\/letras-frances-oiapoque\/contatos-uteis\/","title":{"rendered":"Contatos \u00fateis"},"content":{"rendered":"<p>Abaixo h\u00e1 uma lista de contatos \u00fateis aos discentes, docentes e externos:<\/p>\n<p><strong>COORDENA\u00c7\u00c3O DE GRADUA\u00c7\u00c3O<\/strong>\u00a0(COGRAD): cograd@unifap.br<\/p>\n<p><strong>DIVIS\u00c3O DE REGISTRO E CONTROLE ACAD\u00caMICO\u00a0<\/strong>(DIRCA): dirca@unifap.br<\/p>\n<p><strong>DIVIS\u00c3O DA BIBLIOTECA BINACIONAL\u00a0<\/strong>(DIBIB): biblioteca.oiapoque@unifap.br<\/p>\n<p><strong>INSTAGRAM OFICIAL DO CURSO:<\/strong> <a href=\"https:\/\/www.instagram.com\/letrasportuguesfrancesunifap\/\">(2) Instagram<\/a><\/p>\n<h4><\/h4>\n","protected":false},"excerpt":{"rendered":"<p>Abaixo h\u00e1 uma lista de contatos \u00fateis aos discentes, docentes e externos: COORDENA\u00c7\u00c3O DE GRADUA\u00c7\u00c3O\u00a0(COGRAD): cograd@unifap.br DIVIS\u00c3O DE REGISTRO E CONTROLE ACAD\u00caMICO\u00a0(DIRCA): dirca@unifap.br DIVIS\u00c3O DA BIBLIOTECA BINACIONAL\u00a0(DIBIB): biblioteca.oiapoque@unifap.br INSTAGRAM OFICIAL DO CURSO: (2) Instagram<\/p>\n","protected":false},"author":822,"featured_media":0,"parent":0,"menu_order":0,"comment_status":"closed","ping_status":"closed","template":"","meta":{"inline_featured_image":false,"ngg_post_thumbnail":0,"footnotes":""},"class_list":["post-1074","page","type-page","status-publish","hentry"],"_links":{"self":[{"href":"https:\/\/www2.unifap.br\/letras-frances-oiapoque\/wp-json\/wp\/v2\/pages\/1074","targetHints":{"allow":["GET"]}}],"collection":[{"href":"https:\/\/www2.unifap.br\/letras-frances-oiapoque\/wp-json\/wp\/v2\/pages"}],"about":[{"href":"https:\/\/www2.unifap.br\/letras-frances-oiapoque\/wp-json\/wp\/v2\/types\/page"}],"author":[{"embeddable":true,"href":"https:\/\/www2.unifap.br\/letras-frances-oiapoque\/wp-json\/wp\/v2\/users\/822"}],"replies":[{"embeddable":true,"href":"https:\/\/www2.unifap.br\/letras-frances-oiapoque\/wp-json\/wp\/v2\/comments?post=1074"}],"version-history":[{"count":1,"href":"https:\/\/www2.unifap.br\/letras-frances-oiapoque\/wp-json\/wp\/v2\/pages\/1074\/revisions"}],"predecessor-version":[{"id":1075,"href":"https:\/\/www2.unifap.br\/letras-frances-oiapoque\/wp-json\/wp\/v2\/pages\/1074\/revisions\/1075"}],"wp:attachment":[{"href":"https:\/\/www2.unifap.br\/letras-frances-oiapoque\/wp-json\/wp\/v2\/media?parent=1074"}],"curies":[{"name":"wp","href":"https:\/\/api.w.org\/{rel}","templated":true}]}}