{"id":2,"date":"2015-10-26T19:38:08","date_gmt":"2015-10-26T19:38:08","guid":{"rendered":"http:\/\/www2.unifap.br\/letras-frances-oiapoque\/?page_id=2"},"modified":"2025-10-22T14:01:55","modified_gmt":"2025-10-22T14:01:55","slug":"docentescclfcbin","status":"publish","type":"page","link":"https:\/\/www2.unifap.br\/letras-frances-oiapoque\/docentescclfcbin\/","title":{"rendered":"CORPO DOCENTE"},"content":{"rendered":"<p>&nbsp;<\/p>\n<div id=\"attachment_676\" style=\"width: 160px\" class=\"wp-caption aligncenter\"><a href=\"http:\/\/www2.unifap.br\/letras-frances-oiapoque\/files\/2022\/10\/EDILSON.jpeg\"><img decoding=\"async\" aria-describedby=\"caption-attachment-676\" class=\"wp-image-676\" src=\"http:\/\/www2.unifap.br\/letras-frances-oiapoque\/files\/2022\/10\/EDILSON.jpeg\" alt=\"\" width=\"150\" height=\"217\" \/><\/a><p id=\"caption-attachment-676\" class=\"wp-caption-text\"><em><strong>Prof. Dr. Edilson Alves de Souza<\/strong><\/em> Doutor (2021) e Mestre (2014) em Letras e Lingu\u00edstica (concentra\u00e7\u00e3o em Estudos Liter\u00e1rios) pela Universidade Federal de Goi\u00e1s (UFG) &#8211; Campus Goi\u00e2nia; Especialista em L\u00edngua Portuguesa e Literatura pela Faculdade Campos El\u00edseos e Especialista em Metodologia do Ensino de L\u00edngua Inglesa pelo Centro Universit\u00e1rio Bar\u00e3o de Mau\u00e1; e Graduado em Letras Portugu\u00eas\/Ingl\u00eas pela Universidade Estadual de Goi\u00e1s (UEG) &#8211; Campus Campos Belos.<\/p><\/div>\n<p>&nbsp;<\/p>\n<p>&nbsp;<\/p>\n<p>&nbsp;<\/p>\n<div id=\"attachment_677\" style=\"width: 210px\" class=\"wp-caption aligncenter\"><a href=\"http:\/\/www2.unifap.br\/letras-frances-oiapoque\/files\/2022\/10\/FABIOLA.jpeg\"><img decoding=\"async\" aria-describedby=\"caption-attachment-677\" class=\"wp-image-677\" src=\"http:\/\/www2.unifap.br\/letras-frances-oiapoque\/files\/2022\/10\/FABIOLA.jpeg\" alt=\"\" width=\"200\" height=\"204\" \/><\/a><p id=\"caption-attachment-677\" class=\"wp-caption-text\"><em><strong>Profa. Dra. Fab\u00edola do Socorro Figueiredo Reis<\/strong><\/em> Tem licenciatura plena em L\u00edngua Portuguesa e em L\u00edngua Alem\u00e3 pela Universidade Federal do Par\u00e1 (2002-2008). Foi bolsista PIBIC\/UFPa do projeto IFNOPAP &#8211; o Imagin\u00e1rio das Formas Narrativas Orais Populares da Amaz\u00f4nia Paraense (2007\/2008). Fez Mestrado em Estudos Liter\u00e1rios pela Universidade Federal do Par\u00e1 (2009-2011) e Doutorado em Estudos Liter\u00e1rios e Estudos da Tradu\u00e7\u00e3o, na modalidade Bidoutorado, pela Universidade Federal do Par\u00e1 e pela University of Antwerp (B\u00e9lgica).<\/p><\/div>\n<p>&nbsp;<\/p>\n<p>&nbsp;<\/p>\n<div id=\"attachment_679\" style=\"width: 210px\" class=\"wp-caption aligncenter\"><a href=\"http:\/\/www2.unifap.br\/letras-frances-oiapoque\/files\/2022\/10\/JULIANA.jpeg\"><img fetchpriority=\"high\" decoding=\"async\" aria-describedby=\"caption-attachment-679\" class=\"wp-image-679\" src=\"http:\/\/www2.unifap.br\/letras-frances-oiapoque\/files\/2022\/10\/JULIANA.jpeg\" alt=\"\" width=\"200\" height=\"267\" \/><\/a><p id=\"caption-attachment-679\" class=\"wp-caption-text\"><strong><em>Profa. Ma. Juliana Costa Castro<\/em><\/strong> Doutoranda em Lingu\u00edstica na Universidade Federal de S\u00e3o Carlos\/UFSCAr.\u00a0 Mestre em Desenvolvimento Regional\/UNIFAP, na linha de pesquisa estudos socioculturais. Especialista em Metodologia do Ensino de L\u00edngua Portuguesa e Literatura pela Institui\u00e7\u00e3o do Ensino Superior do Amap\u00e1\/IESAP. Graduada em Letras\/Ingl\u00eas pela Universidade Federal do Amap\u00e1. Doutoranda em Lingu\u00edstica pela UFSCAR.<\/p><\/div>\n<p>&nbsp;<\/p>\n<p>&nbsp;<\/p>\n<div class=\"mceTemp\">\n<div id=\"attachment_1101\" style=\"width: 310px\" class=\"wp-caption aligncenter\"><a href=\"https:\/\/www2.unifap.br\/letras-frances-oiapoque\/docentescclfcbin\/whatsapp-image-2025-10-20-at-10-25-49\/#main\" rel=\"attachment wp-att-1101\"><img loading=\"lazy\" decoding=\"async\" aria-describedby=\"caption-attachment-1101\" class=\"size-medium wp-image-1101\" src=\"http:\/\/www2.unifap.br\/letras-frances-oiapoque\/files\/2025\/10\/WhatsApp-Image-2025-10-20-at-10.25.49-300x200.jpeg\" alt=\"Prof. Dr. Lu\u00eds Cl\u00e1udio Ferreira da SilvaProfessor de L\u00edngua e Literatura Francesa, tradutor e pesquisador na \u00e1rea de Letras, com experi\u00eancia no ensino superior e na educa\u00e7\u00e3o b\u00e1sica. Doutor em Estudos Liter\u00e1rios pela UNESP\/Araraquara, com tese sobre autofic\u00e7\u00e3o brasileira contempor\u00e2nea e suas rela\u00e7\u00f5es com o mercado e a sociedade do espet\u00e1culo. Mestre em Letras pela UEM, com pesquisa voltada \u00e0 cr\u00edtica materialista e \u00e0 identidade em narrativas de Jacques Poulin e Jos\u00e9 Saramago. Licenciado em Letras Portugu\u00eas\/Franc\u00eas, atua nas \u00e1reas de Literatura Brasileira, Portuguesa, Franc\u00f3fona, Teoria Liter\u00e1ria e Ensino de L\u00edngua Francesa. Tem ampla produ\u00e7\u00e3o acad\u00eamica e liter\u00e1ria, com artigos, cap\u00edtulos e livros publicados incluindo obras autorais de fic\u00e7\u00e3o sob o nome art\u00edstico Luigi Ricciardi. Atua tamb\u00e9m como editor-assistente, revisor ad hoc de peri\u00f3dicos e parecerista de projetos de fomento.\" width=\"300\" height=\"200\" srcset=\"https:\/\/www2.unifap.br\/letras-frances-oiapoque\/files\/2025\/10\/WhatsApp-Image-2025-10-20-at-10.25.49-300x200.jpeg 300w, https:\/\/www2.unifap.br\/letras-frances-oiapoque\/files\/2025\/10\/WhatsApp-Image-2025-10-20-at-10.25.49-1024x682.jpeg 1024w, https:\/\/www2.unifap.br\/letras-frances-oiapoque\/files\/2025\/10\/WhatsApp-Image-2025-10-20-at-10.25.49-768x512.jpeg 768w, https:\/\/www2.unifap.br\/letras-frances-oiapoque\/files\/2025\/10\/WhatsApp-Image-2025-10-20-at-10.25.49-1536x1023.jpeg 1536w, https:\/\/www2.unifap.br\/letras-frances-oiapoque\/files\/2025\/10\/WhatsApp-Image-2025-10-20-at-10.25.49.jpeg 1600w\" sizes=\"(max-width: 300px) 100vw, 300px\" \/><\/a><p id=\"caption-attachment-1101\" class=\"wp-caption-text\"><strong><em>Prof. Dr. Lu\u00eds Cl\u00e1udio Ferreira da Silva<\/em><\/strong><br \/>Professor de L\u00edngua e Literatura Francesa, tradutor e pesquisador na \u00e1rea de Letras, com experi\u00eancia no ensino superior e na educa\u00e7\u00e3o b\u00e1sica. Doutor em Estudos Liter\u00e1rios pela UNESP\/Araraquara, com tese sobre autofic\u00e7\u00e3o brasileira contempor\u00e2nea e suas rela\u00e7\u00f5es com o mercado e a sociedade do espet\u00e1culo. Mestre em Letras pela UEM, com pesquisa voltada \u00e0 cr\u00edtica materialista e \u00e0 identidade em narrativas de Jacques Poulin e Jos\u00e9 Saramago. Licenciado em Letras Portugu\u00eas\/Franc\u00eas, atua nas \u00e1reas de Literatura Brasileira, Portuguesa, Franc\u00f3fona, Teoria Liter\u00e1ria e Ensino de L\u00edngua Francesa. Tem ampla produ\u00e7\u00e3o acad\u00eamica e liter\u00e1ria, com artigos, cap\u00edtulos e livros publicados incluindo obras autorais de fic\u00e7\u00e3o sob o nome art\u00edstico Luigi Ricciardi. Atua tamb\u00e9m como editor-assistente, revisor ad hoc de peri\u00f3dicos e parecerista de projetos de fomento.<\/p><\/div>\n<p style=\"text-align: center\">\n<p>&nbsp;<\/p>\n<p>&nbsp;<\/p>\n<p>&nbsp;<\/p>\n<div id=\"attachment_681\" style=\"width: 210px\" class=\"wp-caption aligncenter\"><a href=\"http:\/\/www2.unifap.br\/letras-frances-oiapoque\/files\/2022\/10\/LUCINEIA.jpeg\"><img loading=\"lazy\" decoding=\"async\" aria-describedby=\"caption-attachment-681\" class=\"wp-image-681\" src=\"http:\/\/www2.unifap.br\/letras-frances-oiapoque\/files\/2022\/10\/LUCINEIA.jpeg\" alt=\"\" width=\"200\" height=\"200\" \/><\/a><p id=\"caption-attachment-681\" class=\"wp-caption-text\"><em><strong>Profa. Dra. Lucin\u00e9ia Alves dos Santos<\/strong><\/em> Doutora em Estudos Liter\u00e1rios pela UNESP- Araraquara. Possui Gradua\u00e7\u00e3o em Letras Portugu\u00eas\/Italiano pela Universidade Estadual Paulista &#8211; UNESP- FCL- Assis, e Mestrado em Teoria e Hist\u00f3ria Liter\u00e1ria pela Universidade Estadual de Campinas &#8211; UNICAMP-SP.<\/p><\/div>\n<p>&nbsp;<\/p>\n<p>&nbsp;<\/p>\n<div id=\"attachment_682\" style=\"width: 260px\" class=\"wp-caption aligncenter\"><a href=\"http:\/\/www2.unifap.br\/letras-frances-oiapoque\/files\/2022\/10\/MANOELA.jpeg\"><img loading=\"lazy\" decoding=\"async\" aria-describedby=\"caption-attachment-682\" class=\"wp-image-682\" src=\"http:\/\/www2.unifap.br\/letras-frances-oiapoque\/files\/2022\/10\/MANOELA.jpeg\" alt=\"\" width=\"250\" height=\"246\" \/><\/a><p id=\"caption-attachment-682\" class=\"wp-caption-text\"><em><strong>Profa. Esp. Eliz\u00e2ngela Manoela Araujo da Silva<\/strong><\/em> Possui gradua\u00e7\u00e3o em Letras &#8211; Franc\u00eas pelo Instituto de Ensino Superior do Amap\u00e1 (2011). Atualmente \u00e9 professor auxiliar da Universidade Federal do Amap\u00e1, exerce a fun\u00e7\u00e3o de vice-coordenadora do Curso de Letras Portugu\u00eas\/ Franc\u00eas. Membro do N\u00facleo Docente Estruturante do Curso de Letras- NDE. Tem experi\u00eancia na \u00e1rea de Letras, com \u00eanfase em L\u00edngua francesa, L\u00edngua Portuguesa, atuando no Colegiado de Letas, Hist\u00f3ria e Enfermagem. Tem experiencia nos seguintes temas: educa\u00e7\u00e3o, ensino profissionalizante,forma\u00e7\u00e3o, franc\u00eas e metodologias.<\/p><\/div>\n<p>&nbsp;<\/p>\n<p>&nbsp;<\/p>\n<div id=\"attachment_683\" style=\"width: 260px\" class=\"wp-caption aligncenter\"><a href=\"http:\/\/www2.unifap.br\/letras-frances-oiapoque\/files\/2022\/10\/MAX.jpeg\"><img loading=\"lazy\" decoding=\"async\" aria-describedby=\"caption-attachment-683\" class=\"wp-image-683\" src=\"http:\/\/www2.unifap.br\/letras-frances-oiapoque\/files\/2022\/10\/MAX.jpeg\" alt=\"\" width=\"250\" height=\"263\" \/><\/a><p id=\"caption-attachment-683\" class=\"wp-caption-text\"><em><strong>Prof. Me. Max Silva do Esp\u00edrito Santo<\/strong><\/em>\u00a0 \u00a0 Doutorando no Programa de P\u00f3s-Gradua\u00e7\u00e3o em Letras da Universidade Federal do Paran\u00e1 &#8211; UFPR (2023). Mestre em Linguagens e Saberes (2021) &#8211; Universidade Federal do Par\u00e1, Campus de Bragan\u00e7a. Vinculado a \u00e1rea de concentra\u00e7\u00e3o LINGUAGENS E SABERES e \u00e0 linha de pesquisa NARRATIVAS E IMAGENS NA AMAZ\u00d4NIA, com disserta\u00e7\u00e3o sobre Dalc\u00eddio Jurandir. ESPECIALISTA EM ESTUDOS DA LINGUAGEM APLICADOS \u00c0 EDUCA\u00c7\u00c3O DE SURDOS pela Universidade Federal do Par\u00e1 &#8211; Campus Universit\u00e1rio do Maraj\u00f3 &#8211; Soure (2012). Possui gradua\u00e7\u00e3o em LETRAS HABILITA\u00c7\u00c3O EM L\u00cdNGUA FRANCESA pela Universidade Federal do Par\u00e1 &#8211; Campus Universit\u00e1rio do Maraj\u00f3 &#8211; Soure (2010).<\/p><\/div>\n<p>&nbsp;<\/p>\n<p>&nbsp;<\/p>\n<div id=\"attachment_678\" style=\"width: 210px\" class=\"wp-caption aligncenter\"><a href=\"http:\/\/www2.unifap.br\/letras-frances-oiapoque\/files\/2022\/10\/IZAIAS.jpeg\"><img loading=\"lazy\" decoding=\"async\" aria-describedby=\"caption-attachment-678\" class=\"wp-image-678\" src=\"http:\/\/www2.unifap.br\/letras-frances-oiapoque\/files\/2022\/10\/IZAIAS.jpeg\" alt=\"\" width=\"200\" height=\"356\" data-wp-editing=\"1\" \/><\/a><p id=\"caption-attachment-678\" class=\"wp-caption-text\"><em><strong>Prof. Dr. Iza\u00edas Serafim de Lima Neto<\/strong><\/em> Graduado em Licenciatura Plena em Letras &#8211; Portugu\u00eas pela Universidade Estadual da Para\u00edba no CAMPUS IV em Catol\u00e9 do Rocha\/PB (2018); Mestre em Letras (2020) e Doutor em Letras pelo Programa de P\u00f3s Gradua\u00e7\u00e3o em Letras (PPGL) do Campus Avan\u00e7ado de Pau dos Ferros &#8211; CAPF\/UERN\/Pau dos Ferros &#8211; RN.<\/p><\/div>\n<p>&nbsp;<\/p>\n<p>&nbsp;<\/p>\n<div class=\"mceTemp\"><\/div>\n<p>&nbsp;<\/p>\n<div id=\"attachment_919\" style=\"width: 247px\" class=\"wp-caption aligncenter\"><a href=\"https:\/\/www2.unifap.br\/letras-frances-oiapoque\/docentescclfcbin\/luis\/#main\" rel=\"attachment wp-att-919\"><img loading=\"lazy\" decoding=\"async\" aria-describedby=\"caption-attachment-919\" class=\"size-medium wp-image-919\" src=\"http:\/\/www2.unifap.br\/letras-frances-oiapoque\/files\/2023\/11\/Luis-237x300.jpg\" alt=\"Prof. Me. Lu\u00eds Carlos de SantanaPossui 32 anos de exerc\u00edcio no magist\u00e9rio de Educa\u00e7\u00e3o Fundamental II, Ensino M\u00e9dio e Superior. \u00c9 graduado em Letras Modernas- Portugu\u00eas\/ Franc\u00eas - (FACULDADE DE FILOSOFIA, LETRAS, CI\u00caNCIAS E HIST\u00d3RIA-FFLCH- USP). Mestre em Hist\u00f3ria Social do Brasil (FFLCH - USP). Atualmente \u00e9 professor substituto na \u00e1rea de Lingu\u00edstica na Universidade Federal do Amap\u00e1. Atuou como docente de L\u00edngua Francesa na Rede Estadual de Educa\u00e7\u00e3o do Amap\u00e1. Foi professor assistente I, lecionando L\u00edngua Francesa nas Faculdades Metropolitanas Unidas - FMU- SP. Tamb\u00e9m ministrou aulas de Literatura Brasileira no Cursinho da Poli (Gr\u00eamio Polit\u00e9cnico da USP), Ministrou aulas de An\u00e1lise Textual na Faculdade Est\u00e1cio -Seama (2012 e 2013), Morfologia e Fon\u00e9tica da L\u00edngua Portuguesa no Instituto de Ensino Superior do Amap\u00e1 - IESAP (2011- 2012), e Sem\u00e2ntica na Faculdade Madre Tereza (2012-2013). \u00c9 autor do livro A Noite dos Cristais, Editora 34, com as seguintes premia\u00e7\u00f5es outorgadas pela Funda\u00e7\u00e3o Nacional do Livro Infanto-Juvenil- FNLIJ Se\u00e7\u00e3o Brasileira da International Board on Books for Young People: - Or\u00edgenes Lessa - Autor Revela\u00e7\u00e3o; - Livro Altamente Recomendado Para o P\u00fablico Infanto- Juvenil; - Men\u00e7\u00e3o Altamente Recomend\u00e1vel. Al\u00e9m dos pr\u00eamios: -Projeto Nascente - USP - Abril Cultural; -Programa Nacional do Livro Did\u00e1tico \u2013 PNDLD- MEC- 5000 exemplares adquiridos pela Secretaria de Cultura do Estado de S\u00e3o Paulo e distribu\u00eddos pelas bibliotecas das escolas p\u00fablicas. Tem sua obra analisada na colet\u00e2nea Literatura e Afrodescend\u00eancia no Brasil: antologia cr\u00edtica, v.3, Editora UFMG, 2011; e no livro Confluence Narratives- Ethnicity, History, and Nation-Making in the Americas, escrito por Antonio Luciano de Andrade Tosta, BUCKNELL UNIVERSITY PRESS - USA. E publicou em 2017 o romance O T\u00famulo do Soldado Desconhecido, pela Editora Biblioteca 24 Horas - SP.\" width=\"237\" height=\"300\" srcset=\"https:\/\/www2.unifap.br\/letras-frances-oiapoque\/files\/2023\/11\/Luis-237x300.jpg 237w, https:\/\/www2.unifap.br\/letras-frances-oiapoque\/files\/2023\/11\/Luis.jpg 497w\" sizes=\"(max-width: 237px) 100vw, 237px\" \/><\/a><p id=\"caption-attachment-919\" class=\"wp-caption-text\"><em><strong>Prof. Me. Lu\u00eds Carlos de Santana<\/strong><\/em><br \/>Possui 32 anos de exerc\u00edcio no magist\u00e9rio de Educa\u00e7\u00e3o Fundamental II, Ensino M\u00e9dio e Superior. \u00c9 graduado em Letras Modernas- Portugu\u00eas\/ Franc\u00eas &#8211; (FACULDADE DE FILOSOFIA, LETRAS, CI\u00caNCIAS E HIST\u00d3RIA-FFLCH- USP). Mestre em Hist\u00f3ria Social do Brasil (FFLCH &#8211; USP). Atualmente \u00e9 professor substituto na \u00e1rea de Lingu\u00edstica na Universidade Federal do Amap\u00e1. Atuou como docente de L\u00edngua Francesa na Rede Estadual de Educa\u00e7\u00e3o do Amap\u00e1. Foi professor assistente I, lecionando L\u00edngua Francesa nas Faculdades Metropolitanas Unidas &#8211; FMU- SP. Tamb\u00e9m ministrou aulas de Literatura Brasileira no Cursinho da Poli (Gr\u00eamio Polit\u00e9cnico da USP), Ministrou aulas de An\u00e1lise Textual na Faculdade Est\u00e1cio -Seama (2012 e 2013), Morfologia e Fon\u00e9tica da L\u00edngua Portuguesa no Instituto de Ensino Superior do Amap\u00e1 &#8211; IESAP (2011- 2012), e Sem\u00e2ntica na Faculdade Madre Tereza (2012-2013). \u00c9 autor do livro A Noite dos Cristais, Editora 34, com as seguintes premia\u00e7\u00f5es outorgadas pela Funda\u00e7\u00e3o Nacional do Livro Infanto-Juvenil- FNLIJ Se\u00e7\u00e3o Brasileira da International Board on Books for Young People: &#8211; Or\u00edgenes Lessa &#8211; Autor Revela\u00e7\u00e3o; &#8211; Livro Altamente Recomendado Para o P\u00fablico Infanto- Juvenil; &#8211; Men\u00e7\u00e3o Altamente Recomend\u00e1vel. Al\u00e9m dos pr\u00eamios: -Projeto Nascente &#8211; USP &#8211; Abril Cultural; -Programa Nacional do Livro Did\u00e1tico \u2013 PNDLD- MEC- 5000 exemplares adquiridos pela Secretaria de Cultura do Estado de S\u00e3o Paulo e distribu\u00eddos pelas bibliotecas das escolas p\u00fablicas. Tem sua obra analisada na colet\u00e2nea Literatura e Afrodescend\u00eancia no Brasil: antologia cr\u00edtica, v.3, Editora UFMG, 2011; e no livro Confluence Narratives- Ethnicity, History, and Nation-Making in the Americas, escrito por Antonio Luciano de Andrade Tosta, BUCKNELL UNIVERSITY PRESS &#8211; USA. E publicou em 2017 o romance O T\u00famulo do Soldado Desconhecido, pela Editora Biblioteca 24 Horas &#8211; SP.<\/p><\/div>\n<p>&nbsp;<\/p>\n<p>&nbsp;<\/p>\n<p>&nbsp;<\/p>\n<p>&nbsp;<\/p>\n<p>&nbsp;<\/p>\n","protected":false},"excerpt":{"rendered":"<p>&nbsp; &nbsp; &nbsp; &nbsp; &nbsp; &nbsp; &nbsp; &nbsp; &nbsp; &nbsp; &nbsp; &nbsp; &nbsp; &nbsp; &nbsp; &nbsp; &nbsp; &nbsp; &nbsp; &nbsp; &nbsp; &nbsp; &nbsp; &nbsp; &nbsp;<\/p>\n","protected":false},"author":167,"featured_media":0,"parent":0,"menu_order":0,"comment_status":"open","ping_status":"closed","template":"","meta":{"inline_featured_image":false,"ngg_post_thumbnail":0,"footnotes":""},"class_list":["post-2","page","type-page","status-publish","hentry"],"_links":{"self":[{"href":"https:\/\/www2.unifap.br\/letras-frances-oiapoque\/wp-json\/wp\/v2\/pages\/2","targetHints":{"allow":["GET"]}}],"collection":[{"href":"https:\/\/www2.unifap.br\/letras-frances-oiapoque\/wp-json\/wp\/v2\/pages"}],"about":[{"href":"https:\/\/www2.unifap.br\/letras-frances-oiapoque\/wp-json\/wp\/v2\/types\/page"}],"author":[{"embeddable":true,"href":"https:\/\/www2.unifap.br\/letras-frances-oiapoque\/wp-json\/wp\/v2\/users\/167"}],"replies":[{"embeddable":true,"href":"https:\/\/www2.unifap.br\/letras-frances-oiapoque\/wp-json\/wp\/v2\/comments?post=2"}],"version-history":[{"count":11,"href":"https:\/\/www2.unifap.br\/letras-frances-oiapoque\/wp-json\/wp\/v2\/pages\/2\/revisions"}],"predecessor-version":[{"id":23,"href":"https:\/\/www2.unifap.br\/letras-frances-oiapoque\/wp-json\/wp\/v2\/pages\/2\/revisions\/23"}],"wp:attachment":[{"href":"https:\/\/www2.unifap.br\/letras-frances-oiapoque\/wp-json\/wp\/v2\/media?parent=2"}],"curies":[{"name":"wp","href":"https:\/\/api.w.org\/{rel}","templated":true}]}}