{"id":27,"date":"2015-11-03T18:33:01","date_gmt":"2015-11-03T18:33:01","guid":{"rendered":"http:\/\/www2.unifap.br\/letras-frances-oiapoque\/?page_id=27"},"modified":"2025-08-01T11:30:38","modified_gmt":"2025-08-01T11:30:38","slug":"coordenacao","status":"publish","type":"page","link":"https:\/\/www2.unifap.br\/letras-frances-oiapoque\/coordenacao\/","title":{"rendered":"COORDENA\u00c7\u00c3O"},"content":{"rendered":"<h2 style=\"text-align: center\"><span style=\"color: #993366\"><strong>ATENDIMENTO DA COORDENA\u00c7\u00c3O DO CURSO DE LETRAS PORTUGU\u00caS E FRANC\u00caS<\/strong><\/span><\/h2>\n<p>&nbsp;<\/p>\n<h3 style=\"text-align: center\">\u00a0De segunda-feira \u00a0a sexta-feira, das 14h \u00e0s 18h.<\/h3>\n<h3 style=\"text-align: center\"><em>WhatsApp<\/em>: (62)9814-1134<\/h3>\n<h3 style=\"text-align: center\"><em>E-mail<\/em>: letrasfrances.binacional@unifap.br<\/h3>\n<h3 style=\"text-align: center\"><\/h3>\n<h3 style=\"text-align: center\">Coordenador: Prof. Dr. \u00a0Edilson Alves de Souza<\/h3>\n<h3 style=\"text-align: center\">Vice-coordenador: Prof. Me. Max Silva do Esp\u00edrito Santo<\/h3>\n<h1 style=\"text-align: center\"><\/h1>\n<h1 style=\"text-align: center\"><\/h1>\n<h1 style=\"text-align: center\"><\/h1>\n","protected":false},"excerpt":{"rendered":"<p>ATENDIMENTO DA COORDENA\u00c7\u00c3O DO CURSO DE LETRAS PORTUGU\u00caS E FRANC\u00caS &nbsp; \u00a0De segunda-feira \u00a0a sexta-feira, das 14h \u00e0s 18h. WhatsApp: (62)9814-1134 E-mail: letrasfrances.binacional@unifap.br Coordenador: Prof. Dr. \u00a0Edilson Alves de Souza Vice-coordenador: Prof. Me. Max Silva do Esp\u00edrito Santo<\/p>\n","protected":false},"author":822,"featured_media":0,"parent":0,"menu_order":0,"comment_status":"open","ping_status":"open","template":"page-template-full.php","meta":{"inline_featured_image":false,"ngg_post_thumbnail":0,"footnotes":""},"class_list":["post-27","page","type-page","status-publish","hentry"],"_links":{"self":[{"href":"https:\/\/www2.unifap.br\/letras-frances-oiapoque\/wp-json\/wp\/v2\/pages\/27","targetHints":{"allow":["GET"]}}],"collection":[{"href":"https:\/\/www2.unifap.br\/letras-frances-oiapoque\/wp-json\/wp\/v2\/pages"}],"about":[{"href":"https:\/\/www2.unifap.br\/letras-frances-oiapoque\/wp-json\/wp\/v2\/types\/page"}],"author":[{"embeddable":true,"href":"https:\/\/www2.unifap.br\/letras-frances-oiapoque\/wp-json\/wp\/v2\/users\/822"}],"replies":[{"embeddable":true,"href":"https:\/\/www2.unifap.br\/letras-frances-oiapoque\/wp-json\/wp\/v2\/comments?post=27"}],"version-history":[{"count":18,"href":"https:\/\/www2.unifap.br\/letras-frances-oiapoque\/wp-json\/wp\/v2\/pages\/27\/revisions"}],"predecessor-version":[{"id":1070,"href":"https:\/\/www2.unifap.br\/letras-frances-oiapoque\/wp-json\/wp\/v2\/pages\/27\/revisions\/1070"}],"wp:attachment":[{"href":"https:\/\/www2.unifap.br\/letras-frances-oiapoque\/wp-json\/wp\/v2\/media?parent=27"}],"curies":[{"name":"wp","href":"https:\/\/api.w.org\/{rel}","templated":true}]}}