{"id":323,"date":"2018-11-20T03:03:34","date_gmt":"2018-11-20T03:03:34","guid":{"rendered":"http:\/\/www2.unifap.br\/letras-frances-oiapoque\/?page_id=323"},"modified":"2025-08-08T16:16:21","modified_gmt":"2025-08-08T16:16:21","slug":"grupos-de-pesquisa","status":"publish","type":"page","link":"https:\/\/www2.unifap.br\/letras-frances-oiapoque\/grupos-de-pesquisa\/","title":{"rendered":"GRUPOS DE PESQUISA"},"content":{"rendered":"<p style=\"text-align: center\"><span style=\"color: #993366\"><b>GRUPO: N\u00facleo de Leituras Discursivas (NULDIS)<\/b><\/span><\/p>\n<p style=\"text-align: center\">Coordena\u00e7\u00e3o: Prof. Dr. Iza\u00edas Serafim de Lima Neto<\/p>\n<p style=\"text-align: center\">O N\u00facleo de Leituras Discursivas (NULDIS) se justifica pela necessidade de, no \u00e2mbito da Universidade Federal do Amap\u00e1, compor possibilidades de leituras discursivas dos mais diversos objetos. Circunscrito nos estudos discursivos foucaultianos, o NULDIS se pretende enquanto ve\u00edculo de produ\u00e7\u00e3o de saber, a n\u00edvel de Inicia\u00e7\u00e3o Cient\u00edfica, Gradua\u00e7\u00e3o e P\u00f3s-Gradua\u00e7\u00e3o, afetando, pois, o fazer de pesquisas discursivas que tenham como enfoque principal os discursos da educa\u00e7\u00e3o, da sexualidade e do neoliberalismo. Por isso, consideramos deveras importante a constru\u00e7\u00e3o de referencial te\u00f3rico no norte do pa\u00eds, especificamente na regi\u00e3o amaz\u00f4nica, para viabilizar transforma\u00e7\u00e3o social e buscar inteligir os discursos que circulam neste lado do Brasil. Dada a pung\u00eancia dos estudos que se envolvem com a arqueogenealogia de Michel Foucault, consideramos premente a constru\u00e7\u00e3o de pesquisas na Amaz\u00f4nia que visam descrever e interpretar os modos pelos quais a educa\u00e7\u00e3o, as sexualidades e as rela\u00e7\u00f5es de saber-poder se d\u00e3o na atualidade, tomando como recorte a no\u00e7\u00e3o espa\u00e7o-geogr\u00e1fica do Norte brasileiro, especialmente no estado do Amap\u00e1.<\/p>\n<p>&nbsp;<\/p>\n<p style=\"text-align: center\"><span style=\"color: #993366\"><b>GRUPO: CIEDUCAAMAZON<\/b><\/span><\/p>\n<p style=\"text-align: center\">Coordena\u00e7\u00e3o: Prof. Esp. Ant\u00f4nio dos Santos Leonel<\/p>\n<p style=\"text-align: center\">DADA A FINALIDADE DA UNIVERSIDADE FRENTE AOS ANSEIOS POLITICOS-EDUCACIONAIS, A IMPORT\u00c2NCIA DE INVESTIGA\u00c7\u00d5ES: PESQUISAS E PROJETOS DE EXTENS\u00c3O FRENTE A COMUNIDADE \u00c9 DE RELEVANTE IMPACTO PARA O DESENVOLVIMENTO DE MECANISMOS DE RESTRUTURA\u00c7\u00c3O DE FRENTES ATIVAS NA SOCIEDADE LOCAL. A IMPORT\u00c2NCIA DESTE GRUPO DE PESQUISA SE D\u00c1 PELA NECESSIDADE LOCAL DE FOMENTO NA \u00c1REA DE PESQUISAS QUE CONTEMPLEM AS REALIDADES TANTO DA REGI\u00c3O NORTE DO PA\u00cdS, BEM COMO DE COMUNIDADES LOCAIS EM ESTADOS ESPECIFICOS. &#8211; \u201cA pesquisa surge quando temos consci\u00eancia de um problema e nos sentimos impelidos a buscar a sua solu\u00e7\u00e3o\u201d. (R. Mandolfo, citado em Asti Vera, 1976). S\u00c3O IMN\u00daMEROS OS PROBLEMAS S\u00d3CIO-POLITICOS E INFINDAVEIS AS POSSIBILIDADES DE INVESTIGA\u00c7\u00c3O, PORTANTO, \u00c9 MISTER SALIENTAR PARA INICIATIVAS DE PESQUISA, INVESTIGA\u00c7\u00c3O. DITO ISTO, OBSERVAMOS QUE: Pesquisa \u00e9 o ato pelo qual procuramos obter conhecimento sobre alguma coisa. [&#8230;] Contudo, num sentido mais estrito, visando a cria\u00e7\u00e3o de um corpo de conhecimentos sobre um certo assunto, o ato de pesquisar deve apresentar certas caracter\u00edsticas espec\u00edficas. N\u00e3o buscamos, com ele, qualquer conhecimento, mas um conhecimento que ultrapasse nosso entendimento imediato na explica\u00e7\u00e3o ou na compreens\u00e3o da realidade que observamos. (GATTI, 2002, p. 9-10) PARTINDO DESTA PREMISSSA, CHEGA-SE A VIS\u00c3O DA NECESSIDADE DE INVESTIGAR DETERMINADOS FEN\u00d4MENOS POLITICOS, SOCIAIS, EDUACIONAIS E ECON\u00d4MICOS OCORRENTES EM NOSSO PA\u00cdS\/REGI\u00c3O\/COMUNIDADE. OUTROSSIM, SALIENTAMOS PARA A IMPORT\u00c2NCIA DE DIVULGA\u00c7\u00c3O, PROPAGA\u00c7\u00c3O E ASSIMILA\u00c7\u00c3O DESSES SABERES DESENVOLVIDOS PELA PESQUISA REALISADA, BEM COMO PELA NECESSIFDADE DE APONTAMENTOS DE NOVOS VI\u00c9IS DE FRENTES DE INVESTIGA\u00c7\u00c3O CIENT\u00cdFICA<\/p>\n","protected":false},"excerpt":{"rendered":"<p>GRUPO: N\u00facleo de Leituras Discursivas (NULDIS) Coordena\u00e7\u00e3o: Prof. Dr. Iza\u00edas Serafim de Lima Neto O N\u00facleo de Leituras Discursivas (NULDIS) se justifica pela necessidade de, no \u00e2mbito da Universidade Federal do Amap\u00e1, compor possibilidades de leituras discursivas dos mais diversos&hellip; <\/p>\n<p><a href=\"https:\/\/www2.unifap.br\/letras-frances-oiapoque\/grupos-de-pesquisa\/\" class=\"readmore-button\">Continue Reading<\/a><\/p>\n","protected":false},"author":822,"featured_media":0,"parent":0,"menu_order":0,"comment_status":"open","ping_status":"open","template":"","meta":{"inline_featured_image":false,"ngg_post_thumbnail":0,"footnotes":""},"class_list":["post-323","page","type-page","status-publish","hentry"],"_links":{"self":[{"href":"https:\/\/www2.unifap.br\/letras-frances-oiapoque\/wp-json\/wp\/v2\/pages\/323","targetHints":{"allow":["GET"]}}],"collection":[{"href":"https:\/\/www2.unifap.br\/letras-frances-oiapoque\/wp-json\/wp\/v2\/pages"}],"about":[{"href":"https:\/\/www2.unifap.br\/letras-frances-oiapoque\/wp-json\/wp\/v2\/types\/page"}],"author":[{"embeddable":true,"href":"https:\/\/www2.unifap.br\/letras-frances-oiapoque\/wp-json\/wp\/v2\/users\/822"}],"replies":[{"embeddable":true,"href":"https:\/\/www2.unifap.br\/letras-frances-oiapoque\/wp-json\/wp\/v2\/comments?post=323"}],"version-history":[{"count":5,"href":"https:\/\/www2.unifap.br\/letras-frances-oiapoque\/wp-json\/wp\/v2\/pages\/323\/revisions"}],"predecessor-version":[{"id":1076,"href":"https:\/\/www2.unifap.br\/letras-frances-oiapoque\/wp-json\/wp\/v2\/pages\/323\/revisions\/1076"}],"wp:attachment":[{"href":"https:\/\/www2.unifap.br\/letras-frances-oiapoque\/wp-json\/wp\/v2\/media?parent=323"}],"curies":[{"name":"wp","href":"https:\/\/api.w.org\/{rel}","templated":true}]}}