{"id":36,"date":"2015-11-03T18:46:34","date_gmt":"2015-11-03T18:46:34","guid":{"rendered":"http:\/\/www2.unifap.br\/letras-frances-oiapoque\/?page_id=36"},"modified":"2019-09-30T02:40:58","modified_gmt":"2019-09-30T02:40:58","slug":"projetos-de-extensao","status":"publish","type":"page","link":"https:\/\/www2.unifap.br\/letras-frances-oiapoque\/projetos-de-extensao\/","title":{"rendered":"PROJETOS DE EXTENS\u00c3O"},"content":{"rendered":"<p><span style=\"color: #650953\"><b>Pjxxx-2019 \u2013 SEMEANDO A LEITURA<\/b><\/span>: Os sistemas prisionais no Brasil e no exterior possuem diversos projetos destinados ao desenvolvimento do h\u00e1bito da leitura por parte da comunidade carcer\u00e1ria, em que os membros possuem acesso a bibliotecas e praticam exerc\u00edcios de interpreta\u00e7\u00e3o sobre as obras lidas, recebendo desconto nas penas. No caso do munic\u00edpio do Oiapoque (AP), pensou-se em desenvolver, pela primeira vez na regi\u00e3o, uma a\u00e7\u00e3o voltada para este fim. Com base em te\u00f3ricos como Ferrarezi Jr (2016), Teresa Colomer (2012) e Marisa Lajolo (2007), que admitem que a leitura passa por um processo de democratiza\u00e7\u00e3o atrav\u00e9s da simples disponibiliza\u00e7\u00e3o do livro, pretende-se levar ao Centro de Cust\u00f3dia de Oiapoque o acesso ao livro e promover o desenvolvimento da leitura atrav\u00e9s de comunica\u00e7\u00f5es, exibi\u00e7\u00e3o de filmes de obras adaptadas e leitura comentada de textos liter\u00e1rios. Este projeto tem como objetivo permitir e orientar aos internos do Centro de Cust\u00f3dia de Oiapoque (CCO) a leitura de uma obra cl\u00e1ssica que verse sobre a tem\u00e1tica do aprisionamento, do crime, da puni\u00e7\u00e3o e da reden\u00e7\u00e3o. Ao longo do projeto, os internos responder\u00e3o a question\u00e1rios sobre o livro para comprovar a leitura da obra.<\/p>\n<p align=\"justify\"><span style=\"color: #650953\"><b>Coordena\u00e7\u00e3o<\/b><\/span>: Prof\u00aa. Dr\u00aa Fab\u00edola Reis<\/p>\n<p align=\"justify\"><span style=\"color: #650953\"><b>Colaboradora: <\/b><\/span>Prof\u00aa. Me. Lucin\u00e9ia Alves<\/p>\n<p align=\"justify\"><span style=\"color: #650953\"><b>Status:<\/b><\/span> Em andamento<\/p>\n<hr \/>\n<p align=\"justify\"><span style=\"color: #780373\"><span style=\"font-family: Liberation Serif, serif\"><span style=\"font-size: medium\"><b>PJxxx-2019<\/b><\/span><\/span><\/span><span style=\"color: #780373\"><span style=\"font-family: Liberation Serif, serif\"><span style=\"font-size: medium\"><b> \u2013 <\/b><\/span><\/span><\/span><span style=\"color: #780373\"><span style=\"font-family: Liberation Serif, serif\"><span style=\"font-size: medium\"><b>Cinema e Debate: <\/b><\/span><\/span><\/span>A falta de cinemas e de locais alternativos para exibi\u00e7\u00e3o de document\u00e1rios e filmes na cidade de Oiapoque (AP), extremo norte do Estado do AP, gerou a necessidade de ser criado um projeto para exibir publicamente, uma vez por m\u00eas, um filme\/m\u00eddia\/document\u00e1rio para a comunidade acad\u00eamica e externa da cidade, discutindo temas da atualidade. O projeto tem um car\u00e1ter cultural e cient\u00edfico, com o objetivo produzir debates horizontais na \u00e1rea do cinema, das artes e da representa\u00e7\u00e3o no espa\u00e7o da UNIFAP &#8211; Campus Binacional. O projeto Cinema e Debate visa reunir, uma vez por m\u00eas, a comunidade acad\u00eamica e externa para exibir filmes e document\u00e1rios e provocar uma discuss\u00e3o acerca de temas atuais, como racismo, educa\u00e7\u00e3o, literatura etc.<\/p>\n<p align=\"justify\"><span style=\"color: #650953\"><b>Coordena\u00e7\u00e3o<\/b><\/span>: Prof\u00aa. Dr\u00aa Fab\u00edola Reis<\/p>\n<p align=\"justify\"><span style=\"color: #650953\"><b>Status:<\/b><\/span> Em andamento<\/p>\n<p align=\"justify\"><span style=\"color: #650953\"><b>Certificados<\/b><\/span><span style=\"color: #650953\">:<\/span> Dispon\u00edveis na coordena\u00e7\u00e3o do curso.<\/p>\n<hr \/>\n<p align=\"justify\"><span style=\"font-family: Liberation Serif, serif\"><span style=\"color: #780373\"><span style=\"font-size: medium\"><b>PJ048-2017<\/b><\/span><\/span><span style=\"color: #780373\"><b> &#8211; <\/b><\/span><span style=\"color: #780373\"><span style=\"font-size: medium\"><b>LA LINGUA ITALIANA NELL\u2019AMAZZONIA:<\/b><\/span><\/span> <span style=\"color: #000000\"><span style=\"font-size: medium\">Curso voltado para o n\u00edvel b\u00e1sico (A1) de l\u00edngua italiana. <\/span><\/span><\/span><\/p>\n<p align=\"justify\"><span style=\"font-family: Liberation Serif, serif\"><span style=\"color: #650953\"><span style=\"font-size: medium\"><b>Coordenadora:<\/b><\/span><\/span><span style=\"color: #2e3944\"><span style=\"font-size: medium\"> Prof\u00aa. Me. Lucin\u00e9ia Alves. <\/span><\/span><\/span><\/p>\n<p align=\"justify\"><span style=\"font-family: Liberation Serif, serif\"><span style=\"color: #780373\"><span style=\"font-size: medium\"><b>Status<\/b><\/span><\/span><span style=\"color: #2e3944\"><span style=\"font-size: medium\"><b>:<\/b><\/span><\/span> <span style=\"color: #000000\"><span style=\"font-size: medium\">Encerrado.<\/span><\/span><\/span><\/p>\n<p align=\"justify\"><span style=\"font-family: Liberation Serif, serif\"><span style=\"color: #780373\"><span style=\"font-size: medium\"><b>Certificados:<\/b><\/span><\/span> <a href=\"https:\/\/www2.unifap.br\/dex\/2018-2\/\"><span style=\"color: #000000\"><span style=\"font-size: medium\">Dispon\u00edveis no site do DEX<\/span><\/span><\/a><\/span><\/p>\n<hr \/>\n<p><span style=\"color: #993366\"><strong>CR007-2017 &#8211;\u00a0L\u00edngua e cultura alem\u00e3 \u2013 falar alem\u00e3o no Oiapoque<\/strong><\/span><\/p>\n<p>Este projeto de extens\u00e3o de alem\u00e3o &#8211; n\u00edvel A1 (iniciante) &#8211; est\u00e1 destinado a acad\u00eamicos, servidores da UNIFAP e membros da comunidade interessados em aprender a l\u00edngua alem\u00e3 e sua hist\u00f3ria e cultura. O curso ter\u00e1 encontros uma vez por semana, \u00a02 horas a cada dia (segunda e quarta). O objetivo deste projeto \u00e9, tamb\u00e9m, estabelecer conv\u00eanio entre a Unifap e os principais centros de pesquisa da Alemanha e, tamb\u00e9m, interc\u00e2mbio com bolsa para os estudantes da Unifap nas universidades alem\u00e3s.<\/p>\n<p><strong>Coordena\u00e7\u00e3o:<\/strong> Profa. Dra. Fab\u00edola Reis<\/p>\n<p><b>Status: Encerrado.<\/b><\/p>\n<p><span style=\"font-family: Liberation Serif, serif\"><span style=\"color: #780373\"><span style=\"font-size: medium\"><b>Certificados:<\/b><\/span><\/span> <a href=\"https:\/\/www2.unifap.br\/dex\/2018-2\/\"><span style=\"color: #000000\"><span style=\"font-size: medium\">Dispon\u00edveis no site do DEX<\/span><\/span><\/a><\/span><\/p>\n<p>&nbsp;<\/p>\n<p>&nbsp;<\/p>\n","protected":false},"excerpt":{"rendered":"<p>Pjxxx-2019 \u2013 SEMEANDO A LEITURA: Os sistemas prisionais no Brasil e no exterior possuem diversos projetos destinados ao desenvolvimento do h\u00e1bito da leitura por parte da comunidade carcer\u00e1ria, em que os membros possuem acesso a bibliotecas e praticam exerc\u00edcios de&hellip; <\/p>\n<p><a href=\"https:\/\/www2.unifap.br\/letras-frances-oiapoque\/projetos-de-extensao\/\" class=\"readmore-button\">Continue Reading<\/a><\/p>\n","protected":false},"author":822,"featured_media":0,"parent":0,"menu_order":2,"comment_status":"open","ping_status":"open","template":"page-template-full.php","meta":{"inline_featured_image":false,"ngg_post_thumbnail":0,"footnotes":""},"class_list":["post-36","page","type-page","status-publish","hentry"],"_links":{"self":[{"href":"https:\/\/www2.unifap.br\/letras-frances-oiapoque\/wp-json\/wp\/v2\/pages\/36","targetHints":{"allow":["GET"]}}],"collection":[{"href":"https:\/\/www2.unifap.br\/letras-frances-oiapoque\/wp-json\/wp\/v2\/pages"}],"about":[{"href":"https:\/\/www2.unifap.br\/letras-frances-oiapoque\/wp-json\/wp\/v2\/types\/page"}],"author":[{"embeddable":true,"href":"https:\/\/www2.unifap.br\/letras-frances-oiapoque\/wp-json\/wp\/v2\/users\/822"}],"replies":[{"embeddable":true,"href":"https:\/\/www2.unifap.br\/letras-frances-oiapoque\/wp-json\/wp\/v2\/comments?post=36"}],"version-history":[{"count":4,"href":"https:\/\/www2.unifap.br\/letras-frances-oiapoque\/wp-json\/wp\/v2\/pages\/36\/revisions"}],"predecessor-version":[{"id":559,"href":"https:\/\/www2.unifap.br\/letras-frances-oiapoque\/wp-json\/wp\/v2\/pages\/36\/revisions\/559"}],"wp:attachment":[{"href":"https:\/\/www2.unifap.br\/letras-frances-oiapoque\/wp-json\/wp\/v2\/media?parent=36"}],"curies":[{"name":"wp","href":"https:\/\/api.w.org\/{rel}","templated":true}]}}