{"id":406,"date":"2018-11-23T00:21:36","date_gmt":"2018-11-23T00:21:36","guid":{"rendered":"http:\/\/www2.unifap.br\/letras-frances-oiapoque\/?page_id=406"},"modified":"2023-08-17T20:41:05","modified_gmt":"2023-08-17T20:41:05","slug":"aacc","status":"publish","type":"page","link":"https:\/\/www2.unifap.br\/letras-frances-oiapoque\/aacc\/","title":{"rendered":"AACC"},"content":{"rendered":"<p style=\"text-align: center\">MINIST\u00c9RIO DA EDUCA\u00c7\u00c3O<br \/>\nPRO-REITORIA DE GRADUA\u00c7\u00c3O<br \/>\nCOORDENA\u00c7\u00c3O DO CURSO DE LICENCIATURA EM LETRAS \u2013 PORTUGU\u00caS E FRANC\u00caS, campus BINACIONAL<\/p>\n<p>&nbsp;<\/p>\n<p style=\"text-align: center\"><strong>REGULAMENTO COMPLEMENTAR DE AACC DO CURSO DE LETRAS PORTUGU\u00caS E FRANC\u00caS DO CAMPUS BINACIONAL DO OIAPOQUE<\/strong><\/p>\n<p>&nbsp;<\/p>\n<p style=\"text-align: right\">\u00a0 \u00a0 \u00a0Estabelece as diretrizes complementares sobre as normas operacionais de AACC no Curso de Letras Portugu\u00eas e Franc\u00eas do Campus Binacional de Oiapoque.<\/p>\n<p>&nbsp;<\/p>\n<p>O COLEGIADO DE CURSO DE LETRAS PORTUGU\u00caS E FRANC\u00caS DO CAMPUS BINACIONAL DO OIAPOQUE, no uso das atribui\u00e7\u00f5es que lhe s\u00e3o conferidas pelo Regimento Geral da UNIFAP, artigo 91, CONSIDERANDO:<br \/>\n1. A Resolu\u00e7\u00e3o n\u00ba 24, de 22\/10\/2008, do Conselho Superior Universit\u00e1rio, que disciplina sobre as diretrizes das Atividades Complementares dos cursos de gradua\u00e7\u00e3o da UNIFAP.<\/p>\n<p>RESOLVE:<\/p>\n<p>Art. 1\u00ba APROVAR as normas operacionais de AACC no \u00e2mbito do Curso de Letras Portugu\u00eas e Franc\u00eas do Campus Binacional de Oiapoque, ap\u00eandice \u00fanico desse regulamento complementar, sendo dela parte integrante e indissoci\u00e1vel.<\/p>\n<p>Art. 2\u00ba APLICAR a Resolu\u00e7\u00e3o n\u00ba24\/2008 do CONSU, reajustando-a no que necess\u00e1rio \u00e0s especificidades do Curso de Letras.<\/p>\n<p>Art. 3\u00ba Esta Normatiza\u00e7\u00e3o entra em vigor na data de sua assinatura, revogadas as disposi\u00e7\u00f5es em contr\u00e1rio.<br \/>\nColegiado do Curso de Letras do Campus Binacional, em Oiapoque, 29 de mar\u00e7o de 2023.<\/p>\n<p style=\"text-align: center\"><strong>AP\u00caNDICE DO REGULAMENTO COMPLEMENTAR LETRAS\/BINACIONAL\/UNIFAP, de 10\/03\/2023<\/strong><br \/>\n<strong>NORMATIZA\u00c7\u00c3O DAS ATIVIDADES COMPLEMENTARES DO CURSO DE LETRAS<\/strong><br \/>\n<strong>T\u00cdTULO I<\/strong><br \/>\n<strong>DA DEFINI\u00c7\u00c3O, DOS OBJETIVOS, DA CATEGORIZA\u00c7\u00c3O E DA CARGA HOR\u00c1RIA DAS ATIVIDADES COMPLEMENTARES<\/strong><br \/>\n<strong>CAP\u00cdTULO I<\/strong><br \/>\n<strong>DA DEFINI\u00c7\u00c3O<\/strong><\/p>\n<p>&nbsp;<\/p>\n<p style=\"text-align: left\">\nArt. 1\u00ba As Atividades Complementares s\u00e3o entendidas nos termos desta Normatiza\u00e7\u00e3o como componente curricular obrigat\u00f3rio da matriz do curso de Letras Portugu\u00eas e Franc\u00eas do Campus Binacional de Oiapoque, que se materializa atrav\u00e9s de estudos e atividades independentes n\u00e3o compreendidas nas pr\u00e1ticas pedag\u00f3gicas previstas no desenvolvimento regular das disciplinas.<\/p>\n<p>Par\u00e1grafo \u00fanico: as Atividades Complementares devem ser desenvolvidas durante a trajet\u00f3ria acad\u00eamica do aluno e em estreita observ\u00e2ncia \u00e0 filosofia, \u00e1rea de abrang\u00eancia e objetivos do Curso.<\/p>\n<p style=\"text-align: center\">\n<strong>CAP\u00cdTULO II<\/strong><br \/>\n<strong>DOS OBJETIVOS<\/strong><\/p>\n<p>Art. 2\u00b0 As atividades Complementares t\u00eam os seguintes objetivos:<br \/>\nI Estimular pr\u00e1ticas de estudos independentes, visando \u00e0 progressiva autonomia intelectual do aluno;<br \/>\nII Sedimentar os saberes constru\u00eddos pelos acad\u00eamicos durante o Curso de Letras Portugu\u00eas e Franc\u00eas;<br \/>\nIII Viabilizar a rela\u00e7\u00e3o integradora e transformadora do conhecimento produzido dentro e fora da Universidade;<br \/>\nIV Articular ensino, pesquisa e extens\u00e3o com as demandas sociais e culturais da popula\u00e7\u00e3o;<br \/>\nV Socializar resultados de pesquisa produzidos no \u00e2mbito do Campus Binacional de Oiapoque ou a partir de parceria com entidades p\u00fablicas e\/ou privadas;<br \/>\nVI Valorizar a cultura e o conhecimento, respeitando a diversidade sociocultural dos povos.<\/p>\n<p>&nbsp;<\/p>\n<p style=\"text-align: center\"><strong>CAP\u00cdTULO III<\/strong><br \/>\n<strong>DA CATEGORIZA\u00c7\u00c3O<\/strong><\/p>\n<p style=\"text-align: left\">\nArt. 3\u00ba As Atividades Complementares, com desdobramento nos campos acad\u00eamico-cient\u00edfico, art\u00edstico-cultural, social e de organiza\u00e7\u00e3o estudantil, est\u00e3o categorizadas em 7 (sete) grupos, conforme a Resolu\u00e7\u00e3o n\u00ba024\/2008\/CONSU:<br \/>\nI Grupo 1: Atividades de ensino &#8211; est\u00e3o representadas na frequ\u00eancia, com aproveitamento, \u00e0s aulas de disciplinas afins ao curso de origem do acad\u00eamico, ofertadas por institui\u00e7\u00f5es p\u00fablicas ou isoladas de ensino superior, bem como no efetivo exerc\u00edcio de monitoria, al\u00e9m e ainda na realiza\u00e7\u00e3o de est\u00e1gio extracurricular como complementa\u00e7\u00e3o da forma\u00e7\u00e3o acad\u00eamico-profissional;<br \/>\nII Grupo 2: Atividades de pesquisa &#8211; conjunto de atividades desenvolvidas em uma das linhas de pesquisa existentes no Curso de Letras Portugu\u00eas e Franc\u00eas do Campus Binacional do Oiapoque;<br \/>\nIII Grupo 3: Atividades de extens\u00e3o &#8211; conjunto de atividades, eventuais ou permanentes, executadas de acordo com uma das linhas de a\u00e7\u00e3o registrada no Departamento de Extens\u00e3o da UNIFAP, em que o acad\u00eamico atue como colaborador ou monitor, al\u00e9m da frequ\u00eancia com aproveitamento em cursos de l\u00ednguas estrangeiras modernas, minicursos e oficinas, realizados na UNIFAP ou em outra Institui\u00e7\u00e3o de Ensino Superior reconhecida ou autorizada pelo Minist\u00e9rio da Educa\u00e7\u00e3o, Secretarias da Educa\u00e7\u00e3o, empresas, Ong\u2019s e entidades da sociedade civil organizada;<br \/>\nIV Grupo 4: Participa\u00e7\u00e3o em eventos de natureza art\u00edstica, cient\u00edfica ou cultural &#8211; est\u00e1 representada pela presen\u00e7a do aluno em congressos, semanas acad\u00eamicas, semin\u00e1rios, feiras, f\u00f3runs, oficinas, interc\u00e2mbio cultural, teleconfer\u00eancias, sal\u00e3o de artes, dentre outros vinculados a grande \u00e1rea Lingu\u00edstica, Letras e Artes, ou \u00e1reas afins definidas na tabela CNPQ;<br \/>\nV Grupo 5: Produ\u00e7\u00f5es diversas &#8211; neste grupo deve-se contemplar o potencial criador do aluno, materializado atrav\u00e9s de portf\u00f3lio, projeto e\/ou plano t\u00e9cnico, cria\u00e7\u00e3o e\/ou exposi\u00e7\u00e3o de arte, v\u00eddeo, filme, prot\u00f3tipo, material educativo, cient\u00edfico e cultural, s\u00edtios na internet, invento e similares;<br \/>\nVI Grupo 6: A\u00e7\u00f5es comunit\u00e1rias &#8211; traduz-se pela efetiva participa\u00e7\u00e3o do aluno em atividades de alcance social;<br \/>\nVII Grupo 7: Representa\u00e7\u00e3o estudantil &#8211; reporta-se ao exerc\u00edcio de cargo de representa\u00e7\u00e3o estudantil em \u00f3rg\u00e3os colegiados, a exemplo de Colegiados de Curso, DCE, Centro Acad\u00eamico etc.<br \/>\nPar\u00e1grafo \u00fanico: para efetivar a integraliza\u00e7\u00e3o das Atividades Complementares, o aluno dever\u00e1 comprovar participa\u00e7\u00e3o\/produ\u00e7\u00e3o em pelo menos 2 (dois) dos 7 (sete) grupos acima categorizados, al\u00e9m do cumprimento da carga hor\u00e1ria m\u00ednima prevista para o componente curricular dentro da matriz de cada Curso.<\/p>\n<p>&nbsp;<\/p>\n<p style=\"text-align: center\"><strong>CAP\u00cdTULO IV<\/strong><br \/>\n<strong>DA CARGA HOR\u00c1RIA<\/strong><\/p>\n<p>Art. 4\u00ba As Atividades Complementares devem configurar no curr\u00edculo do curso de Letras Portugu\u00eas e Franc\u00eas com carga hor\u00e1ria de, no m\u00ednimo, 210 horas.<br \/>\nArt. 5\u00ba O m\u00e1ximo de horas a serem integralizadas em cada atividade complementar dever\u00e1 seguir o exposto no anexo I.<\/p>\n<p>Art. 6\u00ba Para efeito de c\u00f4mputo da carga hor\u00e1ria do professor, membro da comiss\u00e3o das Atividades Complementares, esta ser\u00e1 de uma hora semanal, em conformidade com o preenchimento do PAID.<\/p>\n<p>&nbsp;<\/p>\n<p style=\"text-align: center\"><strong>T\u00cdTULO II<\/strong><br \/>\n<strong>DA SOLICITA\u00c7\u00c3O DE CR\u00c9DITO PARA ATIVIDADES ACAD\u00caMICAS<\/strong><\/p>\n<p>Art. 7\u00ba Ao in\u00edcio de cada semestre ou per\u00edodo letivo, em data previamente estabelecida, o discente dever\u00e1 solicitar a concess\u00e3o de cr\u00e9ditos sobre a carga hor\u00e1ria\/atividades realizadas, junto \u00e0 Comiss\u00e3o de AACC, enviando c\u00f3pia em PDF dos comprovantes de participa\u00e7\u00e3o e\/ou produ\u00e7\u00e3o das Atividades Complementares, atrav\u00e9s do seguinte endere\u00e7o de e-mail: aaccletrasbinacional@unifap.br.<\/p>\n<p>\u00a7 1\u00ba Torna-se obrigat\u00f3rio, o envio dos documentos em PDF atrav\u00e9s do endere\u00e7o de e-mail: aaccletrasbinacional@unifap.br.<br \/>\n\u00a7 2\u00ba O cumprimento da agenda para protocolo dos comprovantes de Atividades Complementares n\u00e3o garante cr\u00e9dito autom\u00e1tico, devendo o discente aguardar o resultado da an\u00e1lise que ser\u00e1 feita sobre os documentos apresentados, o qual ficar\u00e1 dispon\u00edvel para consulta no ambiente acad\u00eamico.<br \/>\n\u00a7 3\u00ba Os comprovantes que se enquadrem em dos grupos do art.3\u00ba e n\u00e3o mencionem carga hor\u00e1ria ter\u00e1 a carga hor\u00e1ria computada pelo professor respons\u00e1vel pela AACC, ap\u00f3s an\u00e1lise de documenta\u00e7\u00e3o e aprecia\u00e7\u00e3o do Colegiado de Curso.<br \/>\nPar\u00e1grafo \u00fanico: O aluno do 8\u00ba semestre deve apresentar seus comprovantes antes do t\u00e9rmino do per\u00edodo letivo em que se encontre, conforme data estabelecida.<\/p>\n<p>&nbsp;<\/p>\n<p style=\"text-align: center\"><strong>T\u00cdTULO III<\/strong><br \/>\n<strong>DAS ATRIBUI\u00c7\u00d5ES DO COLEGIADO E DA COORDENA\u00c7\u00c3O DE CURSO FRENTE \u00c0S ATIVIDADES COMPLEMENTARES<\/strong><br \/>\n<strong>CAP\u00cdTULO V<\/strong><br \/>\n<strong>DAS ATRIBUI\u00c7\u00d5ES DO COLEGIADO DO CURSO DE LETRAS PORTUGU\u00caS E FRANC\u00caS<\/strong><\/p>\n<p>Art. 8\u00ba O Colegiado de Curso Letras Portugu\u00eas e Franc\u00eas \u00e9 respons\u00e1vel direto pela administra\u00e7\u00e3o dos atos relativos \u00e0 pol\u00edtica, ao planejamento e acompanhamento das Atividades Complementares em seu \u00e2mbito de atua\u00e7\u00e3o, bem como pela orienta\u00e7\u00e3o aos alunos sobre a natureza e o desdobramento do referido componente curricular, por meio de forma\u00e7\u00e3o de comiss\u00e3o de AACC.<br \/>\nPar\u00e1grafo \u00fanico: O gerenciamento das Atividades Complementares dever\u00e1 ser acompanhado por comiss\u00e3o formada por 3 docentes do Colegiado do Curso. Esta comiss\u00e3o dever\u00e1 ser atualizada a cada per\u00edodo de 1 ano, com possibilidade de renova\u00e7\u00e3o.<br \/>\nArt. 9\u00ba S\u00e3o atribui\u00e7\u00f5es b\u00e1sicas dos Colegiados:<br \/>\nI Apreciar, semestralmente, os documentos apresentados pelos alunos objetivando aproveitamento de cr\u00e9ditos para Atividades Complementares e decidir sobre sua validade, sempre na observ\u00e2ncia do prescrito no Art. 3\u00ba desta Normatiza\u00e7\u00e3o;<br \/>\nII Homologar as planilhas de atividades complementares apresentadas pela comiss\u00e3o respons\u00e1vel pelas AACC.<\/p>\n<p>&nbsp;<\/p>\n<p style=\"text-align: center\"><strong>CAP\u00cdTULO VI<\/strong><br \/>\n<strong>DAS ATRIBUI\u00c7\u00d5ES DA COORDENA\u00c7\u00c3O DE CURSO DE LETRAS<\/strong><\/p>\n<p>Art. 10 S\u00e3o atribui\u00e7\u00f5es b\u00e1sicas do Coordenador de Curso:<br \/>\nI Promover a articula\u00e7\u00e3o do Colegiado visando \u00e0 efetiva operacionaliza\u00e7\u00e3o das a\u00e7\u00f5es relativas \u00e0s Atividades Complementares;<br \/>\nII Recepcionar, semestralmente, a planilha de Atividades Complementares juntamente com seus comprovantes, para fins de arquivo no google drive da coordena\u00e7\u00e3o e do e-mail das AACC, e lan\u00e7amento das Atividades Complementares dos alunos pelo DICA no SIGAA;<\/p>\n<p>&nbsp;<\/p>\n<p style=\"text-align: center\"><strong>T\u00cdTULO IV<\/strong><br \/>\n<strong>DAS DISPOSI\u00c7\u00d5ES FINAIS<\/strong><\/p>\n<p>Art. 11 \u00c0 medida que cada aluno integralize a carga hor\u00e1ria m\u00ednima prevista na matriz curricular do Curso de Letras para as Atividades Complementares, o DERCA proceder\u00e1, automaticamente, com o registro no Hist\u00f3rico Escolar.<br \/>\nArt. 12 Esta Normatiza\u00e7\u00e3o entra em vigor na data de sua assinatura, revogadas as disposi\u00e7\u00f5es em contr\u00e1rio.<br \/>\nArt. 13 Os casos omissos na presente Normatiza\u00e7\u00e3o ser\u00e3o resolvidos pelo Colegiado de Letras, devidamente amparado nas determina\u00e7\u00f5es emanadas dos \u00d3rg\u00e3os Superiores da UNIFAP e suas respectivas legisla\u00e7\u00f5es.<br \/>\nColegiado do Curso de Letras do Campus Binacional, em Oiapoque, 29 de mar\u00e7o de 2023.<\/p>\n<p>&nbsp;<\/p>\n<p style=\"text-align: center\"><strong>ANEXO I<\/strong><\/p>\n<p>ANEXO I<\/p>\n<table>\n<tbody>\n<tr>\n<td><strong>Grupos de atividades<\/strong><\/td>\n<td><strong>ATIVIDADE ACAD\u00caMICO- CIENT\u00cdFICO-CULTURAL<\/strong><\/td>\n<td><strong>REQUISITO PARA A ATRIBUI\u00c7\u00c3O DE CARGA<\/strong><\/td>\n<td width=\"262\"><strong>LIMITE DE CARGA HOR\u00c1RIA (M\u00c1XIMO AO LONGO DO CURSO)<\/strong><\/td>\n<\/tr>\n<tr>\n<td rowspan=\"3\"><strong>I<\/strong> Grupo 1:<\/p>\n<p><strong>Atividades de ensino<\/strong><\/td>\n<td>Disciplinas afins ao curso de origem do acad\u00eamico, ofertadas por institui\u00e7\u00f5es p\u00fablicas ou isoladas de ensino superior;<\/td>\n<td>Apresenta\u00e7\u00e3o de hist\u00f3rico escolar oficial ou declara\u00e7\u00e3o da institui\u00e7\u00e3o atestando a aprova\u00e7\u00e3o.<\/td>\n<td>50% da carga hor\u00e1ria da disciplina com limite de at\u00e9 30 horas (por disciplina)<\/p>\n<p><strong>M\u00e1ximo 60 horas<\/strong><\/td>\n<\/tr>\n<tr>\n<td>\u00a0Realiza\u00e7\u00e3o de\u00a0 atividades de monitoria.<\/td>\n<td>Documento oficial\u00a0 comprobat\u00f3rio<\/td>\n<td>At\u00e9 20 horas por atividade\/ projeto<\/p>\n<p><strong>M\u00e1ximo 60 horas<\/strong><\/td>\n<\/tr>\n<tr>\n<td>Realiza\u00e7\u00e3o de est\u00e1gio extracurricular como complementa\u00e7\u00e3o da forma\u00e7\u00e3o acad\u00eamico-profissional<\/td>\n<td>Documento oficial\u00a0 comprobat\u00f3rio<\/td>\n<td>At\u00e9 10 horas por est\u00e1gio<\/p>\n<p><strong>M\u00e1ximo 30 horas<\/strong><\/td>\n<\/tr>\n<tr>\n<td><strong>II<\/strong> Grupo 2:<\/p>\n<p><strong>Atividades de pesquisa<\/strong><\/td>\n<td>Atividades de Inicia\u00e7\u00e3o cient\u00edfica pelo per\u00edodo m\u00ednimo de 6 meses, com ou sem bolsa.<\/td>\n<td>Documento oficial\u00a0 comprobat\u00f3rio<\/td>\n<td>At\u00e9 30 horas por projeto\/<\/p>\n<p><strong>M\u00e1ximo 60 horas<\/strong><\/td>\n<\/tr>\n<tr>\n<td rowspan=\"5\"><strong>III<\/strong> Grupo 3:<\/p>\n<p><strong>Atividades de extens\u00e3o<\/strong><\/td>\n<td>Colabora\u00e7\u00e3o em atividades de extens\u00e3o.<\/td>\n<td>Certificado ou declara\u00e7\u00e3o de participa\u00e7\u00e3o<\/td>\n<td>At\u00e9 30 horas por atividade\/ projeto<\/p>\n<p><strong>M\u00e1ximo 60 horas<\/strong><\/td>\n<\/tr>\n<tr>\n<td>Monitoria em atividades de extens\u00e3o.<\/td>\n<td>Certificado ou declara\u00e7\u00e3o de participa\u00e7\u00e3o<\/td>\n<td>At\u00e9 30 horas por atividade\/ projeto<\/p>\n<p><strong>M\u00e1ximo 60 horas<\/strong><\/td>\n<\/tr>\n<tr>\n<td>Frequ\u00eancia em\u00a0 cursos de extens\u00e3o\u00a0 universit\u00e1ria com temas afins ao curso de origem do acad\u00eamico.<\/td>\n<td>Certificado ou declara\u00e7\u00e3o de participa\u00e7\u00e3o<\/td>\n<td>At\u00e9 15 horas por curso<\/p>\n<p><strong>M\u00e1ximo 30 horas.<\/strong><\/td>\n<\/tr>\n<tr>\n<td>Cursos de L\u00ednguas Estrangeiras Modernas\u00a0 (m\u00ednimo de 6 meses).<\/td>\n<td>Certificado ou declara\u00e7\u00e3o de participa\u00e7\u00e3o<\/td>\n<td>At\u00e9 15 horas por curso.<\/p>\n<p><strong>M\u00e1ximo 30 horas<\/strong>.<\/td>\n<\/tr>\n<tr>\n<td>Minicursos e oficinas, realizados na UNIFAP ou em outra Institui\u00e7\u00e3o de Ensino Superior reconhecida ou autorizada pelo Minist\u00e9rio da Educa\u00e7\u00e3o, Secretarias da Educa\u00e7\u00e3o, empresas, Ong\u2019s e entidades da sociedade civil organizada;<\/p>\n<p>&nbsp;<\/td>\n<td>Certificado ou declara\u00e7\u00e3o de participa\u00e7\u00e3o<\/td>\n<td>At\u00e9 15 horas por curso.<\/p>\n<p><strong>M\u00e1ximo 70 horas.<\/strong><\/td>\n<\/tr>\n<tr>\n<td rowspan=\"4\"><strong>IV<\/strong> Grupo 4:<\/p>\n<p><strong>Participa\u00e7\u00e3o em eventos de <\/strong><\/p>\n<p><strong>natureza art\u00edstica, cient\u00edfica<\/strong><\/p>\n<p><strong>\u00a0ou cultural<\/strong><\/td>\n<td>Participa\u00e7\u00e3o em congressos, semanas acad\u00eamicas, semin\u00e1rios, feiras, f\u00f3runs, oficinas, interc\u00e2mbio cultural, teleconfer\u00eancias, sal\u00e3o de artes, dentre outros vinculados a grande \u00e1rea Lingu\u00edstica, Letras e Artes, ou \u00e1reas afins definidas na tabela CNPQ (como ouvinte);<\/td>\n<td>Certificado ou declara\u00e7\u00e3o de participa\u00e7\u00e3o<\/td>\n<td>At\u00e9 10 horas por evento (Eventos de 20 horas\u00a0 ou\u00a0 mais,\u00a0\u00a0 ter\u00e3o sua carga hor\u00e1ria\u00a0 computada\u00a0 em 80% )<\/p>\n<p><strong>M\u00e1ximo 80 horas<\/strong><\/td>\n<\/tr>\n<tr>\n<td>Participa\u00e7\u00e3o em congressos, semanas acad\u00eamicas, semin\u00e1rios, feiras, f\u00f3runs, oficinas, interc\u00e2mbio cultural, teleconfer\u00eancias, sal\u00e3o de artes, dentre outros vinculados a grande \u00e1rea Lingu\u00edstica, Letras e Artes, ou \u00e1reas afins definidas na tabela CNPQ (com apresenta\u00e7\u00e3o de trabalho);<\/p>\n<p>&nbsp;<\/td>\n<td>Certificado ou declara\u00e7\u00e3o de participa\u00e7\u00e3o<\/td>\n<td>At\u00e9 10 horas por evento<\/p>\n<p><strong>M\u00e1ximo 80 horas<\/strong><\/td>\n<\/tr>\n<tr>\n<td>Interc\u00e2mbio cultural;<\/td>\n<td>Documento comprobat\u00f3rio<\/td>\n<td>At\u00e9 30 horas por interc\u00e2mbio<\/p>\n<p><strong>M\u00e1ximo 60 horas<\/strong><\/td>\n<\/tr>\n<tr>\n<td>Teleconfer\u00eancias e sal\u00e3o de artes;<\/td>\n<td>Certificado ou declara\u00e7\u00e3o de participa\u00e7\u00e3o<\/td>\n<td>At\u00e9 5 horas por evento<\/p>\n<p><strong>M\u00e1ximo 20 horas<\/strong><\/td>\n<\/tr>\n<tr>\n<td><strong>V<\/strong> Grupo 5: <strong>Produ\u00e7\u00f5es diversas<\/strong><\/td>\n<td>Apresenta\u00e7\u00e3o de portf\u00f3lio, projeto e\/ou plano t\u00e9cnico, cria\u00e7\u00e3o e\/ou exposi\u00e7\u00e3o de arte, v\u00eddeo, filme, prot\u00f3tipo, material educativo, cient\u00edfico e cultural, s\u00edtios na internet, evento e similares;<\/p>\n<p>&nbsp;<\/td>\n<td>Documento comprobat\u00f3rio<\/td>\n<td>At\u00e9 10\u00a0 horas por produ\u00e7\u00e3o<\/p>\n<p><strong>M\u00e1ximo 30 horas<\/strong><\/td>\n<\/tr>\n<tr>\n<td rowspan=\"2\"><strong>VI<\/strong> Grupo 6:<\/p>\n<p><strong>A\u00e7\u00f5es comunit\u00e1rias<\/strong><\/td>\n<td>Participa\u00e7\u00e3o como volunt\u00e1rio em atividades de car\u00e1ter humanit\u00e1rio e social;<\/td>\n<td>Declara\u00e7\u00e3o da\u00a0 Institui\u00e7\u00e3o beneficiada<\/td>\n<td>At\u00e9 10 horas por atividade<\/p>\n<p><strong>M\u00e1ximo 30 horas<\/strong><\/td>\n<\/tr>\n<tr>\n<td>Atua\u00e7\u00e3o como mes\u00e1rio junto ao TRE;<\/td>\n<td>Declara\u00e7\u00e3o do TRE-AP<\/td>\n<td>At\u00e9 10 horas por atua\u00e7\u00e3o<\/p>\n<p><strong>M\u00e1ximo 40 horas<\/strong><\/td>\n<\/tr>\n<tr>\n<td><strong>\u00a0<\/strong><\/td>\n<td>Participa\u00e7\u00e3o em j\u00fari popular<\/td>\n<td>Certid\u00e3o emitida pela Vara do J\u00fari<\/td>\n<td>At\u00e9 10 horas por atua\u00e7\u00e3o<\/p>\n<p><strong>M\u00e1ximo 30 horas<\/strong><\/td>\n<\/tr>\n<tr>\n<td><strong>VII<\/strong> Grupo 7:<\/p>\n<p><strong>Representa\u00e7\u00e3o estudantil<\/strong><\/td>\n<td>Exerc\u00edcio de cargo de representa\u00e7\u00e3o estudantil em \u00f3rg\u00e3os como o\u00a0 Colegiados de Curso, DCE, Centro Acad\u00eamico etc.<\/td>\n<td>Declara\u00e7\u00e3o de Participa\u00e7\u00e3o<\/td>\n<td>&nbsp;<\/p>\n<p><strong>M\u00e1ximo 10 horas<\/strong><\/td>\n<\/tr>\n<\/tbody>\n<\/table>\n<p>&nbsp;<\/p>\n<p>&nbsp;<\/p>\n","protected":false},"excerpt":{"rendered":"<p>MINIST\u00c9RIO DA EDUCA\u00c7\u00c3O PRO-REITORIA DE GRADUA\u00c7\u00c3O COORDENA\u00c7\u00c3O DO CURSO DE LICENCIATURA EM LETRAS \u2013 PORTUGU\u00caS E FRANC\u00caS, campus BINACIONAL &nbsp; REGULAMENTO COMPLEMENTAR DE AACC DO CURSO DE LETRAS PORTUGU\u00caS E FRANC\u00caS DO CAMPUS BINACIONAL DO OIAPOQUE &nbsp; \u00a0 \u00a0 \u00a0Estabelece&hellip; <\/p>\n<p><a href=\"https:\/\/www2.unifap.br\/letras-frances-oiapoque\/aacc\/\" class=\"readmore-button\">Continue Reading<\/a><\/p>\n","protected":false},"author":822,"featured_media":0,"parent":0,"menu_order":10,"comment_status":"open","ping_status":"closed","template":"","meta":{"inline_featured_image":false,"ngg_post_thumbnail":0,"footnotes":""},"class_list":["post-406","page","type-page","status-publish","hentry"],"_links":{"self":[{"href":"https:\/\/www2.unifap.br\/letras-frances-oiapoque\/wp-json\/wp\/v2\/pages\/406","targetHints":{"allow":["GET"]}}],"collection":[{"href":"https:\/\/www2.unifap.br\/letras-frances-oiapoque\/wp-json\/wp\/v2\/pages"}],"about":[{"href":"https:\/\/www2.unifap.br\/letras-frances-oiapoque\/wp-json\/wp\/v2\/types\/page"}],"author":[{"embeddable":true,"href":"https:\/\/www2.unifap.br\/letras-frances-oiapoque\/wp-json\/wp\/v2\/users\/822"}],"replies":[{"embeddable":true,"href":"https:\/\/www2.unifap.br\/letras-frances-oiapoque\/wp-json\/wp\/v2\/comments?post=406"}],"version-history":[{"count":5,"href":"https:\/\/www2.unifap.br\/letras-frances-oiapoque\/wp-json\/wp\/v2\/pages\/406\/revisions"}],"predecessor-version":[{"id":793,"href":"https:\/\/www2.unifap.br\/letras-frances-oiapoque\/wp-json\/wp\/v2\/pages\/406\/revisions\/793"}],"wp:attachment":[{"href":"https:\/\/www2.unifap.br\/letras-frances-oiapoque\/wp-json\/wp\/v2\/media?parent=406"}],"curies":[{"name":"wp","href":"https:\/\/api.w.org\/{rel}","templated":true}]}}