{"id":484,"date":"2019-02-14T13:36:34","date_gmt":"2019-02-14T13:36:34","guid":{"rendered":"http:\/\/www2.unifap.br\/letras-frances-oiapoque\/?page_id=484"},"modified":"2024-10-19T22:02:31","modified_gmt":"2024-10-19T22:02:31","slug":"trabalhos-de-conclusao-de-curso","status":"publish","type":"page","link":"https:\/\/www2.unifap.br\/letras-frances-oiapoque\/trabalhos-de-conclusao-de-curso\/","title":{"rendered":"TCC&#8217;s DEFENDIDOS"},"content":{"rendered":"<p>Nesta p\u00e1gina encontram-se os t\u00edtulos dos Trabalhos de Conclus\u00e3o de Curso (TCC) defendidos pelos discentes do curso de Letras &#8211; Portugu\u00eas\/Franc\u00eas.<\/p>\n<p style=\"text-align: center\"><strong>2018<\/strong><\/p>\n<p><a href=\"https:\/\/www2.unifap.br\/letras-frances-oiapoque\/trabalhos-de-conclusao-de-curso\/bruna-almeida-e-jamily-feitosa\/\" rel=\"attachment wp-att-810\">BRUNA DOS SANTOS ALMEIDA &amp; JAMILY MACIEL FEITOSA \u2013 Narrativas orais dos Karipuna da Aldeia Manga: da comunidade para o ambiente escolar. <\/a><\/p>\n<p><a href=\"https:\/\/www2.unifap.br\/letras-frances-oiapoque\/trabalhos-de-conclusao-de-curso\/cleide-guedes-franca\/\" rel=\"attachment wp-att-812\">CLEIDE GUEDES FRAN\u00c7A \u2013 Le Chat Bott\u00e9 (1867) de Charles Perrault e o Gato de Botas (2010) de Maria Luiza Xavier de Almeida Borges: a personagem nas obras.<\/a><\/p>\n<p><a href=\"https:\/\/www2.unifap.br\/letras-frances-oiapoque\/trabalhos-de-conclusao-de-curso\/diana-jacaranda-pantoja\/\" rel=\"attachment wp-att-813\">DIANA JACARAND\u00c1 PANTOJA ZAVODNY \u2013 An\u00e1lise comparativa entre a obra Alice no Pa\u00eds das Maravilhas (1865) de Lewis Carroll e a adapta\u00e7\u00e3o Alice in Wonderland (2010) de Tim Burton.<\/a><\/p>\n<p><a href=\"https:\/\/www2.unifap.br\/letras-frances-oiapoque\/trabalhos-de-conclusao-de-curso\/gracy-kelle-silva-da-costa\/\" rel=\"attachment wp-att-816\">GRACY KELLE SILVA DA COSTA \u2013 \u201cLe Petit Chaperon Rouge\u201d (1867) de Charles Perrault e \u201cChapeuzinho Vermelho\u201d (2010) de Maria Luiza Xavier de Almeida: Uma leitura comparada.<\/a><\/p>\n<p><a href=\"https:\/\/www2.unifap.br\/letras-frances-oiapoque\/trabalhos-de-conclusao-de-curso\/lizandra-barbosa-tavares\/\" rel=\"attachment wp-att-818\">LIZANDRA BARBOSA TAVARES \u2013 Po\u00e9tique et Negritude dans l\u2019oeuvre \u201cBlack Label\u201d (1956) de Leon-Gontran Damas<\/a><\/p>\n<p><a href=\"https:\/\/www2.unifap.br\/letras-frances-oiapoque\/trabalhos-de-conclusao-de-curso\/maria-dolores-pantoja-e-riane-ferreira-goncalves\/\" rel=\"attachment wp-att-819\">MARIA DOLORES PANTOJA PEREIRA &amp; RIANE FERREIRA GON\u00c7ALVES \u2013 Gramaticaliza\u00e7\u00e3o da constru\u00e7\u00e3o \u201cbem a\u00ed\u201d: uma an\u00e1lise de fun\u00e7\u00f5es textuais\/discursivas pelo vi\u00e9s da lingu\u00edstica funcional centrada no uso<\/a><\/p>\n<p><a href=\"https:\/\/www2.unifap.br\/letras-frances-oiapoque\/trabalhos-de-conclusao-de-curso\/yanerica-narciso-monteiro\/\" rel=\"attachment wp-att-820\">YANERICA NARCISO MONTEIRO \u2013 A cobra grande na cultura oral dos povos ind\u00edgenas Galibi-Marworno e Palikur: Narrativas e Identidades<\/a><\/p>\n<p style=\"text-align: left\"><a href=\"https:\/\/www2.unifap.br\/letras-frances-oiapoque\/trabalhos-de-conclusao-de-curso\/albacelia-ho-a-chuck-dos-santos\/\" rel=\"attachment wp-att-808\">ALBAC\u00c9LIA HO-A-CHUCK DOS SANTOS \u2013 Catherine Blum na Martinica: Estudo sobre a publica\u00e7\u00e3o e circula\u00e7\u00e3o de um folhetim de Alexandre Dumas Pai nos Departamentos Ultramarinos da Fran\u00e7a<\/a><\/p>\n<p><a href=\"https:\/\/www2.unifap.br\/letras-frances-oiapoque\/trabalhos-de-conclusao-de-curso\/anne-gleice-melo-e-maite-salle\/\" rel=\"attachment wp-att-809\">ANNE GLEICE COUTINHO MELO &amp; MA\u00cfT\u00c9 SANTOS SALL\u00c9 \u2013 O g\u00eanero textual cordel como objeto de ensino-aprendizagem nas aulas de L\u00edngua Portuguesa<\/a><\/p>\n<p><a href=\"https:\/\/www2.unifap.br\/letras-frances-oiapoque\/trabalhos-de-conclusao-de-curso\/bruna-camila-alves-e-claudiane-vieira-dos-santos\/\" rel=\"attachment wp-att-811\">BRUNA CAMILA XAVIER ALVES &amp; CLAUDIANE VIEIRA DOS SANTOS \u2013 O l\u00fadico como metodologia para o ensino-aprendizado de uma l\u00edngua estrangeira: Uma proposta de ensino de FLE atrav\u00e9s de jogos para alunos pr\u00e9-adolescentes e adolescentes do Ensino Fundamental II CLAUDIANE VIEIRA DOS SANTOS<\/a><\/p>\n<p><a href=\"https:\/\/www2.unifap.br\/letras-frances-oiapoque\/trabalhos-de-conclusao-de-curso\/diego-gomes\/\" rel=\"attachment wp-att-814\">DIEGO DA SILVA GOMES \u2013 O DICION\u00c1RIO MONOLINGUE NAS AULAS DE FLE \u2013 \u00c2MBITO ACAD\u00caMICO: UM ESTUDO DE CASO COM ESTUDANTES DO CURSO DE LETRAS PORTUGU\u00caS\/FRANC\u00caS DA UNIVERSIDADE FEDERAL DO AMAP\u00c1-CAMPUS BINACIONAL DE OIAPOQUE<\/a><\/p>\n<p><a href=\"https:\/\/www2.unifap.br\/letras-frances-oiapoque\/trabalhos-de-conclusao-de-curso\/emanuelle-narciso-e-joziana-bento-ramos\/\" rel=\"attachment wp-att-815\">EMANUELLE NARCISO CORREIA &amp; JOZIANA BENTO RAMOS \u2013 Empr\u00e9stimos lingu\u00edsticos ar\u00e1bicos como prefixo no l\u00e9xico da L\u00edngua Portuguesa<\/a><\/p>\n<p><a href=\"https:\/\/www2.unifap.br\/letras-frances-oiapoque\/trabalhos-de-conclusao-de-curso\/jesebeabe-mendonca\/\" rel=\"attachment wp-att-817\">JESEBEABE BERNARDINO MENDON\u00c7A CALIXTO \u2013 As personagens negras e sua representa\u00e7\u00e3o em \u201cA Noite dos Cristais\u201d de Lu\u00eds Fulano de Tal<\/a><\/p>\n<p>GLEICIANE DA SILVA NERY E MARKAISE DA COSTA E SILVA &#8211; O DESENVOLVIMENTO DA ORALIDADE EM FRANC\u00caS DOS ALUNOS DO 8\u00ba ANO DO ENSINO FUNDAMENTAL DA ESCOLA MUNICIPAL MARIA LEOPOLDINA: DIFICULDADES DE ENSINO-APRENDIZAGEM.<\/p>\n<p>&nbsp;<\/p>\n<p style=\"text-align: center\"><strong>2019<\/strong><\/p>\n<p><a href=\"https:\/\/www2.unifap.br\/letras-frances-oiapoque\/trabalhos-de-conclusao-de-curso\/francisca-marques\/\" rel=\"attachment wp-att-823\">FRANCISCA MARQUES DE SOUZA &#8211; Cr\u00edtica Liter\u00e1ria e Poesia no Rio Oiapoque [In Blues] de Marven Junius Franklin<\/a><\/p>\n<p><a href=\"https:\/\/www2.unifap.br\/letras-frances-oiapoque\/trabalhos-de-conclusao-de-curso\/gerriane-ribeiro-ana-dilma-de-souza\/\" rel=\"attachment wp-att-824\">GERRIANE RIBEIRO EVANGELISTA e ANA DILMA BARBOSA DE SOUZA &#8211; A Import\u00e2ncia do Fos- Fran\u00e7ais Sur Objectifs Sp\u00e9cifiques- para os Lojistas do Munic\u00edpio de Oiapoque: A Possibilidade de Desenvolvimento Econ\u00f4mico e Profissional Atrav\u00e9s da L\u00edngua Francesa<\/a><\/p>\n<p><a href=\"https:\/\/www2.unifap.br\/letras-frances-oiapoque\/trabalhos-de-conclusao-de-curso\/lana-patrcia-chagas-e-rosilene-vieira-de-vilhena\/\" rel=\"attachment wp-att-825\">LANA PATRICIA CHAGAS MARTINS e ROSILENE VIEIRA DE VILHENA NASCIMENTO- A Contribui\u00e7\u00e3o Da L\u00edngua Africana No Brasil: Um Olhar Por Meio Do Livro Did\u00e1tico Do Portugu\u00eas<\/a><\/p>\n<p><a href=\"https:\/\/www2.unifap.br\/letras-frances-oiapoque\/trabalhos-de-conclusao-de-curso\/marcela-dos-santos-pereira-e-valdineia-fernandes\/\" rel=\"attachment wp-att-826\">MARCELA DOS SANTOS PEREIRA E VALDINEIA FERNANDES FERREIRA -Varia\u00e7\u00e3o Lingu\u00edstica no Munic\u00edpio de Oiapoque: Rela\u00e7\u00e3o com os Povos Ind\u00edgenas Karip\u00fana<\/a><\/p>\n<p><a href=\"https:\/\/www2.unifap.br\/letras-frances-oiapoque\/trabalhos-de-conclusao-de-curso\/marcio_anika_tcc\/\" rel=\"attachment wp-att-827\">M\u00c1RCIO ANIK\u00c1 BATISTA &#8211; Tradu\u00e7\u00e3o Cultural e Po\u00e9tica na Narrativa Ind\u00edgena: Coleta e Transcri\u00e7\u00e3o na Fronteira Franco-Brasileira<\/a><\/p>\n<p><a href=\"https:\/\/www2.unifap.br\/letras-frances-oiapoque\/trabalhos-de-conclusao-de-curso\/melissa-caroline-bernardino\/\" rel=\"attachment wp-att-828\">MELISSA CAROLINE BERNARDINO LOPES &#8211; Aprendizado da Literatura no Terceiro Ano no Ensino M\u00e9dio na Escola Joaquim Nabuco no Munic\u00edpio de Oiapoque<\/a><\/p>\n<p><a href=\"https:\/\/www2.unifap.br\/letras-frances-oiapoque\/trabalhos-de-conclusao-de-curso\/pollyanna-figueiredo\/\" rel=\"attachment wp-att-829\"> POLLYANNA COSTA FIGUEIREDO &#8211; Narrativa Cinematogr\u00e1fica e Personagem: Reflex\u00f5es Sobre o Feminino na Anima\u00e7\u00e3o Zootopia <\/a><\/p>\n<p><a href=\"https:\/\/www2.unifap.br\/letras-frances-oiapoque\/trabalhos-de-conclusao-de-curso\/raimunda-dos-santos-picanco\/\" rel=\"attachment wp-att-830\">RAIMUNDA DOS SANTOS PICAN\u00c7O &#8211; Aspectos Sociais em A Pequena Vendedora de F\u00f3sforos de Hans Christian Andersen<\/a><\/p>\n<p><a href=\"https:\/\/www2.unifap.br\/letras-frances-oiapoque\/trabalhos-de-conclusao-de-curso\/rosane-maria-maria-da-costa-santana\/\" rel=\"attachment wp-att-831\">ROSANE MARIA DA COSTA SANTANA &#8211; Migra\u04ab\u00e3o Escolar na Fronteira Franco-Brasileira<\/a><\/p>\n<p><a href=\"https:\/\/www2.unifap.br\/letras-frances-oiapoque\/trabalhos-de-conclusao-de-curso\/eliene-da-conceicao\/\" rel=\"attachment wp-att-833\">ELIENE NASCIMENTO DA CONCEI\u00c7\u00c3O SILVA &#8211; Rela\u00e7\u00f5es \u00c9tnico-Raciais Entre o \u201cMoleque\u201d e o \u201cMenino\u201d: As Diverg\u00eancias dos Sujeitos nas Obras Regionalistas Menino de Engenho e o Moleque Ricardo de Jos\u00e9 Lins Do Rego<\/a><\/p>\n<p>&nbsp;<\/p>\n<p style=\"text-align: center\"><strong>2022<\/strong><\/p>\n<p style=\"text-align: left\"><a href=\"https:\/\/www2.unifap.br\/letras-frances-oiapoque\/trabalhos-de-conclusao-de-curso\/abson-martins-analise-de-variantes-fonologicas\/\" rel=\"attachment wp-att-836\">ABSON<\/a><a href=\"https:\/\/www2.unifap.br\/letras-frances-oiapoque\/trabalhos-de-conclusao-de-curso\/abson-martins-analise-de-variantes-fonologicas\/\" rel=\"attachment wp-att-836\"> MARTINS PINTO DOS SANTOS &#8211; An\u00e1lise de Variantes Fonol\u00f3gicas, Morfol\u00f3gicas e Sint\u00e1ticas na Fala de Moradore<\/a><a href=\"https:\/\/www2.unifap.br\/letras-frances-oiapoque\/trabalhos-de-conclusao-de-curso\/abson-martins-analise-de-variantes-fonologicas\/\" rel=\"attachment wp-att-836\">s de Oiapoque<\/a><\/p>\n<p><a href=\"https:\/\/www2.unifap.br\/letras-frances-oiapoque\/trabalhos-de-conclusao-de-curso\/ana-silva-tcc-reflexoes-sobre-o-estagio\/\" rel=\"attachment wp-att-837\">ANA SOCORRO DA SILVA &#8211; Reflex\u00f5es Sobre o Est\u00e1gio Supervisionado Remoto da Licenciatura em Letras em uma Escola no Oiapoque: observa\u00e7\u00e3o e reg\u00eancia durante a pandemia<\/a><\/p>\n<p><a href=\"https:\/\/www2.unifap.br\/letras-frances-oiapoque\/trabalhos-de-conclusao-de-curso\/natalia-silva-e-bruno-alves-o-papel-da-afetividade\/\" rel=\"attachment wp-att-840\">BRUNO XAVIER ALVES e NAT\u00c1LIA MARIA DA SILVA SOUZA ALVES O Papel da Afetividade no Processo de Ensino-Aprendizagem do Franc\u00eas L\u00edngua Estrangeira (FLE): O gerenciamento das emo\u00e7\u00f5es nos n\u00edveis iniciais de aprendizagem para uma aquisi\u00e7\u00e3o significativa<\/a><\/p>\n<p><a href=\"https:\/\/www2.unifap.br\/letras-frances-oiapoque\/trabalhos-de-conclusao-de-curso\/eranelza-dos-santos-a-escola-como-espaco-de-resgate-da-lingua-kheoul-na-aldeia-manga\/\" rel=\"attachment wp-att-838\">ERANELZA DOS SANTOS &#8211; A Escola Como Espa\u00e7o de Resgate da L\u00edngua Kheoul na Aldeia Manga<\/a><\/p>\n<p><a href=\"https:\/\/www2.unifap.br\/letras-frances-oiapoque\/trabalhos-de-conclusao-de-curso\/jani-oliveira-e-lidia-brito-os-documentos-autenticos\/\" rel=\"attachment wp-att-839\">JANI ALCIMARA SANTOS DE OLIVEIRA e L\u00cdDIA RODRIGUES BRITO &#8211; Os Documentos Aut\u00eanticos como Ferramentas de Ensino do Franc\u00eas L\u00edngua Estrangeira (FLE): Desenvolvimento das Pr\u00e1ticas de Compreens\u00e3o e Produ\u00e7\u00e3o Oral <\/a><\/p>\n<p><a href=\"https:\/\/www2.unifap.br\/letras-frances-oiapoque\/trabalhos-de-conclusao-de-curso\/william-aragao-de-castro-aventuras-poeticas\/\" rel=\"attachment wp-att-841\">WILLIAM ARAG\u00c3O DE CASTRO &#8211; Aventuras Po\u00e9ticas de Romualdo Rodrigues Palhano: Poesia Amapaense e a Presen\u00e7a Do Romantismo<\/a><\/p>\n<p>&nbsp;<\/p>\n<p style=\"text-align: center\"><strong>2024<\/strong><\/p>\n<p><a href=\"https:\/\/www2.unifap.br\/letras-frances-oiapoque\/trabalhos-de-conclusao-de-curso\/tcc-elissandra-versao-final-15-de-julho-de-2024-1\/\" rel=\"attachment wp-att-968\">ELISSANDRA DINIS- O C\u00c1RCERE E O DIREITO \u00c0 LITERATURA: Uma experi\u00eancia pioneira no Centro de Cust\u00f3dia de Oiapoque &#8211; AP<\/a><\/p>\n","protected":false},"excerpt":{"rendered":"<p>Nesta p\u00e1gina encontram-se os t\u00edtulos dos Trabalhos de Conclus\u00e3o de Curso (TCC) defendidos pelos discentes do curso de Letras &#8211; Portugu\u00eas\/Franc\u00eas. 2018 BRUNA DOS SANTOS ALMEIDA &amp; JAMILY MACIEL FEITOSA \u2013 Narrativas orais dos Karipuna da Aldeia Manga: da comunidade&hellip; <\/p>\n<p><a href=\"https:\/\/www2.unifap.br\/letras-frances-oiapoque\/trabalhos-de-conclusao-de-curso\/\" class=\"readmore-button\">Continue Reading<\/a><\/p>\n","protected":false},"author":822,"featured_media":0,"parent":0,"menu_order":0,"comment_status":"open","ping_status":"closed","template":"","meta":{"inline_featured_image":false,"ngg_post_thumbnail":0,"footnotes":""},"class_list":["post-484","page","type-page","status-publish","hentry"],"_links":{"self":[{"href":"https:\/\/www2.unifap.br\/letras-frances-oiapoque\/wp-json\/wp\/v2\/pages\/484","targetHints":{"allow":["GET"]}}],"collection":[{"href":"https:\/\/www2.unifap.br\/letras-frances-oiapoque\/wp-json\/wp\/v2\/pages"}],"about":[{"href":"https:\/\/www2.unifap.br\/letras-frances-oiapoque\/wp-json\/wp\/v2\/types\/page"}],"author":[{"embeddable":true,"href":"https:\/\/www2.unifap.br\/letras-frances-oiapoque\/wp-json\/wp\/v2\/users\/822"}],"replies":[{"embeddable":true,"href":"https:\/\/www2.unifap.br\/letras-frances-oiapoque\/wp-json\/wp\/v2\/comments?post=484"}],"version-history":[{"count":16,"href":"https:\/\/www2.unifap.br\/letras-frances-oiapoque\/wp-json\/wp\/v2\/pages\/484\/revisions"}],"predecessor-version":[{"id":969,"href":"https:\/\/www2.unifap.br\/letras-frances-oiapoque\/wp-json\/wp\/v2\/pages\/484\/revisions\/969"}],"wp:attachment":[{"href":"https:\/\/www2.unifap.br\/letras-frances-oiapoque\/wp-json\/wp\/v2\/media?parent=484"}],"curies":[{"name":"wp","href":"https:\/\/api.w.org\/{rel}","templated":true}]}}