{"id":568,"date":"2019-10-13T12:15:14","date_gmt":"2019-10-13T12:15:14","guid":{"rendered":"http:\/\/www2.unifap.br\/letras-frances-oiapoque\/?page_id=568"},"modified":"2024-11-06T19:17:03","modified_gmt":"2024-11-06T19:17:03","slug":"eventos","status":"publish","type":"page","link":"https:\/\/www2.unifap.br\/letras-frances-oiapoque\/eventos\/","title":{"rendered":"EVENTOS"},"content":{"rendered":"<p style=\"text-align: center\"><strong>V COL\u00d3QUIO DE LITERATURA DE FRONTEIRA<\/strong><\/p>\n<p style=\"text-align: center\">06 de novembro de 2024<\/p>\n<p style=\"text-align: center\">UNIFAP \u2013 Campus BR &#8211; Sala B3<\/p>\n<p><a href=\"https:\/\/www2.unifap.br\/letras-frances-oiapoque\/2024\/11\/06\/v-coloquio-de-literatura-de-fronteira\/whatsapp-image-2024-11-06-at-12-21-24\/#main\" rel=\"attachment wp-att-988\"><img fetchpriority=\"high\" decoding=\"async\" class=\"size-medium wp-image-988 aligncenter\" src=\"http:\/\/www2.unifap.br\/letras-frances-oiapoque\/files\/2024\/11\/WhatsApp-Image-2024-11-06-at-12.21.24-212x300.jpeg\" alt=\"\" width=\"212\" height=\"300\" srcset=\"https:\/\/www2.unifap.br\/letras-frances-oiapoque\/files\/2024\/11\/WhatsApp-Image-2024-11-06-at-12.21.24-212x300.jpeg 212w, https:\/\/www2.unifap.br\/letras-frances-oiapoque\/files\/2024\/11\/WhatsApp-Image-2024-11-06-at-12.21.24-724x1024.jpeg 724w, https:\/\/www2.unifap.br\/letras-frances-oiapoque\/files\/2024\/11\/WhatsApp-Image-2024-11-06-at-12.21.24-768x1086.jpeg 768w, https:\/\/www2.unifap.br\/letras-frances-oiapoque\/files\/2024\/11\/WhatsApp-Image-2024-11-06-at-12.21.24-1086x1536.jpeg 1086w, https:\/\/www2.unifap.br\/letras-frances-oiapoque\/files\/2024\/11\/WhatsApp-Image-2024-11-06-at-12.21.24.jpeg 1131w\" sizes=\"(max-width: 212px) 100vw, 212px\" \/><\/a><\/p>\n<p>O evento tem inscri\u00e7\u00f5es gratuitas no local, com emiss\u00e3o de certificado de 4 horas de AACC. Ao final da noite, haver\u00e1 sorteio de livros entre os ouvintes.<\/p>\n<p>&nbsp;<\/p>\n<p><strong>I Semana do Calouro de Letras<\/strong> &#8211; 12 a 16 de agosto de 2019<\/p>\n<p><a href=\"https:\/\/drive.google.com\/open?id=1VRTDlGW4FrdMcdkzgLG3FWLtHl2URDw5\">Certificados<\/a><\/p>\n<p><strong>IV Col\u00f3quio de Literatura de Fronteira<\/strong><\/p>\n<p><a href=\"http:\/\/www2.unifap.br\/letras-frances-oiapoque\/files\/2022\/10\/coloquio.jpeg\"><img decoding=\"async\" class=\"alignnone wp-image-672\" src=\"http:\/\/www2.unifap.br\/letras-frances-oiapoque\/files\/2022\/10\/coloquio.jpeg\" alt=\"\" width=\"500\" height=\"708\" \/><\/a><\/p>\n<p>EVENTO: O IV Col\u00f3quio de Literatura de Fronteira ser\u00e1 realizado no dia 22\/10, \u00e0s 16:00, na sala D1 da UNIFAP &#8211; Campus Binacional do Oiapoque. Inscri\u00e7\u00f5es gratuitas no local do evento. Mais informa\u00e7\u00f5es pelo e-mail traduzirnafronteira@gmail.com<\/p>\n","protected":false},"excerpt":{"rendered":"<p>V COL\u00d3QUIO DE LITERATURA DE FRONTEIRA 06 de novembro de 2024 UNIFAP \u2013 Campus BR &#8211; Sala B3 O evento tem inscri\u00e7\u00f5es gratuitas no local, com emiss\u00e3o de certificado de 4 horas de AACC. Ao final da noite, haver\u00e1 sorteio&hellip; <\/p>\n<p><a href=\"https:\/\/www2.unifap.br\/letras-frances-oiapoque\/eventos\/\" class=\"readmore-button\">Continue Reading<\/a><\/p>\n","protected":false},"author":822,"featured_media":0,"parent":0,"menu_order":0,"comment_status":"closed","ping_status":"closed","template":"","meta":{"inline_featured_image":false,"ngg_post_thumbnail":0,"footnotes":""},"class_list":["post-568","page","type-page","status-publish","hentry"],"_links":{"self":[{"href":"https:\/\/www2.unifap.br\/letras-frances-oiapoque\/wp-json\/wp\/v2\/pages\/568","targetHints":{"allow":["GET"]}}],"collection":[{"href":"https:\/\/www2.unifap.br\/letras-frances-oiapoque\/wp-json\/wp\/v2\/pages"}],"about":[{"href":"https:\/\/www2.unifap.br\/letras-frances-oiapoque\/wp-json\/wp\/v2\/types\/page"}],"author":[{"embeddable":true,"href":"https:\/\/www2.unifap.br\/letras-frances-oiapoque\/wp-json\/wp\/v2\/users\/822"}],"replies":[{"embeddable":true,"href":"https:\/\/www2.unifap.br\/letras-frances-oiapoque\/wp-json\/wp\/v2\/comments?post=568"}],"version-history":[{"count":5,"href":"https:\/\/www2.unifap.br\/letras-frances-oiapoque\/wp-json\/wp\/v2\/pages\/568\/revisions"}],"predecessor-version":[{"id":992,"href":"https:\/\/www2.unifap.br\/letras-frances-oiapoque\/wp-json\/wp\/v2\/pages\/568\/revisions\/992"}],"wp:attachment":[{"href":"https:\/\/www2.unifap.br\/letras-frances-oiapoque\/wp-json\/wp\/v2\/media?parent=568"}],"curies":[{"name":"wp","href":"https:\/\/api.w.org\/{rel}","templated":true}]}}