{"id":688,"date":"2022-10-13T22:08:13","date_gmt":"2022-10-13T22:08:13","guid":{"rendered":"https:\/\/www2.unifap.br\/letras-frances-oiapoque\/?page_id=688"},"modified":"2022-10-13T22:08:13","modified_gmt":"2022-10-13T22:08:13","slug":"linhas-de-pesquisa","status":"publish","type":"page","link":"https:\/\/www2.unifap.br\/letras-frances-oiapoque\/linhas-de-pesquisa\/","title":{"rendered":"LINHAS DE PESQUISA"},"content":{"rendered":"<p><strong>Lingu\u00edstica em L\u00edngua Portuguesa<\/strong><\/p>\n<p>Prof. Me. Iza\u00edas Serafim de Lima Neto (<a href=\"http:\/\/lattes.cnpq.br\/5826107242926831\">http:\/\/lattes.cnpq.br\/5826107242926831<\/a>)<\/p>\n<p>Prof. Me. Antonio dos Santos Leonel (<a href=\"http:\/\/lattes.cnpq.br\/7835748549798398\">http:\/\/lattes.cnpq.br\/7835748549798398<\/a> )<\/p>\n<p>Profa. Ma. Juliana da Costa Castro (<a href=\"http:\/\/lattes.cnpq.br\/2286221707222751\">http:\/\/lattes.cnpq.br\/2286221707222751<\/a>)<\/p>\n<p><strong>Lingu\u00edstica em L\u00edngua Francesa<\/strong><\/p>\n<p>Prof. Me. Max Silva do Esp\u00edrito Santo (<a href=\"http:\/\/lattes.cnpq.br\/5420066224744774\">http:\/\/lattes.cnpq.br\/5420066224744774<\/a>)<\/p>\n<p><strong>Literaturas em L\u00edngua Portuguesa<\/strong><\/p>\n<p>Profa. Ma. Lucineia Alves dos Santos (<a href=\"http:\/\/lattes.cnpq.br\/6542365905638158\">http:\/\/lattes.cnpq.br\/6542365905638158<\/a> )<\/p>\n<p>Prof. Dr. Edilson Alves de Souza (<a href=\"http:\/\/lattes.cnpq.br\/7172652832929346\">http:\/\/lattes.cnpq.br\/7172652832929346<\/a> )<\/p>\n<p><strong>Literaturas em L\u00edngua Francesa<\/strong><\/p>\n<p>Prof. Me. Rafael Costa Santos (<a href=\"http:\/\/lattes.cnpq.br\/0673800154042365\">http:\/\/lattes.cnpq.br\/0673800154042365<\/a>)<\/p>\n<p><strong>Ensino de L\u00edngua Portuguesa e suas literaturas<\/strong><\/p>\n<p>Profa. Dra. Fab\u00edola do Socorro Figueiredo dos Reis (<a href=\"http:\/\/lattes.cnpq.br\/2099575783439005\">http:\/\/lattes.cnpq.br\/2099575783439005<\/a> )<\/p>\n<p><strong>Ensino de Franc\u00eas como L\u00edngua Estrangeira e suas literaturas (FLE)<\/strong><\/p>\n<p>Profa. Esp. Eliz\u00e2ngela Manoela Araujo da Silva (<a href=\"http:\/\/lattes.cnpq.br\/1930914011840953\">http:\/\/lattes.cnpq.br\/1930914011840953<\/a> )<\/p>\n<p>&nbsp;<\/p>\n","protected":false},"excerpt":{"rendered":"<p>Lingu\u00edstica em L\u00edngua Portuguesa Prof. Me. Iza\u00edas Serafim de Lima Neto (http:\/\/lattes.cnpq.br\/5826107242926831) Prof. Me. Antonio dos Santos Leonel (http:\/\/lattes.cnpq.br\/7835748549798398 ) Profa. Ma. Juliana da Costa Castro (http:\/\/lattes.cnpq.br\/2286221707222751) Lingu\u00edstica em L\u00edngua Francesa Prof. Me. Max Silva do Esp\u00edrito Santo (http:\/\/lattes.cnpq.br\/5420066224744774) Literaturas&hellip; <\/p>\n<p><a href=\"https:\/\/www2.unifap.br\/letras-frances-oiapoque\/linhas-de-pesquisa\/\" class=\"readmore-button\">Continue Reading<\/a><\/p>\n","protected":false},"author":3961,"featured_media":0,"parent":0,"menu_order":6,"comment_status":"open","ping_status":"open","template":"page-template-full.php","meta":{"inline_featured_image":false,"ngg_post_thumbnail":0,"footnotes":""},"class_list":["post-688","page","type-page","status-publish","hentry"],"_links":{"self":[{"href":"https:\/\/www2.unifap.br\/letras-frances-oiapoque\/wp-json\/wp\/v2\/pages\/688","targetHints":{"allow":["GET"]}}],"collection":[{"href":"https:\/\/www2.unifap.br\/letras-frances-oiapoque\/wp-json\/wp\/v2\/pages"}],"about":[{"href":"https:\/\/www2.unifap.br\/letras-frances-oiapoque\/wp-json\/wp\/v2\/types\/page"}],"author":[{"embeddable":true,"href":"https:\/\/www2.unifap.br\/letras-frances-oiapoque\/wp-json\/wp\/v2\/users\/3961"}],"replies":[{"embeddable":true,"href":"https:\/\/www2.unifap.br\/letras-frances-oiapoque\/wp-json\/wp\/v2\/comments?post=688"}],"version-history":[{"count":2,"href":"https:\/\/www2.unifap.br\/letras-frances-oiapoque\/wp-json\/wp\/v2\/pages\/688\/revisions"}],"predecessor-version":[{"id":690,"href":"https:\/\/www2.unifap.br\/letras-frances-oiapoque\/wp-json\/wp\/v2\/pages\/688\/revisions\/690"}],"wp:attachment":[{"href":"https:\/\/www2.unifap.br\/letras-frances-oiapoque\/wp-json\/wp\/v2\/media?parent=688"}],"curies":[{"name":"wp","href":"https:\/\/api.w.org\/{rel}","templated":true}]}}