{"id":705,"date":"2022-10-19T17:35:06","date_gmt":"2022-10-19T17:35:06","guid":{"rendered":"https:\/\/www2.unifap.br\/letras-frances-oiapoque\/?page_id=705"},"modified":"2023-10-24T14:42:47","modified_gmt":"2023-10-24T14:42:47","slug":"documentos-importantes","status":"publish","type":"page","link":"https:\/\/www2.unifap.br\/letras-frances-oiapoque\/documentos-importantes\/","title":{"rendered":"DOCUMENTOS IMPORTANTES"},"content":{"rendered":"<p>MODELO DE PROJETO DE PESQUISA EDIT\u00c1VEL:<\/p>\n<p><a href=\"http:\/\/www2.unifap.br\/letras-frances-oiapoque\/files\/2022\/10\/Modelo-de-projeto-de-pesquisa-TCC-UNIFAP.docx\" target=\"_blank\" rel=\"noopener\">MODELO EDIT\u00c1VEL DE PROJETO DE TCC <\/a><\/p>\n<p>RESOLU\u00c7\u00c3O DE TCC (11\/2008 &#8211; CONSU)<\/p>\n<p><a href=\"https:\/\/www2.unifap.br\/consu\/files\/2011\/07\/Resolu%c3%a7%c3%a3o-11-08-TCC-apendice-A-e-B.pdf\" target=\"_blank\" rel=\"noopener\">RESOLU\u00c7\u00c3O PARA LEITURA<\/a><\/p>\n<p>NORMAS DA ABNT PARA TCC:<\/p>\n<p><a href=\"http:\/\/www2.unifap.br\/letras-frances-oiapoque\/files\/2022\/10\/NORMAS-PARA-TCC.pdf\">NBR 14724\/2011 (TRABALHOS ACAD\u00caMICOS)<\/a><\/p>\n<p>GUIA ACAD\u00caMICO<\/p>\n<p><a href=\"https:\/\/www2.unifap.br\/letras-frances-oiapoque\/?attachment_id=899\" rel=\"attachment wp-att-899\">Guia acad\u00eamico &#8211; 2023<\/a><\/p>\n<p>NOTA T\u00c9CNICA 01\/2015- frequ\u00eancia e abono de faltas<\/p>\n<p><a href=\"https:\/\/www2.unifap.br\/letras-frances-oiapoque\/?attachment_id=900\" rel=\"attachment wp-att-900\">Nota t\u00e9cnica- Frequ\u00eancia e abonos de faltas<\/a><\/p>\n","protected":false},"excerpt":{"rendered":"<p>MODELO DE PROJETO DE PESQUISA EDIT\u00c1VEL: MODELO EDIT\u00c1VEL DE PROJETO DE TCC RESOLU\u00c7\u00c3O DE TCC (11\/2008 &#8211; CONSU) RESOLU\u00c7\u00c3O PARA LEITURA NORMAS DA ABNT PARA TCC: NBR 14724\/2011 (TRABALHOS ACAD\u00caMICOS) GUIA ACAD\u00caMICO Guia acad\u00eamico &#8211; 2023 NOTA T\u00c9CNICA 01\/2015- frequ\u00eancia&hellip; <\/p>\n<p><a href=\"https:\/\/www2.unifap.br\/letras-frances-oiapoque\/documentos-importantes\/\" class=\"readmore-button\">Continue Reading<\/a><\/p>\n","protected":false},"author":3961,"featured_media":0,"parent":0,"menu_order":0,"comment_status":"closed","ping_status":"closed","template":"","meta":{"inline_featured_image":false,"ngg_post_thumbnail":0,"footnotes":""},"class_list":["post-705","page","type-page","status-publish","hentry"],"_links":{"self":[{"href":"https:\/\/www2.unifap.br\/letras-frances-oiapoque\/wp-json\/wp\/v2\/pages\/705","targetHints":{"allow":["GET"]}}],"collection":[{"href":"https:\/\/www2.unifap.br\/letras-frances-oiapoque\/wp-json\/wp\/v2\/pages"}],"about":[{"href":"https:\/\/www2.unifap.br\/letras-frances-oiapoque\/wp-json\/wp\/v2\/types\/page"}],"author":[{"embeddable":true,"href":"https:\/\/www2.unifap.br\/letras-frances-oiapoque\/wp-json\/wp\/v2\/users\/3961"}],"replies":[{"embeddable":true,"href":"https:\/\/www2.unifap.br\/letras-frances-oiapoque\/wp-json\/wp\/v2\/comments?post=705"}],"version-history":[{"count":6,"href":"https:\/\/www2.unifap.br\/letras-frances-oiapoque\/wp-json\/wp\/v2\/pages\/705\/revisions"}],"predecessor-version":[{"id":903,"href":"https:\/\/www2.unifap.br\/letras-frances-oiapoque\/wp-json\/wp\/v2\/pages\/705\/revisions\/903"}],"wp:attachment":[{"href":"https:\/\/www2.unifap.br\/letras-frances-oiapoque\/wp-json\/wp\/v2\/media?parent=705"}],"curies":[{"name":"wp","href":"https:\/\/api.w.org\/{rel}","templated":true}]}}