{"id":763,"date":"2023-01-30T12:53:00","date_gmt":"2023-01-30T12:53:00","guid":{"rendered":"https:\/\/www2.unifap.br\/letras-frances-oiapoque\/?page_id=763"},"modified":"2025-01-09T19:07:19","modified_gmt":"2025-01-09T19:07:19","slug":"cronograma-das-reunioes-ordinarias-do-colegiado-de-letras","status":"publish","type":"page","link":"https:\/\/www2.unifap.br\/letras-frances-oiapoque\/cronograma-das-reunioes-ordinarias-do-colegiado-de-letras\/","title":{"rendered":"Cronograma das Reuni\u00f5es Ordin\u00e1rias do Colegiado de Letras"},"content":{"rendered":"<h3><\/h3>\n<h3><\/h3>\n<h3><\/h3>\n<h3><\/h3>\n<h3>18 de dezembro de 2024, \u00e0s 9h.<\/h3>\n<h3>29 de janeiro de 2025, \u00e0s 15h.<\/h3>\n<h3>26 de fevereiro de 2025, \u00e0s 15h.<\/h3>\n<h3>26 de mar\u00e7o de 2025, \u00e0s 15h.<\/h3>\n<h3>23 de abril\u00a0 de 2025, \u00e0s 15h.<\/h3>\n<h3><\/h3>\n<h3><\/h3>\n<p>&nbsp;<\/p>\n<h3><\/h3>\n<h3><\/h3>\n","protected":false},"excerpt":{"rendered":"<p>18 de dezembro de 2024, \u00e0s 9h. 29 de janeiro de 2025, \u00e0s 15h. 26 de fevereiro de 2025, \u00e0s 15h. 26 de mar\u00e7o de 2025, \u00e0s 15h. 23 de abril\u00a0 de 2025, \u00e0s 15h. &nbsp;<\/p>\n","protected":false},"author":822,"featured_media":0,"parent":0,"menu_order":0,"comment_status":"closed","ping_status":"closed","template":"","meta":{"inline_featured_image":false,"ngg_post_thumbnail":0,"footnotes":""},"class_list":["post-763","page","type-page","status-publish","hentry"],"_links":{"self":[{"href":"https:\/\/www2.unifap.br\/letras-frances-oiapoque\/wp-json\/wp\/v2\/pages\/763","targetHints":{"allow":["GET"]}}],"collection":[{"href":"https:\/\/www2.unifap.br\/letras-frances-oiapoque\/wp-json\/wp\/v2\/pages"}],"about":[{"href":"https:\/\/www2.unifap.br\/letras-frances-oiapoque\/wp-json\/wp\/v2\/types\/page"}],"author":[{"embeddable":true,"href":"https:\/\/www2.unifap.br\/letras-frances-oiapoque\/wp-json\/wp\/v2\/users\/822"}],"replies":[{"embeddable":true,"href":"https:\/\/www2.unifap.br\/letras-frances-oiapoque\/wp-json\/wp\/v2\/comments?post=763"}],"version-history":[{"count":7,"href":"https:\/\/www2.unifap.br\/letras-frances-oiapoque\/wp-json\/wp\/v2\/pages\/763\/revisions"}],"predecessor-version":[{"id":1026,"href":"https:\/\/www2.unifap.br\/letras-frances-oiapoque\/wp-json\/wp\/v2\/pages\/763\/revisions\/1026"}],"wp:attachment":[{"href":"https:\/\/www2.unifap.br\/letras-frances-oiapoque\/wp-json\/wp\/v2\/media?parent=763"}],"curies":[{"name":"wp","href":"https:\/\/api.w.org\/{rel}","templated":true}]}}