{"id":970,"date":"2024-10-20T14:33:41","date_gmt":"2024-10-20T14:33:41","guid":{"rendered":"https:\/\/www2.unifap.br\/letras-frances-oiapoque\/?page_id=970"},"modified":"2024-10-20T14:33:41","modified_gmt":"2024-10-20T14:33:41","slug":"avaliacao-interna-do-curso-de-letras-portugues-e-frances","status":"publish","type":"page","link":"https:\/\/www2.unifap.br\/letras-frances-oiapoque\/avaliacao-interna-do-curso-de-letras-portugues-e-frances\/","title":{"rendered":"Avalia\u00e7\u00e3o Interna do Curso de Letras Portugu\u00eas e Franc\u00eas"},"content":{"rendered":"<p><a href=\"https:\/\/www2.unifap.br\/letras-frances-oiapoque\/avaliacao-interna-do-curso-de-letras-portugues-e-frances\/relatorio-de-avaliacao-do-curso-modular\/\" rel=\"attachment wp-att-971\">Relat\u00f3rio de avalia\u00e7\u00e3o do curso modular<\/a><\/p>\n","protected":false},"excerpt":{"rendered":"<p>Relat\u00f3rio de avalia\u00e7\u00e3o do curso modular<\/p>\n","protected":false},"author":822,"featured_media":0,"parent":0,"menu_order":0,"comment_status":"closed","ping_status":"closed","template":"","meta":{"inline_featured_image":false,"ngg_post_thumbnail":0,"footnotes":""},"class_list":["post-970","page","type-page","status-publish","hentry"],"_links":{"self":[{"href":"https:\/\/www2.unifap.br\/letras-frances-oiapoque\/wp-json\/wp\/v2\/pages\/970","targetHints":{"allow":["GET"]}}],"collection":[{"href":"https:\/\/www2.unifap.br\/letras-frances-oiapoque\/wp-json\/wp\/v2\/pages"}],"about":[{"href":"https:\/\/www2.unifap.br\/letras-frances-oiapoque\/wp-json\/wp\/v2\/types\/page"}],"author":[{"embeddable":true,"href":"https:\/\/www2.unifap.br\/letras-frances-oiapoque\/wp-json\/wp\/v2\/users\/822"}],"replies":[{"embeddable":true,"href":"https:\/\/www2.unifap.br\/letras-frances-oiapoque\/wp-json\/wp\/v2\/comments?post=970"}],"version-history":[{"count":2,"href":"https:\/\/www2.unifap.br\/letras-frances-oiapoque\/wp-json\/wp\/v2\/pages\/970\/revisions"}],"predecessor-version":[{"id":973,"href":"https:\/\/www2.unifap.br\/letras-frances-oiapoque\/wp-json\/wp\/v2\/pages\/970\/revisions\/973"}],"wp:attachment":[{"href":"https:\/\/www2.unifap.br\/letras-frances-oiapoque\/wp-json\/wp\/v2\/media?parent=970"}],"curies":[{"name":"wp","href":"https:\/\/api.w.org\/{rel}","templated":true}]}}