{"id":1005,"date":"2019-12-11T19:42:36","date_gmt":"2019-12-11T19:42:36","guid":{"rendered":"http:\/\/www2.unifap.br\/letras-santana\/?page_id=1005"},"modified":"2025-04-11T15:16:48","modified_gmt":"2025-04-11T15:16:48","slug":"ensino","status":"publish","type":"page","link":"https:\/\/www2.unifap.br\/letras-santana\/ensino\/","title":{"rendered":"Ensino"},"content":{"rendered":"<p style=\"text-align: justify\">A pol\u00edtica de ensino da UNIFAP n\u00e3o se prop\u00f5e desarticulada das pol\u00edticas de pesquisa, de p\u00f3s-gradua\u00e7\u00e3o e de extens\u00e3o. Assim, as modalidades de ensino, tanto presencial quanto a dist\u00e2ncia da Universidade, devem ser voltadas para a busca, produ\u00e7\u00e3o e socializa\u00e7\u00e3o de conhecimentos, que ser\u00e3o utilizados como recurso de educa\u00e7\u00e3o destinado \u00e0 forma\u00e7\u00e3o n\u00e3o apenas t\u00e9cnico-cient\u00edfica, mas \u00e0 forma\u00e7\u00e3o cultural e \u00e9tica para o desenvolvimento sustent\u00e1vel da regi\u00e3o amaz\u00f4nica.*<\/p>\n<p>&nbsp;<\/p>\n<p>*PDI 2014-2019 (<a href=\"http:\/\/www2.unifap.br\/letras-santana\/files\/2019\/12\/PDI-2015-2019-UNIFAP.pdf\">pdf<\/a>)<\/p>\n<p>&nbsp;<\/p>\n<p>*Selecione a op\u00e7\u00e3o desejada nas abas do menu.<\/p>\n","protected":false},"excerpt":{"rendered":"<p>A pol\u00edtica de ensino da UNIFAP n\u00e3o se prop\u00f5e desarticulada das pol\u00edticas de pesquisa, de p\u00f3s-gradua\u00e7\u00e3o e de extens\u00e3o. Assim, as modalidades de ensino, tanto presencial quanto a dist\u00e2ncia da Universidade, devem ser voltadas para a busca, produ\u00e7\u00e3o e socializa\u00e7\u00e3o de conhecimentos, que ser\u00e3o utilizados como recurso de educa\u00e7\u00e3o destinado \u00e0 forma\u00e7\u00e3o n\u00e3o apenas t\u00e9cnico-cient\u00edfica,&#8230;<\/p>\n","protected":false},"author":786,"featured_media":0,"parent":0,"menu_order":1,"comment_status":"closed","ping_status":"closed","template":"","meta":{"inline_featured_image":false,"site-sidebar-layout":"default","site-content-layout":"","ast-site-content-layout":"default","site-content-style":"default","site-sidebar-style":"default","ast-global-header-display":"","ast-banner-title-visibility":"","ast-main-header-display":"","ast-hfb-above-header-display":"","ast-hfb-below-header-display":"","ast-hfb-mobile-header-display":"","site-post-title":"","ast-breadcrumbs-content":"","ast-featured-img":"","footer-sml-layout":"","theme-transparent-header-meta":"default","adv-header-id-meta":"","stick-header-meta":"","header-above-stick-meta":"","header-main-stick-meta":"","header-below-stick-meta":"","astra-migrate-meta-layouts":"set","ast-page-background-enabled":"default","ast-page-background-meta":{"desktop":{"background-color":"var(--ast-global-color-4)","background-image":"","background-repeat":"repeat","background-position":"center center","background-size":"auto","background-attachment":"scroll","background-type":"","background-media":"","overlay-type":"","overlay-color":"","overlay-opacity":"","overlay-gradient":""},"tablet":{"background-color":"","background-image":"","background-repeat":"repeat","background-position":"center center","background-size":"auto","background-attachment":"scroll","background-type":"","background-media":"","overlay-type":"","overlay-color":"","overlay-opacity":"","overlay-gradient":""},"mobile":{"background-color":"","background-image":"","background-repeat":"repeat","background-position":"center center","background-size":"auto","background-attachment":"scroll","background-type":"","background-media":"","overlay-type":"","overlay-color":"","overlay-opacity":"","overlay-gradient":""}},"ast-content-background-meta":{"desktop":{"background-color":"var(--ast-global-color-5)","background-image":"","background-repeat":"repeat","background-position":"center center","background-size":"auto","background-attachment":"scroll","background-type":"","background-media":"","overlay-type":"","overlay-color":"","overlay-opacity":"","overlay-gradient":""},"tablet":{"background-color":"var(--ast-global-color-5)","background-image":"","background-repeat":"repeat","background-position":"center center","background-size":"auto","background-attachment":"scroll","background-type":"","background-media":"","overlay-type":"","overlay-color":"","overlay-opacity":"","overlay-gradient":""},"mobile":{"background-color":"var(--ast-global-color-5)","background-image":"","background-repeat":"repeat","background-position":"center center","background-size":"auto","background-attachment":"scroll","background-type":"","background-media":"","overlay-type":"","overlay-color":"","overlay-opacity":"","overlay-gradient":""}},"ngg_post_thumbnail":0,"footnotes":""},"class_list":["post-1005","page","type-page","status-publish","hentry"],"_links":{"self":[{"href":"https:\/\/www2.unifap.br\/letras-santana\/wp-json\/wp\/v2\/pages\/1005","targetHints":{"allow":["GET"]}}],"collection":[{"href":"https:\/\/www2.unifap.br\/letras-santana\/wp-json\/wp\/v2\/pages"}],"about":[{"href":"https:\/\/www2.unifap.br\/letras-santana\/wp-json\/wp\/v2\/types\/page"}],"author":[{"embeddable":true,"href":"https:\/\/www2.unifap.br\/letras-santana\/wp-json\/wp\/v2\/users\/786"}],"replies":[{"embeddable":true,"href":"https:\/\/www2.unifap.br\/letras-santana\/wp-json\/wp\/v2\/comments?post=1005"}],"version-history":[{"count":7,"href":"https:\/\/www2.unifap.br\/letras-santana\/wp-json\/wp\/v2\/pages\/1005\/revisions"}],"predecessor-version":[{"id":2384,"href":"https:\/\/www2.unifap.br\/letras-santana\/wp-json\/wp\/v2\/pages\/1005\/revisions\/2384"}],"wp:attachment":[{"href":"https:\/\/www2.unifap.br\/letras-santana\/wp-json\/wp\/v2\/media?parent=1005"}],"curies":[{"name":"wp","href":"https:\/\/api.w.org\/{rel}","templated":true}]}}